{"id":5982,"date":"2022-02-11T20:48:52","date_gmt":"2022-02-11T19:48:52","guid":{"rendered":"https:\/\/fengchashop.com\/hu\/product\/dulse-bio-125-g\/"},"modified":"2026-04-29T15:13:26","modified_gmt":"2026-04-29T13:13:26","slug":"dulse-bio","status":"publish","type":"product","link":"https:\/\/fengchashop.com\/hu\/product\/dulse-bio\/","title":{"rendered":"Dulse BIO 125 g"},"content":{"rendered":"<h2><span style=\"color: #000000\">V\u00f6r\u00f6s dulsz tengeri alga<\/span><\/h2>\n<p><span style=\"color: #000000\">A dulse egy v\u00f6r\u00f6smoszat, m\u00e1s n\u00e9ven<strong> v\u00f6r\u00f6s palmaria<\/strong> vagy <strong>Palmaria palmata<\/strong>, \u00e9s a v\u00f6r\u00f6s alg\u00e1k vagy Rodophycophyta csoportj\u00e1ba tartozik. A v\u00f6r\u00f6smoszatok k\u00f6z\u00e9 tartozik a <strong>nori<\/strong> moszat \u00e9s a val\u00f3sz\u00edn\u0171leg ismertebb agar agar, amelyet a veget\u00e1ri\u00e1nus \u00e9s veg\u00e1n \u00e9trendben zsel\u00e9s\u00edt\u0151 anyagk\u00e9nt is haszn\u00e1lnak.<\/span><br \/>\n<span style=\"color: #000000\">Az alg\u00e1k fontos <strong>j\u00f3dforr\u00e1st<\/strong> biztos\u00edtanak. A j\u00f3d nem rakt\u00e1roz\u00f3dik el a szervezetben, ez\u00e9rt rendszeresen kell fogyasztani (ez\u00e9rt j\u00f3dozz\u00e1k a legt\u00f6bb konyhas\u00f3t), ez felel\u0151s a pajzsmirigy megfelel\u0151 m\u0171k\u00f6d\u00e9s\u00e9\u00e9rt, a j\u00f3dhi\u00e1ny pedig sz\u00e1mos betegs\u00e9ghez vezethet (a s\u00falygyarapod\u00e1st\u00f3l \u00e9s a f\u00e1radts\u00e1gt\u00f3l kezdve a kopaszs\u00e1gon \u00e1t a pajzsmirigy-alulm\u0171k\u00f6d\u00e9s\u00e9ig). Pajzsmirigyprobl\u00e9m\u00e1k \u00e9s m\u00e1s betegs\u00e9gek eset\u00e9n konzult\u00e1ljon a kezel\u0151orvos\u00e1val.<\/span><br \/>\n<span style=\"color: #000000\">Hagyom\u00e1nyosan a v\u00f6r\u00f6s dulse alg\u00e1t a <strong>magas v\u00e9rnyom\u00e1s<\/strong> enyh\u00edt\u00e9s\u00e9re haszn\u00e1lj\u00e1k; A-vitamin-tartalma miatt a<strong> l\u00e1t\u00e1sroml\u00e1s<\/strong> megel\u0151z\u00e9s\u00e9re; az<strong> immunrendszer<\/strong> t\u00e1mogat\u00e1s\u00e1ra, valamint \u00e1sv\u00e1nyianyag-tartalma, p\u00e9ld\u00e1ul kalcium- \u00e9s magn\u00e9ziumtartalma miatt az el\u00e9gtelen <strong>csontt\u00f6meg<\/strong> \u00e9s a k\u00f6t\u0151sz\u00f6veti probl\u00e9m\u00e1k enyh\u00edt\u00e9s\u00e9re haszn\u00e1lj\u00e1k. Gyullad\u00e1scs\u00f6kkent\u0151 \u00e9s v\u00edrusellenes tulajdons\u00e1gokkal is rendelkezik a komplex fucoidan sz\u00e9nhidr\u00e1t tartalma miatt.<\/span><br \/>\n<span style=\"color: #000000\">Az alg\u00e1t megsz\u00e1r\u00edtj\u00e1k \u00e9s pehelly\u00e9 \u0151rlik. Kiv\u00e1l\u00f3 min\u0151s\u00e9g\u0171, mivel vadon terem, min\u0151s\u00edtett \u00f6kol\u00f3giai termeszt\u00e9s\u0171 \u00e9s az Atlanti-\u00f3ce\u00e1nban k\u00e9zzel szedik.<\/span><\/p>\n<h2><span style=\"color: #000000\">Mit tartalmaz a dulse alga?<\/span><\/h2>\n<p><span style=\"color: #000000\">\ud83d\udc9a Vitaminok:\u00a0A, C \u00e9s E &#8211; fontos antioxid\u00e1nsok, amelyek v\u00e9delmet ny\u00fajtanak a szabad gy\u00f6k\u00f6k ellen; \u00e9s B-vitaminok (B1, B2, B3, B6, B12), amelyek bizony\u00edtottan enyh\u00edtik a stresszt \u00e9s fenntartj\u00e1k az energiaszintet.<\/span><br \/>\n<span style=\"color: #000000\">\ud83d\udc9a \u00c1sv\u00e1nyi anyagok \u00e9s nyomelemek: kalcium, vas, mang\u00e1n, cink, magn\u00e9zium, j\u00f3d, k\u00e1lium, foszfor.<\/span><br \/>\n<span style=\"color: #000000\">\ud83d\udc9a Magas a feh\u00e9rje-, aminosav-, rost- \u00e9s omega-3 tel\u00edtetlen zs\u00edrsavtartalma is, amelyek fontos szerepet j\u00e1tszanak a sz\u00edv- \u00e9s \u00e9rrendszeri eg\u00e9szs\u00e9g meg\u0151rz\u00e9s\u00e9ben, \u00e9s gyullad\u00e1sg\u00e1tl\u00f3k is.<\/span><br \/>\n<span style=\"color: #000000\">\ud83d\udc9a Ami azt illeti, szinte <strong>az \u00f6sszes nyomelem<\/strong> megtal\u00e1lhat\u00f3 benne, amelyre az emberi szervezetnek sz\u00fcks\u00e9ge van.<\/span><\/p>\n<h2><span style=\"color: #000000\">Csomagol\u00e1s<\/span><\/h2>\n<p><span style=\"color: #000000\">L\u00e9gmentesen z\u00e1rhat\u00f3 tasak, amelyben a term\u00e9k meg\u0151rzi minden frissess\u00e9g\u00e9t \u00e9s arom\u00e1j\u00e1t. A csomagol\u00e1s v\u00e9d a f\u00e9nyt\u0151l \u00e9s a leveg\u0151t\u0151l, mivel t\u00f6bb v\u00e9d\u0151r\u00e9tegb\u0151l \u00e1ll, amelyek meg\u0151rzik a tartalom tulajdons\u00e1gait.<\/span><\/p>\n<p><span style=\"color: #000000\">A csomagol\u00e1s nagyon praktikus \u00e9s \u00fajrahasznos\u00edthat\u00f3.<\/span><\/p>\n<h2><span style=\"color: #000000\">Sz\u00e1rmaz\u00e1s<\/span><\/h2>\n<p><span style=\"color: #000000\">\u00cdrorsz\u00e1g<\/span><\/p>\n","protected":false},"excerpt":{"rendered":"<p align=\"JUSTIFY\">A dulse egy v\u00f6r\u00f6smoszat, m\u00e1s n\u00e9ven v\u00f6r\u00f6s palmaria vagy Palmaria palmata, \u00e9s a v\u00f6r\u00f6s alg\u00e1k vagy Rodophycophyta csoportj\u00e1ba tartozik. Hagyom\u00e1nyosan v\u00f6r\u00f6s dulse alg\u00e1kat haszn\u00e1lnak:<\/p>\n<p align=\"JUSTIFY\">\ud83d\udc9a a magas v\u00e9rnyom\u00e1s enyh\u00edt\u00e9s\u00e9re,<br \/>\n\ud83d\udc9a A-vitamin-tartalma miatt a l\u00e1t\u00e1sroml\u00e1s megel\u0151z\u00e9s\u00e9re,<br \/>\n\ud83d\udc9a az immunrendszer t\u00e1mogat\u00e1s\u00e1ra,<br \/>\n\ud83d\udc9a valamint \u00e1sv\u00e1nyianyag-tartalma, p\u00e9ld\u00e1ul kalcium- \u00e9s magn\u00e9ziumtartalma miatt az el\u00e9gtelen csontt\u00f6meg \u00e9s a k\u00f6t\u0151sz\u00f6veti probl\u00e9m\u00e1k enyh\u00edt\u00e9s\u00e9re haszn\u00e1lj\u00e1k.<\/p>\n","protected":false},"featured_media":5983,"comment_status":"open","ping_status":"closed","template":"","meta":{"_acf_changed":false},"product_brand":[],"product_cat":[224,222,228,225,195],"product_tag":[],"class_list":{"0":"post-5982","1":"product","2":"type-product","3":"status-publish","4":"has-post-thumbnail","6":"product_cat-ajanlat","7":"product_cat-algak-es-fuvek","8":"product_cat-legkeresettebb","9":"product_cat-minden-termek","10":"product_cat-szuperelelmiszer","12":"first","13":"instock","14":"sale","15":"taxable","16":"shipping-taxable","17":"purchasable","18":"product-type-simple"},"acf":[],"_links":{"self":[{"href":"https:\/\/fengchashop.com\/hu\/wp-json\/wp\/v2\/product\/5982","targetHints":{"allow":["GET"]}}],"collection":[{"href":"https:\/\/fengchashop.com\/hu\/wp-json\/wp\/v2\/product"}],"about":[{"href":"https:\/\/fengchashop.com\/hu\/wp-json\/wp\/v2\/types\/product"}],"replies":[{"embeddable":true,"href":"https:\/\/fengchashop.com\/hu\/wp-json\/wp\/v2\/comments?post=5982"}],"wp:featuredmedia":[{"embeddable":true,"href":"https:\/\/fengchashop.com\/hu\/wp-json\/wp\/v2\/media\/5983"}],"wp:attachment":[{"href":"https:\/\/fengchashop.com\/hu\/wp-json\/wp\/v2\/media?parent=5982"}],"wp:term":[{"taxonomy":"product_brand","embeddable":true,"href":"https:\/\/fengchashop.com\/hu\/wp-json\/wp\/v2\/product_brand?post=5982"},{"taxonomy":"product_cat","embeddable":true,"href":"https:\/\/fengchashop.com\/hu\/wp-json\/wp\/v2\/product_cat?post=5982"},{"taxonomy":"product_tag","embeddable":true,"href":"https:\/\/fengchashop.com\/hu\/wp-json\/wp\/v2\/product_tag?post=5982"}],"curies":[{"name":"wp","href":"https:\/\/api.w.org\/{rel}","templated":true}]}}