{"id":5981,"date":"2022-02-11T20:27:56","date_gmt":"2022-02-11T19:27:56","guid":{"rendered":"https:\/\/fengchashop.com\/hu\/product\/magnezijev-bisglicinat-250-g\/"},"modified":"2026-04-29T18:21:19","modified_gmt":"2026-04-29T16:21:19","slug":"magnezium-biszglicinat","status":"publish","type":"product","link":"https:\/\/fengchashop.com\/hu\/product\/magnezium-biszglicinat\/","title":{"rendered":"Magn\u00e9zium-biszglicin\u00e1t 250 g"},"content":{"rendered":"<h2><span style=\"color: #000000\">Magn\u00e9zium-biszglicin\u00e1t<\/span><\/h2>\n<p><span style=\"color: #000000\">A magn\u00e9zium nagyon fontos <strong>\u00e1sv\u00e1nyi anyag<\/strong>, amely t\u00f6bb mint 300 anyagcsere-reakci\u00f3\u00e9rt felel\u0151s az emberi szervezetben. A szak\u00e9rt\u0151k gyakran az \u201e\u00e1sv\u00e1nyok kir\u00e1lyak\u00e9nt\u201d emlegetik. Nagyon fontos szerepet j\u00e1tszik a csontok, az izmok \u00e9s az idegrendszer megfelel\u0151 m\u0171k\u00f6d\u00e9s\u00e9ben. Gyakran szedik a <strong>g\u00f6rcs\u00f6k (a v\u00e1dliban), a f\u00e1radts\u00e1g, a kimer\u00fclts\u00e9g megel\u0151z\u00e9s\u00e9re \u00e9s a norm\u00e1lis szellemi m\u0171k\u00f6d\u00e9s\u00e9rt<\/strong>. A modern \u00e9letm\u00f3d &#8211; alv\u00e1shi\u00e1ny, stressz, \u00e9trend &#8211; gyakran vezet magn\u00e9zium-kieg\u00e9sz\u00edt\u0151k szed\u00e9s\u00e9hez. \u00c9s b\u00e1r a z\u00f6ld z\u00f6lds\u00e9gekben, halakban, napraforg\u00f3- \u00e9s t\u00f6kmagban, gy\u00fcm\u00f6lcs\u00f6kben \u00e9s di\u00f3f\u00e9l\u00e9kben b\u0151s\u00e9gesen megtal\u00e1lhat\u00f3, egyszer\u0171en t\u00f6bbet felhaszn\u00e1lunk bel\u0151le, mint amennyit bevisz\u00fcnk. A sportol\u00f3k \u00e9s a k\u00fcl\u00f6n\u00f6sen akt\u00edv emberek, a terhes n\u0151k \u00e9s az id\u0151sek magn\u00e9ziumsz\u00fcks\u00e9glete jelent\u0151sen nagyobb. A term\u00e9szetben a magn\u00e9zium mindig egy m\u00e1sik vegy\u00fclethez k\u00f6t\u0151dik, ami k\u00fcl\u00f6nleges tulajdons\u00e1gokkal ruh\u00e1zza fel, k\u00fcl\u00f6n\u00f6sen a felsz\u00edv\u00f3d\u00e1s \u00e9s a tov\u00e1bbi hat\u00e1sok tekintet\u00e9ben. Ez\u00e9rt fontos, hogy az \u00d6n ig\u00e9nyeinek megfelel\u0151 magn\u00e9ziumot v\u00e1lasszon.<\/span><\/p>\n<p><span style=\"color: #000000\">A magn\u00e9zium bisglicin\u00e1t form\u00e1j\u00e1ban a magn\u00e9zium egyik <strong>leg\u00fajabb \u00e9s legjobb form\u00e1ja<\/strong> a kaphat\u00f3 magn\u00e9ziumok k\u00f6z\u00fcl. A magn\u00e9ziumnak t\u00f6bb mint egy tucat k\u00fcl\u00f6nb\u00f6z\u0151 form\u00e1ja l\u00e9tezik, \u00e9s n\u00e9h\u00e1ny form\u00e1j\u00e1t m\u00e9g nem is aj\u00e1nlj\u00e1k (p\u00e9ld\u00e1ul a magn\u00e9zium-aszpart\u00e1tot \u00e9s a magn\u00e9zium-glutam\u00e1tot). Teh\u00e1t fontos megjegyezni, hogy nem tudja b\u00e1rmilyen magn\u00e9zium kiel\u00e9g\u00edteni az ig\u00e9nyeinket. V\u00e1lasszon kiv\u00e1l\u00f3 \u00e9s az \u00d6n sz\u00e1m\u00e1ra megfelel\u0151 magn\u00e9ziumot.<\/span><\/p>\n<p><span style=\"color: #000000\">A magn\u00e9ziumhi\u00e1nyt sz\u00e1mos betegs\u00e9ggel, t\u00f6bbek k\u00f6z\u00f6tt migr\u00e9nnel, kr\u00f3nikus f\u00e1radts\u00e1ggal, magas v\u00e9rnyom\u00e1ssal, szorong\u00e1ssal \u00e9s m\u00e1s ment\u00e1lis zavarokkal hozt\u00e1k \u00f6sszef\u00fcgg\u00e9sbe. A magn\u00e9zium k\u00f6zvetve jav\u00edtja a s\u00e9r\u00fclt sejteket, ami megakad\u00e1lyozza a<strong> sejtk\u00e1rosod\u00e1ssal<\/strong> j\u00e1r\u00f3 betegs\u00e9geket &#8211; p\u00e9ld\u00e1ul a r\u00e1k &#8211; kialakul\u00e1s\u00e1t. Ugyanakkor a magn\u00e9ziumhi\u00e1ny cs\u00f6kkenti a D-vitamin hat\u00e1s\u00e1t.<\/span><br \/>\n<span style=\"color: #000000\">Magn\u00e9zium-biszglicin\u00e1tunk pr\u00e9mium min\u0151s\u00e9g\u0171.<\/span><\/p>\n<h2><span style=\"color: #000000\">Mi\u00e9rt v\u00e1lassza a magn\u00e9zium-biszglicin\u00e1tot?<\/span><\/h2>\n<p><span style=\"color: #000000\">A magn\u00e9zium<strong> bisglicin\u00e1t form\u00e1j\u00e1ban gyorsabban, k\u00f6nnyebben \u00e9s jobban felsz\u00edv\u00f3dik<\/strong>, mint a magn\u00e9zium m\u00e1s form\u00e1i. Ez a magn\u00e9zium egyik \u00fajabb form\u00e1ja \u00e9trend-kieg\u00e9sz\u00edt\u0151k\u00e9nt. C\u00e9lja, hogy a lehet\u0151 legjobban hasznosulhasson a szervezetben hashajt\u00f3 mell\u00e9khat\u00e1s n\u00e9lk\u00fcl. Jelenleg ez az egyik legjobb magn\u00e9zium-\u00e9trendkieg\u00e9sz\u00edt\u0151. K\u00fcl\u00f6n\u00f6sen azok sz\u00e1m\u00e1ra aj\u00e1nlott, akiknek az em\u00e9szt\u00e9se \u00e9rz\u00e9keny a magn\u00e9zium-\u00e9trendkieg\u00e9sz\u00edt\u0151kre, de a szervezet\u00fcknek sz\u00fcks\u00e9ge van r\u00e1.<\/span><\/p>\n<p><span style=\"color: #000000\">A magn\u00e9zium-biszglicin\u00e1t<strong> hasznos\u00edtja a legjobban a magn\u00e9ziumot<\/strong> a szervezetben, mivel legal\u00e1bb 80%-ban felsz\u00edv\u00f3dik. Nem okoz hasmen\u00e9st, \u00e9s nincs hashajt\u00f3 hat\u00e1sa, ez\u00e9rt a magn\u00e9ziumnak ez a v\u00e1ltozata a legalkalmasabb a <strong>hossz\u00fa t\u00e1v\u00fa haszn\u00e1latra<\/strong>. A hashajt\u00f3 hat\u00e1s nem mindig el\u0151ny\u00f6s, mivel ronthatja m\u00e1s t\u00e1panyagok felsz\u00edv\u00f3d\u00e1s\u00e1t \u00e9s irrit\u00e1lhatja az \u00e9rz\u00e9keny b\u00e9lrendszert.<\/span><\/p>\n<p><span style=\"color: #000000\">A magn\u00e9zium-biszglicin\u00e1tban k\u00e9t glicin\u00e1t aminosav tal\u00e1lhat\u00f3 meg egy helyett, ami nagyobb v\u00e9delmet jelent a gyomorsavval szemben. \u00cdgy eljut a belekbe, ahol a lehet\u0151 legorganikusabb form\u00e1ban sz\u00edv\u00f3dik fel a v\u00e9r\u00e1ramba.<\/span><\/p>\n<h2><span style=\"color: #000000\">Milyen hat\u00e1ssal van a magn\u00e9ziumbevitel a szervezet\u00fcnkre?<\/span><\/h2>\n<p><span style=\"color: #000000\">A magn\u00e9zium fogyaszt\u00e1sa a k\u00f6vetkez\u0151, szakemberek \u00e1ltal is elismert el\u0151ny\u00f6kkel j\u00e1r:<\/span><\/p>\n<p><span style=\"color: #000000\">\ud83d\udc9a seg\u00edt cs\u00f6kkenteni a f\u00e1radts\u00e1got \u00e9s a kimer\u00fclts\u00e9get,<\/span><br \/>\n<span style=\"color: #000000\">\ud83d\udc9a t\u00e1mogatja az elektrolit-egyens\u00falyt, amelyre k\u00fcl\u00f6n\u00f6sen a fizikai megterhel\u00e9s sor\u00e1n van sz\u00fcks\u00e9g,<\/span><br \/>\n<span style=\"color: #000000\">\ud83d\udc9a hozz\u00e1j\u00e1rul az energia felszabadul\u00e1s\u00e1hoz az anyagcsere sor\u00e1n.,<\/span><br \/>\n<span style=\"color: #000000\">\ud83d\udc9a j\u00f3t\u00e9kony hat\u00e1ssal van az idegrendszerre,<\/span><br \/>\n<span style=\"color: #000000\">\ud83d\udc9a hozz\u00e1j\u00e1rul a norm\u00e1l izomm\u0171k\u00f6d\u00e9shez, a norm\u00e1l pszich\u00e9s m\u0171k\u00f6d\u00e9shez,<\/span><br \/>\n<span style=\"color: #000000\">\ud83d\udc9a szerepet j\u00e1tszik a feh\u00e9rjeszint\u00e9zisben,<\/span><br \/>\n<span style=\"color: #000000\">\ud83d\udc9a eg\u00e9szs\u00e9gesen tartja a csontokat \u00e9s a fogakat,<\/span><br \/>\n<span style=\"color: #000000\">\ud83d\udc9a szerepet j\u00e1tszik a sejtoszt\u00f3d\u00e1sban.<\/span><br \/>\n<span style=\"color: #000000\">Az el\u00e9gedett felhaszn\u00e1l\u00f3k a pr\u00e9mium min\u0151s\u00e9g\u0171 magn\u00e9zium \u00e9trend-kieg\u00e9sz\u00edt\u0151 szed\u00e9s\u00e9nek egy\u00e9b el\u0151nyeir\u0151l is besz\u00e1molnak.<\/span><\/p>\n<h2><span style=\"color: #000000\">Csomagol\u00e1s<\/span><\/h2>\n<p><span style=\"color: #000000\">L\u00e9gmentesen z\u00e1rhat\u00f3 tasak, amelyben a term\u00e9k meg\u0151rzi minden frissess\u00e9g\u00e9t \u00e9s arom\u00e1j\u00e1t. A csomagol\u00e1s v\u00e9d a f\u00e9nyt\u0151l \u00e9s a leveg\u0151t\u0151l, mivel t\u00f6bb v\u00e9d\u0151r\u00e9tegb\u0151l \u00e1ll, amelyek meg\u0151rzik a tartalom tulajdons\u00e1gait.<\/span><\/p>\n<p><span style=\"color: #000000\">A csomagol\u00e1s nagyon praktikus \u00e9s \u00fajrahasznos\u00edthat\u00f3.<\/span><\/p>\n<h2><span style=\"color: #000000\">T\u00e1rol\u00e1s \u00e9s figyelmeztet\u00e9sek<\/span><\/h2>\n<p><span style=\"color: #000000\">H\u0171v\u00f6s, sz\u00e1raz helyen, legfeljebb 25 \u00b0C h\u0151m\u00e9rs\u00e9kleten t\u00e1rolja. Gyermekek el\u0151l elz\u00e1rva tartand\u00f3 \u00e9trend-kieg\u00e9sz\u00edt\u0151!<\/span><\/p>\n<p><span style=\"color: #000000\">Forduljon orvos\u00e1hoz, ha egyidej\u0171leg antibiotikumokat, csontritkul\u00e1s elleni gy\u00f3gyszereket vagy magas v\u00e9rnyom\u00e1s elleni gy\u00f3gyszereket is szed, mivel a magn\u00e9zium befoly\u00e1solhatja ezek hat\u00e1s\u00e1t.<\/span><br \/>\n<span style=\"color: #000000\">Ne feledje a v\u00e1ltozatos \u00e9trend \u00e9s az eg\u00e9szs\u00e9ges \u00e9letm\u00f3d fontoss\u00e1g\u00e1t, az \u00e9trend-kieg\u00e9sz\u00edt\u0151 nem helyettes\u00edti a kiegyens\u00falyozott \u00e9s v\u00e1ltozatos \u00e9trendet. Az aj\u00e1nlott napi mennyis\u00e9get vagy adagot nem szabad t\u00fall\u00e9pni. Terhes \u00e9s szoptat\u00f3 n\u0151k haszn\u00e1lat el\u0151tt k\u00e9rjenek tan\u00e1csot az orvosukt\u00f3l. Gyerekeknek nem adhat\u00f3.<\/span><\/p>\n","protected":false},"excerpt":{"rendered":"<p align=\"JUSTIFY\"><span style=\"color: #000000\">A magn\u00e9zium nagyon fontos \u00e1sv\u00e1nyi anyag, amely t\u00f6bb mint 300 anyagcsere-reakci\u00f3\u00e9rt felel\u0151s az emberi szervezetben. A szak\u00e9rt\u0151k gyakran az \u201e\u00e1sv\u00e1nyok kir\u00e1lyak\u00e9nt\u201d emlegetik. Nagyon fontos szerepet j\u00e1tszik a csontok, az izmok \u00e9s az idegrendszer megfelel\u0151 m\u0171k\u00f6d\u00e9s\u00e9ben.<\/span><\/p>\n<p><span style=\"color: #000000\">\ud83d\udc9a Seg\u00edt cs\u00f6kkenteni a f\u00e1radts\u00e1got \u00e9s a kimer\u00fclts\u00e9get.<\/span><br \/>\n<span style=\"color: #000000\">\ud83d\udc9a T\u00e1mogatja az elektrolit-egyens\u00falyt, amelyre k\u00fcl\u00f6n\u00f6sen a fizikai megterhel\u00e9s sor\u00e1n van sz\u00fcks\u00e9g.<\/span><br \/>\n<span style=\"color: #000000\">\ud83d\udc9a Hozz\u00e1j\u00e1rul az energia felszabadul\u00e1s\u00e1hoz az anyagcsere sor\u00e1n.<\/span><br \/>\n<span style=\"color: #000000\">\ud83d\udc9a J\u00f3t\u00e9kony hat\u00e1ssal van az idegrendszerre.<\/span><br \/>\n<span style=\"color: #000000\">\ud83d\udc9a Hozz\u00e1j\u00e1rul a norm\u00e1l izomm\u0171k\u00f6d\u00e9shez, a norm\u00e1l pszich\u00e9s m\u0171k\u00f6d\u00e9shez.<\/span><br \/>\n<span style=\"color: #000000\">\ud83d\udc9a Eg\u00e9szs\u00e9gesen tartja a csontokat \u00e9s a fogakat.<\/span><\/p>\n","protected":false},"featured_media":5909,"comment_status":"open","ping_status":"closed","template":"","meta":{"_acf_changed":false},"product_brand":[],"product_cat":[224,203,228,225],"product_tag":[],"class_list":{"0":"post-5981","1":"product","2":"type-product","3":"status-publish","4":"has-post-thumbnail","6":"product_cat-ajanlat","7":"product_cat-asvanyi-anyagok-es-vitaminok","8":"product_cat-legkeresettebb","9":"product_cat-minden-termek","11":"first","12":"instock","13":"sale","14":"taxable","15":"shipping-taxable","16":"purchasable","17":"product-type-simple"},"acf":[],"_links":{"self":[{"href":"https:\/\/fengchashop.com\/hu\/wp-json\/wp\/v2\/product\/5981","targetHints":{"allow":["GET"]}}],"collection":[{"href":"https:\/\/fengchashop.com\/hu\/wp-json\/wp\/v2\/product"}],"about":[{"href":"https:\/\/fengchashop.com\/hu\/wp-json\/wp\/v2\/types\/product"}],"replies":[{"embeddable":true,"href":"https:\/\/fengchashop.com\/hu\/wp-json\/wp\/v2\/comments?post=5981"}],"wp:featuredmedia":[{"embeddable":true,"href":"https:\/\/fengchashop.com\/hu\/wp-json\/wp\/v2\/media\/5909"}],"wp:attachment":[{"href":"https:\/\/fengchashop.com\/hu\/wp-json\/wp\/v2\/media?parent=5981"}],"wp:term":[{"taxonomy":"product_brand","embeddable":true,"href":"https:\/\/fengchashop.com\/hu\/wp-json\/wp\/v2\/product_brand?post=5981"},{"taxonomy":"product_cat","embeddable":true,"href":"https:\/\/fengchashop.com\/hu\/wp-json\/wp\/v2\/product_cat?post=5981"},{"taxonomy":"product_tag","embeddable":true,"href":"https:\/\/fengchashop.com\/hu\/wp-json\/wp\/v2\/product_tag?post=5981"}],"curies":[{"name":"wp","href":"https:\/\/api.w.org\/{rel}","templated":true}]}}