{"id":5980,"date":"2022-02-11T20:17:52","date_gmt":"2022-02-11T19:17:52","guid":{"rendered":"https:\/\/fengchashop.com\/hu\/product\/kalcijev-karbonat-500-g\/"},"modified":"2026-04-29T10:23:28","modified_gmt":"2026-04-29T08:23:28","slug":"kalcijev-karbonat","status":"publish","type":"product","link":"https:\/\/fengchashop.com\/hu\/product\/kalcijev-karbonat\/","title":{"rendered":"Kalcium-karbon\u00e1t 500 g"},"content":{"rendered":"<h2><span style=\"color: #000000\">Kalcium-karbon\u00e1t<\/span><\/h2>\n<p><span style=\"color: #000000\">A kalcium az egyik<strong> legnagyobb mennyis\u00e9gben el\u0151fordul\u00f3 \u00e1sv\u00e1nyi anyag a szervezet\u00fcnkben<\/strong>. B\u00e1r a kalciumot legink\u00e1bb a csontokkal hozz\u00e1k \u00f6sszef\u00fcgg\u00e9sbe, sz\u00e1mos m\u00e1s fontos funkci\u00f3ja is van az emberi szervezetben. Ami azt illeti, a kalcium a csontsz\u00f6vet \u00f6sszetev\u0151je, \u00e9s emiatt befoly\u00e1solja a csontok kem\u00e9nys\u00e9g\u00e9t. Ez\u00e9rt a kalciumban gazdag \u00e9telek fogyaszt\u00e1sa nagyon fontos gyermekkorban, amikor n\u00f6v\u00fcnk. Nagyon fontos a menopauza idej\u00e9n is, amikor a felborult hormonh\u00e1ztart\u00e1s befoly\u00e1solhatja a kalcium felsz\u00edv\u00f3d\u00e1s\u00e1t, ez\u00e1ltal cs\u00f6kkentve a csonts\u0171r\u0171s\u00e9get. Ugyanez igaz t\u00f6bb\u00e9-kev\u00e9sb\u00e9 a legt\u00f6bb id\u0151sebb feln\u0151ttre is. A kalcium szint\u00e9n fontos szerepet j\u00e1tszik a terhess\u00e9gben. \u00a0<\/span><br \/>\n<span style=\"color: #000000\">A<strong> kalcium hozz\u00e1j\u00e1rul a<\/strong> sejtek \u00e9s az izmok norm\u00e1lis m\u0171k\u00f6d\u00e9s\u00e9hez, a csontok \u00e9s a fogak eg\u00e9szs\u00e9g\u00e9hez, az em\u00e9szt\u0151enzimek norm\u00e1lis m\u0171k\u00f6d\u00e9s\u00e9hez, a megfelel\u0151 v\u00e9ralvad\u00e1shoz, az idegi impulzusok tov\u00e1bb\u00edt\u00e1s\u00e1hoz \u00e9s az anyagcsere-folyamatok sor\u00e1n t\u00f6rt\u00e9n\u0151 energiafelszabadul\u00e1shoz. A<strong> kalciumhi\u00e1ny<\/strong> gyakran<strong> vezet csontritkul\u00e1shoz<\/strong>, a modern kor m\u00e1sik rendk\u00edv\u00fcl gyakori betegs\u00e9g\u00e9hez.<\/span><br \/>\n<span style=\"color: #000000\">A kalcium kalcium-karbon\u00e1t form\u00e1j\u00e1ban <strong>term\u00e9szetes \u00e9s biztons\u00e1gos form\u00e1ja kalcium<\/strong> \u00e9trend-kieg\u00e9sz\u00edt\u0151k\u00e9nt. J\u00f3l felsz\u00edv\u00f3dik \u00e9s optim\u00e1lisan hasznosul.<\/span><br \/>\n<span style=\"color: #000000\">A kalciumot rendszeresen p\u00f3tolni kell a szervezetben, k\u00fcl\u00f6n\u00f6sen a felgyorsult n\u00f6veked\u00e9s \u00e9s a terhess\u00e9g alatt. Ez a legjobban egy v\u00e1ltozatos \u00e9s kiegyens\u00falyozott, kalciumban term\u00e9szetesen gazdag \u00e9trenddel \u00e9rhet\u0151 el. \u00a0A t\u00e1pl\u00e1l\u00e9kkieg\u00e9sz\u00edt\u0151k szed\u00e9s\u00e9t azonban k\u00fcl\u00f6n\u00f6sen azoknak aj\u00e1nljuk, akik nagyon keveset vagy egy\u00e1ltal\u00e1n nem fogyasztanak tejterm\u00e9ket. Menopauz\u00e1ban l\u00e9v\u0151 n\u0151knek \u00e9s minden id\u0151sebb feln\u0151ttnek is aj\u00e1nlott.<\/span><br \/>\n<span style=\"color: #000000\">Az \u00e9trend-kieg\u00e9sz\u00edt\u0151 kiv\u00e1l\u00f3 min\u0151s\u00e9g\u0171, \u00e9s ak\u00e1r 40%-os elemi kalciumkoncentr\u00e1ci\u00f3t is el\u00e9r.<\/span><\/p>\n<h2><span style=\"color: #000000\">Mi\u00e9rt v\u00e1lassza a kalcium-karbon\u00e1tot?<\/span><\/h2>\n<p><span style=\"color: #000000\">A kalcium-kieg\u00e9sz\u00edt\u0151knek<strong> t\u00f6bb t\u00edpusa<\/strong> \u00e9s form\u00e1ja l\u00e9tezik. Ezeket kalciums\u00f3knak nevezik. Ezek lehetnek kalcium-gl\u00fckon\u00e1t, kalcium-karbon\u00e1t, kalcium-citr\u00e1t stb. A kalcium-citr\u00e1t p\u00e9ld\u00e1ul kiv\u00e1l\u00f3 azoknak, akiknek t\u00fal kev\u00e9s a gyomorsavuk, vagy akik gyomorsavg\u00e1tl\u00f3kat szednek, mivel nincs sz\u00fcks\u00e9g savra a j\u00f3 \u00e9s megfelel\u0151 felsz\u00edv\u00f3d\u00e1shoz. A kalcium-karbon\u00e1t a kalcium leggyakoribb form\u00e1ja az \u00e9trend-kieg\u00e9sz\u00edt\u0151kben, \u00e9s bizony\u00edtottan biztons\u00e1gos \u00e9s j\u00f3l hasznosul. Id\u0151sebbeknek k\u00f6zvetlen\u00fcl \u00e9tkez\u00e9s ut\u00e1n, fiatalabbaknak pedig egy \u00f3r\u00e1val \u00e9tkez\u00e9s el\u0151tt vagy k\u00e9t \u00f3r\u00e1val \u00e9tkez\u00e9s ut\u00e1n aj\u00e1nlott bevenni.<\/span><\/p>\n<h2><span style=\"color: #000000\">Milyen hat\u00e1ssal van a kalciumbevitel a szervezet\u00fcnkre?<\/span><\/h2>\n<p><span style=\"color: #000000\">A D-vitamin fontos szerepet j\u00e1tszik a kalcium megfelel\u0151 felsz\u00edv\u00f3d\u00e1s\u00e1ban \u00e9s a v\u00e9r norm\u00e1lis kalciumszintj\u00e9ben. A napi aj\u00e1nlott \u00e9rt\u00e9k k\u00fcl\u00f6n\u00f6sen ny\u00e1ron \u00e9rhet\u0151 el, amikor a b\u0151r\u00fcnket kitessz\u00fck a nap sugarainak. A kalcium a k\u00f6vetkez\u0151kben seg\u00edt: \u00a0<\/span><br \/>\n<span style=\"color: #000000\">\ud83d\udc9a az <strong>eg\u00e9szs\u00e9ges fogak \u00e9s csontok<\/strong> fenntart\u00e1sa, <\/span><br \/>\n<span style=\"color: #000000\">\ud83d\udc9a megfelel\u0151<strong> v\u00e9ralvad\u00e1s<\/strong>, <\/span><br \/>\n<span style=\"color: #000000\">\ud83d\udc9a az anyagcsere-folyamatok sor\u00e1n felszabad\u00edtja az energi\u00e1t, <\/span><br \/>\n<span style=\"color: #000000\">\ud83d\udc9a az<strong> idegimpulzusok norm\u00e1lis tov\u00e1bb\u00edt\u00e1sa<\/strong>, valamint az<strong> izmok \u00e9s az em\u00e9szt\u0151enzimek m\u0171k\u00f6d\u00e9se<\/strong>, <\/span><br \/>\n<span style=\"color: #000000\">\ud83d\udc9a <strong>sejtoszt\u00f3d\u00e1s<\/strong> \u00e9s specializ\u00e1ci\u00f3.<\/span><\/p>\n<h2><span style=\"color: #000000\">Milyen el\u0151nyei vannak a kalcium-karbon\u00e1tunknak?<\/span><\/h2>\n<p><span style=\"color: #000000\">Saj\u00e1t m\u00e1rk\u00e1j\u00fa kalcium-karbon\u00e1t porunk term\u00e9szetes m\u00f3don b\u00e1ny\u00e1szott. Nagyon tiszta port \u00e9s magas koncentr\u00e1ci\u00f3j\u00fa elemi kalciumot tartalmaz. Ugyanakkor nem tartalmaz semmilyen nemk\u00edv\u00e1natos adal\u00e9kanyagot, p\u00e9ld\u00e1ul cukrot, glut\u00e9nt, sz\u00f3j\u00e1t stb.<\/span><\/p>\n<h2><span style=\"color: #000000\">Csomagol\u00e1s<\/span><\/h2>\n<p><span style=\"color: #000000\">L\u00e9gmentesen z\u00e1rhat\u00f3 tasak, amelyben a term\u00e9k meg\u0151rzi minden frissess\u00e9g\u00e9t \u00e9s arom\u00e1j\u00e1t. A csomagol\u00e1s v\u00e9d a f\u00e9nyt\u0151l \u00e9s a leveg\u0151t\u0151l, mivel t\u00f6bb v\u00e9d\u0151r\u00e9tegb\u0151l \u00e1ll, amelyek meg\u0151rzik a tartalom tulajdons\u00e1gait.<\/span><\/p>\n<p><span style=\"color: #000000\">A csomagol\u00e1s nagyon praktikus \u00e9s \u00fajrahasznos\u00edthat\u00f3.<\/span><\/p>\n<h2><span style=\"color: #000000\">T\u00e1rol\u00e1s \u00e9s figyelmeztet\u00e9sek<\/span><\/h2>\n<p><span style=\"color: #000000\">H\u0171v\u00f6s, sz\u00e1raz helyen, legfeljebb 25 \u00b0C h\u0151m\u00e9rs\u00e9kleten t\u00e1rolja. Gyermekek el\u0151l elz\u00e1rva tartand\u00f3 \u00e9trend-kieg\u00e9sz\u00edt\u0151!<\/span><br \/>\n<span style=\"color: #000000\">K\u00e9rdezze meg orvos\u00e1t, ha egyidej\u0171leg antibiotikumokat vagy m\u00e1s gy\u00f3gyszereket is szed.<\/span><br \/>\n<span style=\"color: #000000\">Ne feledje a v\u00e1ltozatos \u00e9trend \u00e9s az eg\u00e9szs\u00e9ges \u00e9letm\u00f3d fontoss\u00e1g\u00e1t, az \u00e9trend-kieg\u00e9sz\u00edt\u0151 nem helyettes\u00edti a kiegyens\u00falyozott \u00e9s v\u00e1ltozatos \u00e9trendet. Az aj\u00e1nlott napi mennyis\u00e9get vagy adagot nem szabad t\u00fall\u00e9pni. Terhes \u00e9s szoptat\u00f3 n\u0151k haszn\u00e1lat el\u0151tt k\u00e9rjenek tan\u00e1csot az orvosukt\u00f3l. Gyerekeknek nem adhat\u00f3.<\/span><\/p>\n","protected":false},"excerpt":{"rendered":"<p align=\"JUSTIFY\">A kalcium az egyik legnagyobb mennyis\u00e9gben el\u0151fordul\u00f3 \u00e1sv\u00e1nyi anyag a szervezet\u00fcnkben. B\u00e1r a kalciumot legink\u00e1bb a csontokkal hozz\u00e1k \u00f6sszef\u00fcgg\u00e9sbe, sz\u00e1mos m\u00e1s fontos funkci\u00f3ja is van az emberi szervezetben. Ami azt illeti, a kalcium a csontsz\u00f6vet \u00f6sszetev\u0151je, \u00e9s emiatt befoly\u00e1solja a csontok kem\u00e9nys\u00e9g\u00e9t. A kalcium a k\u00f6vetkez\u0151kben seg\u00edt:<\/p>\n<p align=\"JUSTIFY\">\ud83d\udc9a az eg\u00e9szs\u00e9ges fogak \u00e9s csontok fenntart\u00e1sa,<br \/>\n\ud83d\udc9a megfelel\u0151 v\u00e9ralvad\u00e1s,<br \/>\n\ud83d\udc9a az anyagcsere-folyamatok sor\u00e1n felszabad\u00edtja az energi\u00e1t,<br \/>\n\ud83d\udc9a az idegimpulzusok norm\u00e1lis tov\u00e1bb\u00edt\u00e1sa, valamint az izmok \u00e9s az em\u00e9szt\u0151enzimek m\u0171k\u00f6d\u00e9se,<br \/>\n\ud83d\udc9a sejtoszt\u00f3d\u00e1s \u00e9s specializ\u00e1ci\u00f3.<\/p>\n","protected":false},"featured_media":5880,"comment_status":"open","ping_status":"closed","template":"","meta":{"_acf_changed":false},"product_brand":[],"product_cat":[224,203,225],"product_tag":[],"class_list":{"0":"post-5980","1":"product","2":"type-product","3":"status-publish","4":"has-post-thumbnail","6":"product_cat-ajanlat","7":"product_cat-asvanyi-anyagok-es-vitaminok","8":"product_cat-minden-termek","10":"first","11":"instock","12":"sale","13":"taxable","14":"shipping-taxable","15":"purchasable","16":"product-type-simple"},"acf":[],"_links":{"self":[{"href":"https:\/\/fengchashop.com\/hu\/wp-json\/wp\/v2\/product\/5980","targetHints":{"allow":["GET"]}}],"collection":[{"href":"https:\/\/fengchashop.com\/hu\/wp-json\/wp\/v2\/product"}],"about":[{"href":"https:\/\/fengchashop.com\/hu\/wp-json\/wp\/v2\/types\/product"}],"replies":[{"embeddable":true,"href":"https:\/\/fengchashop.com\/hu\/wp-json\/wp\/v2\/comments?post=5980"}],"wp:featuredmedia":[{"embeddable":true,"href":"https:\/\/fengchashop.com\/hu\/wp-json\/wp\/v2\/media\/5880"}],"wp:attachment":[{"href":"https:\/\/fengchashop.com\/hu\/wp-json\/wp\/v2\/media?parent=5980"}],"wp:term":[{"taxonomy":"product_brand","embeddable":true,"href":"https:\/\/fengchashop.com\/hu\/wp-json\/wp\/v2\/product_brand?post=5980"},{"taxonomy":"product_cat","embeddable":true,"href":"https:\/\/fengchashop.com\/hu\/wp-json\/wp\/v2\/product_cat?post=5980"},{"taxonomy":"product_tag","embeddable":true,"href":"https:\/\/fengchashop.com\/hu\/wp-json\/wp\/v2\/product_tag?post=5980"}],"curies":[{"name":"wp","href":"https:\/\/api.w.org\/{rel}","templated":true}]}}