{"id":5979,"date":"2022-02-11T19:51:31","date_gmt":"2022-02-11T18:51:31","guid":{"rendered":"https:\/\/fengchashop.com\/hu\/product\/elixir-mix-bio-125-g\/"},"modified":"2026-05-09T11:15:07","modified_gmt":"2026-05-09T09:15:07","slug":"elixir-mix-bio-gyogygomba-por","status":"publish","type":"product","link":"https:\/\/fengchashop.com\/hu\/product\/elixir-mix-bio-gyogygomba-por\/","title":{"rendered":"Elixir mix BIO 125 g gy\u00f3gygomba por"},"content":{"rendered":"<h2><span style=\"color: #000000\">Elixir mix BIO gy\u00f3gygomba por<\/span><\/h2>\n<p><span style=\"color: #000000\">A gy\u00f3gygomb\u00e1k Elixir mix kever\u00e9k\u00e9t az <strong>immunrendszer serkent\u00e9s\u00e9re, az eg\u00e9szs\u00e9ges sz\u00edv \u00e9s kering\u00e9s t\u00e1mogat\u00e1s\u00e1ra, az energiaszint helyre\u00e1ll\u00edt\u00e1s\u00e1ra, a stressz, a r\u00e1k \u00e9s az \u00f6reged\u00e9s elleni<\/strong> k\u00fczdelemre haszn\u00e1lj\u00e1k. <strong>Az ilyen fontos \u00e9s \u00e1tfog\u00f3 hat\u00e1sai miatt a kever\u00e9k szed\u00e9s\u00e9t mindenkinek aj\u00e1nljuk, aki meg akarja teremteni mag\u00e1nak a hossz\u00fa \u00e9s eg\u00e9szs\u00e9ges \u00e9let<\/strong> felt\u00e9teleit. A kever\u00e9k a benne tal\u00e1lhat\u00f3 t\u00f6bb sz\u00e1z k\u00fcl\u00f6nb\u00f6z\u0151 hat\u00f3anyagnak k\u00f6sz\u00f6nhet\u0151en a legsz\u00e9lesebb spektrum\u00fa kiegyens\u00falyozott hat\u00e1st k\u00edn\u00e1lja. H\u00e1rom gombafajb\u00f3l \u00e1ll: Ganoderma lucidum, m\u00e1s n\u00e9ven Pecs\u00e9tviaszgomba, Cordyceps \u00e9s Inonotus obliquus, m\u00e1s n\u00e9ven Chaga.<\/span><br \/>\n<span style=\"color: #000000\">Az Elixir mix a benne tal\u00e1lhat\u00f3 t\u00f6bb sz\u00e1z k\u00fcl\u00f6nb\u00f6z\u0151 hat\u00f3anyagnak k\u00f6sz\u00f6nhet\u0151en a kiegyens\u00falyozott hat\u00e1s legsz\u00e9lesebb spektrum\u00e1t k\u00edn\u00e1lja.<\/span><br \/>\nA sok k\u00fcl\u00f6nb\u00f6z\u0151 gomba komin\u00e1ci\u00f3j\u00e1nak k\u00f6sz\u00f6nhet\u0151en intenz\u00edvebb prevenci\u00f3s hat\u00e1st ny\u00fajt az \u00e1ltal\u00e1nos gyenges\u00e9ggel szemben.<br \/>\n<span style=\"color: #000000\">A term\u00e9k haszn\u00e1lata nagyon egyszer\u0171, \u00e9s nem ig\u00e9nyel semmilyen el\u0151k\u00e9sz\u00fcletet vagy k\u00e9szs\u00e9get. A gomb\u00e1t finom, r\u00e9szecsk\u00e9kt\u0151l mentes porr\u00e1 \u0151r\u00f6lt\u00fck. \u00cdgy a term\u00e9k haszn\u00e1latra k\u00e9sz. Egyszer\u0171en adagolja egyenesen a csomagol\u00e1sb\u00f3l kedvenc ital\u00e1ba, keverje el \u00e9s fogyassza el.<\/span><\/p>\n<h2><span style=\"color: #000000\">Mi\u00e9rt haszn\u00e1lja Elixir Mix\u00fcnket?<\/span><\/h2>\n<p><span style=\"color: #000000\">Ahogy a neve is sugallja, ez a kever\u00e9k az eg\u00e9szs\u00e9g, a fiatals\u00e1g \u00e9s a j\u00f3 k\u00f6z\u00e9rzet elix\u00edrje. Alapja egy gondosan kigondolt recept, amely a kever\u00e9k \u00e9s \u00e1ltal\u00e1ban a gy\u00f3gygomb\u00e1k haszn\u00e1l\u00f3inak megfigyel\u00e9sei \u00e9s meg\u00e1llap\u00edt\u00e1sai alapj\u00e1n k\u00e9sz\u00fclt. E k\u00fcl\u00f6nleges kever\u00e9k elk\u00e9sz\u00edt\u00e9s\u00e9hez sz\u00e1mos hazai \u00e9s nemzetk\u00f6zi kutat\u00e1s eredm\u00e9nyei is hozz\u00e1j\u00e1rultak. \u00c9s b\u00e1r a gy\u00f3gygomb\u00e1k nagyon \u00f6sszetett hat\u00e1smechanizmussal rendelkeznek, amelyet a tudom\u00e1ny m\u00e9g nem tudott megmagyar\u00e1zni, azt tudjuk, hogy j\u00f3t\u00e9kony <strong>hat\u00e1ssal vannak az immunrendszer\u00fcnkre, a k\u00f6z\u00e9rzet\u00fcnkre \u00e9s a szervezet\u00fcnkben nap mint nap zajl\u00f3 term\u00e9szetes folyamatokra.<\/strong> Az immunrendszer felel\u0151s a szervezet\u00fcnkben l\u00e9v\u0151 idegen testek elleni k\u00fczdelem\u00e9rt. Legyen sz\u00f3 ak\u00e1r egy egyszer\u0171 megf\u00e1z\u00e1st okoz\u00f3 v\u00edrusr\u00f3l vagy egy r\u00e1kot jelent\u0151 sejtburj\u00e1nz\u00e1sr\u00f3l. Ez\u00e9rt olyan fontos az eg\u00e9szs\u00e9ges \u00e9s er\u0151s immunrendszer.\u00a0<strong>Az antioxid\u00e1nsok<\/strong> ugyanilyen fontosak, megv\u00e9denek minket az oxidat\u00edv stresszt\u0151l, amely sz\u00e1mos betegs\u00e9get \u00e9s korai \u00f6reged\u00e9st okoz. A kever\u00e9k Chag\u00e1t is tartalmaz, amelyet adaptog\u00e9nnek tartanak. <strong>Az adaptog\u00e9n<\/strong> n\u00f6v\u00e9nyek a szervezet ig\u00e9nyeihez igaz\u00edtj\u00e1k hat\u00f3anyagaikat. Energi\u00e1t adnak \u00e9s cs\u00f6kkentik a stresszt.<\/span><br \/>\n<span style=\"color: #000000\">Gy\u00f3gygomb\u00e1ink termeszt\u00e9se szigor\u00faan ellen\u0151rz\u00f6tt, vegyszerek \u00e9s n\u00f6v\u00e9nyv\u00e9d\u0151 szerek haszn\u00e1lata n\u00e9lk\u00fcl t\u00f6rt\u00e9nik, 100%-ban bio. Minden gomb\u00e1t Szlov\u00e9ni\u00e1ban termesztenek.\u00a0<\/span><\/p>\n<h2><span style=\"color: #000000\">Kinek j\u00f3 az Elixir mix \u00e9s milyen hat\u00e1sai vannak?<\/span><\/h2>\n<p><span style=\"color: #000000\">Az Elixir mix val\u00f3j\u00e1ban mindenkinek j\u00f3, aki<strong> jav\u00edtani szeretn\u00e9 az \u00e1ltal\u00e1nos eg\u00e9szs\u00e9g\u00e9t \u00fagy, hogy n\u00f6veli a betegs\u00e9gekkel szembeni ellen\u00e1ll\u00f3k\u00e9pess\u00e9g\u00e9t, n\u00f6veli a fizikai energi\u00e1t, cs\u00f6kkenti a stressz hat\u00e1sait \u00e9s megakad\u00e1lyozza a szervezet id\u0151 el\u0151tti \u00f6reged\u00e9s\u00e9t.<\/strong> Azoknak is, akik szeretn\u00e9k kipr\u00f3b\u00e1lni a gy\u00f3gygomb\u00e1kat \u00e9s term\u00e9szetes m\u00f3don er\u0151s\u00edteni a szervezet\u00fcket. Kiv\u00e1l\u00f3 <strong>term\u00e9szetes t\u00e1pl\u00e1l\u00e9kkieg\u00e9sz\u00edt\u0151<\/strong> is, mivel a gomba magas t\u00e1p\u00e9rt\u00e9kkel rendelkezik &#8211; \u00e9rt\u00e9kes t\u00e1panyagokat, nyomelemeket, vitaminokat, makro-\u00e1sv\u00e1nyi anyagokat, rostokat, feh\u00e9rj\u00e9ket tartalmaz. A gy\u00f3gygomb\u00e1knak gazdag m\u00faltjuk van a k\u00ednai gy\u00f3gy\u00e1szatban \u00e9s gy\u00f3gy\u00edt\u00e1sban, \u00e9s az emberek egyre ink\u00e1bb a term\u00e9szethez ny\u00falnak vissza az eg\u00e9szs\u00e9g\u00fck\u00e9rt.<\/span><br \/>\n<span style=\"color: #000000\">Az Elixir mix\u00fcnk az eg\u00e9szs\u00e9g, a j\u00f3 k\u00f6z\u00e9rzet \u00e9s a j\u00f3 energia igazi elix\u00edrje. A szervezetre gyakorolt pozit\u00edv hat\u00e1sai a k\u00f6vetkez\u0151k:<\/span><br \/>\n<span style=\"color: #000000\">\ud83d\udc9a serkenti az<strong> immunrendszert<\/strong>, <\/span><br \/>\n<span style=\"color: #000000\">\ud83d\udc9a a r\u00e1kos sejtek ellen hat,\u00a0\u00a0\u00a0 <\/span><br \/>\n<span style=\"color: #000000\">\ud83d\udc9a meg\u0151rzi a<strong> sz\u00edv- \u00e9s \u00e9rrendszer<\/strong> eg\u00e9szs\u00e9g\u00e9t, <\/span><br \/>\n<span style=\"color: #000000\">\ud83d\udc9a szab\u00e1lyozza a <strong>v\u00e9rnyom\u00e1st<\/strong>, <\/span><br \/>\n<span style=\"color: #000000\">\ud83d\udc9a jav\u00edtja <strong>a fizikai \u00e1ll\u00f3k\u00e9pess\u00e9get<\/strong>, <\/span><br \/>\n<span style=\"color: #000000\">\ud83d\udc9a n\u00f6veli <strong>a fizikai energi\u00e1t<\/strong>, <\/span><br \/>\n<span style=\"color: #000000\">\ud83d\udc9a <strong>stresszellenes hat\u00e1ssal b\u00edr<\/strong>, <\/span><br \/>\n<span style=\"color: #000000\">\ud83d\udc9a jav\u00edtja <strong>a szellemi k\u00e9pess\u00e9geket<\/strong>, <\/span><br \/>\n<span style=\"color: #000000\">\ud83d\udc9a lass\u00edtja az <strong>\u00f6reged\u00e9st<\/strong>, <\/span><br \/>\n<span style=\"color: #000000\">\ud83d\udc9a szab\u00e1lyozza az <strong>izom<\/strong>&#8211; \u00e9s idegm\u0171k\u00f6d\u00e9st, <\/span><br \/>\n<span style=\"color: #000000\">\ud83d\udc9a<strong> er\u0151s antioxid\u00e1nsk\u00e9nt<\/strong> elt\u00e1vol\u00edtja a szabad gy\u00f6k\u00f6ket.<\/span><\/p>\n<h2><span style=\"color: #000000\">Csomagol\u00e1s<\/span><\/h2>\n<p>L\u00e9gmentesen z\u00e1rhat\u00f3 tasak, amelyben a term\u00e9k meg\u0151rzi minden frissess\u00e9g\u00e9t \u00e9s arom\u00e1j\u00e1t. A csomagol\u00e1s v\u00e9d a f\u00e9nyt\u0151l \u00e9s a leveg\u0151t\u0151l, mivel t\u00f6bb v\u00e9d\u0151r\u00e9tegb\u0151l \u00e1ll, amelyek meg\u0151rzik a tartalom tulajdons\u00e1gait.<\/p>\n<p>A csomagol\u00e1s nagyon praktikus \u00e9s \u00fajrahasznos\u00edthat\u00f3.<\/p>\n<h2><span style=\"color: #000000\">T\u00e1rol\u00e1s \u00e9s figyelmeztet\u00e9sek<\/span><\/h2>\n<p><span style=\"color: #000000\">H\u0171v\u00f6s, sz\u00e1raz helyen t\u00e1roland\u00f3. Gyermekek el\u0151l elz\u00e1rva tartand\u00f3 \u00e9trend-kieg\u00e9sz\u00edt\u0151!<\/span><br \/>\n<span style=\"color: #000000\">Ne feledje a v\u00e1ltozatos \u00e9trend \u00e9s az eg\u00e9szs\u00e9ges \u00e9letm\u00f3d fontoss\u00e1g\u00e1t, az \u00e9trend-kieg\u00e9sz\u00edt\u0151 nem helyettes\u00edti a kiegyens\u00falyozott \u00e9s v\u00e1ltozatos \u00e9trendet. Az aj\u00e1nlott napi mennyis\u00e9get vagy adagot nem szabad t\u00fall\u00e9pni. Terhes \u00e9s szoptat\u00f3 n\u0151k haszn\u00e1lat el\u0151tt k\u00e9rjenek tan\u00e1csot az orvosukt\u00f3l.<\/span><\/p>\n<h2><span style=\"color: #000000\">J\u00f3 tudni<\/span><\/h2>\n<p><span style=\"color: #000000\">A term\u00e9ket \u00e1llatok is fogyaszthatj\u00e1k. A gy\u00f3gygomb\u00e1k a legt\u00f6bb esetben rendk\u00edv\u00fcl hat\u00e1sosnak bizonyulnak az immunrendszer er\u0151s\u00edt\u00e9s\u00e9ben, az allergia \u00e9s a b\u0151rbetegs\u00e9gek, valamint a v\u00edrusos \u00e9s bakteri\u00e1lis fert\u0151z\u00e9sek kezel\u00e9s\u00e9ben. Az Elixir mix kever\u00e9k az \u00e1llatok \u00e1ltal\u00e1nos j\u00f3l\u00e9t\u00e9re is j\u00f3 hat\u00e1ssal van. Haszn\u00e1lat el\u0151tt k\u00e9rj\u00fck, konzult\u00e1ljon \u00e1llatorvos\u00e1val az alkalmaz\u00e1s c\u00e9lszer\u0171s\u00e9g\u00e9r\u0151l \u00e9s az aj\u00e1nlott napi mennyis\u00e9g a meghat\u00e1roz\u00e1sa \u00e9rdek\u00e9ben.<\/span><\/p>\n<h2><span style=\"color: #000000\">Sz\u00e1rmaz\u00e1s<\/span><\/h2>\n<p><span style=\"color: #000000\">Szlov\u00e9nia<\/span><\/p>\n","protected":false},"excerpt":{"rendered":"<p align=\"JUSTIFY\"><span lang=\"hu-HU\">Az Elixir mix val\u00f3j\u00e1ban mindenkinek j\u00f3, aki <\/span><strong><span lang=\"hu-HU\">jav\u00edtani szeretn\u00e9 az \u00e1ltal\u00e1nos eg\u00e9szs\u00e9g\u00e9t \u00fagy, hogy n\u00f6veli a betegs\u00e9gekkel szembeni ellen\u00e1ll\u00f3k\u00e9pess\u00e9g\u00e9t, n\u00f6veli a fizikai energi\u00e1t, cs\u00f6kkenti a stressz hat\u00e1sait \u00e9s megakad\u00e1lyozza a szervezet id\u0151 el\u0151tti \u00f6reged\u00e9s\u00e9t. <\/span><\/strong><span lang=\"hu-HU\">Azoknak is, akik szeretn\u00e9k kipr\u00f3b\u00e1lni a gy\u00f3gygomb\u00e1kat \u00e9s term\u00e9szetes m\u00f3don er\u0151s\u00edteni a szervezet\u00fcket. Kiv\u00e1l\u00f3 <\/span><strong><span lang=\"hu-HU\">term\u00e9szetes t\u00e1pl\u00e1l\u00e9kkieg\u00e9sz\u00edt\u0151<\/span><\/strong><span lang=\"hu-HU\"> is, mivel a gomba magas t\u00e1p\u00e9rt\u00e9kkel rendelkezik &#8211; \u00e9rt\u00e9kes t\u00e1panyagokat, nyomelemeket, vitaminokat, makro-\u00e1sv\u00e1nyi anyagokat, rostokat, feh\u00e9rj\u00e9ket tartalmaz.<\/span><\/p>\n<p>\ud83d\udc9a Serkenti az immunrendszert.<br \/>\n\ud83d\udc9a A r\u00e1kos sejtek ellen hat.<br \/>\n\ud83d\udc9a Meg\u0151rzi a sz\u00edv- \u00e9s \u00e9rrendszer eg\u00e9szs\u00e9g\u00e9t.<br \/>\n\ud83d\udc9a Jav\u00edtja a fizikai \u00e1ll\u00f3k\u00e9pess\u00e9get,<br \/>\n\ud83d\udc9a N\u00f6veli a fizikai energi\u00e1t.<br \/>\n\ud83d\udc9a Stresszellenes hat\u00e1ssal b\u00edr.<\/p>\n","protected":false},"featured_media":5892,"comment_status":"open","ping_status":"closed","template":"","meta":{"_acf_changed":false},"product_brand":[],"product_cat":[224,229,225],"product_tag":[],"class_list":{"0":"post-5979","1":"product","2":"type-product","3":"status-publish","4":"has-post-thumbnail","6":"product_cat-ajanlat","7":"product_cat-gyogygombak","8":"product_cat-minden-termek","10":"first","11":"instock","12":"sale","13":"taxable","14":"shipping-taxable","15":"purchasable","16":"product-type-simple"},"acf":[],"_links":{"self":[{"href":"https:\/\/fengchashop.com\/hu\/wp-json\/wp\/v2\/product\/5979","targetHints":{"allow":["GET"]}}],"collection":[{"href":"https:\/\/fengchashop.com\/hu\/wp-json\/wp\/v2\/product"}],"about":[{"href":"https:\/\/fengchashop.com\/hu\/wp-json\/wp\/v2\/types\/product"}],"replies":[{"embeddable":true,"href":"https:\/\/fengchashop.com\/hu\/wp-json\/wp\/v2\/comments?post=5979"}],"wp:featuredmedia":[{"embeddable":true,"href":"https:\/\/fengchashop.com\/hu\/wp-json\/wp\/v2\/media\/5892"}],"wp:attachment":[{"href":"https:\/\/fengchashop.com\/hu\/wp-json\/wp\/v2\/media?parent=5979"}],"wp:term":[{"taxonomy":"product_brand","embeddable":true,"href":"https:\/\/fengchashop.com\/hu\/wp-json\/wp\/v2\/product_brand?post=5979"},{"taxonomy":"product_cat","embeddable":true,"href":"https:\/\/fengchashop.com\/hu\/wp-json\/wp\/v2\/product_cat?post=5979"},{"taxonomy":"product_tag","embeddable":true,"href":"https:\/\/fengchashop.com\/hu\/wp-json\/wp\/v2\/product_tag?post=5979"}],"curies":[{"name":"wp","href":"https:\/\/api.w.org\/{rel}","templated":true}]}}