{"id":5963,"date":"2022-02-11T19:13:33","date_gmt":"2022-02-11T18:13:33","guid":{"rendered":"https:\/\/fengchashop.com\/hu\/product\/trametes-coriolus-bio-eu-125-g\/"},"modified":"2026-05-09T10:05:33","modified_gmt":"2026-05-09T08:05:33","slug":"trametes-coriolus-bio-eu","status":"publish","type":"product","link":"https:\/\/fengchashop.com\/hu\/product\/trametes-coriolus-bio-eu\/","title":{"rendered":"Trametes versicolor (Coriolus) BIO EU 125 g"},"content":{"rendered":"<h2><span style=\"color: #000000\">Coriolus bio<\/span><\/h2>\n<p><span style=\"color: #000000\">A<strong> Coriolus<\/strong>\u00a0egy h\u00edres gy\u00f3gygomba, amelyet a hagyom\u00e1nyos k\u00ednai gy\u00f3gy\u00e1szatban \u00e9vsz\u00e1zadok \u00f3ta haszn\u00e1lnak. A ganoderma, a cordyceps \u00e9s n\u00e9h\u00e1ny m\u00e1s gomba mellett az egyik<strong> legismertebb gy\u00f3gygomba<\/strong> haz\u00e1nkban. Farmakol\u00f3giai hat\u00f3anyagai<strong> sz\u00e1mos klinikai vizsg\u00e1lat t\u00e1rgy\u00e1t<\/strong> k\u00e9pezik. A Coriolus egy elterjedt \u00e9s gyakori fagomba, amely a rothad\u00f3 f\u00e1kon n\u0151 az eg\u00e9sz vil\u00e1gon.\u00a0<\/span><\/p>\n<p><span style=\"color: #000000\">A Coriolus gy\u00f3gygomb\u00e1nk termeszt\u00e9se szigor\u00faan ellen\u0151rz\u00f6tt, vegyszerek \u00e9s n\u00f6v\u00e9nyv\u00e9d\u0151 szerek haszn\u00e1lata n\u00e9lk\u00fcl t\u00f6rt\u00e9nik, <strong>100%-ban bio<\/strong>. A gomb\u00e1k min\u0151s\u00e9g\u00e9t f\u00fcggetlen laborat\u00f3riumok rendszeresen ellen\u0151rzik Szlov\u00e9ni\u00e1ban \u00e9s az Egyes\u00fclt \u00c1llamokban.<\/span><\/p>\n<p><span style=\"color: #000000\">A Coriolus k\u00fcl\u00f6nf\u00e9le poliszacharidokb\u00f3l, vitaminokb\u00f3l, \u00e1sv\u00e1nyi s\u00f3kb\u00f3l \u00e9s antioxid\u00e1nsokb\u00f3l \u00e1ll. Emellett sz\u00e1mos fenolos \u00e9s flavonoid antioxid\u00e1nst tartalmaz, amelyekr\u0151l \u00fagy tartj\u00e1k, hogy sz\u00e1mos j\u00f3t\u00e9kony hat\u00e1ssal vannak a szervezetre. K\u00e9t fontos <strong>poliszacharid-feh\u00e9rje komplex &#8211; a PKS<\/strong> (krestin vagy poliszacharid K) \u00e9s az azt alkot\u00f3 <strong>PSP<\/strong> (poliszacharid peptid) &#8211; m\u00e9g mindig sok kutat\u00e1s t\u00e1rgy\u00e1t k\u00e9pezi.<\/span><\/p>\n<h2><span style=\"color: #000000\">Csomagol\u00e1s<\/span><\/h2>\n<p><span style=\"color: #000000\">L\u00e9gmentesen z\u00e1rhat\u00f3 tasak, amelyben a term\u00e9k meg\u0151rzi minden frissess\u00e9g\u00e9t \u00e9s arom\u00e1j\u00e1t. A csomagol\u00e1s v\u00e9d a f\u00e9nyt\u0151l \u00e9s a leveg\u0151t\u0151l, mivel t\u00f6bb v\u00e9d\u0151r\u00e9tegb\u0151l \u00e1ll, amelyek meg\u0151rzik a tartalom tulajdons\u00e1gait.<\/span><\/p>\n<p><span style=\"color: #000000\">A csomagol\u00e1s nagyon praktikus \u00e9s \u00fajrahasznos\u00edthat\u00f3.<\/span><\/p>\n<h2><span style=\"color: #000000\">Sz\u00e1rmaz\u00e1s<\/span><\/h2>\n<p><span style=\"color: #000000\">EU<\/span><\/p>\n","protected":false},"excerpt":{"rendered":"<p align=\"JUSTIFY\">A\u00a0Coriolus egy h\u00edres gy\u00f3gygomba, amelyet a hagyom\u00e1nyos k\u00ednai gy\u00f3gy\u00e1szatban \u00e9vsz\u00e1zadok \u00f3ta haszn\u00e1lnak. A ganoderma, a cordyceps \u00e9s n\u00e9h\u00e1ny m\u00e1s gomba mellett az egyik legismertebb gy\u00f3gygomba haz\u00e1nkban.<\/p>\n<p>\ud83d\udc9a Pr\u00e9mium min\u0151s\u00e9g.<br \/>\n\ud83d\udc9a Term\u00e9szetes term\u00e9k.<br \/>\n\ud83d\udc9a Rendk\u00edv\u00fcl hat\u00e9kony.<br \/>\n\ud83d\udc9a Nagyszer\u0171 \u00e1r.<\/p>\n","protected":false},"featured_media":5933,"comment_status":"open","ping_status":"closed","template":"","meta":{"_acf_changed":false},"product_brand":[],"product_cat":[224,229,228,225],"product_tag":[],"class_list":{"0":"post-5963","1":"product","2":"type-product","3":"status-publish","4":"has-post-thumbnail","6":"product_cat-ajanlat","7":"product_cat-gyogygombak","8":"product_cat-legkeresettebb","9":"product_cat-minden-termek","11":"first","12":"instock","13":"taxable","14":"shipping-taxable","15":"purchasable","16":"product-type-simple"},"acf":[],"_links":{"self":[{"href":"https:\/\/fengchashop.com\/hu\/wp-json\/wp\/v2\/product\/5963","targetHints":{"allow":["GET"]}}],"collection":[{"href":"https:\/\/fengchashop.com\/hu\/wp-json\/wp\/v2\/product"}],"about":[{"href":"https:\/\/fengchashop.com\/hu\/wp-json\/wp\/v2\/types\/product"}],"replies":[{"embeddable":true,"href":"https:\/\/fengchashop.com\/hu\/wp-json\/wp\/v2\/comments?post=5963"}],"wp:featuredmedia":[{"embeddable":true,"href":"https:\/\/fengchashop.com\/hu\/wp-json\/wp\/v2\/media\/5933"}],"wp:attachment":[{"href":"https:\/\/fengchashop.com\/hu\/wp-json\/wp\/v2\/media?parent=5963"}],"wp:term":[{"taxonomy":"product_brand","embeddable":true,"href":"https:\/\/fengchashop.com\/hu\/wp-json\/wp\/v2\/product_brand?post=5963"},{"taxonomy":"product_cat","embeddable":true,"href":"https:\/\/fengchashop.com\/hu\/wp-json\/wp\/v2\/product_cat?post=5963"},{"taxonomy":"product_tag","embeddable":true,"href":"https:\/\/fengchashop.com\/hu\/wp-json\/wp\/v2\/product_tag?post=5963"}],"curies":[{"name":"wp","href":"https:\/\/api.w.org\/{rel}","templated":true}]}}