{"id":5960,"date":"2022-02-11T18:42:21","date_gmt":"2022-02-11T17:42:21","guid":{"rendered":"https:\/\/fengchashop.com\/hu\/product\/hericium-erinaceus-kozonseges-sungomba-bio-eu-szarmazas-125-g\/"},"modified":"2026-05-10T22:33:17","modified_gmt":"2026-05-10T20:33:17","slug":"hericium-erinaceus-kozonseges-sungomba-bio-eu-szarmazas","status":"publish","type":"product","link":"https:\/\/fengchashop.com\/hu\/product\/hericium-erinaceus-kozonseges-sungomba-bio-eu-szarmazas\/","title":{"rendered":"Hericium erinaceus (k\u00f6z\u00f6ns\u00e9ges s\u00fcngomba) BIO EU sz\u00e1rmaz\u00e1s 125 g"},"content":{"rendered":"<h2><span style=\"color: #000000\">Hericium erinaceus (k\u00f6z\u00f6ns\u00e9ges s\u00fcngomba)<\/span><\/h2>\n<p><span style=\"color: #000000\">A Hericium erinaceus, azaz a <strong>k\u00f6z\u00f6ns\u00e9ges s\u00fcngomba<\/strong> rendk\u00edv\u00fcl \u00edzletes \u00e9s nagyra becs\u00fclt ehet\u0151 \u00e9s gy\u00f3gy\u00e1szati gomba. Kid\u0151lt f\u00e1kon n\u0151, f\u0151k\u00e9nt az \u00e9szaki f\u00e9ltek\u00e9n (Eur\u00f3pa, Kelet-\u00c1zsia, \u00c9szak-Amerika). Form\u00e1ja \u00e9s text\u00far\u00e1ja jellegzetes, szak\u00e1llra vagy oroszl\u00e1ns\u00f6r\u00e9nyre hasonl\u00edt. A hagyom\u00e1nyos gy\u00f3gy\u00e1szatban nagyra \u00e9rt\u00e9kelik a hat\u00e1sa miatt, \u00e9s \u201e<strong>a term\u00e9szet neuront\u00e1pl\u00e1l\u00e9k\u00e1nak<\/strong>\u201d nevezik. Emiatt<strong> a legyeng\u00fclt idegrendszerre<\/strong> is alkalmas. Rendszeres fogyaszt\u00e1sa j\u00f3t\u00e9kony hat\u00e1ssal van az idegrendszerre, seg\u00edt megel\u0151zni \u00e9s kezelni a demenci\u00e1t \u00e9s a szkler\u00f3zis multiplexet. Pozit\u00edv tulajdons\u00e1gai k\u00e9t egyre gyakoribb modern betegs\u00e9g, a depresszi\u00f3 \u00e9s a szorong\u00e1s elleni hat\u00e1s\u00e1ban is megmutatkoznak.\u00a0<\/span><br \/>\n<span style=\"color: #000000\">A k\u00f6z\u00f6ns\u00e9ges s\u00fcngomb\u00e1naknagy <strong>hagyom\u00e1nya<\/strong> van a hagyom\u00e1nyos k\u00ednai orvosl\u00e1sban, \u00e9s nagyra<strong> becs\u00fclt gomba<\/strong>.<\/span><br \/>\n<span style=\"color: #000000\">Por alakban a Hericium erinaceus sz\u00e1mos t\u00e1panyagot tartalmaz. \u00c9s ebben a form\u00e1ban a szervezet\u00fcnk fel tudja haszn\u00e1lni \u0151ket. Pozit\u00edv hat\u00e1sai <strong>tudom\u00e1nyosan bizony\u00edtottak<\/strong>.\u00a0<\/span><br \/>\n<span style=\"color: #000000\">A Hericum erinaceus termeszt\u00e9se szigor\u00faan ellen\u0151rz\u00f6tt, vegyszerek \u00e9s n\u00f6v\u00e9nyv\u00e9d\u0151 szerek haszn\u00e1lata n\u00e9lk\u00fcl t\u00f6rt\u00e9nik \u00e9s 100%-ban bio. A gomb\u00e1k min\u0151s\u00e9g\u00e9t f\u00fcggetlen laborat\u00f3riumok rendszeresen ellen\u0151rzik Szlov\u00e9ni\u00e1ban \u00e9s az Egyes\u00fclt \u00c1llamokban.<\/span><br \/>\n<span style=\"color: #000000\">A gomba pozit\u00edv hat\u00e1sai a k\u00f6vetkez\u0151k:<\/span><br \/>\n<span style=\"color: #000000\">\ud83d\udc9a antioxid\u00e1ns, <\/span><br \/>\n<span style=\"color: #000000\">\ud83d\udc9a seg\u00edt depresszi\u00f3 \u00e9s szorong\u00e1s eset\u00e9n,<\/span><br \/>\n<span style=\"color: #000000\">\ud83d\udc9a jav\u00edtja az alv\u00e1s min\u0151s\u00e9g\u00e9t, <\/span><br \/>\n<span style=\"color: #000000\">\ud83d\udc9a jav\u00edtja a mem\u00f3ria m\u0171k\u00f6d\u00e9s\u00e9t, <\/span><br \/>\n<span style=\"color: #000000\">\ud83d\udc9a serkenti az immunrendszert, <\/span><br \/>\n<span style=\"color: #000000\">\ud83d\udc9a j\u00f3t\u00e9kony hat\u00e1ssal van az eg\u00e9sz idegrendszerre, \u00e9s el\u0151seg\u00edti a regener\u00e1l\u00f3d\u00e1s\u00e1t, <\/span><br \/>\n<span style=\"color: #000000\">\ud83d\udc9a seg\u00edt a sz\u00edv- \u00e9s \u00e9rrendszeri betegs\u00e9gek megel\u0151z\u00e9s\u00e9ben \u00e9s kezel\u00e9s\u00e9ben, <\/span><br \/>\n<span style=\"color: #000000\">\ud83d\udc9a antibakteri\u00e1lis.<\/span><\/p>\n<h2><span style=\"color: #000000\">Mit tartalmaz \u00e9s kinek val\u00f3?<\/span><\/h2>\n<p><span style=\"color: #000000\">A Hericum erinaceus akt\u00edv \u00f6sszetev\u0151i k\u00f6z\u00e9 tartoznak a gomb\u00e1kra jellemz\u0151 <strong>betagl\u00fck\u00e1nok<\/strong>. Az \u00fagynevezett HEP3 farmakol\u00f3giai szempontb\u00f3l az egyik leg\u00e9rdekesebb 1-3D-b\u00e9ta-gl\u00fck\u00e1n. A gomb\u00e1ban<strong> poliszacharidok \u00e9s polipeptidek<\/strong>, valamint<strong> fitoszterolok<\/strong>, mint a b\u00e9ta-szitoszterol \u00e9s ergoszterol, esszenci\u00e1lis \u00e1sv\u00e1nyi anyagok \u00e9s <strong>nyomelemek<\/strong> (Zn, Fe, Se, Ge stb.), <strong>niacin, biotin \u00e9s D-vitamin<\/strong> is megtal\u00e1lhat\u00f3ak.<\/span><br \/>\n<span style=\"color: #000000\">Kiv\u00e1l\u00f3 min\u0151s\u00e9g\u0171 aminosav-\u00f6sszet\u00e9tel\u00e9nek k\u00f6sz\u00f6nhet\u0151en m\u00e1s ehet\u0151 gomb\u00e1khoz k\u00e9pest (feh\u00e9r gomba, osztrigagomba \u00e9s shiitake gomba) a k\u00f6z\u00f6ns\u00e9ges s\u00fcngomba rendelkezik a <strong>legmagasabb biol\u00f3giai \u00e9rt\u00e9kkel<\/strong>, ez\u00e9rt a veget\u00e1ri\u00e1nus \u00e9trendben<strong> j\u00f3l helyettes\u00edthet\u0151 vele a h\u00fas.<\/strong><\/span><br \/>\n<span style=\"color: #000000\">A gomb\u00e1ban minden elem nagy mennyis\u00e9gben van jelen, \u00e9s nagyon pozit\u00edv hat\u00e1ssal van a szervezetre. A k\u00f6z\u00f6ns\u00e9ges s\u00fcngomba haszn\u00e1lata k\u00fcl\u00f6n\u00f6sen azok sz\u00e1m\u00e1ra aj\u00e1nlott, akiknek az idegrendszere \u00e9s az agym\u0171k\u00f6d\u00e9se t\u00e1mogat\u00e1s\u00e1ra van sz\u00fcks\u00e9g. A tudom\u00e1nyos eredm\u00e9nyek alapj\u00e1n a depresszi\u00f3 \u00e9s a szorong\u00e1s t\u00fcneteire is kiv\u00e1l\u00f3. Gyakran haszn\u00e1lj\u00e1k az immunrendszer er\u0151s\u00edt\u00e9s\u00e9re.\u00a0<\/span><br \/>\n<span style=\"color: #000000\">\u00c9s amit rendk\u00edv\u00fcl fontos megeml\u00edteni, hogy a Hericium erinaceus egy<strong> 100%-ban term\u00e9szetes term\u00e9k<\/strong>, amely term\u00e9szetes m\u00f3don seg\u00edthet. Jav\u00edt a betegs\u00e9geink t\u00fcnetein, \u00e9s pozit\u00edv hat\u00e1ssal van \u00e1ltal\u00e1nos k\u00f6z\u00e9rzet\u00fcnkre.<\/span><\/p>\n<h2><span style=\"color: #000000\">Mi\u00e9rt pont a gomb\u00e1k?<\/span><\/h2>\n<p><span style=\"color: #000000\">A gomb\u00e1k nagyon \u00e9rdekesek. Sem n\u00f6v\u00e9nyek, sem \u00e1llatok, de minden bizonnyal hihetetlen organizmusok, amelyeknek m\u00e1r szinte a vil\u00e1g kezdete \u00f3ta siker\u00fclt t\u00fal\u00e9lni\u00fck. Kifejlesztettek egy k\u00fcl\u00f6nleges t\u00fal\u00e9l\u00e9si strat\u00e9gi\u00e1t, amely a mai napig \u00e9letben tartja \u0151ket. Az emberek is profit\u00e1lhatnak ezekb\u0151l az el\u0151ny\u00f6kb\u0151l, ha gy\u00f3gygomb\u00e1kat fogyasztanak. Fizikai szinten egyens\u00falyba hoznak benn\u00fcnket, \u00e9s sz\u00e1mos betegs\u00e9gt\u0151l megv\u00e9denek. Lehetnek\u00a0<strong>prevent\u00edvek<\/strong>, de\u00a0<strong>t\u00e1mogathatj\u00e1k is<\/strong>\u00a0sz\u00e1mos modern betegs\u00e9g hagyom\u00e1nyos vagy m\u00e1s nem hagyom\u00e1nyos kezel\u00e9s\u00e9t. A gomb\u00e1k a r\u00e1kos megbeteged\u00e9sekre, az autoimmun betegs\u00e9gekre \u00e9s az allergi\u00e1k kezel\u00e9s\u00e9re gyakorolt hat\u00e1sukr\u00f3l ismertek. J\u00f3 hat\u00e1ssal vannak az immunrendszer eg\u00e9szs\u00e9ges \u00e9s er\u0151s reag\u00e1l\u00f3k\u00e9pess\u00e9g\u00e9re is. Az elm\u00falt \u00e9vtizedekben, amikor a gomb\u00e1k a nyugati vil\u00e1gban \u00e9rdekess\u00e9 v\u00e1ltak, az orvosi kutat\u00e1sok sz\u00e1mos ter\u00e1pi\u00e1s hat\u00e1st igazoltak.<\/span><br \/>\n<span style=\"color: #000000\">Mivel bizonyos term\u00e9szetes hat\u00f3anyagok em\u00e9szthetetlenek vagy nehezen em\u00e9szthet\u0151k sz\u00e1munkra, nagyon fontos, hogy csak a legjobb gombaport fogyasszuk. A gomb\u00e1t megfelel\u0151en kell termeszteni, sz\u00e1r\u00edtani \u00e9s el\u0151k\u00e9sz\u00edteni. Finom, csom\u00f3mentes porr\u00e1 kell \u0151ket \u0151r\u00f6lni. A por sz\u00edne vil\u00e1gosabb, de ez att\u00f3l is f\u00fcgg, hogy milyen gomb\u00e1t fogyasztunk. Mivel a gomb\u00e1k \u00e9ppen az\u00e9rt olyan hat\u00e9konyak, mert k\u00e9pesek mindent \u2013 j\u00f3t \u00e9s rosszat \u2013 felsz\u00edvni a k\u00f6rnyezetb\u0151l, ez\u00e9rt fontos, hogy csak biotermeszt\u00e9s\u0171eket fogyasszunk.<\/span><\/p>\n<p><span style=\"color: #000000\">A gomb\u00e1t <strong>folyad\u00e9khoz kell adni<\/strong>: v\u00edz, tea, k\u00e1v\u00e9, kaka\u00f3, joghurt, gy\u00fcm\u00f6lcsl\u00e9, turmixok stb. Keverje j\u00f3l \u00f6ssze, \u00e9s amint lehet fogyassza el kortyonk\u00e9nt. \u00c9tkez\u00e9s k\u00f6zben vagy legal\u00e1bb f\u00e9l \u00f3r\u00e1val \u00e9tkez\u00e9s ut\u00e1n aj\u00e1nlott a fogyaszt\u00e1sa.<\/span><br \/>\n<span style=\"color: #000000\">A gomb\u00e1t vagy kever\u00e9ket<strong> legal\u00e1bb h\u00e1rom-n\u00e9gy h\u00e9tig<\/strong> \u00e9rdemes folyamatosan szedni, \u00e9s nem szabad abbahagyni a szed\u00e9s\u00e9t, amint javul\u00e1st \u00e9szlel. \u00c9vente k\u00e9tszer ism\u00e9telje meg a kezel\u00e9st, lehet\u0151leg \u0151sszel \u00e9s tavasszal. Hosszabb ideig t\u00f6rt\u00e9n\u0151 szed\u00e9se csak elh\u00faz\u00f3d\u00f3 probl\u00e9m\u00e1k eset\u00e9n aj\u00e1nlott. M\u00e9g ebben az esetben is rendszeres, n\u00e9h\u00e1ny napos sz\u00fcneteket javaslunk, amelyeknek a lehet\u0151 leghosszabbnak kell lenni\u00fck, ha jelent\u0151s a javul\u00e1s.<\/span><\/p>\n<p><span style=\"color: #000000\">Gy\u00f3gygomba \u00e9s C-vitamin egyidej\u0171 fogyaszt\u00e1s\u00e1t javasoljuk.<\/span><\/p>\n<h2><span style=\"color: #000000\">Csomagol\u00e1s<\/span><\/h2>\n<p><span style=\"color: #000000\">L\u00e9gmentesen z\u00e1rhat\u00f3 tasak, amelyben a term\u00e9k meg\u0151rzi minden frissess\u00e9g\u00e9t \u00e9s arom\u00e1j\u00e1t. A csomagol\u00e1s v\u00e9d a f\u00e9nyt\u0151l \u00e9s a leveg\u0151t\u0151l, mivel t\u00f6bb v\u00e9d\u0151r\u00e9tegb\u0151l \u00e1ll, amelyek meg\u0151rzik a tartalom tulajdons\u00e1gait.<\/span><\/p>\n<p><span style=\"color: #000000\">A csomagol\u00e1s nagyon praktikus \u00e9s \u00fajrahasznos\u00edthat\u00f3.<\/span><\/p>\n<h2><span style=\"color: #000000\">T\u00e1rol\u00e1s \u00e9s figyelmeztet\u00e9sek<\/span><\/h2>\n<p><span style=\"color: #000000\">H\u0171v\u00f6s, sz\u00e1raz helyen t\u00e1roland\u00f3. Gyermekek el\u0151l elz\u00e1rva tartand\u00f3 \u00e9trend-kieg\u00e9sz\u00edt\u0151!<\/span><br \/>\n<span style=\"color: #000000\">Ne feledje a v\u00e1ltozatos \u00e9trend \u00e9s az eg\u00e9szs\u00e9ges \u00e9letm\u00f3d fontoss\u00e1g\u00e1t, az \u00e9trend-kieg\u00e9sz\u00edt\u0151 nem helyettes\u00edti a kiegyens\u00falyozott \u00e9s v\u00e1ltozatos \u00e9trendet. Az aj\u00e1nlott napi mennyis\u00e9get vagy adagot nem szabad t\u00fall\u00e9pni. Terhes \u00e9s szoptat\u00f3 n\u0151k haszn\u00e1lat el\u0151tt k\u00e9rjenek tan\u00e1csot az orvosukt\u00f3l.<\/span><\/p>\n<h2><span style=\"color: #000000\">J\u00f3 tudni<\/span><\/h2>\n<p><span style=\"color: #000000\">A term\u00e9ket \u00e1llatok is fogyaszthatj\u00e1k. A legt\u00f6bb esetben a gy\u00f3gygomb\u00e1k rendk\u00edv\u00fcl hat\u00e1sosnak bizonyulnak az immunrendszer er\u0151s\u00edt\u00e9s\u00e9ben, allergia \u00e9s b\u0151rbetegs\u00e9gek, valamint v\u00edrusos \u00e9s bakteri\u00e1lis fert\u0151z\u00e9sek kezel\u00e9s\u00e9ben. Haszn\u00e1lat el\u0151tt k\u00e9rj\u00fck, konzult\u00e1ljon \u00e1llatorvos\u00e1val az alkalmaz\u00e1s c\u00e9lszer\u0171s\u00e9g\u00e9r\u0151l \u00e9s az aj\u00e1nlott napi mennyis\u00e9g a meghat\u00e1roz\u00e1sa \u00e9rdek\u00e9ben.<\/span><\/p>\n<h2><span style=\"color: #000000\">Sz\u00e1rmaz\u00e1s<\/span><\/h2>\n<p><span style=\"color: #000000\">EU<\/span><\/p>\n","protected":false},"excerpt":{"rendered":"<p align=\"JUSTIFY\">A Hericium erinaceus, azaz a k\u00f6z\u00f6ns\u00e9ges s\u00fcngomba rendk\u00edv\u00fcl \u00edzletes \u00e9s nagyra becs\u00fclt ehet\u0151 \u00e9s gy\u00f3gy\u00e1szati gomba. Kid\u0151lt f\u00e1kon n\u0151, f\u0151k\u00e9nt az \u00e9szaki f\u00e9ltek\u00e9n (Eur\u00f3pa, Kelet-\u00c1zsia, \u00c9szak-Amerika). Form\u00e1ja \u00e9s text\u00far\u00e1ja jellegzetes, szak\u00e1llra vagy oroszl\u00e1ns\u00f6r\u00e9nyre hasonl\u00edt. A hagyom\u00e1nyos gy\u00f3gy\u00e1szatban nagyra \u00e9rt\u00e9kelik a hat\u00e1sa miatt, \u00e9s \u201ea term\u00e9szet neuront\u00e1pl\u00e1l\u00e9k\u00e1nak\u201d nevezik. Emiatt a legyeng\u00fclt idegrendszerre is alkalmas.<\/p>\n<p>\ud83d\udc9a Antioxid\u00e1ns.<br \/>\n\ud83d\udc9a Seg\u00edt depresszi\u00f3 \u00e9s szorong\u00e1s eset\u00e9n.<br \/>\n\ud83d\udc9a Jav\u00edtja az alv\u00e1s min\u0151s\u00e9g\u00e9t.<br \/>\n\ud83d\udc9a Jav\u00edtja a mem\u00f3ria m\u0171k\u00f6d\u00e9s\u00e9t.<br \/>\n\ud83d\udc9a Serkenti az immunrendszert.<br \/>\n\ud83d\udc9a J\u00f3t\u00e9kony hat\u00e1ssal van az eg\u00e9sz idegrendszerre, \u00e9s el\u0151seg\u00edti a regener\u00e1l\u00f3d\u00e1s\u00e1t.<\/p>\n","protected":false},"featured_media":5898,"comment_status":"open","ping_status":"closed","template":"","meta":{"_acf_changed":false},"product_brand":[],"product_cat":[224,229,228,225],"product_tag":[],"class_list":{"0":"post-5960","1":"product","2":"type-product","3":"status-publish","4":"has-post-thumbnail","6":"product_cat-ajanlat","7":"product_cat-gyogygombak","8":"product_cat-legkeresettebb","9":"product_cat-minden-termek","11":"first","12":"instock","13":"sale","14":"taxable","15":"shipping-taxable","16":"purchasable","17":"product-type-simple"},"acf":[],"_links":{"self":[{"href":"https:\/\/fengchashop.com\/hu\/wp-json\/wp\/v2\/product\/5960","targetHints":{"allow":["GET"]}}],"collection":[{"href":"https:\/\/fengchashop.com\/hu\/wp-json\/wp\/v2\/product"}],"about":[{"href":"https:\/\/fengchashop.com\/hu\/wp-json\/wp\/v2\/types\/product"}],"replies":[{"embeddable":true,"href":"https:\/\/fengchashop.com\/hu\/wp-json\/wp\/v2\/comments?post=5960"}],"wp:featuredmedia":[{"embeddable":true,"href":"https:\/\/fengchashop.com\/hu\/wp-json\/wp\/v2\/media\/5898"}],"wp:attachment":[{"href":"https:\/\/fengchashop.com\/hu\/wp-json\/wp\/v2\/media?parent=5960"}],"wp:term":[{"taxonomy":"product_brand","embeddable":true,"href":"https:\/\/fengchashop.com\/hu\/wp-json\/wp\/v2\/product_brand?post=5960"},{"taxonomy":"product_cat","embeddable":true,"href":"https:\/\/fengchashop.com\/hu\/wp-json\/wp\/v2\/product_cat?post=5960"},{"taxonomy":"product_tag","embeddable":true,"href":"https:\/\/fengchashop.com\/hu\/wp-json\/wp\/v2\/product_tag?post=5960"}],"curies":[{"name":"wp","href":"https:\/\/api.w.org\/{rel}","templated":true}]}}