{"id":5850,"date":"2022-02-11T18:26:27","date_gmt":"2022-02-11T17:26:27","guid":{"rendered":"https:\/\/fengchashop.com\/hu\/product\/cordyceps-bio-125-g\/"},"modified":"2026-04-14T19:29:27","modified_gmt":"2026-04-14T17:29:27","slug":"cordyceps-bio-eu","status":"publish","type":"product","link":"https:\/\/fengchashop.com\/hu\/product\/cordyceps-bio-eu\/","title":{"rendered":"Cordyceps BIO EU 125 g"},"content":{"rendered":"<h2><span style=\"color: #000000\">Cordyceps (herny\u00f3gomba) bio<\/span><\/h2>\n<p><span style=\"color: #000000\">A Cordyceps gomb\u00e1t a<strong> hagyom\u00e1nyos gy\u00f3gy\u00e1szatban m\u00e1r \u00e9vezredek \u00f3ta ismert<\/strong>, \u00e9s pozit\u00edv tulajdons\u00e1gainak k\u00f6sz\u00f6nhet\u0151en legal\u00e1bb ugyanilyen r\u00e9g\u00f3ta haszn\u00e1lj\u00e1k gy\u00f3gy\u00e1szati c\u00e9lokra. Ez a gomba a magas hegyvid\u00e9ki ter\u00fcleteken spont\u00e1n n\u0151. T\u00e1pl\u00e1l\u00e9kkieg\u00e9sz\u00edt\u0151k\u00e9nt arr\u00f3l ismert, hogy <strong>\u00e9l\u00e9nk\u00edti a szervezetet \u00e9s er\u0151s\u00edti az immunrendszert<\/strong>. Termeszt\u00e9se a T\u00e1vol-Keleten folyik, ahol begy\u0171jtik a nehezen hozz\u00e1f\u00e9rhet\u0151 \u00e9l\u0151hely\u00e9n. Kis m\u00e9rete (egyetlen sz\u00e1raz gomba s\u00falya kb. 0,3 g), \u00e9vi csup\u00e1n 14 napos term\u00e9si id\u0151szaka, a benne l\u00e9v\u0151 hat\u00f3anyagok \u00e9s a hagyom\u00e1nyos gy\u00f3gy\u00e1szatban val\u00f3 \u00e1ltal\u00e1nos hasznoss\u00e1ga miatt az \u00e1ra ak\u00e1r 50 000 \u20ac\/kg is meglehet. A k\u00f6zelm\u00faltig emiatt csak k\u00ednai cs\u00e1sz\u00e1rok \u00e9s uralkod\u00f3k sz\u00e1m\u00e1ra volt hozz\u00e1f\u00e9rhet\u0151.<\/span><br \/>\n<span style=\"color: #000000\">A Cordycepset az<strong> \u00e9vezred legt\u00f6k\u00e9letesebb t\u00e1pl\u00e1lkoz\u00e1si felfedez\u00e9s\u00e9nek tartj\u00e1k<\/strong>. Helyre\u00e1ll\u00edtja az energi\u00e1t \u00e9s az immunrendszert, \u00e9s megel\u0151zi a (degenerat\u00edv) betegs\u00e9geket. N\u00e9ha szuperoxid\u00e1nsk\u00e9nt is hivatkoznak r\u00e1, n\u00f6veli a v\u00e9r oxig\u00e9nszintj\u00e9t, regener\u00e1l \u00e9s megakad\u00e1lyozza a savasod\u00e1st.<\/span><br \/>\n<span style=\"color: #000000\">Ezt a gomb\u00e1t nagyon neh\u00e9z termelni, k\u00fcl\u00f6n\u00f6sen Eur\u00f3p\u00e1ban. De b\u00fcszk\u00e9k vagyunk r\u00e1, hogy nek\u00fcnk siker\u00fclt. A Cordyceps termeszt\u00e9se Szlov\u00e9ni\u00e1ban t\u00f6rt\u00e9nik, z\u00e1rt \u00e9s ellen\u0151rz\u00f6tt helyis\u00e9gekben, vegyszerek haszn\u00e1lata n\u00e9lk\u00fcl. <strong>A vil\u00e1gpiacon kaphat\u00f3 egyik legjobb min\u0151s\u00e9ggel b\u00fcszk\u00e9lkedhet\u00fcnk.<\/strong><\/span><br \/>\n<span style=\"color: #000000\">A Cordyceps egy parazita gomba, amely a vadonban rovarokon, f\u0151k\u00e9nt herny\u00f3kon \u00e9l\u0151sk\u00f6dik, innen ered az angol neve: Caterpillar Fungus (Herny\u00f3gomba). Gomb\u00e1inkat nem \u00e1llati gazda\u00e1llatokon termesztj\u00fck, ez\u00e9rt veget\u00e1ri\u00e1nusok \u00e9s veg\u00e1nok sz\u00e1m\u00e1ra is alkalmas.<\/span><br \/>\n<span style=\"color: #000000\">Cordyceps gomb\u00e1ink termeszt\u00e9se szigor\u00faan ellen\u0151rz\u00f6tt, vegyszerek \u00e9s n\u00f6v\u00e9nyv\u00e9d\u0151 szerek haszn\u00e1lata n\u00e9lk\u00fcl, <strong>100%-ban bio<\/strong>. A gomb\u00e1k min\u0151s\u00e9g\u00e9t f\u00fcggetlen laborat\u00f3riumok rendszeresen ellen\u0151rzik Szlov\u00e9ni\u00e1ban \u00e9s az Egyes\u00fclt \u00c1llamokban.<\/span><\/p>\n<h2><span style=\"color: #000000\">Mit tartalmaz \u00e9s kinek val\u00f3?<\/span><\/h2>\n<p><span style=\"color: #000000\">A Cordyceps komplex lipidekb\u0151l, feh\u00e9rj\u00e9kb\u0151l, oligoelemekb\u0151l, poliszacharidokb\u00f3l \u00e9s vitaminokb\u00f3l \u00e1ll. A gomb\u00e1ban minden elem nagy mennyis\u00e9gben van jelen, \u00e9s nagyon pozit\u00edv hat\u00e1ssal van a szervezetre. B\u00e9ta-karotint, E- \u00e9s C-<strong>vitamint<\/strong>, tov\u00e1bb\u00e1 <strong>\u00e1sv\u00e1nyi anyagokat<\/strong>, p\u00e9ld\u00e1ul cinket \u00e9s szel\u00e9nt, valamint 77 <strong>mikro- \u00e9s makrot\u00e1panyagot<\/strong> \u00e9s olyan <strong>egyed\u00fcl\u00e1ll\u00f3 anyagokat tartalmaz<\/strong>, mint a kordicepin (adenozin), kordicepinsav (D-mannit) \u00e9s egy immunmodul\u00e1l\u00f3 poliszacharid (b\u00e9ta-D-gl\u00fck\u00e1n).<\/span><br \/>\n<span style=\"color: #000000\">A Cordyceps por sz\u00e1mos olyan t\u00e1panyagot tartalmaz, amelyek j\u00f3t\u00e9kony hat\u00e1sa tudom\u00e1nyosan bizony\u00edtott. A vil\u00e1g k\u00fcl\u00f6nb\u00f6z\u0151 orsz\u00e1gaiban v\u00e9gzett tanulm\u00e1nyok sz\u00e1mos j\u00f3t\u00e9kony hat\u00e1st hoztak p\u00e1rhuzamba a Cordyceps rendszeres fogyaszt\u00e1s\u00e1val. A Cordyceps gy\u00f3gy\u00edt\u00f3 hat\u00e1sai ismertek a hagyom\u00e1nyos orvosl\u00e1sban \u00e9s a modern kutat\u00e1sok is bizony\u00edtott\u00e1k a k\u00f6vetkez\u0151 j\u00f3t\u00e9kony hat\u00e1sait:<\/span><br \/>\n<span style=\"color: #000000\">\ud83d\udc9a serkenti az <strong>immunrendszert<\/strong>, <\/span><br \/>\n<span style=\"color: #000000\">\ud83d\udc9a jav\u00edtja a <strong>fizikai fitts\u00e9get<\/strong>, <\/span><br \/>\n<span style=\"color: #000000\">\ud83d\udc9a n\u00f6veli a <strong>szervezet energiaszintj\u00e9t<\/strong>, <\/span><br \/>\n<span style=\"color: #000000\">\ud83d\udc9a <strong>stresszold\u00f3<\/strong> hat\u00e1ssal rendelkezik, <\/span><br \/>\n<span style=\"color: #000000\">\ud83d\udc9a n\u00f6veli a <strong>szexu\u00e1lis aktivit\u00e1st<\/strong>, <\/span><br \/>\n<span style=\"color: #000000\">\ud83d\udc9a seg\u00edt a magas <strong>HDL-koleszterinszint, a t\u00fals\u00faly \u00e9s cukorbetegs\u00e9g<\/strong> eset\u00e9n, <\/span><br \/>\n<span style=\"color: #000000\">\ud83d\udc9a funkci\u00f3ja a <strong>sz\u00edv \u00e9s az \u00e9rrendszer eg\u00e9szs\u00e9g\u00e9nek<\/strong> meg\u0151rz\u00e9se. <\/span><br \/>\n<span style=\"color: #000000\">\u00a0<\/span><br \/>\n<span style=\"color: #000000\">A Cordyceps k\u00fcl\u00f6n\u00f6sen aj\u00e1nlott <strong>sportol\u00f3knak<\/strong> \u00e9s m\u00e1s akt\u00edv embereknek nagyobb fizikai megterhel\u00e9s ut\u00e1n, valamint mindenkinek, akik akt\u00edvabb temp\u00f3ra v\u00e1gyik a mindennapokban. <strong>Fokozott f\u00e1radts\u00e1g , energiahi\u00e1ny \u00e9s stressz<\/strong> eset\u00e9n is aj\u00e1nlott. A <strong>szexu\u00e1lis er\u0151t is fokozza, valamint er\u0151s\u00edti a testet \u00e9s az elm\u00e9t<\/strong>. Seg\u00edts\u00e9g\u00e9vel sikeresen megbirk\u00f3zhat a <strong>stresszel<\/strong>, amelyet leggyakrabban a mindennapi \u00e9let kih\u00edv\u00e1sai okoznak. Gyakran aj\u00e1nlj\u00e1k<strong> cukorbetegeknek, r\u00e1kbetegeknek \u00e9s sz\u00edv- \u00e9s \u00e9rrendszeri betegs\u00e9gekben<\/strong> szenved\u0151knek, ide\u00e9rtve a sz\u00edvel\u00e9gtelens\u00e9get \u00e9s a sz\u00edvritmuszavarokat is. A Cordyceps a l\u00e9gutakra is j\u00f3t\u00e9kony hat\u00e1ssal van, \u00e9s olyan l\u00e9g\u00fati betegs\u00e9geket is kezelhet vele, mint az asztma. V\u00edrusellenes tulajdons\u00e1gai miatt hat\u00e1ssal van a v\u00edrusfert\u0151z\u00e9sekre, p\u00e9ld\u00e1ul az influenz\u00e1ra.<\/span><br \/>\n<span style=\"color: #000000\">\u00c9s ami itt rendk\u00edv\u00fcl fontos, hogy a Cordyceps egy 100%-ban term\u00e9szetes term\u00e9k, amely term\u00e9szetes m\u00f3don seg\u00edthet. Jav\u00edt a betegs\u00e9geink t\u00fcnetein, \u00e9s pozit\u00edv hat\u00e1ssal van \u00e1ltal\u00e1nos k\u00f6z\u00e9rzet\u00fcnkre.<\/span><\/p>\n<h2><span style=\"color: #000000\">Mi\u00e9rt pont gomb\u00e1k?<\/span><\/h2>\n<p><span style=\"color: #000000\">A gomb\u00e1k nagyon \u00e9rdekesek. Nem n\u00f6v\u00e9nyek \u00e9s nem is \u00e1llatok, de k\u00e9ts\u00e9gtelen\u00fcl csod\u00e1latos \u00e9l\u0151l\u00e9nyek, amelyeknek szinte a vil\u00e1g kezdete \u00f3ta vel\u00fcnk vannak. Saj\u00e1tos t\u00fal\u00e9l\u00e9si strat\u00e9gi\u00e1t fejlesztettek ki, amely a mai napig \u00e9letben tartja \u0151ket. Az emberek a gy\u00f3gygomb\u00e1k fogyaszt\u00e1s\u00e1val r\u00e9szes\u00fclhetnek ezekb\u0151l az el\u0151ny\u00f6kb\u0151l. Testi szinten hoznak egyens\u00falyba minket, \u00e9s megv\u00e9dnek sz\u00e1mos betegs\u00e9gt\u0151l. Haszn\u00e1latuk lehet megel\u0151z\u0151, de sz\u00e1mos (modern) betegs\u00e9g eset\u00e9ben a hagyom\u00e1nyos vagy m\u00e1s nem hagyom\u00e1nyos kezel\u00e9sek kieg\u00e9sz\u00edt\u0151 gy\u00f3gyhat\u00e1s\u00fa term\u00e9kei. A gomb\u00e1khoz j\u00f3t\u00e9kony hat\u00e1st tulajdon\u00edtanak r\u00e1kos megbeteged\u00e9sek, autoimmun betegs\u00e9gek \u00e9s allergi\u00e1k eset\u00e9n. El\u0151seg\u00edtik az eg\u00e9szs\u00e9ges \u00e9s er\u0151s immunv\u00e1laszt. Az elm\u00falt \u00e9vtizedekben a gomb\u00e1k a nyugati vil\u00e1g \u00e9rdekl\u0151d\u00e9s\u00e9nek k\u00f6z\u00e9ppontj\u00e1ba ker\u00fcltek, az ekkor elv\u00e9gzett orvosi kutat\u00e1sok sz\u00e1mos ter\u00e1pi\u00e1s hat\u00e1sukat meger\u0151s\u00edtett\u00e9k.<\/span><br \/>\n<span style=\"color: #000000\">Mivel bizonyos term\u00e9szetes hat\u00f3anyagok em\u00e9szthetetlenek vagy nehezen em\u00e9szthet\u0151k sz\u00e1munkra, nagyon fontos, hogy csak a legjobb gombaport fogyasszuk. A gomb\u00e1t megfelel\u0151en kell termeszteni, sz\u00e1r\u00edtani \u00e9s el\u0151k\u00e9sz\u00edteni. Finom, csom\u00f3mentes porr\u00e1 kell \u0151ket \u0151r\u00f6lni. A por sz\u00edne vil\u00e1gosabb, de ez att\u00f3l is f\u00fcgg, hogy milyen gomb\u00e1t fogyasztunk. Mivel a gomb\u00e1k \u00e9ppen az\u00e9rt olyan hat\u00e9konyak, mert k\u00e9pesek mindent \u2013 j\u00f3t \u00e9s rosszat \u2013 felsz\u00edvni a k\u00f6rnyezetb\u0151l, ez\u00e9rt fontos, hogy csak biotermeszt\u00e9s\u0171eket fogyasszunk.<\/span><\/p>\n<h2><span style=\"color: #000000\">Csomagol\u00e1s<\/span><\/h2>\n<p><span style=\"color: #000000\">L\u00e9gmentesen z\u00e1rhat\u00f3 tasak, amelyben a term\u00e9k meg\u0151rzi minden frissess\u00e9g\u00e9t \u00e9s arom\u00e1j\u00e1t. A csomagol\u00e1s v\u00e9d a f\u00e9nyt\u0151l \u00e9s a leveg\u0151t\u0151l, mivel t\u00f6bb v\u00e9d\u0151r\u00e9tegb\u0151l \u00e1ll, amelyek meg\u0151rzik a tartalom tulajdons\u00e1gait.<\/span><\/p>\n<p><span style=\"color: #000000\">A csomagol\u00e1s nagyon praktikus \u00e9s \u00fajrahasznos\u00edthat\u00f3.<\/span><\/p>\n<h2><span style=\"color: #000000\">T\u00e1rol\u00e1s \u00e9s figyelmeztet\u00e9sek<\/span><\/h2>\n<p><span style=\"color: #000000\">H\u0171v\u00f6s, sz\u00e1raz helyen t\u00e1roland\u00f3. Gyermekek el\u0151l elz\u00e1rva tartand\u00f3 \u00e9trend-kieg\u00e9sz\u00edt\u0151!<\/span><br \/>\n<span style=\"color: #000000\">Ne feledje a v\u00e1ltozatos \u00e9trend \u00e9s az eg\u00e9szs\u00e9ges \u00e9letm\u00f3d fontoss\u00e1g\u00e1t, az \u00e9trend-kieg\u00e9sz\u00edt\u0151 nem helyettes\u00edti a kiegyens\u00falyozott \u00e9s v\u00e1ltozatos \u00e9trendet. Az aj\u00e1nlott napi mennyis\u00e9get vagy adagot nem szabad t\u00fall\u00e9pni. Terhes \u00e9s szoptat\u00f3 n\u0151k haszn\u00e1lat el\u0151tt k\u00e9rjenek tan\u00e1csot az orvosukt\u00f3l.<\/span><br \/>\n<span style=\"color: #000000\">Haszn\u00e1lata nem javasolt gyerekeknek \u00e9s v\u00e9ralvad\u00e1sg\u00e1tl\u00f3t, valamint immunszuppressz\u00edv gy\u00f3gyszereket szed\u0151k eset\u00e9ben.<\/span><\/p>\n<h2><span style=\"color: #000000\">J\u00f3 tudni<\/span><\/h2>\n<p><span style=\"color: #000000\">A term\u00e9ket \u00e1llatok is fogyaszthatj\u00e1k. A legt\u00f6bb esetben a gy\u00f3gygomb\u00e1k rendk\u00edv\u00fcl hat\u00e1sosnak bizonyulnak az immunrendszer er\u0151s\u00edt\u00e9s\u00e9ben, allergia \u00e9s b\u0151rbetegs\u00e9gek, valamint v\u00edrusos \u00e9s bakteri\u00e1lis fert\u0151z\u00e9sek kezel\u00e9s\u00e9ben. Haszn\u00e1lat el\u0151tt k\u00e9rj\u00fck, konzult\u00e1ljon \u00e1llatorvos\u00e1val az alkalmaz\u00e1s c\u00e9lszer\u0171s\u00e9g\u00e9r\u0151l \u00e9s az aj\u00e1nlott napi mennyis\u00e9g a meghat\u00e1roz\u00e1sa \u00e9rdek\u00e9ben.<\/span><\/p>\n<h2><span style=\"color: #000000\">Sz\u00e1rmaz\u00e1s<\/span><\/h2>\n<p><span style=\"color: #000000\">EU<\/span><\/p>\n","protected":false},"excerpt":{"rendered":"<p align=\"JUSTIFY\">A Cordyceps gomb\u00e1t a hagyom\u00e1nyos gy\u00f3gy\u00e1szatban m\u00e1r \u00e9vezredek \u00f3ta ismert, \u00e9s pozit\u00edv tulajdons\u00e1gainak k\u00f6sz\u00f6nhet\u0151en legal\u00e1bb ugyanilyen r\u00e9g\u00f3ta haszn\u00e1lj\u00e1k gy\u00f3gy\u00e1szati c\u00e9lokra. Ez a gomba a magas hegyvid\u00e9ki ter\u00fcleteken spont\u00e1n n\u0151. T\u00e1pl\u00e1l\u00e9kkieg\u00e9sz\u00edt\u0151k\u00e9nt arr\u00f3l ismert, hogy \u00e9l\u00e9nk\u00edti a szervezetet \u00e9s er\u0151s\u00edti az immunrendszert.<\/p>\n<p align=\"JUSTIFY\">\ud83d\udc9a Serkenti az immunrendszert.<br \/>\n\ud83d\udc9a Jav\u00edtja a fizikai fitts\u00e9get.<br \/>\n\ud83d\udc9a N\u00f6veli a szervezet energiaszintj\u00e9t.<br \/>\n\ud83d\udc9a Stresszold\u00f3 hat\u00e1ssal rendelkezik.<br \/>\n\ud83d\udc9a Funkci\u00f3ja a sz\u00edv \u00e9s az \u00e9rrendszer eg\u00e9szs\u00e9g\u00e9nek meg\u0151rz\u00e9se.<\/p>\n","protected":false},"featured_media":5851,"comment_status":"open","ping_status":"closed","template":"","meta":{"_acf_changed":false},"product_brand":[],"product_cat":[224,229,228,225],"product_tag":[],"class_list":{"0":"post-5850","1":"product","2":"type-product","3":"status-publish","4":"has-post-thumbnail","6":"product_cat-ajanlat","7":"product_cat-gyogygombak","8":"product_cat-legkeresettebb","9":"product_cat-minden-termek","11":"first","12":"instock","13":"sale","14":"taxable","15":"shipping-taxable","16":"purchasable","17":"product-type-simple"},"acf":[],"_links":{"self":[{"href":"https:\/\/fengchashop.com\/hu\/wp-json\/wp\/v2\/product\/5850","targetHints":{"allow":["GET"]}}],"collection":[{"href":"https:\/\/fengchashop.com\/hu\/wp-json\/wp\/v2\/product"}],"about":[{"href":"https:\/\/fengchashop.com\/hu\/wp-json\/wp\/v2\/types\/product"}],"replies":[{"embeddable":true,"href":"https:\/\/fengchashop.com\/hu\/wp-json\/wp\/v2\/comments?post=5850"}],"wp:featuredmedia":[{"embeddable":true,"href":"https:\/\/fengchashop.com\/hu\/wp-json\/wp\/v2\/media\/5851"}],"wp:attachment":[{"href":"https:\/\/fengchashop.com\/hu\/wp-json\/wp\/v2\/media?parent=5850"}],"wp:term":[{"taxonomy":"product_brand","embeddable":true,"href":"https:\/\/fengchashop.com\/hu\/wp-json\/wp\/v2\/product_brand?post=5850"},{"taxonomy":"product_cat","embeddable":true,"href":"https:\/\/fengchashop.com\/hu\/wp-json\/wp\/v2\/product_cat?post=5850"},{"taxonomy":"product_tag","embeddable":true,"href":"https:\/\/fengchashop.com\/hu\/wp-json\/wp\/v2\/product_tag?post=5850"}],"curies":[{"name":"wp","href":"https:\/\/api.w.org\/{rel}","templated":true}]}}