{"id":5828,"date":"2022-01-21T05:20:50","date_gmt":"2022-01-21T04:20:50","guid":{"rendered":"https:\/\/fengchashop.com\/hu\/product\/zeolit\/"},"modified":"2026-04-29T17:18:32","modified_gmt":"2026-04-29T15:18:32","slug":"zeolit","status":"publish","type":"product","link":"https:\/\/fengchashop.com\/hu\/product\/zeolit\/","title":{"rendered":"Zeolit klinoptilolit por 500 g"},"content":{"rendered":"<h2><span style=\"color: #000000\">Zeolit klinoptilolit por<\/span><\/h2>\n<p><span style=\"color: #000000\">A zeolit vulk\u00e1ni k\u0151zet az egyik <strong>leger\u0151sebb term\u00e9szetes m\u00e9regtelen\u00edt\u0151 a vil\u00e1gon.<\/strong> A term\u00e9szetes zeolit ehet\u0151 vulk\u00e1ni klinoptilolit \u00e1sv\u00e1ny form\u00e1j\u00e1ban<strong> seg\u00edt megtiszt\u00edtani<\/strong> a szervezetet a k\u00f6rnyezeti \u00e9s \u00e9trendb\u0151l sz\u00e1rmaz\u00f3 <strong>m\u00e9reganyagokt\u00f3l.<\/strong><\/span><br \/>\n<span style=\"color: #000000\">Nagy vulk\u00e1nkit\u00f6r\u00e9sek sor\u00e1n keletkezett, k\u00e9pes mag\u00e1hoz <strong>k\u00f6tni a m\u00e9reganyagokat<\/strong>, n\u00f6v\u00e9nyv\u00e9d\u0151szer-maradv\u00e1nyokat \u00e9s neh\u00e9zf\u00e9meket. Kiv\u00e1l\u00f3 alternat\u00edv\u00e1ja lehet bizonyos gy\u00f3gyszereknek is. A zeolitoknak t\u00f6bb t\u00edpusa l\u00e9tezik, amelyek k\u00f6z\u00fcl az aktiv\u00e1lt krist\u00e1lyos <strong>klinoptilolit a legelismertebb \u00e9s legink\u00e1bb kutatott.<\/strong> A krist\u00e1lyok l\u00e9tfontoss\u00e1g\u00fa <strong>\u00e1sv\u00e1nyi anyagokat<\/strong> tartalmaznak: n\u00e1triumot, kalciumot, k\u00e1liumot, magn\u00e9ziumot, vasat \u00e9s m\u00e1s elemeket.<\/span><br \/>\n<span style=\"color: #000000\">K\u00fcl\u00f6nleges tulajdons\u00e1ga a negat\u00edv ioncser\u00e9nek k\u00f6sz\u00f6nhet\u0151. A zeolit klinoptilolitot az energi\u00e1nkat elsz\u00edv\u00f3 <strong>m\u00e9rgek \u00e9s k\u00e1ros anyagok elt\u00e1vol\u00edt\u00e1s\u00e1ra<\/strong>: \u00f3lom, arz\u00e9n, kadmium, nikkel, ur\u00e1n, higany, amm\u00f3nia stb. haszn\u00e1lj\u00e1k. Ugyanakkor gy\u00f3gyszermaradv\u00e1nyok, patog\u00e9n bakt\u00e9riumok \u00e9s v\u00edrusok ellen is haszn\u00e1lhat\u00f3.<\/span><br \/>\n<span style=\"color: #000000\">A zeolitot egy k\u00fcl\u00f6nleges elj\u00e1r\u00e1ssal\u00a0<strong>aktiv\u00e1lj\u00e1k<\/strong>: el\u0151sz\u00f6r felmeleg\u00edtik 250-400 Celsius-fokra, ut\u00e1na t\u00f6bbsz\u00f6r meg\u0151rlik k\u0151malmokkala k\u00edv\u00e1nt szemcsem\u00e9retre, ami\u00a0n\u00e1lunk <strong>mind\u00f6ssze 5 \u00b5m<\/strong> (mikrom\u00e9ter). Ez l\u00e9nyegesen kevesebb, mint a piacon l\u00e9v\u0151 legt\u00f6bb zeolit eset\u00e9ben.<\/span><\/p>\n<p><span style=\"color: #000000\"><img decoding=\"async\" class=\"aligncenter wp-image-3563\" src=\"https:\/\/fengchashop.com\/hu\/wp-content\/uploads\/2025\/05\/5.jpg\" alt=\"\" width=\"523\" height=\"438\" \/><\/span><\/p>\n<h2><span style=\"color: #000000\">Hat\u00e1sok<\/span><\/h2>\n<p><span style=\"color: #000000\">Figyelemre m\u00e9lt\u00f3 k\u00e9pess\u00e9ggel rendelkezik a szervezet megtiszt\u00edt\u00e1s\u00e1ra \u00e9s az eg\u00e9sz szervezet egyens\u00faly\u00e1nak helyre\u00e1ll\u00edt\u00e1s\u00e1ra:<\/span><br \/>\n<span style=\"color: #000000\">\ud83d\udc9a <strong>Szem\u00e9lyes, munka- \u00e9s sportkapacit\u00e1s<\/strong> n\u00f6vel\u00e9se.<\/span><br \/>\n<span style=\"color: #000000\">\ud83d\udc9a <strong>Az immunrendszer<\/strong> er\u0151s\u00edt\u00e9se \u00e9s a szabad gy\u00f6k\u00f6k elleni v\u00e9delem<\/span><br \/>\n<span style=\"color: #000000\">\ud83d\udc9a <strong>Energia<\/strong> fokoz\u00e1sa \u00e9s a kimer\u00fclts\u00e9g megsz\u00fcntet\u00e9se.<\/span><br \/>\n<span style=\"color: #000000\">\ud83d\udc9a <strong>Fiatal\u00edt\u00f3 hat\u00e1s:<\/strong> a b\u0151rt tiszt\u00e1bb\u00e1 \u00e9s szebb\u00e9 var\u00e1zsolja<\/span><br \/>\n<span style=\"color: #000000\">\ud83d\udc9a Seg\u00edt a <strong>magas v\u00e9rnyom\u00e1s<\/strong>, a koleszterinszint \u00e9s a magas v\u00e9rcukorszint cs\u00f6kkent\u00e9s\u00e9ben<\/span><br \/>\n<span style=\"color: #000000\">\ud83d\udc9a Seg\u00edt a <strong>m\u00e1j, a gyomor \u00e9s a b\u00e9lrendszer betegs\u00e9gei kezel\u00e9s\u00e9ben<\/strong><\/span><br \/>\n<span style=\"color: #000000\">\ud83d\udc9a Seg\u00edti a <strong>sebek \u00e9s b\u0151rbetegs\u00e9gek (herpesz) gy\u00f3gyul\u00e1s\u00e1t<\/strong><\/span><br \/>\n<span style=\"color: #000000\">\ud83d\udc9a Seg\u00edt a\u00a0<strong>menopauz\u00e1s probl\u00e9m\u00e1kn\u00e1l<\/strong><\/span><br \/>\n<span style=\"color: #000000\">\ud83d\udc9a Megakad\u00e1lyozza <strong>a savasod\u00e1st<\/strong> \u00e9s kiegyens\u00falyozza a savakat \u00e9s l\u00fagokat<\/span><br \/>\n<span style=\"color: #000000\">\ud83d\udc9a Cs\u00f6kkenti a<strong> kemoter\u00e1pia<\/strong> mell\u00e9khat\u00e1sait<\/span><\/p>\n<p>&nbsp;<\/p>\n<p><span style=\"color: #000000\"><img decoding=\"async\" class=\"aligncenter wp-image-5918 \" src=\"https:\/\/fengchashop.com\/hu\/wp-content\/uploads\/2025\/05\/Madzarscina-lezeca.jpg\" alt=\"\" width=\"488\" height=\"408\" \/><\/span><\/p>\n<p>&nbsp;<\/p>\n<h2><span style=\"color: #000000\">Mi\u00e9rt \u00e9rdemes zeolitot v\u00e1s\u00e1rolni?<\/span><\/h2>\n<p><span style=\"color: #000000\">\ud83d\udc9a Vulkanikus \u00e1sv\u00e1nyi zeolitunk <strong>100%-ban term\u00e9szetes \u00e9s mesters\u00e9ges adal\u00e9kanyagokt\u00f3l mentes<\/strong>.<\/span><br \/>\n<span style=\"color: #000000\">\ud83d\udc9a M\u00e1r<strong> aktiv\u00e1lt \u00e1llapotban van<\/strong>.<\/span><br \/>\n<span style=\"color: #000000\">\ud83d\udc9a A szemcsem\u00e9ret <strong>mind\u00f6ssze 5 \u00b5m<\/strong>.<\/span><br \/>\n<span style=\"color: #000000\">\ud83d\udc9a <strong>100%-os el\u00e9gedetts\u00e9gi garanci\u00e1t<\/strong> k\u00edn\u00e1lunk.<\/span><br \/>\n<span style=\"color: #000000\">\ud83d\udc9a <strong>Nagyszer\u0171 \u00e1rat<\/strong> k\u00edn\u00e1lunk, k\u00fcl\u00f6n\u00f6sen kilogrammonk\u00e9nti kiszerel\u00e9s eset\u00e9n.<\/span><br \/>\n<span style=\"color: #000000\">\ud83d\udc9a A term\u00e9k<strong> korl\u00e1tlan ideig eltarthat\u00f3<\/strong>.<\/span><\/p>\n<p><img decoding=\"async\" class=\"aligncenter wp-image-3565\" style=\"color: #000000\" src=\"https:\/\/fengchashop.com\/hu\/wp-content\/uploads\/2025\/05\/1-1.jpg\" alt=\"\" width=\"523\" height=\"438\" \/><\/p>\n<h2><span style=\"color: #000000\">Csomagol\u00e1s<\/span><\/h2>\n<p><span style=\"color: #000000\">L\u00e9gmentesen z\u00e1rhat\u00f3 tasak, amelyben a term\u00e9k meg\u0151rzi minden frissess\u00e9g\u00e9t \u00e9s arom\u00e1j\u00e1t. A csomagol\u00e1s v\u00e9d a f\u00e9nyt\u0151l \u00e9s a leveg\u0151t\u0151l, mivel t\u00f6bb v\u00e9d\u0151r\u00e9tegb\u0151l \u00e1ll, amelyek meg\u0151rzik a tartalom tulajdons\u00e1gait. A csomagol\u00e1s nagyon praktikus \u00e9s \u00fajrahasznos\u00edthat\u00f3.<\/span><\/p>\n<h2><span style=\"color: #000000\">T\u00e1rol\u00e1s \u00e9s figyelmeztet\u00e9sek<\/span><\/h2>\n<p><span style=\"color: #000000\">H\u0171v\u00f6s, sz\u00e1raz helyen t\u00e1roland\u00f3.<\/span><\/p>\n<h2><span style=\"color: #000000\">Sz\u00e1rmaz\u00e1s<\/span><\/h2>\n<p><span style=\"color: #000000\">EU<\/span><\/p>\n<h2><span style=\"color: #000000\">Tan\u00fas\u00edtv\u00e1nyok<\/span><\/h2>\n<p><span style=\"color: #000000\">Neh\u00e9zf\u00e9mvizsg\u00e1latokkal, radioakt\u00edv elemz\u00e9sekkel \u00e9s egy\u00e9b sz\u00fcks\u00e9ges k\u00e9miai elemz\u00e9sekkel rendelkez\u00fcnk. A term\u00e9k mindezen krit\u00e9riumok alapj\u00e1n biztons\u00e1gos.<\/span><\/p>\n<h2><span style=\"color: #000000\">A zeolit aktiv\u00e1lt?<\/span><\/h2>\n<p><span style=\"color: #000000\">Igen. A zeolit m\u00e1r <strong>aktiv\u00e1lva<\/strong> van. Ez azt jelenti, hogy v\u00edzbe keverheti \u00e9s azonnal megihatja. A zeolitot egy k\u00fcl\u00f6nleges elj\u00e1r\u00e1ssal\u00a0aktiv\u00e1lj\u00e1k: el\u0151sz\u00f6r felmeleg\u00edtik 250-400 Celsius-fokra, ut\u00e1na t\u00f6bbsz\u00f6r meg\u0151rlik k\u0151malmokkala k\u00edv\u00e1nt szemcsem\u00e9retre, ami\u00a0n\u00e1lunk <strong>mind\u00f6ssze 5 \u00b5m<\/strong> (mikrom\u00e9ter). Ez l\u00e9nyegesen kevesebb, mint a piacon l\u00e9v\u0151 legt\u00f6bb zeolit eset\u00e9ben.<\/span><\/p>\n<h2><span style=\"color: #000000\">A zeolit rendelkezik valamilyen tan\u00fas\u00edtv\u00e1nnyal?<\/span><\/h2>\n<p><span style=\"color: #000000\"><strong>Neh\u00e9zf\u00e9mvizsg\u00e1latokkal<\/strong>, <strong>radioaktivit\u00e1s-elemz\u00e9sekkel<\/strong> <strong>\u00e9s egy\u00e9b sz\u00fcks\u00e9ges k\u00e9miai elemz\u00e9sekkel<\/strong> rendelkez\u00fcnk. A term\u00e9k mindezen krit\u00e9riumok alapj\u00e1n biztons\u00e1gos. A Zeolite jelenleg is folyamatban van a CE-tan\u00fas\u00edtv\u00e1ny megszerz\u00e9se jelenleg is van. \u00c9s m\u00e1r id\u00e9n meg is kaphatja.<\/span><\/p>\n<p><span style=\"color: #000000\"><img decoding=\"async\" class=\"alignright wp-image-3567\" src=\"https:\/\/fengchashop.com\/hu\/wp-content\/uploads\/2025\/05\/2.jpg\" alt=\"\" width=\"523\" height=\"438\" \/><\/span><\/p>\n<p><span style=\"color: #000000\"><img decoding=\"async\" class=\"alignleft wp-image-3566\" src=\"https:\/\/fengchashop.com\/hu\/wp-content\/uploads\/2025\/05\/3.jpg\" alt=\"\" width=\"523\" height=\"438\" \/><\/span><\/p>\n","protected":false},"excerpt":{"rendered":"<p><span style=\"color: #000000\">A zeolit vulk\u00e1ni k\u0151zet az egyik leger\u0151sebb term\u00e9szetes m\u00e9regtelen\u00edt\u0151 a vil\u00e1gon. A term\u00e9szetes zeolit ehet\u0151 vulk\u00e1ni klinoptilolit \u00e1sv\u00e1ny form\u00e1j\u00e1ban seg\u00edt megtiszt\u00edtani a szervezetet a k\u00f6rnyezeti \u00e9s \u00e9trendb\u0151l sz\u00e1rmaz\u00f3 m\u00e9reganyagokt\u00f3l. Figyelemre m\u00e9lt\u00f3 k\u00e9pess\u00e9ggel rendelkezik a szervezet megtiszt\u00edt\u00e1s\u00e1ra \u00e9s az eg\u00e9sz szervezet egyens\u00faly\u00e1nak helyre\u00e1ll\u00edt\u00e1s\u00e1ra:<\/span><\/p>\n<p><span style=\"color: #000000\">\ud83d\udc9a Szem\u00e9lyes, munka- \u00e9s sportkapacit\u00e1s n\u00f6vel\u00e9se.<\/span><br \/>\n<span style=\"color: #000000\">\ud83d\udc9a Az immunrendszer er\u0151s\u00edt\u00e9se \u00e9s a szabad gy\u00f6k\u00f6k elleni v\u00e9delem.<\/span><br \/>\n<span style=\"color: #000000\">\ud83d\udc9a Energia fokoz\u00e1sa \u00e9s a kimer\u00fclts\u00e9g megsz\u00fcntet\u00e9se.<\/span><br \/>\n<span style=\"color: #000000\">\ud83d\udc9a Fiatal\u00edt\u00f3 hat\u00e1s: a b\u0151rt tiszt\u00e1bb\u00e1 \u00e9s szebb\u00e9 var\u00e1zsolja.<\/span><br \/>\n<span style=\"color: #000000\">\ud83d\udc9a Seg\u00edti a sebek \u00e9s b\u0151rbetegs\u00e9gek (herpesz) gy\u00f3gyul\u00e1s\u00e1t.<\/span><\/p>\n<p>&nbsp;<\/p>\n","protected":false},"featured_media":4075,"comment_status":"open","ping_status":"closed","template":"","meta":{"_acf_changed":false},"product_brand":[],"product_cat":[224,228,225,197],"product_tag":[],"class_list":{"0":"post-5828","1":"product","2":"type-product","3":"status-publish","4":"has-post-thumbnail","6":"product_cat-ajanlat","7":"product_cat-legkeresettebb","8":"product_cat-minden-termek","9":"product_cat-zeolit","11":"first","12":"instock","13":"sale","14":"taxable","15":"shipping-taxable","16":"purchasable","17":"product-type-simple"},"acf":[],"_links":{"self":[{"href":"https:\/\/fengchashop.com\/hu\/wp-json\/wp\/v2\/product\/5828","targetHints":{"allow":["GET"]}}],"collection":[{"href":"https:\/\/fengchashop.com\/hu\/wp-json\/wp\/v2\/product"}],"about":[{"href":"https:\/\/fengchashop.com\/hu\/wp-json\/wp\/v2\/types\/product"}],"replies":[{"embeddable":true,"href":"https:\/\/fengchashop.com\/hu\/wp-json\/wp\/v2\/comments?post=5828"}],"wp:featuredmedia":[{"embeddable":true,"href":"https:\/\/fengchashop.com\/hu\/wp-json\/wp\/v2\/media\/4075"}],"wp:attachment":[{"href":"https:\/\/fengchashop.com\/hu\/wp-json\/wp\/v2\/media?parent=5828"}],"wp:term":[{"taxonomy":"product_brand","embeddable":true,"href":"https:\/\/fengchashop.com\/hu\/wp-json\/wp\/v2\/product_brand?post=5828"},{"taxonomy":"product_cat","embeddable":true,"href":"https:\/\/fengchashop.com\/hu\/wp-json\/wp\/v2\/product_cat?post=5828"},{"taxonomy":"product_tag","embeddable":true,"href":"https:\/\/fengchashop.com\/hu\/wp-json\/wp\/v2\/product_tag?post=5828"}],"curies":[{"name":"wp","href":"https:\/\/api.w.org\/{rel}","templated":true}]}}