{"id":3987,"date":"2025-03-11T17:29:15","date_gmt":"2025-03-11T16:29:15","guid":{"rendered":"https:\/\/test-fengcha.dweb.si\/?page_id=3987"},"modified":"2026-02-10T06:32:24","modified_gmt":"2026-02-10T05:32:24","slug":"szallitas-fizetes","status":"publish","type":"page","link":"https:\/\/fengchashop.com\/hu\/szallitas-fizetes\/","title":{"rendered":"Sz\u00e1ll\u00edt\u00e1s \u2013 Fizet\u00e9s"},"content":{"rendered":"<div class=\"wpb-content-wrapper\"><p>[vc_row][vc_column][vc_row_inner][vc_column_inner][vc_column_text css=&#8221;&#8221;]<\/p>\r\n<h2 class=\"wp-block-heading\">Mennyi a sz\u00e1ll\u00edt\u00e1si k\u00f6lts\u00e9g?<\/h2>\r\n<!-- \/wp:post-content -->\r\n<p>&nbsp;<\/p>\r\n<!-- wp:list -->\r\n<ul>\r\n<li style=\"list-style-type: none;\">\r\n<ul><!-- wp:list-item -->\r\n<li>Sz\u00e1ll\u00edt\u00e1s Express One fut\u00e1rszolg\u00e1lattal: <strong>17.899 Ft<\/strong> a<strong> sz\u00e1ll\u00edt\u00e1si<\/strong> d\u00edj<strong> 1.500 <\/strong>Ft.<\/li>\r\n<!-- \/wp:list-item -->\r\n\r\n<!-- wp:list-item -->\r\n<li>Sz\u00e1ll\u00edt\u00e1s GLS fut\u00e1rszolg\u00e1lattal: <strong>17.899 Ft<\/strong> a <strong>sz\u00e1ll\u00edt\u00e1si<\/strong> d\u00edj <strong>1.990 Ft<\/strong>.<\/li>\r\n<!-- \/wp:list-item -->\r\n\r\n<!-- wp:list-item -->\r\n<li><strong>17.900 Ft feletti<\/strong> v\u00e1s\u00e1rl\u00e1s eset\u00e9n <strong>ingyenes kisz\u00e1ll\u00edt\u00e1st<\/strong> k\u00edn\u00e1lunk.<\/li>\r\n<\/ul>\r\n<\/li>\r\n<\/ul>\r\n<p><!-- \/wp:list-item --><!-- \/wp:list -->\u00a0<\/p>\r\n<!-- wp:paragraph \/-->\r\n<p>&nbsp;<\/p>\r\n<!-- wp:heading -->\r\n<h2 class=\"wp-block-heading\">Hogyan lehet fizetni?<\/h2>\r\n<!-- \/wp:heading -->\r\n<p>&nbsp;<\/p>\r\n<!-- wp:heading {\"level\":4} -->\r\n<h4 class=\"wp-block-heading\">Ut\u00e1nv\u00e9tes fizet\u00e9s<\/h4>\r\n<!-- \/wp:heading -->\r\n<p><!-- wp:paragraph -->Ut\u00e1nv\u00e9t vagy bankk\u00e1rty\u00e1s fizet\u00e9s lehets\u00e9ges.<\/p>\r\n<!-- \/wp:paragraph -->\r\n<p>&nbsp;<\/p>\r\n<!-- wp:heading {\"level\":4} -->\r\n<h4 class=\"wp-block-heading\">PayPal<\/h4>\r\n<!-- \/wp:heading -->\r\n<p>&nbsp;<\/p>\r\n<!-- wp:heading {\"level\":4} -->\r\n<h4 class=\"wp-block-heading\">Hitelk\u00e1rtya<\/h4>\r\n<!-- \/wp:heading -->\r\n<p>&nbsp;<\/p>\r\n<!-- wp:heading -->\r\n<h2 class=\"wp-block-heading\">Hogyan lehet v\u00e1s\u00e1rolni?<\/h2>\r\n<!-- \/wp:heading -->\r\n<p>&nbsp;<\/p>\r\n<!-- wp:list -->\r\n<ul>\r\n<li style=\"list-style-type: none;\">\r\n<ul><!-- wp:list-item -->\r\n<li><strong>H\u00e1rom egyszer\u0171 l\u00e9p\u00e9sben:<\/strong> a term\u00e9kek kos\u00e1rba helyez\u00e9se, a v\u00e1s\u00e1rl\u00e1s meger\u0151s\u00edt\u00e9se \u00e9s az egyszer\u0171 \u0171rlapok kit\u00f6lt\u00e9se.<\/li>\r\n<!-- \/wp:list-item -->\r\n\r\n<!-- wp:list-item -->\r\n<li>Email:<strong> info@fengchashop.com<\/strong><\/li>\r\n<\/ul>\r\n<\/li>\r\n<\/ul>\r\n<!-- \/wp:list-item --><!-- \/wp:list -->\r\n<p>&nbsp;<\/p>\r\n<!-- wp:heading -->\r\n<h2 class=\"wp-block-heading\">Mikor kapom meg a csomagot?<\/h2>\r\n<!-- \/wp:heading -->\r\n<p>&nbsp;<\/p>\r\n<!-- wp:list -->\r\n<ul>\r\n<li style=\"list-style-type: none;\">\r\n<ul><!-- wp:list-item -->\r\n<li>Minden 10:00 \u00f3ra el\u0151tt leadott megrendel\u00e9st m\u00e9g aznap elk\u00fcld\u00fcnk. A csomag v\u00e1rhat\u00f3an n\u00e9h\u00e1ny napon bel\u00fcl meg\u00e9rkezik az \u00d6n c\u00edm\u00e9re.<\/li>\r\n<!-- \/wp:list-item -->\r\n\r\n<!-- wp:list-item -->\r\n<li>Ha az \u00d6n \u00e1ltal megrendelt term\u00e9k nincs rakt\u00e1ron, e-mailben \u00e9rtes\u00edtj\u00fck \u00d6nt, hogy mikor v\u00e1rhat\u00f3 a sz\u00e1ll\u00edt\u00e1s.<\/li>\r\n<!-- \/wp:list-item -->\r\n\r\n<!-- wp:list-item -->\r\n<li>Minden k\u00fcldem\u00e9nyt megb\u00edzhat\u00f3an k\u00e9zbes\u00edt\u00fcnk GLS-sel vagy Express One.<\/li>\r\n<\/ul>\r\n<\/li>\r\n<\/ul>\r\n<!-- \/wp:list-item --><!-- \/wp:list -->\r\n<p><!-- wp:paragraph --><strong>Megb\u00edzhat\u00f3 \u00e9s gyors sz\u00e1ll\u00edt\u00e1s GLS fut\u00e1rszolg\u00e1lattal vagy Express One.<\/strong><\/p>\r\n<p><!-- \/wp:paragraph -->\u00a0<\/p>\r\n<p>[\/vc_column_text][\/vc_column_inner][\/vc_row_inner][\/vc_column][\/vc_row]<\/p><\/div>","protected":false},"excerpt":{"rendered":"<p>[vc_row][vc_column][vc_row_inner][vc_column_inner][vc_column_text css=&#8221;&#8221;] Mennyi a sz\u00e1ll\u00edt\u00e1si k\u00f6lts\u00e9g? &nbsp; Sz\u00e1ll\u00edt\u00e1s Express One fut\u00e1rszolg\u00e1lattal: 17.899 Ft a sz\u00e1ll\u00edt\u00e1si d\u00edj 1.500 Ft. Sz\u00e1ll\u00edt\u00e1s GLS fut\u00e1rszolg\u00e1lattal: 17.899 Ft a sz\u00e1ll\u00edt\u00e1si d\u00edj 1.990 Ft. 17.900 Ft feletti v\u00e1s\u00e1rl\u00e1s eset\u00e9n ingyenes kisz\u00e1ll\u00edt\u00e1st k\u00edn\u00e1lunk. \u00a0 &nbsp; Hogyan lehet fizetni? &nbsp; Ut\u00e1nv\u00e9tes fizet\u00e9s Ut\u00e1nv\u00e9t vagy bankk\u00e1rty\u00e1s fizet\u00e9s lehets\u00e9ges. &nbsp; PayPal &nbsp; Hitelk\u00e1rtya &nbsp; Hogyan [&hellip;]<\/p>\n","protected":false},"author":2,"featured_media":0,"parent":0,"menu_order":0,"comment_status":"closed","ping_status":"closed","template":"","meta":{"_acf_changed":false,"footnotes":""},"class_list":["post-3987","page","type-page","status-publish","hentry"],"acf":[],"_links":{"self":[{"href":"https:\/\/fengchashop.com\/hu\/wp-json\/wp\/v2\/pages\/3987","targetHints":{"allow":["GET"]}}],"collection":[{"href":"https:\/\/fengchashop.com\/hu\/wp-json\/wp\/v2\/pages"}],"about":[{"href":"https:\/\/fengchashop.com\/hu\/wp-json\/wp\/v2\/types\/page"}],"author":[{"embeddable":true,"href":"https:\/\/fengchashop.com\/hu\/wp-json\/wp\/v2\/users\/2"}],"replies":[{"embeddable":true,"href":"https:\/\/fengchashop.com\/hu\/wp-json\/wp\/v2\/comments?post=3987"}],"version-history":[{"count":9,"href":"https:\/\/fengchashop.com\/hu\/wp-json\/wp\/v2\/pages\/3987\/revisions"}],"predecessor-version":[{"id":8046,"href":"https:\/\/fengchashop.com\/hu\/wp-json\/wp\/v2\/pages\/3987\/revisions\/8046"}],"wp:attachment":[{"href":"https:\/\/fengchashop.com\/hu\/wp-json\/wp\/v2\/media?parent=3987"}],"curies":[{"name":"wp","href":"https:\/\/api.w.org\/{rel}","templated":true}]}}