{"id":8266,"date":"2026-04-15T04:37:10","date_gmt":"2026-04-15T02:37:10","guid":{"rendered":"https:\/\/fengchashop.com\/hr\/product\/selen-v-tekocini-150-ml\/"},"modified":"2026-04-25T13:29:11","modified_gmt":"2026-04-25T11:29:11","slug":"selen-u-tekucem-obliku","status":"publish","type":"product","link":"https:\/\/fengchashop.com\/hr\/product\/selen-u-tekucem-obliku\/","title":{"rendered":"Selen u teku\u0107em obliku 150 ml"},"content":{"rendered":"<h2>Selen u teku\u0107em obliku<\/h2>\n<p><strong>Teku\u0107i selen<\/strong> moderni je dodatak prehrani osmi\u0161ljen za podr\u0161ku imunolo\u0161kom sustavu, \u0161titnja\u010di i za\u0161titi stanica. Sadr\u017ei esencijalni element u tragovima selen, koji ima ulogu u va\u017enim tjelesnim procesima \u2013 od funkcije imunolo\u0161kog sustava do za\u0161tite od oksidativnog stresa.<\/p>\n<p>Selen doprinosi normalnom funkcioniranju \u0161titnja\u010de, odr\u017eavanju zdravih kose i noktiju te za\u0161titi stanica od slobodnih radikala.<\/p>\n<p>Teku\u0107i oblik osigurava jednostavnu upotrebu i dobru apsorpciju, dok ugodan okus manga \u010dini svakodnevni unos ugodnim.<\/p>\n<h2>Kako djeluje?<\/h2>\n<p>Selen ima va\u017enu ulogu u obrani tijela od oksidativnog stresa i podr\u017eava normalno funkcioniranje imunolo\u0161kog sustava. Tako\u0111er doprinosi funkcioniranju \u0161titnja\u010de, koja regulira brojne procese u tijelu.<\/p>\n<h2>\u0160to sadr\u017ei?<\/h2>\n<p><span class=\"ml-1\"><span style=\"color: #000000\">\ud83d\udc9a <\/span><\/span><strong>Selen<\/strong><\/p>\n<ul>\n<li>doprinosi normalnoj spermatogenezi<\/li>\n<li>doprinosi o\u010duvanju zdrave kose<\/li>\n<li>doprinosi o\u010duvanju zdravih noktiju<\/li>\n<li>doprinosi normalnom funkcioniranju imunolo\u0161kog sustava<\/li>\n<li>doprinosi normalnom funkcioniranju \u0161titnja\u010de<\/li>\n<li>doprinosi za\u0161titi stanica od oksidativnog stresa<\/li>\n<\/ul>\n<h2>Za\u0161to odabrati teku\u0107i selen?<\/h2>\n<ul>\n<li>doprinosi normalnom funkcioniranju imunolo\u0161kog sustava i \u0161titnja\u010de<\/li>\n<li>doprinosi za\u0161titi stanica od oksidativnog stresa<\/li>\n<li>doprinosi odr\u017eavanju zdrave kose i noktiju<\/li>\n<li>te\u010dni oblik za jednostavnu upotrebu<\/li>\n<li>ugodan okus manga<\/li>\n<li>pogodno za vegane<\/li>\n<li>bez glutena, laktoze i GMO-a<\/li>\n<\/ul>\n<h2 style=\"text-align: justify\"><span style=\"color: #000000\">\u010cuvanje i upozorenja<\/span><\/h2>\n<p>\u010cuvati na hladnom i tamnom mjestu na temperaturi do 25 \u00b0C. Nakon otvaranja \u010duvati u hladnjaku.<\/p>\n<p>Zapamtite va\u017enost raznolike prehrane i zdravog na\u010dina \u017eivota. Dodatak prehrani nije zamjena za uravnote\u017eenu i raznoliku prehranu. Ne prekora\u010dite preporu\u010denu dnevnu dozu. \u010cuvati izvan dohvata djece!<\/p>\n<h2><span style=\"color: #000000\">Pakiranje<\/span><\/h2>\n<p>Visokokvalitetna tamna plasti\u010dna bo\u010dica dizajnirana je kako bi pru\u017eila maksimalnu za\u0161titu teku\u0107im vitaminima i mineralima. \u0160titi sadr\u017eaj od svjetla, zraka i vanjskih utjecaja te poma\u017ee odr\u017eati svje\u017einu, stabilnost i u\u010dinkovitost tijekom cijelog razdoblja uporabe.<\/p>\n<p>Pakiranje je vrlo prakti\u010dno i reciklabilno.<\/p>\n<h2>Porijeklo<\/h2>\n<p>EU<\/p>\n","protected":false},"excerpt":{"rendered":"<p><strong>Teku\u0107i selen<\/strong> s okusom manga je dodatak prehrani s visokim udjelom selena (182 % preporu\u010denog dnevnog unosa) koji podr\u017eava rad \u0161titnja\u010de, imunolo\u0161ki sustav i za\u0161titu stanica.<\/p>\n<p><span class=\"ml-1\"><span style=\"color: #000000\">\ud83d\udc9a <\/span><\/span>doprinosi normalnom funkcioniranju imunolo\u0161kog sustava i \u0161titnja\u010de<\/p>\n<p><span class=\"ml-1\"><span style=\"color: #000000\">\ud83d\udc9a <\/span><\/span>\u0161titi stanice od oksidativnog stresa<\/p>\n<p><span class=\"ml-1\"><span style=\"color: #000000\">\ud83d\udc9a <\/span><\/span>doprinosi odr\u017eavanju zdrave kose i noktiju te plodnosti<\/p>\n<p><span class=\"ml-1\"><span style=\"color: #000000\">\ud83d\udc9a <\/span><\/span>teku\u0107i oblik za jednostavno konzumiranje i dobru apsorpciju<\/p>\n<p><span class=\"ml-1\"><span style=\"color: #000000\">\ud83d\udc9a <\/span><\/span>ugodan okus manga,<\/p>\n<p><span class=\"ml-1\"><span style=\"color: #000000\">\ud83d\udc9a <\/span><\/span>pogodno za vegane<\/p>\n<p><span class=\"ml-1\"><span style=\"color: #000000\">\ud83d\udc9a <\/span><\/span>bez glutena, bez laktoze i bez GMO-a<\/p>\n","protected":false},"featured_media":8265,"comment_status":"open","ping_status":"closed","template":"","meta":{"_acf_changed":false},"product_brand":[],"product_cat":[15,203,219,217,216],"product_tag":[],"class_list":{"0":"post-8266","1":"product","2":"type-product","3":"status-publish","4":"has-post-thumbnail","6":"product_cat-uncategorized","7":"product_cat-minerali-vitamini","8":"product_cat-novo","9":"product_cat-ponudba","10":"product_cat-svi-proizvodi-ponudba","12":"first","13":"instock","14":"sale","15":"taxable","16":"shipping-taxable","17":"purchasable","18":"product-type-simple"},"acf":[],"_links":{"self":[{"href":"https:\/\/fengchashop.com\/hr\/wp-json\/wp\/v2\/product\/8266","targetHints":{"allow":["GET"]}}],"collection":[{"href":"https:\/\/fengchashop.com\/hr\/wp-json\/wp\/v2\/product"}],"about":[{"href":"https:\/\/fengchashop.com\/hr\/wp-json\/wp\/v2\/types\/product"}],"replies":[{"embeddable":true,"href":"https:\/\/fengchashop.com\/hr\/wp-json\/wp\/v2\/comments?post=8266"}],"wp:featuredmedia":[{"embeddable":true,"href":"https:\/\/fengchashop.com\/hr\/wp-json\/wp\/v2\/media\/8265"}],"wp:attachment":[{"href":"https:\/\/fengchashop.com\/hr\/wp-json\/wp\/v2\/media?parent=8266"}],"wp:term":[{"taxonomy":"product_brand","embeddable":true,"href":"https:\/\/fengchashop.com\/hr\/wp-json\/wp\/v2\/product_brand?post=8266"},{"taxonomy":"product_cat","embeddable":true,"href":"https:\/\/fengchashop.com\/hr\/wp-json\/wp\/v2\/product_cat?post=8266"},{"taxonomy":"product_tag","embeddable":true,"href":"https:\/\/fengchashop.com\/hr\/wp-json\/wp\/v2\/product_tag?post=8266"}],"curies":[{"name":"wp","href":"https:\/\/api.w.org\/{rel}","templated":true}]}}