{"id":8264,"date":"2026-04-15T04:27:17","date_gmt":"2026-04-15T02:27:17","guid":{"rendered":"https:\/\/fengchashop.com\/hr\/product\/zelezo-v-tekocini-250-ml\/"},"modified":"2026-04-28T15:38:16","modified_gmt":"2026-04-28T13:38:16","slug":"zeljezo-u-tekucine","status":"publish","type":"product","link":"https:\/\/fengchashop.com\/hr\/product\/zeljezo-u-tekucine\/","title":{"rendered":"\u017deljezo u teku\u0107ine 250 ml"},"content":{"rendered":"<h2>\u017deljezo u teku\u0107em obliku<\/h2>\n<p><strong>Teku\u0107e \u017eeljezo<\/strong> je moderan dodatak prehrani osmi\u0161ljen za podr\u0161ku razini energije, zdravlju krvi i op\u0107em blagostanju. Sadr\u017ei \u017eeljezo i pa\u017eljivo odabranu kombinaciju vitamina koji igraju ulogu u va\u017enim tjelesnim procesima \u2013 od stvaranja crvenih krvnih stanica do osloba\u0111anja energije tijekom metabolizma.<\/p>\n<p>Napredna formula kombinira \u017eeljezo s vitaminom C i B vitaminima (B1, B2, B6 i B12), koji doprinose boljoj iskoristivosti \u017eeljeza, smanjenju umora i podr\u0161ci imunolo\u0161kog sustava.<\/p>\n<p>Teku\u0107i oblik omogu\u0107uje jednostavnu upotrebu i dobru apsorpciju, \u0161to ga \u010dini osobito prikladnim za osobe kojima je te\u0161ko gutati kapsule ili tablete.<\/p>\n<h2>Kako djeluje?<\/h2>\n<p>\u017deljezo igra klju\u010dnu ulogu u stvaranju crvenih krvnih stanica i hemoglobina, koji omogu\u0107uju prijenos kisika kroz cijelo tijelo. Zajedno s vitaminima, doprinosi osloba\u0111anju energije, smanjenju umora i normalnom funkcioniranju imunolo\u0161kog sustava.<\/p>\n<h2>\u0160to sadr\u017ei?<\/h2>\n<p><span class=\"ml-1\"><span style=\"color: #000000\">\ud83d\udc9a <\/span><\/span><strong>\u017deljezo<\/strong><\/p>\n<ul>\n<li>doprinosi stvaranju crvenih krvnih stanica i hemoglobina i smanjenju umora<\/li>\n<li>ima ulogu u kognitivnim funkcijama.<\/li>\n<li>doprinosi osloba\u0111anju energije tijekom metabolizma<\/li>\n<li>ima ulogu u stvaranju crvenih krvnih stanica i hemoglobina.<\/li>\n<li>ima ulogu u prijevozu kisika unutar tijela.<\/li>\n<li>ima ulogu u funkcioniranju imunolo\u0161kog sustava<\/li>\n<li>doprinosi smanjenju umora i iscrpljenosti te ima ulogu u diobi stanica<\/li>\n<li>ima ulogu u prijenosu kisika kroz tijelo. Vitamin C \u2013 pove\u0107ava apsorpciju \u017eeljeza<\/li>\n<\/ul>\n<p><span class=\"ml-1\"><span style=\"color: #000000\">\ud83d\udc9a <\/span><\/span><strong>Vitamin C \u2013<\/strong> pove\u0107ava apsorpciju \u017eeljeza<\/p>\n<p><span class=\"ml-1\"><span style=\"color: #000000\">\ud83d\udc9a <\/span><\/span><strong>Vitamin B1<\/strong> (tiamin) \u2013 doprinosi normalnom metabolizmu koji osloba\u0111a energiju<\/p>\n<p><span class=\"ml-1\"><span style=\"color: #000000\">\ud83d\udc9a <\/span><\/span><strong>Vitamin B2<\/strong> (riboflavin) \u2013 doprinosi za\u0161titi stanica od oksidativnog stresa<\/p>\n<p><span class=\"ml-1\"><span style=\"color: #000000\">\ud83d\udc9a <\/span><\/span><strong>Vitamin B6<\/strong> \u2013 doprinosi stvaranju crvenih krvnih stanica<\/p>\n<p><span class=\"ml-1\"><span style=\"color: #000000\">\ud83d\udc9a <\/span><\/span><strong>Vitamin B12<\/strong> \u2013 doprinosi smanjenju umora i iscrpljenosti te funkcioniranju \u017eiv\u010danog sustava<\/p>\n<h2>Za\u0161to odabrati \u017eeljezo u teku\u0107em obliku?<\/h2>\n<ul>\n<li>doprinosi normalnom funkcioniranju imunolo\u0161kog sustava<\/li>\n<li>kombinacija \u017eeljeza i vitamina za bolju apsorpciju<\/li>\n<li>te\u010dni oblik za lak\u0161i uzimanje<\/li>\n<li>ugodan okus jabuke<\/li>\n<li>pogodno za vegane<\/li>\n<li>bez glutena, laktoze i GMO-a<\/li>\n<\/ul>\n<h2 style=\"text-align: justify\"><span style=\"color: #000000\">\u010cuvanje i upozorenja<\/span><\/h2>\n<p>\u010cuvati na hladnom i tamnom mjestu na temperaturi do 25 \u00b0C. Nakon otvaranja \u010duvati u hladnjaku.<\/p>\n<p>Zapamtite va\u017enost raznolike prehrane i zdravog na\u010dina \u017eivota. Dodatak prehrani nije zamjena za uravnote\u017eenu i raznoliku prehranu. Ne prekora\u010dujte preporu\u010denu dnevnu dozu. \u010cuvati izvan dohvata djece!<\/p>\n<h2><span style=\"color: #000000\">Pakiranje<\/span><\/h2>\n<p>Visokokvalitetna tamna plasti\u010dna bo\u010dica dizajnirana je za maksimalnu za\u0161titu teku\u0107ih vitamina i minerala. \u0160titi sadr\u017eaj od svjetlosti, zraka i vanjskih utjecaja te poma\u017ee odr\u017eati svje\u017einu, stabilnost i u\u010dinkovitost tijekom cijelog razdoblja uporabe.<\/p>\n<p>Pakiranje je vrlo prakti\u010dno i reciklabilno.<\/p>\n<h2>Porijeklo<\/h2>\n<p>EU<\/p>\n","protected":false},"excerpt":{"rendered":"<p>\u017deljezo u teku\u0107em obliku Teku\u0107e \u017eeljezo je moderan dodatak prehrani osmi\u0161ljen za podr\u0161ku razini energije, zdravlju krvi i op\u0107em blagostanju. Sadr\u017ei \u017eeljezo i pa\u017eljivo odabranu kombinaciju vitamina koji igraju ulogu u va\u017enim tjelesnim procesima \u2013 od stvaranja crvenih krvnih stanica do osloba\u0111anja energije tijekom metabolizma. Napredna formula kombinira \u017eeljezo s vitaminom C i B vitaminima [&hellip;]<\/p>\n","protected":false},"featured_media":8263,"comment_status":"open","ping_status":"closed","template":"","meta":{"_acf_changed":false},"product_brand":[],"product_cat":[15,203,219,217,216],"product_tag":[],"class_list":{"0":"post-8264","1":"product","2":"type-product","3":"status-publish","4":"has-post-thumbnail","6":"product_cat-uncategorized","7":"product_cat-minerali-vitamini","8":"product_cat-novo","9":"product_cat-ponudba","10":"product_cat-svi-proizvodi-ponudba","12":"first","13":"instock","14":"sale","15":"taxable","16":"shipping-taxable","17":"purchasable","18":"product-type-simple"},"acf":[],"_links":{"self":[{"href":"https:\/\/fengchashop.com\/hr\/wp-json\/wp\/v2\/product\/8264","targetHints":{"allow":["GET"]}}],"collection":[{"href":"https:\/\/fengchashop.com\/hr\/wp-json\/wp\/v2\/product"}],"about":[{"href":"https:\/\/fengchashop.com\/hr\/wp-json\/wp\/v2\/types\/product"}],"replies":[{"embeddable":true,"href":"https:\/\/fengchashop.com\/hr\/wp-json\/wp\/v2\/comments?post=8264"}],"wp:featuredmedia":[{"embeddable":true,"href":"https:\/\/fengchashop.com\/hr\/wp-json\/wp\/v2\/media\/8263"}],"wp:attachment":[{"href":"https:\/\/fengchashop.com\/hr\/wp-json\/wp\/v2\/media?parent=8264"}],"wp:term":[{"taxonomy":"product_brand","embeddable":true,"href":"https:\/\/fengchashop.com\/hr\/wp-json\/wp\/v2\/product_brand?post=8264"},{"taxonomy":"product_cat","embeddable":true,"href":"https:\/\/fengchashop.com\/hr\/wp-json\/wp\/v2\/product_cat?post=8264"},{"taxonomy":"product_tag","embeddable":true,"href":"https:\/\/fengchashop.com\/hr\/wp-json\/wp\/v2\/product_tag?post=8264"}],"curies":[{"name":"wp","href":"https:\/\/api.w.org\/{rel}","templated":true}]}}