{"id":7277,"date":"2025-10-07T12:30:36","date_gmt":"2025-10-07T10:30:36","guid":{"rendered":"https:\/\/fengchashop.com\/hr\/?post_type=product&#038;p=7277"},"modified":"2026-04-25T13:29:12","modified_gmt":"2026-04-25T11:29:12","slug":"bachove-kapi-tuga","status":"publish","type":"product","link":"https:\/\/fengchashop.com\/hr\/product\/bachove-kapi-tuga\/","title":{"rendered":"Bachove kapi Tuga"},"content":{"rendered":"<div class=\"wpb-content-wrapper\"><p>[vc_row][vc_column][vc_column_text css=&#8221;&#8221;]<\/p>\n<h2 style=\"text-align: justify;\"><span style=\"color: #000000;\">Bachovi lijekovi za tugu<\/span><\/h2>\n<p><strong>Tuga<\/strong> je prirodna emocija koja se mo\u017ee javiti <strong>u slu\u010daju gubitka, razo\u010daranja, usamljenosti ili jednostavno osje\u0107aja praznine<\/strong>. Iako je dio \u017eivota, dugotrajna ili pretjerana tuga mo\u017ee utjecati na na\u0161e mentalno i fizi\u010dko zdravlje. Ljudi je \u010desto do\u017eivljavaju kao <strong>osje\u0107aj te\u017eine u srcu, bezvoljnost, nedostatak energije ili smanjenje motivacije.<\/strong> Stoga je posebno va\u017eno nau\u010diti se nositi s njom i prona\u0107i na\u010dine za postizanje unutarnje ravnote\u017ee. Bachovi lijekovi nam u tome mogu pomo\u0107i, jer <strong>nude blagu podr\u0161ku emocionalnim izazovima i vode nas do ve\u0107eg mira i vitalnosti<\/strong>.<\/p>\n<p>Prve rezultate mo\u017eete vidjeti nakon nekoliko dana ili tjedana, jer to ovisi o svakoj pojedinki. Pripremljena smjesa trajat \u0107e 30 dana, a kapi se mogu lako nanositi izravno u usta ili kapati u \u010da\u0161u vode.<\/p>\n<p><strong>Naj\u010de\u0161\u0107i uzroci tuge su:<\/strong><\/p>\n<ul>\n<li>gubitak voljene osobe ili prekid veze,<\/li>\n<li>osje\u0107aj usamljenosti ili neshva\u0107enosti,<\/li>\n<li>neispunjena o\u010dekivanja,<\/li>\n<li>\u017eivotne promjene (preseljenje, promjena posla itd.),<\/li>\n<li>dugotrajni stres i iscrpljenost.<\/li>\n<\/ul>\n<p><strong>Terapija Bachovim kapima za tugu pomo\u0107i \u0107e vam:<\/strong><\/p>\n<ul>\n<li>lak\u0161e procesuirati emocionalne gubitke,<\/li>\n<li>vratiti osje\u0107aj unutarnje snage,<\/li>\n<li>smanjenje osje\u0107aja te\u017eine i letargije,<\/li>\n<li>otvoriti prostor za novu nadu i radost,<\/li>\n<li>ponovno osjetiti ravnote\u017eu i vitalnu energiju.<\/li>\n<\/ul>\n<h2 style=\"text-align: justify;\"><span style=\"color: #000000;\">Djelovanje Bachovih kapi<\/span><\/h2>\n<p>Bachove kapi podr\u017eavaju <strong>emocionalnu ravnote\u017eu i mogu biti od pomo\u0107i u suo\u010davanju s tugom, koja \u010desto utje\u010de na energiju, motivaciju i op\u0107e blagostanje<\/strong>. Bachove kapi nam tako\u0111er poma\u017eu u raznim krizama i te\u0161kim \u017eivotnim situacijama, isku\u0161enjima. Poma\u017eu nam da se smirimo i sa\u010duvamo mirnu glavu, jer utje\u010du na na\u0161e emocionalno stanje i poma\u017eu u njegovom uskla\u0111ivanju. Uz pomo\u0107 Bachovih kapi <strong>preuzimamo kontrolu nad svojim emocijama<\/strong> i samo na taj na\u010din stvaramo sklad i tako pronalazimo svoj unutarnji mir.<\/p>\n<p style=\"text-align: justify;\"><span style=\"color: #000000;\">Bachova terapija poti\u010de samoizlje\u010denje i duhovno opu\u0161tanje. Prema teoriji dr. Bacha, uzrok bolesti le\u017ei u disharmoni\u010dnom stanju ili nedostatku sklada izme\u0111u tijela i du\u0161e. Uz pomo\u0107 cvjetnih esencija nastojimo izlije\u010diti bolest koriste\u0107i <b>pozitivna svojstva cvije\u0107a<\/b>, odnosno poma\u017eu\u0107i nam da uspostavimo ravnote\u017eu u sebi.<\/span><\/p>\n<p style=\"text-align: justify;\"><span style=\"color: #000000;\">Bachova terapija poti\u010de samolije\u010denje i duhovno opu\u0161tanje. Prema teoriji dr. Bacha je uzrok bolesti u neharmoni\u010dnom stanju odn. u nedostatku sklada izme\u0111u tijela i du\u0161e. Uz pomo\u0107 cvjetnih esencija nastojimo izlije\u010diti bolest <strong>iskori\u0161tavanjem pozitivnih svojstava cvije\u0107a<\/strong>, odnosno tako da nam poma\u017eu da uspostavimo ravnote\u017eu u sebi.<\/span><\/p>\n<p style=\"text-align: justify;\"><span style=\"color: #000000;\">Mje\u0161avine Bachovih kapi pripremaju se prema metodi Dr. Bacha, a <strong>koristimo samo originalne Bachove esencije<\/strong>.<\/span><\/p>\n<p style=\"text-align: justify;\"><span style=\"color: #000000;\">Bachove kapi se uzimaju iz bo\u010dice pomo\u0107u prilo\u017eene pipete, \u0161to \u010dini doziranje izuzetno lakim. Uzimajte 4 kapi 4 puta dnevno, rasporedite na cijeli dan. Bo\u010dica koju dobijete dovoljna je za 1 mjesec terapije. <\/span><\/p>\n<p style=\"text-align: justify;\"><span style=\"color: #000000;\">Svaka boca odabrane mje\u0161avine <strong>priprema se ru\u010dno i u hodu<\/strong>. Da bi smjesa dugo ostala svje\u017ea, koristimo malo alkohola (konjak). Rok trajanja smjese je 1 mjesec od datuma kupnje.<\/span><\/p>\n<p style=\"text-align: justify;\"><span style=\"color: #000000;\">Budu\u0107i da Bachove kapi <strong>nemaju nuspojava<\/strong>, ne mogu se predozirati i ne izazivaju ovisnost. Prikladni su za sve &#8211; trudnice, dojilje, starije osobe, djecu i \u017eivotinje.<\/span><\/p>\n<p style=\"text-align: justify;\"><span style=\"color: #000000;\">Ne utje\u010de na druge lijekove.<\/span><\/p>\n<h2 style=\"text-align: justify;\"><span style=\"color: #000000;\">Skladi\u0161tenje<\/span><\/h2>\n<p style=\"text-align: justify;\"><span style=\"color: #000000;\">\u010cuvati na suhom i tamnom mjestu, na temperaturi do +25 \u00b0C.<\/span><\/p>\n<h2 style=\"text-align: justify;\"><span style=\"color: #000000;\">Pakiranje<\/span><\/h2>\n<p style=\"text-align: justify;\"><span style=\"color: #000000;\">30 ml (dovoljno za 30 dana redovnog uzimanja)<\/span><\/p>\n<p>[\/vc_column_text][\/vc_column][\/vc_row]<\/p>\n<\/div>","protected":false},"excerpt":{"rendered":"<p><span style=\"color: #000000;\">Bachove kapi u\u010dinkovito djeluju protiv razli\u010ditih emocionalnih tegoba pojedinca. Poma\u017eu u raznim krizama i te\u0161kim \u017eivotnim situacijama. Uz njih se smirujemo i \u010duvamo mirnu glavu. One djeluju na na\u0161e emocionalno stanje i poma\u017eu u njegovom uskla\u0111ivanju.<\/span><\/p>\n<p><span style=\"color: #000000;\">\ud83d\udc9a Kapi se pakiraju ru\u010dno i na dan otpreme.<\/span><br \/>\n<span style=\"color: #000000;\">\ud83d\udc9a Pogodne su za sve ljude (trudnice, starije osobe, djeca,&#8230;) i \u017eivotinje.<\/span><br \/>\n<span style=\"color: #000000;\">\ud83d\udc9a Nemaju nuspojave, ne stvaraju ovisnost i ne mogu se predozirati.<\/span><br \/>\n<span style=\"color: #000000;\">\ud83d\udc9a Prve rezultate mo\u017eete primijetiti nakon nekoliko dana ili tjedana, ovisi o svakom pojedincu.<\/span><br \/>\n<span style=\"color: #000000;\">\ud83d\udc9a Ne utje\u010de na druge lijekove.<\/span><\/p>\n","protected":false},"featured_media":6329,"comment_status":"open","ping_status":"closed","template":"","meta":{"_acf_changed":false},"product_brand":[],"product_cat":[15,204,216],"product_tag":[],"class_list":{"0":"post-7277","1":"product","2":"type-product","3":"status-publish","4":"has-post-thumbnail","6":"product_cat-uncategorized","7":"product_cat-bachove-kapi","8":"product_cat-svi-proizvodi-ponudba","10":"first","11":"instock","12":"sale","13":"taxable","14":"shipping-taxable","15":"purchasable","16":"product-type-simple"},"acf":[],"_links":{"self":[{"href":"https:\/\/fengchashop.com\/hr\/wp-json\/wp\/v2\/product\/7277","targetHints":{"allow":["GET"]}}],"collection":[{"href":"https:\/\/fengchashop.com\/hr\/wp-json\/wp\/v2\/product"}],"about":[{"href":"https:\/\/fengchashop.com\/hr\/wp-json\/wp\/v2\/types\/product"}],"replies":[{"embeddable":true,"href":"https:\/\/fengchashop.com\/hr\/wp-json\/wp\/v2\/comments?post=7277"}],"wp:featuredmedia":[{"embeddable":true,"href":"https:\/\/fengchashop.com\/hr\/wp-json\/wp\/v2\/media\/6329"}],"wp:attachment":[{"href":"https:\/\/fengchashop.com\/hr\/wp-json\/wp\/v2\/media?parent=7277"}],"wp:term":[{"taxonomy":"product_brand","embeddable":true,"href":"https:\/\/fengchashop.com\/hr\/wp-json\/wp\/v2\/product_brand?post=7277"},{"taxonomy":"product_cat","embeddable":true,"href":"https:\/\/fengchashop.com\/hr\/wp-json\/wp\/v2\/product_cat?post=7277"},{"taxonomy":"product_tag","embeddable":true,"href":"https:\/\/fengchashop.com\/hr\/wp-json\/wp\/v2\/product_tag?post=7277"}],"curies":[{"name":"wp","href":"https:\/\/api.w.org\/{rel}","templated":true}]}}