{"id":7275,"date":"2025-10-07T08:35:46","date_gmt":"2025-10-07T06:35:46","guid":{"rendered":"https:\/\/fengchashop.com\/hr\/?post_type=product&#038;p=7275"},"modified":"2026-04-28T11:19:56","modified_gmt":"2026-04-28T09:19:56","slug":"bachove-kapi-ljutnja","status":"publish","type":"product","link":"https:\/\/fengchashop.com\/hr\/product\/bachove-kapi-ljutnja\/","title":{"rendered":"Bachove kapi Ljutnja"},"content":{"rendered":"<div class=\"wpb-content-wrapper\"><p>[vc_row][vc_column][vc_column_text css=&#8221;&#8221;]<\/p>\n<h2 style=\"text-align: justify;\"><span style=\"color: #000000;\">Bachovi lijekovi za ljutnju<\/span><\/h2>\n<p><strong>Ljutnja<\/strong> je sna\u017ena emocija koja se mo\u017ee pojaviti kada se osje\u0107amo nepravedno, bespomo\u0107no ili preoptere\u0107eno. Iako je to potpuno prirodna reakcija, pretjerana i nekontrolirana ljutnja mo\u017ee negativno utjecati na na\u0161e odnose, zdravlje i op\u0107u dobrobit. Kada se nakupi u nama, \u010desto je popra\u0107ena napeto\u0161\u0107u, nemirom, nezadovoljstvom ili \u010dak osje\u0107ajem izgaranja. Zato je va\u017eno <strong>nau\u010diti upravljati ljutnjom na zdrav i uravnote\u017een na\u010din<\/strong>. Bachovi lijekovi nam u tome mogu pomo\u0107i, jer <strong>podr\u017eavaju emocionalnu ravnote\u017eu i unutarnji mir<\/strong>.<\/p>\n<p>Prve promjene mogu se osjetiti ve\u0107 nakon nekoliko dana ili tjedana &#8211; ovisi o svakoj pojedinki. Pripremljena smjesa dovoljna je za oko 30 dana, a kapi se mogu jednostavno nanijeti izravno na usta ili dodati u \u010da\u0161u vode.<\/p>\n<p><strong>Naj\u010de\u0161\u0107i uzroci ljutnje su:<\/strong><\/p>\n<ul>\n<li>osje\u0107aj nepravde ili nepo\u0161tovanja,<\/li>\n<li>preoptere\u0107enost i stres,<\/li>\n<li>neispunjena o\u010dekivanja,<\/li>\n<li>potiskivanje emocija i neizra\u017eenih potreba,<\/li>\n<li>osje\u0107aj bespomo\u0107nosti ili nedostatka kontrole.<\/li>\n<\/ul>\n<p><strong>Terapija Bachovim cvjetnim kapima za ljutnju pomo\u0107i \u0107e vam:<\/strong><\/p>\n<ul>\n<li>prona\u0107i unutarnji mir,<\/li>\n<li>lak\u0161e upravljati stresnim situacijama,<\/li>\n<li>osloboditi nakupljene emocije,<\/li>\n<li>smanjiti razdra\u017eljivost i impulzivnost,<\/li>\n<li>ponovno uspostaviti osje\u0107aj ravnote\u017ee.<\/li>\n<\/ul>\n<h2 style=\"text-align: justify;\"><span style=\"color: #000000;\">U\u010dinak Bachovih kapi<\/span><\/h2>\n<p>Bachove kapi u\u010dinkovito podr\u017eavaju <strong>emocionalnu ravnote\u017eu<\/strong>\u00a0i mogu biti korisne u suo\u010davanju s ljutnjom, koja \u010desto dovodi do napetosti, nemira i drugih emocionalnih tegoba. Bachove kapi nam tako\u0111er poma\u017eu u raznim krizama i te\u0161kim \u017eivotnim situacijama, isku\u0161enjima. Poma\u017eu nam da se smirimo i sa\u010duvamo mirnu glavu, jer utje\u010du na na\u0161e emocionalno stanje i poma\u017eu u njegovom uskla\u0111ivanju. Uz pomo\u0107 Bachovih kapi <strong>preuzimamo kontrolu nad svojim emocijama<\/strong>, stvaraju\u0107i tako harmoniju i time pronalaze\u0107i svoj unutarnji mir.<\/p>\n<p style=\"text-align: justify;\"><span style=\"color: #000000;\">Bachova terapija poti\u010de samolije\u010denje i duhovno opu\u0161tanje. Prema teoriji dr. Bacha je uzrok bolesti u neharmoni\u010dnom stanju odn. u nedostatku sklada izme\u0111u tijela i du\u0161e. Uz pomo\u0107 cvjetnih esencija nastojimo izlije\u010diti bolest <strong>iskori\u0161tavanjem pozitivnih svojstava cvije\u0107a<\/strong>, odnosno tako da nam poma\u017eu da uspostavimo ravnote\u017eu u sebi.<\/span><\/p>\n<p style=\"text-align: justify;\"><span style=\"color: #000000;\">Mje\u0161avine Bachovih kapi pripremaju se prema metodi Dr. Bacha, a <strong>koristimo samo originalne Bachove esencije<\/strong>.<\/span><\/p>\n<p style=\"text-align: justify;\"><span style=\"color: #000000;\">Bachove kapi se uzimaju iz bo\u010dice pomo\u0107u prilo\u017eene pipete, \u0161to \u010dini doziranje izuzetno lakim. Uzimajte 4 kapi 4 puta dnevno, rasporedite na cijeli dan. Bo\u010dica koju dobijete dovoljna je za 1 mjesec terapije. <\/span><\/p>\n<p style=\"text-align: justify;\"><span style=\"color: #000000;\">Svaka boca odabrane mje\u0161avine <strong>priprema se ru\u010dno i u hodu<\/strong>. Da bi smjesa dugo ostala svje\u017ea, koristimo malo alkohola (konjak). Rok trajanja smjese je 1 mjesec od datuma kupnje.<\/span><\/p>\n<p style=\"text-align: justify;\"><span style=\"color: #000000;\">Budu\u0107i da Bachove kapi <strong>nemaju nuspojava<\/strong>, ne mogu se predozirati i ne izazivaju ovisnost. Prikladni su za sve &#8211; trudnice, dojilje, starije osobe, djecu i \u017eivotinje.<\/span><\/p>\n<p style=\"text-align: justify;\"><span style=\"color: #000000;\">Ne utje\u010de na druge lijekove.<\/span><\/p>\n<h2 style=\"text-align: justify;\"><span style=\"color: #000000;\">Skladi\u0161tenje<\/span><\/h2>\n<p style=\"text-align: justify;\"><span style=\"color: #000000;\">\u010cuvati na suhom i tamnom mjestu, na temperaturi do +25 \u00b0C.<\/span><\/p>\n<h2 style=\"text-align: justify;\"><span style=\"color: #000000;\">Pakiranje<\/span><\/h2>\n<p style=\"text-align: justify;\"><span style=\"color: #000000;\">30 ml (dovoljno za 30 dana redovnog uzimanja)<\/span><\/p>\n<p>[\/vc_column_text][\/vc_column][\/vc_row]<\/p>\n<\/div>","protected":false},"excerpt":{"rendered":"<p><span style=\"color: #000000;\">Bachove kapi u\u010dinkovito djeluju protiv razli\u010ditih emocionalnih tegoba pojedinca. Poma\u017eu u raznim krizama i te\u0161kim \u017eivotnim situacijama. Uz njih se smirujemo i \u010duvamo mirnu glavu. One djeluju na na\u0161e emocionalno stanje i poma\u017eu u njegovom uskla\u0111ivanju.<\/span><\/p>\n<p><span style=\"color: #000000;\">\ud83d\udc9a Kapi se pakiraju ru\u010dno i na dan otpreme.<\/span><br \/>\n<span style=\"color: #000000;\">\ud83d\udc9a Pogodne su za sve ljude (trudnice, starije osobe, djeca,&#8230;) i \u017eivotinje.<\/span><br \/>\n<span style=\"color: #000000;\">\ud83d\udc9a Nemaju nuspojave, ne stvaraju ovisnost i ne mogu se predozirati.<\/span><br \/>\n<span style=\"color: #000000;\">\ud83d\udc9a Prve rezultate mo\u017eete primijetiti nakon nekoliko dana ili tjedana, ovisi o svakom pojedincu.<\/span><br \/>\n<span style=\"color: #000000;\">\ud83d\udc9a Ne utje\u010de na druge lijekove.<\/span><\/p>\n","protected":false},"featured_media":6329,"comment_status":"open","ping_status":"closed","template":"","meta":{"_acf_changed":false},"product_brand":[],"product_cat":[15,204,216],"product_tag":[],"class_list":{"0":"post-7275","1":"product","2":"type-product","3":"status-publish","4":"has-post-thumbnail","6":"product_cat-uncategorized","7":"product_cat-bachove-kapi","8":"product_cat-svi-proizvodi-ponudba","10":"first","11":"instock","12":"sale","13":"taxable","14":"shipping-taxable","15":"purchasable","16":"product-type-simple"},"acf":[],"_links":{"self":[{"href":"https:\/\/fengchashop.com\/hr\/wp-json\/wp\/v2\/product\/7275","targetHints":{"allow":["GET"]}}],"collection":[{"href":"https:\/\/fengchashop.com\/hr\/wp-json\/wp\/v2\/product"}],"about":[{"href":"https:\/\/fengchashop.com\/hr\/wp-json\/wp\/v2\/types\/product"}],"replies":[{"embeddable":true,"href":"https:\/\/fengchashop.com\/hr\/wp-json\/wp\/v2\/comments?post=7275"}],"wp:featuredmedia":[{"embeddable":true,"href":"https:\/\/fengchashop.com\/hr\/wp-json\/wp\/v2\/media\/6329"}],"wp:attachment":[{"href":"https:\/\/fengchashop.com\/hr\/wp-json\/wp\/v2\/media?parent=7275"}],"wp:term":[{"taxonomy":"product_brand","embeddable":true,"href":"https:\/\/fengchashop.com\/hr\/wp-json\/wp\/v2\/product_brand?post=7275"},{"taxonomy":"product_cat","embeddable":true,"href":"https:\/\/fengchashop.com\/hr\/wp-json\/wp\/v2\/product_cat?post=7275"},{"taxonomy":"product_tag","embeddable":true,"href":"https:\/\/fengchashop.com\/hr\/wp-json\/wp\/v2\/product_tag?post=7275"}],"curies":[{"name":"wp","href":"https:\/\/api.w.org\/{rel}","templated":true}]}}