{"id":7256,"date":"2025-10-06T14:03:30","date_gmt":"2025-10-06T12:03:30","guid":{"rendered":"https:\/\/fengchashop.com\/hr\/?post_type=product&#038;p=7256"},"modified":"2026-05-08T16:17:10","modified_gmt":"2026-05-08T14:17:10","slug":"chaga-bio","status":"publish","type":"product","link":"https:\/\/fengchashop.com\/hr\/product\/chaga-bio\/","title":{"rendered":"Chaga BIO 125 g"},"content":{"rendered":"<div class=\"wpb-content-wrapper\"><p>[vc_row][vc_column][vc_column_text css=&#8221;&#8221;]<\/p>\n<h2><span style=\"color: #000000\">Chaga \u2013 Inonotus obliquus BIO prah<\/span><\/h2>\n<p><span style=\"color: #000000\">Chaga, ili Inonotus obliquus, <strong>jedna je od va\u017enijih ljekovitih gljiva u tradicionalnoj kineskoj medicini<\/strong>. U hrvatskom jeziku naziva se i brezova gljiva jer podsje\u0107a na oguljenu koru breze. Dolazi sa Sibira gdje uspijeva na temperaturama od &#8211; 40 \u00b0C te se zbog toga smatra <strong>najmo\u0107nijim antioksidansom<\/strong> od svih poznatih ljekovitih gljiva. Chaga je parazitska gljiva koja raste na \u017eivim stablima (uglavnom brezi) i hrani se njihovim sokom. Chaga je adaptogena gljiva i smatra se jednim od najmo\u0107nijih antioksidansa. Ruski i japanski znanstvenici je \u010dak favoriziraju u odnosu na dobro poznatu gljivu Ganoderma lucidum (reishi gljiva).<\/span><\/p>\n<p><span style=\"color: #000000\">U obliku praha Chaga je bogata hranjivim tvarima, a njezino blagotvorno djelovanje znanstveno je dokazano. Studije u raznim zemljama diljem svijeta utvrdile su niz korisnih u\u010dinaka povezanih s redovitom konzumacijom ove gljive. Posebno djeluje <strong>protiv stresa<\/strong>, <strong>ja\u010da imunolo\u0161ki sustav<\/strong>, <strong>pobolj\u0161ava mentalne sposobnosti<\/strong>, <strong>regulira rad mi\u0161i\u0107a i \u017eivaca<\/strong> te ima svojstva koja <strong>usporavaju starenje<\/strong>.<\/span><\/p>\n<p><span style=\"color: #000000\">Za neke od aktivnih sastojaka gljivi chaga se \u010dak ka\u017ee da su jedinstveni.<\/span><\/p>\n<p><span style=\"color: #000000\">Proizvodnja na\u0161e gljive Chaga strogo je kontrolirana, bez upotrebe kemikalija ili pesticida i 100 % je organska. Kvalitetu gljiva redovito prate nezavisni laboratoriji u Sloveniji i SAD-u.<\/span><\/p>\n<h2><span style=\"color: #000000\">\u0160to sadr\u017ei i kome je namijenjena?<\/span><\/h2>\n<p><span style=\"color: #000000\">Chaga se sastoji od betulinske kiseline, polisaharida, beta glukana, lanosterola, vitamina i minerala. Betulinska kiselina smatra se inhibitorom melanoma. Istodobno, smanjuje upale u tijelu koje mogu uzrokovati razne bolesti. Betulinska kiselina igra va\u017enu ulogu i u postizanju niske razine lo\u0161eg LDL kolesterola. U literaturi se \u010dak spominje i djelovanje ove gljive <strong>protiv bolova<\/strong>.<\/span><\/p>\n<p><span style=\"color: #000000\">Svi elementi u gljivama prisutni su u velikim koli\u010dinama i vrlo pozitivno djeluju na na\u0161e tijelo.<\/span><\/p>\n<p><span style=\"color: #000000\">U kineskoj tradicionalnoj medicini upotrebljava se tisu\u0107ama godina i trenutno je <strong>jedna od najpopularnijih gljiva<\/strong> u suvremenom svijetu. Mnoge studije potvrdile su vezu izme\u0111u aktivnih sastojaka u gljivi Chaga i prevenciji ili lije\u010denju raka. Smatra se da uni\u0161tava bolesne stanice raka, ali ne \u0161teti zdravim stanicama. Njezini pozitivni u\u010dinci uklju\u010duju:<\/span><\/p>\n<p><span style=\"color: #000000\">\ud83d\udc9a djeluje protiv svih oblika raka, ja\u010da imunolo\u0161ki sustav, <\/span><br \/>\n<span style=\"color: #000000\">\ud83d\udc9a suzbija stres i njegove posljedice, <\/span><br \/>\n<span style=\"color: #000000\">\ud83d\udc9a ima analgetska i protuupalna svojstva, <\/span><br \/>\n<span style=\"color: #000000\">\ud83d\udc9a ona je antioksidans, <\/span><br \/>\n<span style=\"color: #000000\">\ud83d\udc9a pobolj\u0161ava misaone procese, <\/span><br \/>\n<span style=\"color: #000000\">\ud83d\udc9a suzbija proces starenja, <\/span><br \/>\n<span style=\"color: #000000\">\ud83d\udc9a mo\u017ee regulirati i funkciju mi\u0161i\u0107a i \u017eivaca, pove\u0107avaju\u0107i fizi\u010dku izvedbu, <\/span><br \/>\n<span style=\"color: #000000\">\ud83d\udc9a smanjuje umor, pobolj\u0161ava imunitet i poma\u017ee vam da bolje spavate. <\/span><\/p>\n<p><span style=\"color: #000000\">Preporu\u010duje se uglavnom kao dodatak prehrani s visokim udjelom antioksidansa za odr\u017eavanje na\u0161eg zdravlja. \u0160titi nas od bolesti i ja\u010da imunolo\u0161ki sustav. Istovremeno, usporava proces starenja.<\/span><br \/>\n<span style=\"color: #000000\">I ono \u0161to je ovdje iznimno va\u017eno jest to da je gljiva Chaga 100 % prirodni proizvod koji nam mo\u017ee pomo\u0107i na prirodan na\u010din. Pobolj\u0161ava simptome na\u0161ih tegoba i ima pozitivan u\u010dinak na na\u0161e cjelokupno stanje.<\/span><\/p>\n<h2><span style=\"color: #000000\">Za\u0161to gljive?<\/span><\/h2>\n<p><span style=\"color: #000000\">Gljive su vrlo zanimljive. Nisu ni biljke ni \u017eivotinje, ali ono \u0161to zaista jesu <strong>zanimljivi organizmi<\/strong> koji su uspjeli pre\u017eivjeti skoro pa od nastanka svijeta. Razvile su specifi\u010dnu strategiju pre\u017eivljavanja koja ih je odr\u017eala do danas. I ljudi mogu imati koristi od njihovih blagodati konzumacijom medicinskih gljiva. Donose nam ravnote\u017eu na fizi\u010dkoj razini i \u0161tite nas od mnogih bolesti. Mogu biti <strong>preventivne<\/strong>, ali i pru\u017eati<strong> potporu lije\u010denju<\/strong> uz konvencionalne ili druge nekonvencionalne tretmane za mnoge (moderne) bolesti. Gljivama se tradicionalno pripisuje djelovanje kod osoba s rakom, autoimunim bolestima i alergijama. Dobre su i za zdrav i jak imunolo\u0161ki odgovor. Me\u0111utim, medicinska istra\u017eivanja provedena posljednjih desetlje\u0107a, kada su gljive postale zanimljive zapadnom svijetu, potvrdila su mnoge njihove terapeutske u\u010dinke.<\/span><\/p>\n<p><span style=\"color: #000000\">S obzirom na to da su odre\u0111eni prirodni aktivni sastojci neprobavljivi ili te\u0161ko probavljivi, vrlo je va\u017eno konzumirati samo najbolje gljive u prahu. Gljive moraju biti pravilno uzgojene, osu\u0161ene i pripremljene. Moraju se samljeti u fini prah bez grudica. Boja praha je svjetlija, ali ona ovisi i o vrsti gljive koju upotrebljavate. Budu\u0107i da su gljive toliko u\u010dinkovite upravo zato \u0161to imaju sposobnost apsorbirati sve \u2013 i dobro i lo\u0161e \u2013 iz okoli\u0161a, va\u017eno je upotrebljavati one organske.<\/span><\/p>\n<h2><span style=\"color: #000000\">Ambala\u017ea<\/span><\/h2>\n<p><span style=\"color: #000000\">Nepropusna vre\u0107ica s patentnim zatvara\u010dem u kojoj proizvod zadr\u017eava svu svoju svje\u017einu i aromu. Ambala\u017ea \u0161titi od svjetlosti i zraka, jer je napravljena od nekoliko slojeva za\u0161tite koji \u010duvaju svojstva sadr\u017eaja.<\/span><\/p>\n<p><span style=\"color: #000000\">Ambala\u017ea je vrlo prakti\u010dna i mo\u017ee se reciklirati.<\/span><\/p>\n<h2><span style=\"color: #000000\">Spremanje i upozorenja<\/span><\/h2>\n<p><span style=\"color: #000000\">\u010cuvajte na hladnom i suhom mjestu. Dodatak prehrani \u010duvajte izvan dohvata djece!<\/span><\/p>\n<p><span style=\"color: #000000\">Zapamtite va\u017enost raznovrsne prehrane i zdravog na\u010dina \u017eivota, dodatak prehrani nije zamjena za uravnote\u017eenu i raznoliku prehranu. Preporu\u010dena dnevna koli\u010dina ili doza ne smije se prekora\u010diti. Trudnicama i dojiljama uvijek se savjetuje da se prije upotrebe posavjetuju s lije\u010dnikom.<\/span><\/p>\n<h2><span style=\"color: #000000\">Dobro je znati<\/span><\/h2>\n<p><span style=\"color: #000000\">Proizvod je pogodan i za \u017eivotinje. U ve\u0107ini slu\u010dajeva, ljekovite gljive pokazuju se iznimno u\u010dinkovitima u ja\u010danju imunolo\u0161kog sustava, lije\u010denju alergija i ko\u017enih poreme\u0107aja te virusnih i bakterijskih infekcija. Prije upotrebe posavjetujte se sa svojim veterinarom kako biste utvrdili preporu\u010dljivost primjene i preporu\u010denu dnevnu koli\u010dinu.<\/span><\/p>\n<h2><span style=\"color: #000000\">Podrijetlo<\/span><\/h2>\n<p>Kina<\/p>\n<p>Imamo vrlo pouzdane dobavlja\u010de koji nam \u0161alju detaljne kemijske analize hrane za svaku seriju. U vi\u0161e od deset godina nismo imali nikakvih povla\u010denja ili bilo kakvih drugih problema s ovim artiklom, niti s drugim artiklima istog dobavlja\u010da.<\/p>\n<p>Artik je 100% organski certificiran.[\/vc_column_text][\/vc_column][\/vc_row]<\/p>\n<\/div>","protected":false},"excerpt":{"rendered":"<p align=\"JUSTIFY\"><span class=\"JLqJ4b ChMk0b\" data-language-for-alternatives=\"hr\" data-language-to-translate-into=\"sl\" data-phrase-index=\"0\" data-number-of-phrases=\"2\">Chaga ili Inonotus obliquus jedna je <strong>od va\u017enijih ljekovitih gljiva<\/strong> u <strong>tradicionalnoj kineskoj medicini<\/strong>.<\/span> <span class=\"JLqJ4b ChMk0b\" data-language-for-alternatives=\"hr\" data-language-to-translate-into=\"sl\" data-phrase-index=\"1\" data-number-of-phrases=\"2\">Potje\u010de iz Sibira, gdje raste na -40\u00b0C, a smatra se <strong>najja\u010dim antioksidansom<\/strong> me\u0111u svim poznatim ljekovitim gljivama.<\/span><\/p>\n<p>\ud83d\udc9a Djeluje protiv svih oblika karcinoma, ja\u010da imunitet.<br \/>\n\ud83d\udc9a Djeluje protiv stresa i njegovih posljedica.<br \/>\n\ud83d\udc9a <span class=\"VIiyi\" lang=\"hr\"><span class=\"JLqJ4b ChMk0b\" data-language-for-alternatives=\"hr\" data-language-to-translate-into=\"sl\" data-phrase-index=\"0\" data-number-of-phrases=\"1\">Ima analgetsko i protuupalno djelovanje.<\/span><\/span><br \/>\n\ud83d\udc9a <span class=\"VIiyi\" lang=\"hr\"><span class=\"JLqJ4b ChMk0b\" data-language-for-alternatives=\"hr\" data-language-to-translate-into=\"sl\" data-phrase-index=\"0\" data-number-of-phrases=\"1\">Ima antioksidativni u\u010dinak.<\/span><\/span><\/p>\n","protected":false},"featured_media":5882,"comment_status":"open","ping_status":"closed","template":"","meta":{"_acf_changed":false},"product_brand":[],"product_cat":[15,198,216],"product_tag":[],"class_list":{"0":"post-7256","1":"product","2":"type-product","3":"status-publish","4":"has-post-thumbnail","6":"product_cat-uncategorized","7":"product_cat-ljekovite-gljive","8":"product_cat-svi-proizvodi-ponudba","10":"first","11":"instock","12":"sale","13":"taxable","14":"shipping-taxable","15":"purchasable","16":"product-type-simple"},"acf":[],"_links":{"self":[{"href":"https:\/\/fengchashop.com\/hr\/wp-json\/wp\/v2\/product\/7256","targetHints":{"allow":["GET"]}}],"collection":[{"href":"https:\/\/fengchashop.com\/hr\/wp-json\/wp\/v2\/product"}],"about":[{"href":"https:\/\/fengchashop.com\/hr\/wp-json\/wp\/v2\/types\/product"}],"replies":[{"embeddable":true,"href":"https:\/\/fengchashop.com\/hr\/wp-json\/wp\/v2\/comments?post=7256"}],"wp:featuredmedia":[{"embeddable":true,"href":"https:\/\/fengchashop.com\/hr\/wp-json\/wp\/v2\/media\/5882"}],"wp:attachment":[{"href":"https:\/\/fengchashop.com\/hr\/wp-json\/wp\/v2\/media?parent=7256"}],"wp:term":[{"taxonomy":"product_brand","embeddable":true,"href":"https:\/\/fengchashop.com\/hr\/wp-json\/wp\/v2\/product_brand?post=7256"},{"taxonomy":"product_cat","embeddable":true,"href":"https:\/\/fengchashop.com\/hr\/wp-json\/wp\/v2\/product_cat?post=7256"},{"taxonomy":"product_tag","embeddable":true,"href":"https:\/\/fengchashop.com\/hr\/wp-json\/wp\/v2\/product_tag?post=7256"}],"curies":[{"name":"wp","href":"https:\/\/api.w.org\/{rel}","templated":true}]}}