{"id":6838,"date":"2025-06-09T10:03:02","date_gmt":"2025-06-09T08:03:02","guid":{"rendered":"https:\/\/fengchashop.com\/hr\/?post_type=product&#038;p=6838"},"modified":"2026-05-07T00:06:49","modified_gmt":"2026-05-06T22:06:49","slug":"kudzu-u-prahu","status":"publish","type":"product","link":"https:\/\/fengchashop.com\/hr\/product\/kudzu-u-prahu\/","title":{"rendered":"Kudzu u prahu 250 g"},"content":{"rendered":"<h2><strong>\u0160to je kudzu?<\/strong><\/h2>\n<p><strong>Kudzu<\/strong> (izgovara se: <em>k\u00fadzu<\/em>) je brzorastu\u0107a penja\u010dica porijeklom iz isto\u010dne Azije \u2013 uglavnom Kine, Japana i Koreje. Naziva se i japanski divlji jam ili korijen kudzua. Izvorno se koristio za sto\u010dnu hranu, zeleno gnojivo i kontrolu erozije tla. U 19. stolje\u0107u biljka je uvedena i u Sjedinjene Ameri\u010dke Dr\u017eave, gdje se pokazala kao invazivna vrsta, jer mo\u017ee brzo prerasti cijela podru\u010dja, uklju\u010duju\u0107i \u0161ume, farme i ceste.<\/p>\n<p>Kudzu pripada porodici mahunarki (Fabaceae) i srodnik je mahunarki. Ima velike, trostruke (trostruke) listove, ljubi\u010daste cvjetove i debelo korijenje koje <strong>sadr\u017ei mnoge hranjive tvari i ljekovita svojstva<\/strong>.<\/p>\n<p>Kudzu je izuzetno zanimljiva biljka s dugom povije\u0161\u0107u upotrebe <strong>u tradicionalnoj medicini<\/strong>. U obliku praha, pogodan je za dodatak prehrani, posebno <strong>za potporu jetri, cirkulaciji krvi i hormonskoj ravnote\u017ei<\/strong>.<\/p>\n<h2><strong>Ljekoviti u\u010dinci<\/strong><\/h2>\n<p>Kudzu se stolje\u0107ima koristi u tradicionalnoj kineskoj medicini. Korijen sadr\u017ei <strong>izoflavone<\/strong>, posebno <strong>daidzein<\/strong>, <strong>daidzin<\/strong> i <strong>puerarin<\/strong>, koji imaju va\u017ena farmakolo\u0161ka svojstva.<\/p>\n<p><strong>Glavni u\u010dinci:<\/strong><\/p>\n<p><strong>\ud83d\udc9a Detoksikacija jetre:<\/strong> koristi se kod problema s alkoholom &#8211; ka\u017ee se da poma\u017ee u smanjenju \u017eudnje za alkoholom i podr\u017eava jetru.<\/p>\n<p><strong>\ud83d\udc9a Olak\u0161anje migrene i glavobolje<\/strong><\/p>\n<p><strong>\ud83d\udc9a Sni\u017eava krvni tlak i pobolj\u0161ava cirkulaciju krvi<\/strong><\/p>\n<p><strong>\ud83d\udc9a Ubla\u017eava simptome menopauze:<\/strong> djeluje sli\u010dno fitoestrogenima.<\/p>\n<p><strong>\ud83d\udc9a Protuupalni u\u010dinak:<\/strong> poma\u017ee kod upale i bolova u mi\u0161i\u0107ima.<\/p>\n<p><strong>\ud83d\udc9a Pomo\u0107 kod dijabetesa tipa 2:<\/strong> neka istra\u017eivanja pokazuju da pobolj\u0161ava osjetljivost na inzulin.<\/p>\n<p><strong>\ud83d\udc9a Antioksidativni u\u010dinak:<\/strong> djeluje kao hvata\u010d slobodnih radikala.<\/p>\n<p><strong>\ud83d\udc9a Ubla\u017eavanje probavnih problema:<\/strong> koristi se kod proljeva, gr\u010deva, iritacije \u017eeluca, ima umiruju\u0107i u\u010dinak na gastrointestinalni trakt i crijeva.<\/p>\n<p><strong>\ud83d\udc9a Neuroprotektivni u\u010dinak:<\/strong> \u0161titi \u017eiv\u010dane stanice od oksidativnog stresa, poma\u017ee kod vrtoglavice, vertiga i tinitusa.<\/p>\n<p><strong>\ud83d\udc9a Antimikrobni i antivirusni u\u010dinak: <\/strong> ima antibakterijska svojstva, inhibitorni u\u010dinak na viruse gripe.<\/p>\n<h2><strong>Skladi\u0161tenje i upozorenja<\/strong><\/h2>\n<p>\u010cuvati na suhom i hladnom mjestu na temperaturi do 25 \u00b0C. Dodatak prehrani \u010duvati izvan dohvata djece!<\/p>\n<p>Imajte na umu va\u017enost raznolike prehrane i zdravog na\u010dina \u017eivota, stoga dodatak prehrani nije zamjena za uravnote\u017eenu i raznoliku prehranu. Preporu\u010dena dnevna koli\u010dina ili doza ne smije se prekora\u010diti.<\/p>\n<p>Ne preporu\u010dujemo njegovu upotrebu trudnicama i dojiljama te djeci. Preporu\u010duje se da se posavjetujete s lije\u010dnikom za vi\u0161e informacija ako imate bilo kakvih zdravstvenih problema. Zbog fitoestrogena nije prikladan za osobe s bolestima osjetljivim na estrogen (npr. rak dojke). Mo\u017ee utjecati na krvni tlak, dijabetes ili hormonske lijekove.<\/p>\n<h2><strong>Pakiranje<\/strong><\/h2>\n<p>Hermeti\u010dki zatvorena vre\u0107ica s patentnim zatvara\u010dem, gdje proizvod zadr\u017eava svu svoju svje\u017einu i aromu. Pakiranje \u0161titi od svjetlosti i zraka, jer se sastoji od nekoliko slojeva za\u0161tite koji \u010duvaju svojstva sadr\u017eaja.<\/p>\n<p>Pakiranje je vrlo prakti\u010dno i omogu\u0107uje recikliranje.<\/p>\n<h2><strong>Podrijetlo<\/strong><\/h2>\n<p>Japan<\/p>\n","protected":false},"excerpt":{"rendered":"<p>Kudzu se stolje\u0107ima koristi u tradicionalnoj kineskoj medicini. Iznimno je zanimljiva biljka s dugom povije\u0161\u0107u upotrebe u tradicionalnoj medicini. U obliku praha pogodan je za dodatak prehrani, posebno za:<\/p>\n<p><span style=\"color: #000000\">\ud83d\udc9a <\/span><strong>podr\u0161ku jetri,<\/strong><\/p>\n<p><strong><span style=\"color: #000000\">\ud83d\udc9a <\/span>cirkulaciju krvi i<\/strong><\/p>\n<p><strong><span style=\"color: #000000\">\ud83d\udc9a <\/span>hormonalnu ravnote\u017eu<\/strong>.<\/p>\n","protected":false},"featured_media":6839,"comment_status":"open","ping_status":"closed","template":"","meta":{"_acf_changed":false},"product_brand":[],"product_cat":[15,195,216],"product_tag":[],"class_list":{"0":"post-6838","1":"product","2":"type-product","3":"status-publish","4":"has-post-thumbnail","6":"product_cat-uncategorized","7":"product_cat-superhrana","8":"product_cat-svi-proizvodi-ponudba","10":"first","11":"instock","12":"taxable","13":"shipping-taxable","14":"purchasable","15":"product-type-simple"},"acf":[],"_links":{"self":[{"href":"https:\/\/fengchashop.com\/hr\/wp-json\/wp\/v2\/product\/6838","targetHints":{"allow":["GET"]}}],"collection":[{"href":"https:\/\/fengchashop.com\/hr\/wp-json\/wp\/v2\/product"}],"about":[{"href":"https:\/\/fengchashop.com\/hr\/wp-json\/wp\/v2\/types\/product"}],"replies":[{"embeddable":true,"href":"https:\/\/fengchashop.com\/hr\/wp-json\/wp\/v2\/comments?post=6838"}],"wp:featuredmedia":[{"embeddable":true,"href":"https:\/\/fengchashop.com\/hr\/wp-json\/wp\/v2\/media\/6839"}],"wp:attachment":[{"href":"https:\/\/fengchashop.com\/hr\/wp-json\/wp\/v2\/media?parent=6838"}],"wp:term":[{"taxonomy":"product_brand","embeddable":true,"href":"https:\/\/fengchashop.com\/hr\/wp-json\/wp\/v2\/product_brand?post=6838"},{"taxonomy":"product_cat","embeddable":true,"href":"https:\/\/fengchashop.com\/hr\/wp-json\/wp\/v2\/product_cat?post=6838"},{"taxonomy":"product_tag","embeddable":true,"href":"https:\/\/fengchashop.com\/hr\/wp-json\/wp\/v2\/product_tag?post=6838"}],"curies":[{"name":"wp","href":"https:\/\/api.w.org\/{rel}","templated":true}]}}