{"id":6829,"date":"2025-08-28T12:43:27","date_gmt":"2025-08-28T10:43:27","guid":{"rendered":"https:\/\/fengchashop.com\/hr\/?post_type=product&#038;p=6829"},"modified":"2026-04-28T12:59:10","modified_gmt":"2026-04-28T10:59:10","slug":"hericium-erinaceus-bio-eu-podrijetlo-2","status":"publish","type":"product","link":"https:\/\/fengchashop.com\/hr\/product\/hericium-erinaceus-bio-eu-podrijetlo-2\/","title":{"rendered":"Hericium erinaceus BIO EU podrijetlo 500 g"},"content":{"rendered":"<h2><span style=\"color: #000000\">Hericium erinaceus (lavlja griva)<\/span><\/h2>\n<p><span style=\"color: #000000\"><strong>Hericium erinaceus<\/strong>, ili <strong>lavlja griva<\/strong>, iznimno je ukusna i cijenjena jestiva i ljekovita gljiva. Raste na drvetu sru\u0161enih stabala, uglavnom na sjevernoj hemisferi (Europa, isto\u010dna Azija, Sjeverna Amerika). Ima prepoznatljiv oblik i teksturu, nalik na bradu, uklju\u010duju\u0107i lavlju grivu. Vrlo je cijenjena u tradicionalnoj medicini zbog svojeg djelovanja i naziva se <strong>\u201ehrana iz prirode za neurone\u201d<\/strong>. Stoga je pogodna <strong>i za oslabljeni \u017eiv\u010dani sustav<\/strong>. Redoviti unos blagotvorno djeluje na \u017eiv\u010dani sustav, poma\u017ee u prevenciji i lije\u010denju demencije i multiple skleroze. Njezina pozitivna svojstva o\u010dituju se i u djelovanju na dvije sve \u010de\u0161\u0107e suvremene bolesti, depresiju i anksioznost.<\/span><\/p>\n<p><span style=\"color: #000000\">Gljiva lavlja griva ima <strong>dugu tradiciju<\/strong> u tradicionalnoj kineskoj medicini i vrlo je <strong>cijenjena gljiva<\/strong>.<\/span><\/p>\n<p><span style=\"color: #000000\">U obliku praha, Hericium erinaceus sadr\u017ei mnoge hranjive tvari. I u tom obliku, na\u0161a tijela mogu ih iskoristiti. Njezini u\u010dinci tako\u0111er <strong>su znanstveno dokazani<\/strong>. <\/span><\/p>\n<p><span style=\"color: #000000\">Proizvodnja na\u0161e gljive Hericum erinaceus strogo je kontrolirana, bez upotrebe kemikalija ili pesticida i 100 % je organska. Kvalitetu gljiva redovito prate nezavisni laboratoriji u Sloveniji i SAD-u.<\/span><\/p>\n<p><span style=\"color: #000000\">Mnogi pozitivni u\u010dinci te gljive su:<\/span><\/p>\n<p><span style=\"color: #000000\">\ud83d\udc9a ona je antioksidans, <\/span><br \/>\n<span style=\"color: #000000\">\ud83d\udc9a poma\u017ee kod depresije i anksioznosti, <\/span><br \/>\n<span style=\"color: #000000\">\ud83d\udc9a pobolj\u0161ava san, <\/span><br \/>\n<span style=\"color: #000000\">\ud83d\udc9a pobolj\u0161ava funkciju pam\u0107enja, <\/span><br \/>\n<span style=\"color: #000000\">\ud83d\udc9a stimulira imunolo\u0161ki sustav, <\/span><br \/>\n<span style=\"color: #000000\">\ud83d\udc9a blagotvorno djeluje na cijeli \u017eiv\u010dani sustav i poti\u010de njegovu regeneraciju, <\/span><br \/>\n<span style=\"color: #000000\">\ud83d\udc9a poma\u017ee i sprje\u010dava kardiovaskularne bolesti, <\/span><br \/>\n<span style=\"color: #000000\">\ud83d\udc9a antibakterijska je. <\/span><\/p>\n<h2><span style=\"color: #000000\">\u0160to sadr\u017ei i kome je namijenjena?<\/span><\/h2>\n<p><span style=\"color: #000000\">Aktivne komponente gljive Hericum erinaceus uklju\u010duju <strong>betaglukane<\/strong>, koji su tipi\u010dni za gljive. Takozvani HEP3 jedan je od farmakolo\u0161ki zanimljivijih 1-3D-beta glukana. <strong>Polisaharidi<\/strong> i <strong>polipeptidi<\/strong> tako\u0111er se nalaze u gljivama, kao i <strong>fitosteroli<\/strong> kao \u0161to su beta sitosterol i ergosterol, esencijalni minerali i <strong>elementi u tragovima<\/strong> (Zn, Fe, Se, Ge, itd.), <strong>niacin, biotin i vitamin D<\/strong>.<\/span><\/p>\n<p><span style=\"color: #000000\">Zbog visokokvalitetnog sastava aminokiselina, gljiva lavlja griva ima <strong>najve\u0107u biolo\u0161ku vrijednost u<\/strong> odnosu na ostale jestive gljive (\u0161ampinjone, bukova\u010de i shiitake gljive) te je stoga <strong>dobra zamjena za meso<\/strong> u vegetarijanskoj prehrani.<\/span><\/p>\n<p><span style=\"color: #000000\">Svi elementi u gljivama prisutni su u velikim koli\u010dinama i vrlo pozitivno djeluju na na\u0161e tijelo. Upotreba gljive lavlja griva osobito se preporu\u010duje onima kojima je potrebna podr\u0161ka za rad \u017eiv\u010danog sustava i mozga. Prema znanstvenim spoznajama, izvrsna je i za simptome depresije i anksioznosti. \u010cesto se upotrebljava i za ja\u010danje imunolo\u0161kog sustava.<\/span><\/p>\n<p><span style=\"color: #000000\">I ono \u0161to je ovdje iznimno va\u017eno jest to da je gljiva Hericium erinaceus <strong>100 % prirodni proizvod<\/strong> koji nam mo\u017ee pomo\u0107i na prirodan na\u010din. Pobolj\u0161ava simptome na\u0161ih tegoba i ima pozitivan u\u010dinak na na\u0161e cjelokupno stanje.<\/span><\/p>\n<h2><span style=\"color: #000000\">Za\u0161to gljive?<\/span><\/h2>\n<p><span style=\"color: #000000\">Gljive su vrlo zanimljive. Nisu ni biljke ni \u017eivotinje, ali ono \u0161to zaista jesu <strong>zanimljivi organizmi<\/strong> koji su uspjeli pre\u017eivjeti skoro pa od nastanka svijeta. Razvile su specifi\u010dnu strategiju pre\u017eivljavanja koja ih je odr\u017eala do danas. I ljudi mogu imati koristi od njihovih blagodati konzumacijom medicinskih gljiva. Donose nam ravnote\u017eu na fizi\u010dkoj razini i \u0161tite nas od mnogih bolesti. Mogu biti <strong>preventivne<\/strong>, ali i pru\u017eati <strong>potporu lije\u010denju<\/strong> uz konvencionalne ili druge nekonvencionalne tretmane za mnoge (moderne) bolesti. Gljivama se tradicionalno pripisuje djelovanje kod osoba s rakom, autoimunim bolestima i alergijama. Dobre su i za zdrav i jak imunolo\u0161ki odgovor. Me\u0111utim, medicinska istra\u017eivanja provedena posljednjih desetlje\u0107a, kada su gljive postale zanimljive zapadnom svijetu, potvrdila su mnoge njihove terapeutske u\u010dinke.<\/span><\/p>\n<p><span style=\"color: #000000\">S obzirom na to da su odre\u0111eni prirodni aktivni sastojci neprobavljivi ili te\u0161ko probavljivi, vrlo je va\u017eno konzumirati samo najbolje gljive u prahu. Gljive moraju biti pravilno uzgojene, osu\u0161ene i pripremljene. Moraju se samljeti u fini prah bez grudica. Boja praha je svjetlija, ali ona ovisi i o vrsti gljive koju upotrebljavate. Budu\u0107i da su gljive toliko u\u010dinkovite upravo zato \u0161to imaju sposobnost apsorbirati sve \u2013 i dobro i lo\u0161e \u2013 iz okoli\u0161a, va\u017eno je upotrebljavati <strong>one organske<\/strong>.<\/span><\/p>\n<h2><span style=\"color: #000000\">Ambala\u017ea<\/span><\/h2>\n<p><span style=\"color: #000000\">Nepropusna vre\u0107ica s patentnim zatvara\u010dem u kojoj proizvod zadr\u017eava svu svoju svje\u017einu i aromu. Ambala\u017ea \u0161titi od svjetlosti i zraka, jer je napravljena od nekoliko slojeva za\u0161tite koji \u010duvaju svojstva sadr\u017eaja.<\/span><\/p>\n<p><span style=\"color: #000000\">Ambala\u017ea je vrlo prakti\u010dna i mo\u017ee se reciklirati.<\/span><\/p>\n<h2><span style=\"color: #000000\">Spremanje i upozorenja<\/span><\/h2>\n<p><span style=\"color: #000000\">\u010cuvajte na hladnom i suhom mjestu. Dodatak prehrani \u010duvajte izvan dohvata djece!<\/span><\/p>\n<p><span style=\"color: #000000\">Zapamtite va\u017enost raznovrsne prehrane i zdravog na\u010dina \u017eivota, dodatak prehrani nije zamjena za uravnote\u017eenu i raznoliku prehranu. Preporu\u010dena dnevna koli\u010dina ili doza ne smije se prekora\u010diti. Trudnicama i dojiljama uvijek se savjetuje da se prije upotrebe posavjetuju s lije\u010dnikom.<\/span><\/p>\n<h2><span style=\"color: #000000\">Dobro je znati<\/span><\/h2>\n<p><span style=\"color: #000000\">Proizvod je pogodan i za \u017eivotinje. U ve\u0107ini slu\u010dajeva, ljekovite gljive pokazuju se iznimno u\u010dinkovitima u ja\u010danju imunolo\u0161kog sustava, lije\u010denju alergija i ko\u017enih poreme\u0107aja te virusnih i bakterijskih infekcija. Prije upotrebe posavjetujte se sa svojim veterinarom kako biste utvrdili preporu\u010dljivost primjene i preporu\u010denu dnevnu koli\u010dinu.<\/span><\/p>\n<h2><span style=\"color: #000000\">Podrijetlo<\/span><\/h2>\n<p><span style=\"color: #000000\">EU<\/span><\/p>\n","protected":false},"excerpt":{"rendered":"<p><strong>Hericium erinaceus<\/strong> ili <strong>resasti igli\u010dar<\/strong> je izuzetno ukusna i cijenjena jestiva i <strong>ljekovita gljiva<\/strong>. U tradicionalnoj medicini vrlo je cijenjen zbog svog djelovanja i naziva se &#8220;<strong>Prirodna hrana za neurone<\/strong>&#8220;. Stoga je pogodan i za <strong>oslabljen \u017eiv\u010dani sustav<\/strong>.<\/p>\n<p>\ud83d\udc9a Ima antioksidativni u\u010dinak.<\/p>\n<p>\ud83d\udc9a Poma\u017ee kod depresije i anksioznosti.<\/p>\n<p>\ud83d\udc9a Pobolj\u0161ava performanse memorije.<\/p>\n<p>\ud83d\udc9a Stimulira imunolo\u0161ki sistem.<\/p>\n<p>\ud83d\udc9a Blagotvorno djeluje na cijeli \u017eiv\u010dani sustav.<\/p>\n","protected":false},"featured_media":5896,"comment_status":"open","ping_status":"closed","template":"","meta":{"_acf_changed":false},"product_brand":[],"product_cat":[15,198,218,216],"product_tag":[],"class_list":{"0":"post-6829","1":"product","2":"type-product","3":"status-publish","4":"has-post-thumbnail","6":"product_cat-uncategorized","7":"product_cat-ljekovite-gljive","8":"product_cat-najprodavaniji","9":"product_cat-svi-proizvodi-ponudba","11":"first","12":"outofstock","13":"taxable","14":"shipping-taxable","15":"purchasable","16":"product-type-simple"},"acf":[],"_links":{"self":[{"href":"https:\/\/fengchashop.com\/hr\/wp-json\/wp\/v2\/product\/6829","targetHints":{"allow":["GET"]}}],"collection":[{"href":"https:\/\/fengchashop.com\/hr\/wp-json\/wp\/v2\/product"}],"about":[{"href":"https:\/\/fengchashop.com\/hr\/wp-json\/wp\/v2\/types\/product"}],"replies":[{"embeddable":true,"href":"https:\/\/fengchashop.com\/hr\/wp-json\/wp\/v2\/comments?post=6829"}],"wp:featuredmedia":[{"embeddable":true,"href":"https:\/\/fengchashop.com\/hr\/wp-json\/wp\/v2\/media\/5896"}],"wp:attachment":[{"href":"https:\/\/fengchashop.com\/hr\/wp-json\/wp\/v2\/media?parent=6829"}],"wp:term":[{"taxonomy":"product_brand","embeddable":true,"href":"https:\/\/fengchashop.com\/hr\/wp-json\/wp\/v2\/product_brand?post=6829"},{"taxonomy":"product_cat","embeddable":true,"href":"https:\/\/fengchashop.com\/hr\/wp-json\/wp\/v2\/product_cat?post=6829"},{"taxonomy":"product_tag","embeddable":true,"href":"https:\/\/fengchashop.com\/hr\/wp-json\/wp\/v2\/product_tag?post=6829"}],"curies":[{"name":"wp","href":"https:\/\/api.w.org\/{rel}","templated":true}]}}