{"id":6824,"date":"2025-02-25T09:41:56","date_gmt":"2025-02-25T08:41:56","guid":{"rendered":"https:\/\/fengchashop.com\/hr\/?post_type=product&#038;p=6824"},"modified":"2026-04-30T07:02:29","modified_gmt":"2026-04-30T05:02:29","slug":"cistus-creticus-bio","status":"publish","type":"product","link":"https:\/\/fengchashop.com\/hr\/product\/cistus-creticus-bio\/","title":{"rendered":"Cistus creticus BIO 100 g"},"content":{"rendered":"<h2><strong>Cistus creticus (Zistroza) BIO<\/strong><\/h2>\n<p><strong>Cistus creticus ili zistroza<\/strong> je aromati\u010dna, grmolika biljka koja potje\u010de uglavnom iz Mediterana &#8211; posebno s gr\u010dkog otoka Krete, gdje uspijeva u su\u0161nim, kamenitim okru\u017eenjima. Listovi biljke prekriveni su ljepljivim smolama (labdanum), koje su bogate polifenolima &#8211; prirodnim antioksidansima.<\/p>\n<p>Koristi se kao \u010daj. Cistus creticus poznat je <strong>kao prirodna biljka za podr\u0161ku imunolo\u0161kom sustavu<\/strong>.<\/p>\n<h2><strong>\u010caj od Cistus creticus cijenjen je zbog sljede\u0107ih svojstava:<\/strong><\/h2>\n<p><strong>\ud83d\udc9a Sna\u017ean antioksidans<\/strong>: Bogat izvor polifenola koji poma\u017eu u za\u0161titi stanica od slobodnih radikala.<\/p>\n<p><strong>\ud83d\udc9a Podr\u0161ka imunolo\u0161kom sustavu<\/strong>: Prirodno ja\u010da otpornost tijela, posebno tijekom sezone prehlade i gripe.<\/p>\n<p><strong>\ud83d\udc9a Antibakterijsko i antivirusno djelovanje<\/strong>: Tradicionalno se koristi za za\u0161titu od infekcija.<\/p>\n<p><strong>\ud83d\udc9a Protuupalno djelovanje<\/strong>: Poma\u017ee u ubla\u017eavanju upala u tijelu.<\/p>\n<p><strong>\ud83d\udc9a Probavni u\u010dinak<\/strong>: Poma\u017ee u ubla\u017eavanju problema poput nadutosti i \u017eelu\u010danih tegoba.<\/p>\n<p><strong>\ud83d\udc9a Primjena na ko\u017ei<\/strong>: Tako\u0111er se koristi u obliku obloga ili kupki za probleme s ko\u017eom (npr. akne, ekcem).<\/p>\n<h2><strong>Skladi\u0161tenje i upozorenja<\/strong><\/h2>\n<p>\u010cuvajte na suhom, tamnom i hladnom mjestu. Osu\u0161ene listove treba \u010duvati u hermeti\u010dki zatvorenoj vre\u0107ici ili posudi do upotrebe. Na taj na\u010din zadr\u017eavaju svoju snagu i aromu do 1 godine. Ne \u010duvajte u blizini jakih mirisa (npr. za\u010dina), jer biljka mo\u017ee upiti strane mirise. Uvijek \u010dvrsto zatvorite pakiranje nakon otvaranja.<\/p>\n<p>Op\u0107enito sigurno za upotrebu, \u010dak i za dugotrajnu upotrebu. U rijetkim slu\u010dajevima mo\u017ee uzrokovati blagi zatvor ili iritaciju \u017eeluca. Trudnice i dojilje trebaju se prije upotrebe posavjetovati s lije\u010dnikom.<\/p>\n<p>Ne zaboravite va\u017enost raznolike prehrane i zdravog na\u010dina \u017eivota, stoga dodatak prehrani nije zamjena za uravnote\u017eenu i raznoliku prehranu. Preporu\u010dena dnevna koli\u010dina ili doza ne smije se prekora\u010diti.<\/p>\n<h2>Pakiranje<\/h2>\n<p>Hermeti\u010dki zatvorena vre\u0107ica sa zatvara\u010dem, gdje proizvod zadr\u017eava svu svoju svje\u017einu i aromu. Pakiranje \u0161titi od svjetlosti i zraka, jer se sastoji od nekoliko slojeva za\u0161tite koji \u010duvaju svojstva sadr\u017eaja.<\/p>\n<p>Pakiranje je vrlo prakti\u010dno i omogu\u0107uje recikliranje.<\/p>\n<h2>Podrijetlo<\/h2>\n<p>Gr\u010dka<\/p>\n","protected":false},"excerpt":{"rendered":"<p><span style=\"color: #000000\"><strong>Cistus creticus<\/strong> poznat je kao prirodna biljka<strong>za podr\u0161ku imunolo\u0161kom sustavu<\/strong> i ima sna\u017ene <strong>antivirusne, antibakterijske i antioksidativne u\u010dinke.<\/strong> Osim toga, ima i druga pozitivna svojstva:<\/span><\/p>\n<p data-start=\"173\" data-end=\"215\"><span style=\"color: #000000\">\ud83d\udc9a Ubla\u017eava upalu (protuupalni u\u010dinak)<\/span><\/p>\n<p data-start=\"219\" data-end=\"258\"><span style=\"color: #000000\">\ud83d\udc9a Podr\u017eava probavu i detoksikaciju<\/span><\/p>\n<p data-start=\"262\" data-end=\"313\"><span style=\"color: #000000\">\ud83d\udc9a Poma\u017ee kod ko\u017enih problema (npr. akne, ekcem)<\/span><\/p>\n<p data-start=\"317\" data-end=\"350\"><span style=\"color: #000000\">\ud83d\udc9a Smanjuje rizik od respiratornih infekcija<\/span><\/p>\n","protected":false},"featured_media":6825,"comment_status":"open","ping_status":"closed","template":"","meta":{"_acf_changed":false},"product_brand":[],"product_cat":[15,223,205,216],"product_tag":[],"class_list":{"0":"post-6824","1":"product","2":"type-product","3":"status-publish","4":"has-post-thumbnail","6":"product_cat-uncategorized","7":"product_cat-caj","8":"product_cat-caj-hrana-zacini","9":"product_cat-svi-proizvodi-ponudba","11":"first","12":"instock","13":"taxable","14":"shipping-taxable","15":"purchasable","16":"product-type-simple"},"acf":[],"_links":{"self":[{"href":"https:\/\/fengchashop.com\/hr\/wp-json\/wp\/v2\/product\/6824","targetHints":{"allow":["GET"]}}],"collection":[{"href":"https:\/\/fengchashop.com\/hr\/wp-json\/wp\/v2\/product"}],"about":[{"href":"https:\/\/fengchashop.com\/hr\/wp-json\/wp\/v2\/types\/product"}],"replies":[{"embeddable":true,"href":"https:\/\/fengchashop.com\/hr\/wp-json\/wp\/v2\/comments?post=6824"}],"wp:featuredmedia":[{"embeddable":true,"href":"https:\/\/fengchashop.com\/hr\/wp-json\/wp\/v2\/media\/6825"}],"wp:attachment":[{"href":"https:\/\/fengchashop.com\/hr\/wp-json\/wp\/v2\/media?parent=6824"}],"wp:term":[{"taxonomy":"product_brand","embeddable":true,"href":"https:\/\/fengchashop.com\/hr\/wp-json\/wp\/v2\/product_brand?post=6824"},{"taxonomy":"product_cat","embeddable":true,"href":"https:\/\/fengchashop.com\/hr\/wp-json\/wp\/v2\/product_cat?post=6824"},{"taxonomy":"product_tag","embeddable":true,"href":"https:\/\/fengchashop.com\/hr\/wp-json\/wp\/v2\/product_tag?post=6824"}],"curies":[{"name":"wp","href":"https:\/\/api.w.org\/{rel}","templated":true}]}}