{"id":6822,"date":"2022-05-24T09:40:12","date_gmt":"2022-05-24T07:40:12","guid":{"rendered":"https:\/\/fengchashop.com\/hr\/?post_type=product&#038;p=6822"},"modified":"2026-04-28T10:01:57","modified_gmt":"2026-04-28T08:01:57","slug":"cijeli-cejlonski-cimet-bio","status":"publish","type":"product","link":"https:\/\/fengchashop.com\/hr\/product\/cijeli-cejlonski-cimet-bio\/","title":{"rendered":"Cijeli cejlonski cimet BIO 125 g"},"content":{"rendered":"<h2 style=\"text-align: justify\"><span style=\"color: #000000\">Cejlonski cimet BIO<\/span><\/h2>\n<p style=\"text-align: justify\"><span style=\"color: #000000\">Domovina cejlonskog cimeta je \u0160ri Lanka (nekada se zvala Cejlon, po \u010demu je cimet i dobio ime). U usporedbi s <strong>kineskim cimetom<\/strong> ili kasijom koji su ve\u0107ini nas poznatiji i dostupni u ve\u0107ini trgovina, ovaj <strong>pravi cimet<\/strong> je rje\u0111i i samim time puno vredniji. Razli\u010dite kvalitete cimeta proizvode se u \u0160ri Lanki, a na\u0161 odabrani cejlonski cimet ima profinjenu i delikatnu aromu. Blagog je slatkastog okusa i koristi se kao dodatak slasticama, kompotima, pecivima, pitama i kola\u010di\u0107ima, pun\u010du i kuhanom vinu. Koristi se za za\u010dinjanje meda, \u010dokolade, ora\u0161astih plodova, \u010dilija, mlije\u010dnih proizvoda, brusnica, pe\u010denih jabuka i banana. Cimetom mo\u017eete posipati vo\u0107e (vo\u0107ne salate, pirjane) i \u017eitarice, dodati ga u jogurt, ri\u017eino mlijeko, svje\u017ei sir te razne mlije\u010dne i vo\u0107ne napitke. Dobro ide i uz \u010daj i kavu te kakao i toplu \u010dokoladu. Cimet je tako\u0111er najpopularniji bo\u017ei\u0107ni za\u010din. Naime, <strong>cimet je jedan od najsvestranijih za\u010dina<\/strong> koji se mo\u017ee koristiti u raznim, ponekad neobi\u010dnim kombinacijama, osobito u isto\u010dnja\u010dkoj i meksi\u010dkoj kuhinji (primjerice, u curryjima). Tradicionalno se koristi <strong>za oplemenjivanje jela<\/strong>. <\/span><\/p>\n<p style=\"text-align: justify\"><span style=\"color: #000000\">Na\u0161 cimet je iz organske proizvodnje.<\/span><\/p>\n<h2 style=\"text-align: justify\"><span style=\"color: #000000\">Pohrana<\/span><\/h2>\n<p style=\"text-align: justify\"><span style=\"color: #000000\">\u010cuvati na suhom, tamnom i hladnom mjestu. Provjerite je li vre\u0107ica ili kutija dobro zatvorena.<\/span><\/p>\n<h2 style=\"text-align: justify\"><span style=\"color: #000000\">Ambala\u017ea<\/span><\/h2>\n<p><span style=\"color: #000000\">Nepropusna vre\u0107ica s patentnim zatvara\u010dem u kojoj proizvod zadr\u017eava svu svoju svje\u017einu i aromu. Ambala\u017ea \u0161titi od svjetlosti i zraka, jer je napravljena od nekoliko slojeva za\u0161tite koji \u010duvaju svojstva sadr\u017eaja.<\/span><\/p>\n<p><span style=\"color: #000000\">Ambala\u017ea je vrlo prakti\u010dna i mo\u017ee se reciklirati.<\/span><\/p>\n<h2><span style=\"color: #000000\">Podrijetlo<\/span><\/h2>\n<p><span style=\"color: #000000\">\u0160ri Lanka<\/span><\/p>\n","protected":false},"excerpt":{"rendered":"<p>Cimet se mo\u017ee kombinirati s vanilijom, korijanderom i mu\u0161katnim ora\u0161\u010di\u0107em, a posebno je ukusan i blagotvoran za na\u0161e zdravlje u kombinaciji s klin\u010di\u0107ima ili kurkumom. Tako\u0111er se mo\u017ee koristiti u ku\u0107noj kozmetici i kao dodatak prehrani jer sadr\u017ei mnoge va\u017ene i korisne sastojke za \u010dovjeka, a koristi se i u aromaterapiji i za mirisanje prostorija. Budu\u0107i da cejlonski cimet sadr\u017ei najmanje kumarina, za kojeg ka\u017eu da lo\u0161e djeluje na na\u0161u jetru i razrje\u0111uje krv, puno je pogodniji za redovitu konzumaciju.<\/p>\n<p>\ud83d\udc9a Sna\u017ean antioksidans.<br \/>\n\ud83d\udc9a Regulira \u0161e\u0107er u krvi.<br \/>\n\ud83d\udc9a Ima protugljivi\u010dna i antimikrobna svojstva.<br \/>\n\ud83d\udc9a Iz organske proizvodnje.<\/p>\n","protected":false},"featured_media":6823,"comment_status":"open","ping_status":"closed","template":"","meta":{"_acf_changed":false},"product_brand":[],"product_cat":[15,205,216],"product_tag":[],"class_list":{"0":"post-6822","1":"product","2":"type-product","3":"status-publish","4":"has-post-thumbnail","6":"product_cat-uncategorized","7":"product_cat-caj-hrana-zacini","8":"product_cat-svi-proizvodi-ponudba","10":"first","11":"instock","12":"taxable","13":"shipping-taxable","14":"purchasable","15":"product-type-simple"},"acf":[],"_links":{"self":[{"href":"https:\/\/fengchashop.com\/hr\/wp-json\/wp\/v2\/product\/6822","targetHints":{"allow":["GET"]}}],"collection":[{"href":"https:\/\/fengchashop.com\/hr\/wp-json\/wp\/v2\/product"}],"about":[{"href":"https:\/\/fengchashop.com\/hr\/wp-json\/wp\/v2\/types\/product"}],"replies":[{"embeddable":true,"href":"https:\/\/fengchashop.com\/hr\/wp-json\/wp\/v2\/comments?post=6822"}],"wp:featuredmedia":[{"embeddable":true,"href":"https:\/\/fengchashop.com\/hr\/wp-json\/wp\/v2\/media\/6823"}],"wp:attachment":[{"href":"https:\/\/fengchashop.com\/hr\/wp-json\/wp\/v2\/media?parent=6822"}],"wp:term":[{"taxonomy":"product_brand","embeddable":true,"href":"https:\/\/fengchashop.com\/hr\/wp-json\/wp\/v2\/product_brand?post=6822"},{"taxonomy":"product_cat","embeddable":true,"href":"https:\/\/fengchashop.com\/hr\/wp-json\/wp\/v2\/product_cat?post=6822"},{"taxonomy":"product_tag","embeddable":true,"href":"https:\/\/fengchashop.com\/hr\/wp-json\/wp\/v2\/product_tag?post=6822"}],"curies":[{"name":"wp","href":"https:\/\/api.w.org\/{rel}","templated":true}]}}