{"id":6232,"date":"2025-06-09T09:58:05","date_gmt":"2025-06-09T07:58:05","guid":{"rendered":"https:\/\/fengchashop.com\/hr\/product\/chanca-piedra-caj\/"},"modified":"2026-04-28T20:18:48","modified_gmt":"2026-04-28T18:18:48","slug":"chanca-piedra-caj","status":"publish","type":"product","link":"https:\/\/fengchashop.com\/hr\/product\/chanca-piedra-caj\/","title":{"rendered":"Chanca Piedra \u010daj 100 g"},"content":{"rendered":"<h2><span style=\"color: #000000\">\u010caj Chanca Piedra<\/span><\/h2>\n<p><span style=\"color: #000000\"><strong>Chanca Piedra<\/strong> (Phyllanthus niruri) je tropska biljka porijeklom iz Amazonije i drugih dijelova Ju\u017ene Amerike, Indije i jugoisto\u010dne Azije. Naziv doslovno zna\u010di \u201erazbija\u010d kamenaca\u201c \u2013 dolazi od \u0161panjolskog izraza koji se odnosi na njegovu tradicionalnu upotrebu u razbijanju bubre\u017enih i \u017eu\u010dnih kamenaca. Chanca Piedra potje\u010de iz <strong>kontrolirane organske proizvodnje<\/strong> u <strong>\u0161umskim vrtovima<\/strong>\u00a0(Chakra) i uzgajaju je autohtoni Kichwa ljudi u vrtovima amazonske pra\u0161ume u Ekvadoru.<\/span><\/p>\n<h2><span style=\"color: #000000\"><strong>Glavni aktivni sastojci<\/strong><\/span><\/h2>\n<p><span style=\"color: #000000\">Biljka sadr\u017ei brojne <strong>bioaktivne spojeve<\/strong>, od kojih su najva\u017eniji:<\/span><\/p>\n<ul>\n<li><span style=\"color: #000000\"><strong>Lignani:<\/strong> filantin, hipofilantin<\/span><\/li>\n<li><span style=\"color: #000000\"><strong>Flavonoidi:<\/strong> kvercetin, rutinska kiselina<\/span><\/li>\n<li><span style=\"color: #000000\"><strong>Triterpeni<\/strong><\/span><\/li>\n<li><span style=\"color: #000000\"><strong>Tanini<\/strong><\/span><\/li>\n<li><span style=\"color: #000000\"><strong>Alkaloidi<\/strong><\/span><\/li>\n<li><span style=\"color: #000000\"><strong>Polifenoli<\/strong><\/span><\/li>\n<\/ul>\n<p><span style=\"color: #000000\">Ovi spojevi imaju <strong>protuupalno, antimikrobno, antioksidativno, diureti\u010dko<\/strong> i <strong>hepatoprotektivno<\/strong>\u00a0djelovanje.<\/span><\/p>\n<h2><span style=\"color: #000000\"><strong>U\u010dinci i koristi Chanca Piedre<\/strong><\/span><\/h2>\n<p><span style=\"color: #000000\"><strong>\ud83d\udc9a Otapanje i sprje\u010davanje bubre\u017enih kamenaca:<\/strong> Poznat je po svojoj sposobnosti da pomogne u razgradnji postoje\u0107ih <strong>bubre\u017enih i \u017eu\u010dnih kamenaca<\/strong>\u00a0i smanji mogu\u0107nost njihovog ponovnog stvaranja.<\/span><\/p>\n<p><span style=\"color: #000000\"><strong>\ud83d\udc9a Potpora jetri:<\/strong> Djeluje kao <strong>hepatoprotektivno sredstvo<\/strong>\u00a0(\u0161titi jetru), posebno u slu\u010dajevima problema uzrokovanih toksinima, alkoholom ili infekcijama (npr. hepatitis B).<\/span><\/p>\n<p><span style=\"color: #000000\"><strong>\ud83d\udc9a Protuupalno i antioksidativno djelovanje: <\/strong>Sadr\u017ei bioaktivne tvari koje poma\u017eu <strong>smanjiti upalu<\/strong> i <strong>za\u0161tititi stanice od oksidativnog stresa<\/strong>.<\/span><\/p>\n<p><span style=\"color: #000000\"><strong>\ud83d\udc9a Diuretski u\u010dinak:<\/strong>\u00a0<strong>Poti\u010de,<\/strong> <strong>izlu\u010divanje urina<\/strong>, \u0161to mo\u017ee pomo\u0107i u \u010di\u0161\u0107enju mokra\u0107nog sustava i sprje\u010davanju infekcija ili zadr\u017eavanja teku\u0107ine.<\/span><\/p>\n<p><span style=\"color: #000000\"><strong>\ud83d\udc9a Antivirusno djelovanje<\/strong>: Neke studije su pokazale u\u010dinke protiv<strong> hepatitisa B<\/strong>\u00a0i drugih virusa, iako to jo\u0161 nije klini\u010dki potvr\u0111eno.<\/span><\/p>\n<p><span style=\"color: #000000\"><strong>\ud83d\udc9a Sni\u017eavanje \u0161e\u0107era u krvi: <\/strong>Tradicionalno se koristi i za <strong>podr\u0161ku regulaciji \u0161e\u0107era u krvi<\/strong>.<\/span><\/p>\n<h2><span style=\"color: #000000\"><strong>Skladi\u0161tenje i upozorenja<\/strong><\/span><\/h2>\n<p><span style=\"color: #000000\">\u010cuvati na suhom i hladnom mjestu na temperaturi do 25 \u00b0C. Dodatak prehrani \u010duvajte izvan dohvata djece!<\/span><\/p>\n<p><span style=\"color: #000000\">Ne preporu\u010duje se trudnicama ili dojiljama. Mo\u017ee utjecati na krvni tlak ili razinu \u0161e\u0107era \u2013 oprez kod osoba s kardiovaskularnim bolestima ili dijabetesom. Tako\u0111er mo\u017ee utjecati na djelovanje nekih lijekova, posebno diuretika ili lijekova za jetru.<\/span><\/p>\n<p><span style=\"color: #000000\">Preporu\u010dena uporaba: kratko vrijeme (npr. 2-4 tjedna), zatim pauza.<\/span><\/p>\n<p><span style=\"color: #000000\">Ne zaboravite va\u017enost raznolike prehrane i zdravog na\u010dina \u017eivota, stoga dodatak prehrani nije zamjena za uravnote\u017eenu i raznoliku prehranu. Preporu\u010dena dnevna koli\u010dina ili doza ne smije se prekora\u010diti.<\/span><\/p>\n<h2><span style=\"color: #000000\">Ambala\u017ea<\/span><\/h2>\n<p><span style=\"color: #000000\">Hermeti\u010dki zatvorena vre\u0107ica s patentnim zatvara\u010dem, gdje proizvod zadr\u017eava svu svoju svje\u017einu i aromu. Ambala\u017ea \u0161titi od svjetlosti i zraka, jer se sastoji od nekoliko slojeva za\u0161tite koji \u010duvaju svojstva sadr\u017eaja.<\/span><\/p>\n<p><span style=\"color: #000000\">Ambala\u017ea je vrlo prakti\u010dna i reciklabilna.<\/span><\/p>\n<h2><span style=\"color: #000000\">Podrijetlo<\/span><\/h2>\n<p><span style=\"color: #000000\">Ekvador<\/span><\/p>\n","protected":false},"excerpt":{"rendered":"<p>\u010caj od Chanca Piedre popularan je zbog svoje prirodne potpore kod bubre\u017enih kamenaca, detoksikacije tijela i za\u0161tite jetre. Me\u0111u najva\u017enijim aktivnim sastojcima su <strong data-start=\"156\" data-end=\"169\">filantin<\/strong> i <strong data-start=\"173\" data-end=\"186\">kvercetin<\/strong>, koji imaju protuupalno i antivirusno djelovanje.<\/p>\n<p>\u010caj je popularan zbog svojih u\u010dinaka na:<\/p>\n<p><strong data-start=\"70\" data-end=\"103\">\ud83d\udc9a otapanje bubre\u017enih kamenaca<\/strong> i<\/p>\n<p><strong data-start=\"107\" data-end=\"125\">\ud83d\udc9a \u010di\u0161\u0107enje jetre.<\/strong><\/p>\n","protected":false},"featured_media":6741,"comment_status":"open","ping_status":"closed","template":"","meta":{"_acf_changed":false},"product_brand":[],"product_cat":[15,223,205,216],"product_tag":[],"class_list":{"0":"post-6232","1":"product","2":"type-product","3":"status-publish","4":"has-post-thumbnail","6":"product_cat-uncategorized","7":"product_cat-caj","8":"product_cat-caj-hrana-zacini","9":"product_cat-svi-proizvodi-ponudba","11":"first","12":"instock","13":"taxable","14":"shipping-taxable","15":"purchasable","16":"product-type-simple"},"acf":[],"_links":{"self":[{"href":"https:\/\/fengchashop.com\/hr\/wp-json\/wp\/v2\/product\/6232","targetHints":{"allow":["GET"]}}],"collection":[{"href":"https:\/\/fengchashop.com\/hr\/wp-json\/wp\/v2\/product"}],"about":[{"href":"https:\/\/fengchashop.com\/hr\/wp-json\/wp\/v2\/types\/product"}],"replies":[{"embeddable":true,"href":"https:\/\/fengchashop.com\/hr\/wp-json\/wp\/v2\/comments?post=6232"}],"wp:featuredmedia":[{"embeddable":true,"href":"https:\/\/fengchashop.com\/hr\/wp-json\/wp\/v2\/media\/6741"}],"wp:attachment":[{"href":"https:\/\/fengchashop.com\/hr\/wp-json\/wp\/v2\/media?parent=6232"}],"wp:term":[{"taxonomy":"product_brand","embeddable":true,"href":"https:\/\/fengchashop.com\/hr\/wp-json\/wp\/v2\/product_brand?post=6232"},{"taxonomy":"product_cat","embeddable":true,"href":"https:\/\/fengchashop.com\/hr\/wp-json\/wp\/v2\/product_cat?post=6232"},{"taxonomy":"product_tag","embeddable":true,"href":"https:\/\/fengchashop.com\/hr\/wp-json\/wp\/v2\/product_tag?post=6232"}],"curies":[{"name":"wp","href":"https:\/\/api.w.org\/{rel}","templated":true}]}}