{"id":6226,"date":"2024-11-04T22:24:27","date_gmt":"2024-11-04T21:24:27","guid":{"rendered":"https:\/\/fengchashop.com\/hr\/product\/mesima-black-hoof-gljiva-bio-u-prahu-125-g\/"},"modified":"2026-04-12T22:25:30","modified_gmt":"2026-04-12T20:25:30","slug":"mesima-black-hoof-gljiva-bio-u-prahu","status":"publish","type":"product","link":"https:\/\/fengchashop.com\/hr\/product\/mesima-black-hoof-gljiva-bio-u-prahu\/","title":{"rendered":"Mesima (Black Hoof) Gljiva BIO u prahu 125 g"},"content":{"rendered":"<h2><span style=\"color: #000000\"><b>\u0160to je Mesima (Black Hoof) gljiva <\/b><b>BIO prah?<\/b><\/span><\/h2>\n<p><span style=\"color: #000000\"><b>Gljiva Mesima (Black Hoof) BIO<\/b> ili <b>gljiva papak<\/b> (<i>Phellinus linteus<\/i>) je gljiva koja raste na stabla murve. Odavno se koristi u tradicionalnoj azijskoj medicini za potporu zdravlja i pobolj\u0161anje imunolo\u0161kog sustava. To je dodatak prehrani koji je cijenjen prvenstveno zbog svojih antitumorskih, protuupalnih i imunomodulatornih svojstava.<\/span><\/p>\n<h2><span style=\"color: #000000\"><b>Za\u0161to je gljiva Mesima tako posebna i tako druga\u010dija?<\/b><\/span><\/h2>\n<p><span style=\"color: #000000\">Mesima (Phellinus linteus) je posebna gljiva poznata po svojim mo\u0107nim antioksidativnim i protuupalnim svojstvima, a tradicionalno se koristi u azijskoj medicini za podr\u0161ku imunolo\u0161kom sustavu i borbi protiv infekcija. Istra\u017eivanja su pokazala da ima potencijalne antitumorske u\u010dinke i mo\u017ee pomo\u0107i u regulaciji \u0161e\u0107era u krvi. Zbog svojih jedinstvenih bioaktivnih spojeva, prou\u010dava se kao obe\u0107avaju\u0107e prirodno sredstvo za potporu zdravlja.<\/span><\/p>\n<h2><span style=\"color: #000000\">Gljiva Mesima ima nekoliko potencijalnih u\u010dinaka<\/span><\/h2>\n<p><span style=\"color: #000000\">\ud83d\udc9a antioksidativna svojstva,<\/span><\/p>\n<p><span style=\"color: #000000\">\ud83d\udc9a protuupalno djelovanje,<\/span><\/p>\n<p><span style=\"color: #000000\">\ud83d\udc9a podr\u0161ka imunolo\u0161kom sustavu,<\/span><\/p>\n<p><span style=\"color: #000000\">\ud83d\udc9a reguliranje \u0161e\u0107era u krvi,<\/span><\/p>\n<p><span style=\"color: #000000\">\ud83d\udc9a antibakterijsko djelovanje,<\/span><\/p>\n<p><span style=\"color: #000000\">\ud83d\udc9a antivirusni program,<\/span><\/p>\n<p><span style=\"color: #000000\">\ud83d\udc9a podr\u0161ka zdravlju jetre,<\/span><\/p>\n<p><span style=\"color: #000000\">\ud83d\udc9a smanjenje alergijskih reakcija,<\/span><\/p>\n<p><span style=\"color: #000000\">\ud83d\udc9a podr\u0161ka zdravlju kardiovaskularnog sustava.<\/span><\/p>\n<h2><span style=\"color: #000000\">Pohrana i upozorenja<\/span><\/h2>\n<p><span style=\"color: #000000\">\u010cuvati na suhom i hladnom mjestu na temperaturi do 25 \u00b0C. Dodatak prehrani treba biti nedostupan djeci!<\/span><\/p>\n<p><span style=\"color: #000000\">Ne zaboravite na va\u017enost raznolike prehrane i zdravog na\u010dina \u017eivota, stoga dodatak prehrani nije zamjena za uravnote\u017eenu i raznoliku prehranu. Preporu\u010dena dnevna koli\u010dina ili doza ne smije se prekora\u010diti.<\/span><\/p>\n<p><span style=\"color: #000000\">Gljiva Mesima ne preporu\u010duje se osobama s alergijama na gljive i osobama s autoimunim bolestima jer mo\u017ee utjecati na imunolo\u0161ki odgovor. Tako\u0111er, trudnice, dojilje i osobe koje uzimaju lijekove, posebice one za razrje\u0111ivanje krvi ili regulaciju \u0161e\u0107era, trebaju se posavjetovati o njegovoj primjeni.<\/span><\/p>\n<h2><span style=\"color: #000000\">Pakiranje<\/span><\/h2>\n<p><span style=\"color: #000000\">Vre\u0107ica s patentnim zatvara\u010dem, u kojoj proizvod zadr\u017eava svu svoju svje\u017einu i aromu. Ambala\u017ea \u0161titi od svjetlosti i zraka jer se sastoji od vi\u0161e slojeva za\u0161tite koji \u010duvaju svojstva sadr\u017eaja.<\/span><\/p>\n<p><span style=\"color: #000000\">Ambala\u017ea je vrlo prakti\u010dna i omogu\u0107uje recikliranje.<\/span><\/p>\n<h2><span style=\"color: #000000\">Podrijetlo<\/span><\/h2>\n<p><span style=\"color: #000000\">Kina. Imamo vrlo pouzdane dobavlja\u010de koji nam \u0161alju detaljnu kemijsku analizu hrane za svaku seriju. U vi\u0161e od deset godina nismo imali nikakvih opoziva niti bilo kakvih problema s ovim artiklom, kao ni s drugim artiklima istog dobavlja\u010da.<\/span><\/p>\n<p><span style=\"color: #000000\">Artikal ima 100% organski certifikat.<\/span><\/p>\n","protected":false},"excerpt":{"rendered":"<p>Mesima (Black Hoof) Gljiva BIO ili <strong>crna papka<\/strong> (Phellinus linteus) je gljiva koja se od davnina koristi u tradicionalnoj azijskoj medicini za <strong>podr\u017eavanje zdravlja<\/strong> i <strong>pobolj\u0161anje imunolo\u0161kog sustava. Tako\u0111er je poznat po svojim <strong>jakim antioksidativnim i protuupalnim svojstvima<\/strong>.<\/strong><\/p>\n<p>\ud83d\udc9a Stimulira i ja\u010da imunolo\u0161ki sustav.<br \/>\n\ud83d\udc9a Regulira \u0161e\u0107er u krvi.<br \/>\n\ud83d\udc9a Izvrstan izvor antioksidansa.<br \/>\n\ud83d\udc9a Podr\u017eava zdravlje kardiovaskularnog sustava.<\/p>\n","protected":false},"featured_media":6734,"comment_status":"open","ping_status":"closed","template":"","meta":{"_acf_changed":false},"product_brand":[],"product_cat":[15,198,216],"product_tag":[],"class_list":{"0":"post-6226","1":"product","2":"type-product","3":"status-publish","4":"has-post-thumbnail","6":"product_cat-uncategorized","7":"product_cat-ljekovite-gljive","8":"product_cat-svi-proizvodi-ponudba","10":"first","11":"outofstock","12":"taxable","13":"shipping-taxable","14":"purchasable","15":"product-type-simple"},"acf":[],"_links":{"self":[{"href":"https:\/\/fengchashop.com\/hr\/wp-json\/wp\/v2\/product\/6226","targetHints":{"allow":["GET"]}}],"collection":[{"href":"https:\/\/fengchashop.com\/hr\/wp-json\/wp\/v2\/product"}],"about":[{"href":"https:\/\/fengchashop.com\/hr\/wp-json\/wp\/v2\/types\/product"}],"replies":[{"embeddable":true,"href":"https:\/\/fengchashop.com\/hr\/wp-json\/wp\/v2\/comments?post=6226"}],"wp:featuredmedia":[{"embeddable":true,"href":"https:\/\/fengchashop.com\/hr\/wp-json\/wp\/v2\/media\/6734"}],"wp:attachment":[{"href":"https:\/\/fengchashop.com\/hr\/wp-json\/wp\/v2\/media?parent=6226"}],"wp:term":[{"taxonomy":"product_brand","embeddable":true,"href":"https:\/\/fengchashop.com\/hr\/wp-json\/wp\/v2\/product_brand?post=6226"},{"taxonomy":"product_cat","embeddable":true,"href":"https:\/\/fengchashop.com\/hr\/wp-json\/wp\/v2\/product_cat?post=6226"},{"taxonomy":"product_tag","embeddable":true,"href":"https:\/\/fengchashop.com\/hr\/wp-json\/wp\/v2\/product_tag?post=6226"}],"curies":[{"name":"wp","href":"https:\/\/api.w.org\/{rel}","templated":true}]}}