{"id":6223,"date":"2025-05-30T12:09:02","date_gmt":"2025-05-30T10:09:02","guid":{"rendered":"https:\/\/fengchashop.com\/hr\/product\/bijeli-papar-bio-250-g\/"},"modified":"2025-07-08T12:54:16","modified_gmt":"2025-07-08T10:54:16","slug":"bijeli-papar-bio","status":"publish","type":"product","link":"https:\/\/fengchashop.com\/hr\/product\/bijeli-papar-bio\/","title":{"rendered":"Bijeli papar BIO 250 g"},"content":{"rendered":"<h2><span style=\"color: #000000;\">Bijeli papar cijeli BIO<\/span><\/h2>\n<p>Bijeli papar zapravo je jezgra obi\u010dnog crnog papra, budu\u0107i da se vanjski dio uklanja posebnim postupkom namakanja i ispiranja vodom, a ostaje samo jezgra. Zbog toga su zrna bijelog papra obi\u010dno manja. Ova paprika je manje aromati\u010dna od crne pa je najlju\u0107a. Za dobivanje bijelog papra potrebno je posaditi potpuno zrele plodove, oguliti ih i osu\u0161iti.<\/p>\n<p>Dobro ide uz svinjetinu, govedinu i ribu. Zbog bijele boje koristi se u svijetlim umacima i juhama odn jela u kojima \u017eelimo zadr\u017eati ljutinu, ali ne \u017eelimo jako primjetne komadi\u0107e crnog papra.<\/p>\n<p>Najbolje je zrna bibera samljeti neposredno prije upotrebe jer u suprotnom papar brzo gubi okus. Me\u0111utim, ako se pravilno skladi\u0161ti, zrno mo\u017ee godinama zadr\u017eati svoj okus i miris.<\/p>\n<h2><span style=\"color: #000000;\">Ambala\u017ea<\/span><\/h2>\n<p><span style=\"color: #000000;\">Nepropusna vre\u0107ica s patentnim zatvara\u010dem u kojoj proizvod zadr\u017eava svu svoju svje\u017einu i aromu. Ambala\u017ea \u0161titi od svjetlosti i zraka, jer je napravljena od nekoliko slojeva za\u0161tite koji \u010duvaju svojstva sadr\u017eaja.<\/span><\/p>\n<p><span style=\"color: #000000;\">Ambala\u017ea je vrlo prakti\u010dna i mo\u017ee se reciklirati.<\/span><\/p>\n<h2><span style=\"color: #000000;\">Podrijetlo<\/span><\/h2>\n<p>Kambod\u017ea<\/p>\n","protected":false},"excerpt":{"rendered":"<p>Bijeli papar zapravo je jezgra obi\u010dnog crnog papra, budu\u0107i da se vanjski dio uklanja posebnim postupkom namakanja i ispiranja vodom, a ostaje samo jezgra. Zbog toga su zrna bijelog papra obi\u010dno manja. Ova paprika je manje aromati\u010dna od crne pa je najlju\u0107a.<\/p>\n<p>\ud83d\udc9a Dobro ide uz svinjetinu, govedinu i ribu.<br \/>\n\ud83d\udc9a Premium kvaliteta.<\/p>\n","protected":false},"featured_media":6513,"comment_status":"open","ping_status":"closed","template":"","meta":{"_acf_changed":false},"product_brand":[],"product_cat":[15,205,216],"product_tag":[],"class_list":{"0":"post-6223","1":"product","2":"type-product","3":"status-publish","4":"has-post-thumbnail","6":"product_cat-uncategorized","7":"product_cat-caj-hrana-zacini","8":"product_cat-svi-proizvodi-ponudba","10":"first","11":"outofstock","12":"sale","13":"taxable","14":"shipping-taxable","15":"purchasable","16":"product-type-simple"},"acf":[],"_links":{"self":[{"href":"https:\/\/fengchashop.com\/hr\/wp-json\/wp\/v2\/product\/6223","targetHints":{"allow":["GET"]}}],"collection":[{"href":"https:\/\/fengchashop.com\/hr\/wp-json\/wp\/v2\/product"}],"about":[{"href":"https:\/\/fengchashop.com\/hr\/wp-json\/wp\/v2\/types\/product"}],"replies":[{"embeddable":true,"href":"https:\/\/fengchashop.com\/hr\/wp-json\/wp\/v2\/comments?post=6223"}],"wp:featuredmedia":[{"embeddable":true,"href":"https:\/\/fengchashop.com\/hr\/wp-json\/wp\/v2\/media\/6513"}],"wp:attachment":[{"href":"https:\/\/fengchashop.com\/hr\/wp-json\/wp\/v2\/media?parent=6223"}],"wp:term":[{"taxonomy":"product_brand","embeddable":true,"href":"https:\/\/fengchashop.com\/hr\/wp-json\/wp\/v2\/product_brand?post=6223"},{"taxonomy":"product_cat","embeddable":true,"href":"https:\/\/fengchashop.com\/hr\/wp-json\/wp\/v2\/product_cat?post=6223"},{"taxonomy":"product_tag","embeddable":true,"href":"https:\/\/fengchashop.com\/hr\/wp-json\/wp\/v2\/product_tag?post=6223"}],"curies":[{"name":"wp","href":"https:\/\/api.w.org\/{rel}","templated":true}]}}