{"id":6222,"date":"2024-10-14T16:29:47","date_gmt":"2024-10-14T14:29:47","guid":{"rendered":"https:\/\/fengchashop.com\/hr\/product\/haritaki-u-prahu-bio-250-g\/"},"modified":"2026-05-08T15:41:25","modified_gmt":"2026-05-08T13:41:25","slug":"haritaki-u-prahu-bio","status":"publish","type":"product","link":"https:\/\/fengchashop.com\/hr\/product\/haritaki-u-prahu-bio\/","title":{"rendered":"Haritaki u prahu BIO 250 g"},"content":{"rendered":"<h2><span style=\"color: #000000\"><strong>\u0160to je Haritaki BIO prah?<\/strong><\/span><\/h2>\n<p><span style=\"color: #000000\"><strong>Haritaki <\/strong> (znanstveni naziv <em>Terminalia chebula<\/em>) je drvo \u010diji se plod \u010desto koristi kao dodatak prehrani u ayurvedskoj medicini. Plod haritaki poznat je po svojim \u0161brojnim zdravstvenim prednostima i smatra se &#8220;<strong>kraljem ljekovitih biljaka<\/strong>&#8221; u tradicionalnoj indijskoj medicini. Uglavnom se koristi zbog svojih adaptogenih, protuupalnih i detoksikacijskih svojstava. Haritaki je jedna od tri glavne biljke u poznatom ayurvedskom pripravku Triphala.<\/span><\/p>\n<h2><span style=\"color: #000000\"><strong>Za\u0161to je Haritaki tako poseban i tako druga\u010diji?<\/strong><\/span><\/h2>\n<p><span style=\"color: #000000\">Haritaki je va\u017ean prvenstveno zbog svojih \u0161brojnih zdravstvenih prednosti, posebno u tradicionalnim medicinskim sustavima kao \u0161to je <strong>Ayurveda<\/strong>. Tisu\u0107ama godina se koristi kao <strong>univerzalni lijek zbog svog \u0161\u0161iroko raznolikog djelovanja na tijelo i um<\/strong>. Haritaki je cijenjeni dodatak prehrani sa \u0161irokim rasponom dobrobiti, koji mnogi ljudi koriste za <strong>pobolj\u0161anje probave, podr\u0161ku imunolo\u0161kom sustavu i promicanje op\u0107eg zdravlja<\/strong>.<\/span><\/p>\n<h2><span style=\"color: #000000\"><strong>U\u010dinci koji pozitivno utje\u010du na na\u0161e zdravlje i tijelo<\/strong><\/span><\/h2>\n<p><span style=\"color: #000000\">Haritaki ima mnoge potencijalne zdravstvene prednosti i u\u010dinke. Neke od glavnih prednosti i u\u010dinaka su:<\/span><\/p>\n<p><span style=\"color: #000000\">\ud83d\udc9a poma\u017ee kod <strong>zatvora<\/strong>, poti\u010de <strong>peristaltiku<\/strong> i djeluje kao <strong>blagi laksativ,<\/strong><\/span><\/p>\n<p><span style=\"color: #000000\">\ud83d\udc9a smanjuje nadutost i poti\u010de apsorpciju hranjivih tvari.<\/span><\/p>\n<p><span style=\"color: #000000\">\ud83d\udc9a sadr\u017ei visoku razinu <strong>antioksidansa<\/strong> koji \u0161tite tijelo od slobodnih radikala koji uzrokuju oksidativni stres,<\/span><\/p>\n<p><span style=\"color: #000000\">\ud83d\udc9a nudi za\u0161titu od <strong>kardiovaskularnih bolesti<\/strong> i drugih degenerativnih bolesti,<\/span><\/p>\n<p><span style=\"color: #000000\">\ud83d\udc9a podr\u017eava prirodne procese detoksikacije jetre i bubrega i time poti\u010de eliminaciju toksina iz tijela,<\/span><\/p>\n<p><span style=\"color: #000000\">\ud83d\udc9a pospje\u0161uje <strong>izlu\u010divanje toksina<\/strong> kroz probavni sustav, \u0161to dovodi do <strong>vi\u0161e energije i vitalnosti<\/strong>,<\/span><\/p>\n<p><span style=\"color: #000000\">\ud83d\udc9a ja\u010da <strong>imunolo\u0161ki sustav<\/strong>,<\/span><\/p>\n<p><span style=\"color: #000000\">\ud83d\udc9a poma\u017ee u sprje\u010davanju <strong>bakterijskih i virusnih infekcija<\/strong>,<\/span><\/p>\n<p><span style=\"color: #000000\">\ud83d\udc9a poma\u017ee u ubla\u017eavanju <strong>upale u tijelu<\/strong>, uklju\u010duju\u0107i upalu zglobova, probavnog trakta i di\u0161nog trakta,<\/span><\/p>\n<p><span style=\"color: #000000\">\ud83d\udc9a poma\u017ee <strong>regulirati razinu \u0161e\u0107era u krvi<\/strong>,<\/span><\/p>\n<p><span style=\"color: #000000\">\ud83d\udc9a podr\u017eava <strong>zdrav metabolizam<\/strong>, \u0161to mo\u017ee doprinijeti kontroli te\u017eine,<\/span><\/p>\n<p><span style=\"color: #000000\">\ud83d\udc9a poma\u017ee u lije\u010denju<strong> ko\u017enih problema<\/strong> (akne, ekcemi, rane),<\/span><\/p>\n<p><span style=\"color: #000000\">\ud83d\udc9a pobolj\u0161ava<strong> mentalne sposobnosti<\/strong> i <strong>smiruje um<\/strong>,<\/span><\/p>\n<p><span style=\"color: #000000\">\ud83d\udc9a poma\u017ee u upravljanju <strong>stresom<\/strong>, pobolj\u0161ava <strong>otpornost na mentalni i fizi\u010dki stres.<\/strong><\/span><\/p>\n<h2><span style=\"color: #000000\">Pohrana i upozorenja<\/span><\/h2>\n<p><span style=\"color: #000000\">\u010cuvati na suhom i hladnom mjestu na temperaturi do 25 \u00b0C. Dodatak prehrani treba biti izvan dohvata djece! Ne zaboravite na va\u017enost raznolike prehrane i zdravog na\u010dina \u017eivota, stoga dodatak prehrani nije zamjena za uravnote\u017eenu i raznoliku prehranu. Preporu\u010dena dnevna koli\u010dina ili doza ne smije se prekora\u010diti. Trudnice, dojilje i osobe koje uzimaju lijekove trebaju se uvijek posavjetovati s lije\u010dnikom prije upotrebe. Nije prikladno za djecu. Preporuka je da se za vi\u0161e informacija u slu\u010daju mogu\u0107ih zdravstvenih problema\u00a0 obratite se svom lije\u010dniku.<\/span><\/p>\n<h2><span style=\"color: #000000\">Pakiranje<\/span><\/h2>\n<p><span style=\"color: #000000\">Vre\u0107ica koja se ne otvara s patentnim zatvara\u010dem, gdje proizvod zadr\u017eava svu svoju svje\u017einu i aromu. Ambala\u017eu za\u0161titite od svjetlosti i zraka jer se sastoji od vi\u0161e slojeva za\u0161tite koji \u010duvaju svojstva sadr\u017eaja. Pakiranje je vrlo prakti\u010dno i omogu\u0107uje recikliranje.<\/span><\/p>\n<h2><span style=\"color: #000000\">Podrijetlo<\/span><\/h2>\n<p><span style=\"color: #000000\">Indija<\/span><\/p>\n","protected":false},"excerpt":{"rendered":"<p align=\"JUSTIFY\"><strong>Haritaki<\/strong> je drvo \u010diji se plod \u010desto koristi kao dodatak prehrani u ayurvedskoj medicini. Plod haritaki poznat je po svojim brojnim zdravstvenim prednostima i smatra se &#8220;<strong>kraljem ljekovitih biljaka<\/strong>&#8221; u tradicionalnoj indijskoj medicini. Uglavnom se koristi zbog svojih adaptogenih, protuupalnih i detoksikacijskih svojstava.<\/p>\n<p align=\"JUSTIFY\">\ud83d\udc9a ubla\u017eava zatvor, pospje\u0161uje eliminaciju toksina iz crijeva i regulira rad probave,<br \/>\n\ud83d\udc9a Kao sna\u017ean antioksidans, poma\u017ee u uklanjanju toksina iz tijela te poti\u010de rad jetre i bubrega,<br \/>\n\ud83d\udc9a zahvaljuju\u0107i svojim <em>protuupalnim<\/em>, antibakterijskim i antivirusnim svojstvima, ja\u010da imunolo\u0161ki sustav,<br \/>\n\ud83d\udc9a poma\u017ee tijelu da se nosi sa stresom,<br \/>\n\ud83d\udc9a pobolj\u0161ava koncentraciju, pam\u0107enje i mentalnu bistrinu.<\/p>\n","protected":false},"featured_media":6727,"comment_status":"open","ping_status":"closed","template":"","meta":{"_acf_changed":false},"product_brand":[],"product_cat":[15,194,195,216],"product_tag":[],"class_list":{"0":"post-6222","1":"product","2":"type-product","3":"status-publish","4":"has-post-thumbnail","6":"product_cat-uncategorized","7":"product_cat-ayurveda","8":"product_cat-superhrana","9":"product_cat-svi-proizvodi-ponudba","11":"first","12":"instock","13":"sale","14":"taxable","15":"shipping-taxable","16":"purchasable","17":"product-type-simple"},"acf":[],"_links":{"self":[{"href":"https:\/\/fengchashop.com\/hr\/wp-json\/wp\/v2\/product\/6222","targetHints":{"allow":["GET"]}}],"collection":[{"href":"https:\/\/fengchashop.com\/hr\/wp-json\/wp\/v2\/product"}],"about":[{"href":"https:\/\/fengchashop.com\/hr\/wp-json\/wp\/v2\/types\/product"}],"replies":[{"embeddable":true,"href":"https:\/\/fengchashop.com\/hr\/wp-json\/wp\/v2\/comments?post=6222"}],"wp:featuredmedia":[{"embeddable":true,"href":"https:\/\/fengchashop.com\/hr\/wp-json\/wp\/v2\/media\/6727"}],"wp:attachment":[{"href":"https:\/\/fengchashop.com\/hr\/wp-json\/wp\/v2\/media?parent=6222"}],"wp:term":[{"taxonomy":"product_brand","embeddable":true,"href":"https:\/\/fengchashop.com\/hr\/wp-json\/wp\/v2\/product_brand?post=6222"},{"taxonomy":"product_cat","embeddable":true,"href":"https:\/\/fengchashop.com\/hr\/wp-json\/wp\/v2\/product_cat?post=6222"},{"taxonomy":"product_tag","embeddable":true,"href":"https:\/\/fengchashop.com\/hr\/wp-json\/wp\/v2\/product_tag?post=6222"}],"curies":[{"name":"wp","href":"https:\/\/api.w.org\/{rel}","templated":true}]}}