{"id":6220,"date":"2024-08-30T08:23:27","date_gmt":"2024-08-30T06:23:27","guid":{"rendered":"https:\/\/fengchashop.com\/hr\/product\/ginseng-panax-bio-60-g\/"},"modified":"2026-05-07T15:52:29","modified_gmt":"2026-05-07T13:52:29","slug":"ginseng-panax-bio","status":"publish","type":"product","link":"https:\/\/fengchashop.com\/hr\/product\/ginseng-panax-bio\/","title":{"rendered":"Ginseng Panax BIO 60 g"},"content":{"rendered":"<h2 style=\"text-align: justify\"><span style=\"color: #000000\">Ginseng panax prah iz organske proizvodnje<\/span><\/h2>\n<p style=\"text-align: justify\"><span style=\"color: #000000\">Ginseng Panax je biljka koja potje\u010de iz obitelji Araliaceae i pripada rodu Panax. &#8220;Panax&#8221; dolazi od gr\u010dke rije\u010di koja zna\u010di <strong>&#8220;sve zdravlje&#8221; ili &#8220;lije\u010denje&#8221;, odra\u017eavaju\u0107i njegovu tradicionalnu upotrebu u medicini. Ova je biljka poznata po svojim potencijalnim ljekovitim svojstvima i na\u0161iroko se koristi u tradicionalnoj kineskoj, korejskoj i ameri\u010dkoj narodnoj medicini.<\/strong><\/span><\/p>\n<p style=\"text-align: justify\"><span style=\"color: #000000\">Korijen ginsenga je<strong> jedna od najva\u017enijih biljaka u tradicionalnom kineskom i ruskom travarstvu<\/strong>, gdje se stolje\u0107ima koristio kao dodatak prehrani, ako ne i tisu\u0107lje\u0107a. U Kini je dobro poznato da je ginseng dobar za na\u0161e zdravlje u smislu <strong>dugovje\u010dnosti<\/strong> (ko\u010di proces starenja), <strong>poma\u017ee u pobolj\u0161anju rada imunolo\u0161kog sustava, djeluje protiv umora, protiv stres i utje\u010de na bolju spolnu izvedbu snaga<\/strong>.<\/span><\/p>\n<p style=\"text-align: justify\"><span style=\"color: #000000\">Aktivni spojevi ginsenga pod nazivom<strong>elevterozidi<\/strong> (sadr\u017ei ih \u010dak 7 razli\u010ditih) djeluju sli\u010dno steroidima. Ginseng je tako\u0111er <strong>adaptogena biljka<\/strong>. To su biljke koje poma\u017eu tijelu da se <strong>prilagodi raznim negativnim \u010dimbenicima iz okoline<\/strong>. Ima sposobnost reguliranja i kontrole \u017elijezdanog i hormonalnog sustava, \u017eiv\u010danog i kardiovaskularnog sustava te mi\u0161i\u0107a. Adaptogeni su u\u010dinkovita pomo\u0107 tijelu u upravljanju fizi\u010dkim, kemijskim i biolo\u0161kim stresom.<\/span><\/p>\n<p style=\"text-align: justify\"><span style=\"color: #000000\">Na\u0161 poanax ginseng dolazi iz organskog uzgoja i ne sadr\u017ei punila ni aditive. Nakon \u017eetve, korijenje ginsenga se su\u0161i i potom nje\u017enim postupkom melje u prah.<\/span><\/p>\n<h2 style=\"text-align: justify\"><span style=\"color: #000000\">Klju\u010dna svojstva Panax Ginseng i njegovi u\u010dinci<\/span><\/h2>\n<p><span style=\"color: #000000\">\ud83d\udc9a poznat je kao adaptogen, \u0161to zna\u010di da mo\u017ee pomo\u0107i organizmu da se prilagodi stresu i pove\u0107ati njegovu otpornost na \u0161tetne \u010dimbenike,<\/span><\/p>\n<p><span style=\"color: #000000\">\ud83d\udc9a Koristi se kao prirodno sredstvo za pove\u0107anje energije i izdr\u017eljivosti,<\/span><\/p>\n<p><span style=\"color: #000000\">\ud83d\udc9a pobolj\u0161ava kognitivne funkcije poput pam\u0107enja, koncentracije i pa\u017enje,<\/span><\/p>\n<p><span style=\"color: #000000\">\ud83d\udc9a Ja\u010da imunolo\u0161ki sustav, jer sadr\u017ei tvari koje poti\u010du proizvodnju bijelih krvnih stanica koje se bore protiv infekcija.<\/span><\/p>\n<p><span style=\"color: #000000\">\ud83d\udc9a sadr\u017ei antioksidanse koji poma\u017eu u za\u0161titi stanica od o\u0161te\u0107enja uzrokovanih slobodnim radikalima.<\/span><\/p>\n<p><span style=\"color: #000000\">\ud83d\udc9a Poma\u017ee stabilizirati razinu \u0161e\u0107era u krvi, \u0161to je korisno za osobe s dijabetesom.<\/span><\/p>\n<p><span style=\"color: #000000\">\ud83d\udc9a pobolj\u0161ava libido kod mu\u0161karaca,<\/span><\/p>\n<p><span style=\"color: #000000\">\ud83d\udc9a pobolj\u0161ava seksualne funkcije,<\/span><\/p>\n<p><span style=\"color: #000000\">\ud83d\udc9a Mo\u017ee imati protuupalna svojstva koja mogu pomo\u0107i u smanjenju upale u tijelu,<\/span><\/p>\n<p><span style=\"color: #000000\">\ud83d\udc9a Pozitivno utje\u010de na kardiovaskularni sustav smanjuju\u0107i krvni tlak i pobolj\u0161avaju\u0107i razinu kolesterola.<\/span><\/p>\n<h2 style=\"text-align: justify\"><span style=\"color: #000000\">Kako ga koristimo?<\/span><\/h2>\n<p style=\"text-align: justify\"><span style=\"color: #000000\">Ginseng panax prah jednostavno se doda u vodu, \u010daj, kavu, sok ili smoothie i popije. Preporu\u010dujemo uzimanje <strong>1\/3 najvi\u0161e 1\/2 \u017eli\u010dice<\/strong> (1 \u2013 2 grama) panax ginsenga u prahu <strong>svakodnevno, najmanje 2 do 3 mjeseca<\/strong>. Po\u010dnite s 1\/3 \u010dajne \u017eli\u010dice dnevno, zatim postupno pove\u0107avajte do najvi\u0161e 1\/2 \u010dajne \u017eli\u010dice dnevno.<\/span><\/p>\n<p style=\"text-align: justify\"><span style=\"color: #000000\">Budu\u0107i da nam panax ginseng daje energiju, preporu\u010dujemo da ga uzimate ujutro ili rano ujutro, ina\u010de mo\u017ee utjecati na kvalitetu va\u0161eg no\u0107nog sna.<\/span><\/p>\n<h2 style=\"text-align: justify\"><span style=\"color: #000000\">Komponente<\/span><\/h2>\n<p style=\"text-align: justify\"><span style=\"color: #000000\">Sastav: ginseng panax* prah.<\/span><\/p>\n<p style=\"text-align: justify\"><span style=\"color: #000000\">*iz organske proizvodnje<\/span><\/p>\n<h2 style=\"text-align: justify\"><span style=\"color: #000000\">Pohranjivanje i upozorenja<\/span><\/h2>\n<p style=\"text-align: justify\"><span style=\"color: #000000\">\u010cuvati na suhom i hladnom mjestu. Dodatak prehrani treba biti nedostupan djeci!<\/span><\/p>\n<p style=\"text-align: justify\"><span style=\"color: #000000\">Ne zaboravite na va\u017enost raznolike prehrane i zdravog na\u010dina \u017eivota, stoga dodatak prehrani nije zamjena za uravnote\u017eenu i raznoliku prehranu. Preporu\u010dena dnevna koli\u010dina ili doza ne smije se prekora\u010diti. Trudnice, dojilje i osobe koje uzimaju lijekove trebaju se uvijek posavjetovati s lije\u010dnikom prije upotrebe.<\/span><\/p>\n<h2 style=\"text-align: justify\"><span style=\"color: #000000\">Pakiranje<\/span><\/h2>\n<p style=\"text-align: justify\"><span style=\"color: #000000\">Hermeti\u010dka vre\u0107ica s patentnim zatvara\u010dem u kojoj proizvod zadr\u017eava svu svoju svje\u017einu i aromu. Ambala\u017ea \u0161titi od svjetlosti i zraka jer se sastoji od vi\u0161e slojeva za\u0161tite koji \u010duvaju svojstva sadr\u017eaja.<\/span><\/p>\n<p style=\"text-align: justify\"><span style=\"color: #000000\">Ambala\u017ea je vrlo prakti\u010dna i omogu\u0107uje recikliranje.<\/span><\/p>\n<h2 style=\"text-align: justify\"><span style=\"color: #000000\">Podrijetlo<\/span><\/h2>\n<p style=\"text-align: justify\"><span style=\"color: #000000\">Kina. Imamo vrlo pouzdane dobavlja\u010de koji nam \u0161alju detaljnu kemijsku analizu hrane za svaku seriju. U vi\u0161e od deset godina nismo imali nikakvih opoziva niti bilo kakvih problema s ovim artiklom, kao ni s drugim artiklima istog dobavlja\u010da. Artikal ima 100% organski certifikat.<\/span><\/p>\n<p style=\"text-align: justify\">\n","protected":false},"excerpt":{"rendered":"<p align=\"JUSTIFY\">Korijen ginsenga je<strong>jedna od najva\u017enijih biljaka u tradicionalnom kineskom i ruskom travarstvu<\/strong>, gdje se stolje\u0107ima, ako ne i tisu\u0107lje\u0107ima, koristi kao dodatak prehrani. dobro je poznato da je ginseng dobar za na\u0161e zdravlje u smislu:<\/p>\n<p align=\"JUSTIFY\">\ud83d\udc9a dugovje\u010dnost (inhibira procese starenja),<br \/>\n\ud83d\udc9a ja\u010da imunolo\u0161ki sustav,<br \/>\n\ud83d\udc9a djeluje protiv umora,<br \/>\n\ud83d\udc9a protiv stresa,<br \/>\n\ud83d\udc9a uti\u010de na bolju seksualnu mo\u0107.<\/p>\n","protected":false},"featured_media":6722,"comment_status":"open","ping_status":"closed","template":"","meta":{"_acf_changed":false},"product_brand":[],"product_cat":[15,195,216],"product_tag":[],"class_list":{"0":"post-6220","1":"product","2":"type-product","3":"status-publish","4":"has-post-thumbnail","6":"product_cat-uncategorized","7":"product_cat-superhrana","8":"product_cat-svi-proizvodi-ponudba","10":"first","11":"instock","12":"sale","13":"taxable","14":"shipping-taxable","15":"purchasable","16":"product-type-simple"},"acf":[],"_links":{"self":[{"href":"https:\/\/fengchashop.com\/hr\/wp-json\/wp\/v2\/product\/6220","targetHints":{"allow":["GET"]}}],"collection":[{"href":"https:\/\/fengchashop.com\/hr\/wp-json\/wp\/v2\/product"}],"about":[{"href":"https:\/\/fengchashop.com\/hr\/wp-json\/wp\/v2\/types\/product"}],"replies":[{"embeddable":true,"href":"https:\/\/fengchashop.com\/hr\/wp-json\/wp\/v2\/comments?post=6220"}],"wp:featuredmedia":[{"embeddable":true,"href":"https:\/\/fengchashop.com\/hr\/wp-json\/wp\/v2\/media\/6722"}],"wp:attachment":[{"href":"https:\/\/fengchashop.com\/hr\/wp-json\/wp\/v2\/media?parent=6220"}],"wp:term":[{"taxonomy":"product_brand","embeddable":true,"href":"https:\/\/fengchashop.com\/hr\/wp-json\/wp\/v2\/product_brand?post=6220"},{"taxonomy":"product_cat","embeddable":true,"href":"https:\/\/fengchashop.com\/hr\/wp-json\/wp\/v2\/product_cat?post=6220"},{"taxonomy":"product_tag","embeddable":true,"href":"https:\/\/fengchashop.com\/hr\/wp-json\/wp\/v2\/product_tag?post=6220"}],"curies":[{"name":"wp","href":"https:\/\/api.w.org\/{rel}","templated":true}]}}