{"id":6218,"date":"2022-05-27T15:00:16","date_gmt":"2022-05-27T13:00:16","guid":{"rendered":"https:\/\/fengchashop.com\/hr\/product\/zelena-kava-bio-mljevena-500-g\/"},"modified":"2026-04-28T10:47:21","modified_gmt":"2026-04-28T08:47:21","slug":"zelena-kava-u-prahu-bio","status":"publish","type":"product","link":"https:\/\/fengchashop.com\/hr\/product\/zelena-kava-u-prahu-bio\/","title":{"rendered":"Zelena kava u prahu BIO 500 g"},"content":{"rendered":"<h2 style=\"text-align: justify\"><span style=\"color: #000000\">\u0160to je zelena kava?<\/span><\/h2>\n<p style=\"text-align: justify\"><span style=\"color: #000000\">Zelena zrna kave jednostavno su nepr\u017eena zrna obi\u010dne kave. Zato je zelena kava potpuno prirodan proizvod. Priprema se poput obi\u010dnog biljnog \u010daja. Okus joj je tako\u0111er vrlo sli\u010dan biljnom \u010daju.<\/span><\/p>\n<p style=\"text-align: justify\"><span style=\"color: #000000\">Kavna zrna pa\u017eljivo su odabrana s <strong>ekolo\u0161kih planta\u017ea<\/strong> i posebno mljevena kako bi pri pripremi osigurala optimalan u\u010dinak, ali i dobar okus.<\/span><\/p>\n<p style=\"text-align: justify\"><span style=\"color: #000000\">Zelena kava sve je popularnija zbog svojih pozitivnih u\u010dinaka na <strong>moderne tegobe<\/strong>: prekomjernu tjelesnu te\u017einu, stres, manjak energije i starenje. Stoga ne \u010dudi da je i nakon vi\u0161e godina i dalje tra\u017een i dobro prodavan proizvod.<\/span><\/p>\n<p style=\"text-align: justify\"><span style=\"color: #000000\">Na\u0161a zelena kava je certificirani organski proizvod, potpuno prirodan i bez dodataka.<\/span><\/p>\n<h2 style=\"text-align: justify\"><span style=\"color: #000000\">\u0160to je klorogenska kiselina i kako djeluje?<\/span><\/h2>\n<p style=\"text-align: justify\"><span style=\"color: #000000\">Zbog prisutnosti klorogenske kiseline jetra prestaju otpu\u0161tati glukozu u krv. Tijelo tada po\u010dinje koristiti pohranjenu masno\u0107u. Metabolizam se pobolj\u0161ava i pove\u0107ava se sagorijevanje masno\u0107a. Drugim rije\u010dima, klorogenska kiselina poma\u017ee u sagorijevanju zaliha masti u tijelu i time smanjuje tjelesnu te\u017einu.<\/span><\/p>\n<p style=\"text-align: justify\"><span style=\"color: #000000\">Prema nekim istra\u017eivanjima, zelena kava tako\u0111er mo\u017ee sprije\u010diti i smanjiti visoki krvni tlak, pobolj\u0161ati djelovanje hormona koji razgra\u0111uje masno\u0107e te smanjiti razinu kolesterola i triglicerida.<\/span><\/p>\n<p style=\"text-align: justify\"><span style=\"color: #000000\">Iako je zelena kava poznata prvenstveno po klorogenskoj kiselini i njenom u\u010dinku na mr\u0161avljenje, mo\u017ee biti i dobra zamjena za obi\u010dnu kavu ili \u010daj.<\/span><\/p>\n<h2 style=\"text-align: justify\"><span style=\"color: #000000\">Koje sve sastojke sadr\u017ei zelena kava i kako djeluju?<\/span><\/h2>\n<ul>\n<li><span style=\"color: #000000\"><strong><em>Kofein<\/em><\/strong> \u2013 zelena kava sadr\u017ei ne\u0161to manju koncentraciju kofeina. Male koli\u010dine kofeina poma\u017eu protiv <strong>tjelesnog i mentalnog umora<\/strong>. Daju vi\u0161e energije i pobolj\u0161avaju raspolo\u017eenje.<\/span><\/li>\n<li><span style=\"color: #000000\"><em><strong>Klorogenska kiselina<\/strong><\/em> \u2013 poma\u017ee u sagorijevanju masno\u0107a, sprje\u010dava apsorpciju \u0161e\u0107era u probavnom traktu i regulira razinu \u0161e\u0107era u krvi. Zbog klorogenske kiseline, zelena kava mo\u017ee pridonijeti gubitku tjelesne te\u017eine. Pr\u017eenjem se ve\u0107ina ove kiseline gubi.<\/span><\/li>\n<li><span style=\"color: #000000\"><em><strong>Antioksidansi<\/strong><\/em> \u2013 uni\u0161tavaju slobodne radikale i time mogu sprije\u010diti nastanak odre\u0111enih bolesti. Osim toga, antioksidansi djeluju i protiv starenja, odnosno usporavaju procese koji uzrokuju starenje.<\/span><\/li>\n<li><span style=\"color: #000000\"><em><strong>Ostali sastojci<\/strong><\/em> \u2013 Vitamini B-kompleksa, minerali, polifenoli. Sve \u0161to na\u0161em tijelu treba svakodnevno. B-kompleks doprinosi normalnom psiholo\u0161kom funkcioniranju te smanjenju umora i iscrpljenosti.<\/span><\/li>\n<\/ul>\n<h2 style=\"text-align: justify\"><span style=\"color: #000000\">Ne samo za mr\u0161avljenje<\/span><\/h2>\n<p style=\"text-align: justify\"><span style=\"color: #000000\">Zelena kava je ugodno iskustvo za sve ljubitelje dobrih biljnih \u010dajeva. Okus joj je vrlo ugodan, zanimljiv i jedinstven. Iako se naj\u010de\u0161\u0107e povezuje s mr\u0161avljenjem, zelenu kavu mo\u017eemo piti i s drugim ciljevima. Ako pritom u\u010dinimo jo\u0161 ne\u0161to za bolje raspolo\u017eenje, to su barem dvije muhe jednim udarcem. Zbog svoje kompleksne strukture, prepune antioksidansa, minerala, vitamina i polifenola, mo\u017ee imati pozitivan u\u010dinak na sni\u017eavanje krvnog tlaka, ubrzavanje metabolizma, smanjenje apsorpcije \u0161e\u0107era i usporavanje procesa starenja.<\/span><\/p>\n<h2 style=\"text-align: justify\"><span style=\"color: #000000\">Kada je preporu\u010dljivo piti zelenu kavu?<\/span><\/h2>\n<p style=\"text-align: justify\"><span style=\"color: #000000\">Zbog sadr\u017eaja kofeina, ne preporu\u010duje se konzumacija prije spavanja, osobito ako kofein sna\u017eno utje\u010de na va\u0161u budnost.<\/span><\/p>\n<p style=\"text-align: justify\"><span style=\"color: #000000\">Ina\u010de, zelenu kavu mo\u017eete piti u bilo koje doba dana, kao obi\u010dnu kavu ili \u010daj. Obogatit \u0107e izbor napitaka koje svakodnevno konzumirate. Posebno je dobrodo\u0161la kada trebate <strong>poticaj energije i boljeg raspolo\u017eenja<\/strong>.<\/span><\/p>\n<p style=\"text-align: justify\"><span style=\"color: #000000\">Ako \u017eelite pomo\u0107u zelene kave kontrolirati svoju tjelesnu te\u017einu i izgubiti koji kilogram, preporu\u010dujemo da je pijete <strong>barem 15 minuta prije svakog glavnog obroka<\/strong>. Samo tako mo\u017ee djelovati kao prirodni suzbija\u010d apetita. Va\u017eno je da se ne pije tijekom ili nakon obroka.<\/span><\/p>\n<h2 style=\"text-align: justify\"><span style=\"color: #000000\">Koliko zelene kave je preporu\u010dljivo popiti?<\/span><\/h2>\n<p style=\"text-align: justify\"><span style=\"color: #000000\">Za postizanje optimalnog u\u010dinka ovog prirodnog i zdravog napitka, koji <strong>pobolj\u0161ava op\u0107e stanje, daje energiju<\/strong> i mo\u017ee <strong>pomo\u0107i kod mr\u0161avljenja<\/strong>, preporu\u010duje se piti najmanje pola litre dnevno. Ako je mogu\u0107e, neka uvijek bude svje\u017ee pripremljena.<\/span><\/p>\n<h2 style=\"text-align: justify\"><span style=\"color: #000000\">Kako pakiramo zelenu kavu i kako je \u010duvati?<\/span><\/h2>\n<p style=\"text-align: justify\"><span style=\"color: #000000\">Zelena kava pakira se u <strong>hermeti\u010dki zatvorenu vre\u0107icu s patentnim zatvara\u010dem<\/strong>, koja \u010duva svje\u017einu i aromu. Ambala\u017ea \u0161titi od svjetlosti i zraka, jer je izra\u0111ena od vi\u0161e slojeva za\u0161tite koji \u010duvaju svojstva sadr\u017eaja. Tako zapakiranu zelenu kavu treba \u010duvati na suhom, tamnom i hladnom mjestu. Pazite da je vre\u0107ica ili kutija <strong>uvijek dobro zatvorena<\/strong>.<\/span><\/p>\n<p style=\"text-align: justify\"><span style=\"color: #000000\">Ambala\u017ea je vrlo prakti\u010dna i pogodna za recikliranje.<\/span><\/p>\n<h2 style=\"text-align: justify\"><span style=\"color: #000000\">Podrijetlo<\/span><\/h2>\n<p style=\"text-align: justify\"><span style=\"color: #000000\">Ju\u017ena Amerika<\/span><\/p>\n","protected":false},"excerpt":{"rendered":"<p style=\"text-align: justify\">Zelena zrna kave su jednostavno nepr\u017eena zrna obi\u010dne kave. Zato je zelena kava potpuno prirodan proizvod. Pripremite ga kao obi\u010dan biljni \u010daj. Okusom je vrlo sli\u010dan biljnom \u010daju.<\/p>\n<p>\ud83d\udc9a Organski proizvodi.<br \/>\n\ud83d\udc9a Vrhunska kvaliteta.<\/p>\n","protected":false},"featured_media":6718,"comment_status":"open","ping_status":"closed","template":"","meta":{"_acf_changed":false},"product_brand":[],"product_cat":[15,205,216],"product_tag":[],"class_list":{"0":"post-6218","1":"product","2":"type-product","3":"status-publish","4":"has-post-thumbnail","6":"product_cat-uncategorized","7":"product_cat-caj-hrana-zacini","8":"product_cat-svi-proizvodi-ponudba","10":"first","11":"instock","12":"taxable","13":"shipping-taxable","14":"purchasable","15":"product-type-simple"},"acf":[],"_links":{"self":[{"href":"https:\/\/fengchashop.com\/hr\/wp-json\/wp\/v2\/product\/6218","targetHints":{"allow":["GET"]}}],"collection":[{"href":"https:\/\/fengchashop.com\/hr\/wp-json\/wp\/v2\/product"}],"about":[{"href":"https:\/\/fengchashop.com\/hr\/wp-json\/wp\/v2\/types\/product"}],"replies":[{"embeddable":true,"href":"https:\/\/fengchashop.com\/hr\/wp-json\/wp\/v2\/comments?post=6218"}],"wp:featuredmedia":[{"embeddable":true,"href":"https:\/\/fengchashop.com\/hr\/wp-json\/wp\/v2\/media\/6718"}],"wp:attachment":[{"href":"https:\/\/fengchashop.com\/hr\/wp-json\/wp\/v2\/media?parent=6218"}],"wp:term":[{"taxonomy":"product_brand","embeddable":true,"href":"https:\/\/fengchashop.com\/hr\/wp-json\/wp\/v2\/product_brand?post=6218"},{"taxonomy":"product_cat","embeddable":true,"href":"https:\/\/fengchashop.com\/hr\/wp-json\/wp\/v2\/product_cat?post=6218"},{"taxonomy":"product_tag","embeddable":true,"href":"https:\/\/fengchashop.com\/hr\/wp-json\/wp\/v2\/product_tag?post=6218"}],"curies":[{"name":"wp","href":"https:\/\/api.w.org\/{rel}","templated":true}]}}