{"id":6216,"date":"2024-02-28T16:11:53","date_gmt":"2024-02-28T15:11:53","guid":{"rendered":"https:\/\/fengchashop.com\/hr\/product\/chunmee-bio-100-g\/"},"modified":"2025-10-26T21:51:43","modified_gmt":"2025-10-26T20:51:43","slug":"chunmee-bio","status":"publish","type":"product","link":"https:\/\/fengchashop.com\/hr\/product\/chunmee-bio\/","title":{"rendered":"Chunmee BIO 100 g"},"content":{"rendered":"<h2><span style=\"color: #000000\">Chunmee BIO (zeleni \u010daj)<\/span><\/h2>\n<p><span style=\"color: #000000\">Chunmee je jedan od najpopularnijih svakodnevnih \u010dajeva u Kini. Organsku verziju karakterizira nje\u017ean i profinjen okus. Listi\u0107i \u010daja su kompaktni i mekani. Listovi se najprije zarolaju u male spirale, koje se odmah odmotaju u dodiru s vru\u0107om vodom.<\/span><\/p>\n<h2 style=\"text-align: justify\"><span style=\"color: #000000\">Pohrana<\/span><\/h2>\n<p><span style=\"color: #000000\">\u010cuvati na suhom, tamnom i hladnom mjestu.<\/span><\/p>\n<h2 style=\"text-align: justify\"><span style=\"color: #000000\">Ambala\u017ea<\/span><\/h2>\n<p style=\"text-align: justify\"><span style=\"color: #000000\">Hermeti\u010dka vre\u0107ica s patentnim zatvara\u010dem u kojoj proizvod zadr\u017eava svu svoju svje\u017einu i aromu. Ambala\u017ea \u0161titi od svjetlosti i zraka jer se sastoji od vi\u0161e slojeva za\u0161tite koji \u010duvaju svojstva sadr\u017eaja.<\/span><\/p>\n<p style=\"text-align: justify\"><span style=\"color: #000000\">Pakiranje je vrlo prakti\u010dno i omogu\u0107uje recikliranje.<\/span><\/p>\n<h2 style=\"text-align: justify\"><span style=\"color: #000000\">Podrijetlo<\/span><\/h2>\n<p><span style=\"color: #000000\">Kina<\/span><\/p>\n","protected":false},"excerpt":{"rendered":"<p>Chunmee je jedan od najpopularnijih svakodnevnih \u010dajeva. Organsku verziju karakteriziraju fini i mekani listovi.<\/p>\n<p>\ud83d\udc9a Iz organske je proizvodnje.<\/p>\n<p>\ud83d\udc9a \u010caj za svaki dan.<\/p>\n","protected":false},"featured_media":6717,"comment_status":"open","ping_status":"closed","template":"","meta":{"_acf_changed":false},"product_brand":[],"product_cat":[15,223,205,216],"product_tag":[],"class_list":{"0":"post-6216","1":"product","2":"type-product","3":"status-publish","4":"has-post-thumbnail","6":"product_cat-uncategorized","7":"product_cat-caj","8":"product_cat-caj-hrana-zacini","9":"product_cat-svi-proizvodi-ponudba","11":"first","12":"outofstock","13":"taxable","14":"shipping-taxable","15":"purchasable","16":"product-type-simple"},"acf":[],"_links":{"self":[{"href":"https:\/\/fengchashop.com\/hr\/wp-json\/wp\/v2\/product\/6216","targetHints":{"allow":["GET"]}}],"collection":[{"href":"https:\/\/fengchashop.com\/hr\/wp-json\/wp\/v2\/product"}],"about":[{"href":"https:\/\/fengchashop.com\/hr\/wp-json\/wp\/v2\/types\/product"}],"replies":[{"embeddable":true,"href":"https:\/\/fengchashop.com\/hr\/wp-json\/wp\/v2\/comments?post=6216"}],"wp:featuredmedia":[{"embeddable":true,"href":"https:\/\/fengchashop.com\/hr\/wp-json\/wp\/v2\/media\/6717"}],"wp:attachment":[{"href":"https:\/\/fengchashop.com\/hr\/wp-json\/wp\/v2\/media?parent=6216"}],"wp:term":[{"taxonomy":"product_brand","embeddable":true,"href":"https:\/\/fengchashop.com\/hr\/wp-json\/wp\/v2\/product_brand?post=6216"},{"taxonomy":"product_cat","embeddable":true,"href":"https:\/\/fengchashop.com\/hr\/wp-json\/wp\/v2\/product_cat?post=6216"},{"taxonomy":"product_tag","embeddable":true,"href":"https:\/\/fengchashop.com\/hr\/wp-json\/wp\/v2\/product_tag?post=6216"}],"curies":[{"name":"wp","href":"https:\/\/api.w.org\/{rel}","templated":true}]}}