{"id":6215,"date":"2023-12-14T18:38:09","date_gmt":"2023-12-14T17:38:09","guid":{"rendered":"https:\/\/fengchashop.com\/hr\/product\/sango-koralj-u-prahu-250-g\/"},"modified":"2026-04-29T13:06:06","modified_gmt":"2026-04-29T11:06:06","slug":"sango-koralj-u-prahu","status":"publish","type":"product","link":"https:\/\/fengchashop.com\/hr\/product\/sango-koralj-u-prahu\/","title":{"rendered":"Sango koralj u prahu 250 g"},"content":{"rendered":"<h2><span style=\"color: #000000\">\u0160to je Sango koraljni prah?<\/span><\/h2>\n<p><span style=\"color: #000000\">Sango morski koralj potje\u010de iz milijun godina starog koraljnog grebena u blizini obale otoka Okinawa u Japanu. \u010cak je i sam otok Okinawa nastao na koraljnoj stijeni &#8211; zbog toga ki\u0161nica prodire kroz padaline i oboga\u0107uje se bezbrojnim mineralima i elementima u tragovima koji se nalaze u fosilnim koraljima. Stanovnici Okinawe, kojima se \u010desto pripisuje starost i preko sto godina, tako dobivaju izuzetno bogatu i jedinstvenu vodu punu minerala.<\/span><\/p>\n<h2><span style=\"color: #000000\">Za\u0161to je Sango koraljni prah toliko poseban i druga\u010diji?<\/span><\/h2>\n<p><span style=\"color: #000000\">Sango koraljni prah prirodni je izvor kalcija i drugih minerala koji blagotvorno djeluju na zdravlje. Koraljna pra\u0161ina uglavnom sadr\u017ei kalcij i magnezij, u omjeru 2:1, \u0161to bi trebalo biti idealno za ljudski organizam, s visokom bioraspolo\u017eivo\u0161\u0107u. Osim toga, mo\u017ee sadr\u017eavati i druge minerale u tragovima.<\/span><\/p>\n<h2><span style=\"color: #000000\">U\u010dinci koji pozitivno djeluju na na\u0161e zdravlje i tijelo<\/span><\/h2>\n<p><span style=\"color: #000000\">Sango koraljni prah ima mnoge potencijalne zdravstvene prednosti i u\u010dinke.<\/span><\/p>\n<p><em><strong><span style=\"color: #000000\">Neke od glavnih prednosti i u\u010dinaka su:<\/span><\/strong><\/em><\/p>\n<p><span style=\"color: #000000\">\ud83d\udc9a podr\u017eava imunolo\u0161ki sustav,<\/span><\/p>\n<p><span style=\"color: #000000\">\ud83d\udc9a podr\u017eava zdravlje kostiju, zubi i mi\u0161i\u0107a,<\/span><\/p>\n<p><span style=\"color: #000000\">\ud83d\udc9a poma\u017ee u prevenciji bolesti kostiju poput osteoporoze,<\/span><\/p>\n<p><span style=\"color: #000000\">\ud83d\udc9a poma\u017ee regulirati pH u tijelu i smanjuje kiselost,<\/span><\/p>\n<p><span style=\"color: #000000\">\ud83d\udc9a pogoduje zdravlju srca i radu mi\u0161i\u0107a,<\/span><\/p>\n<p><span style=\"color: #000000\">\ud83d\udc9a poma\u017eu u probavi i apsorpciji hranjivih tvari.<\/span><\/p>\n<h2><span style=\"color: #000000\">Skladi\u0161tenje i upozorenja<\/span><\/h2>\n<p><span style=\"color: #000000\">\u010cuvati na suhom i hladnom mjestu na temperaturi do 25 \u00b0C. Dodatak prehrani treba biti izvan dohvata djece!<\/span><\/p>\n<p><span style=\"color: #000000\">Ne zaboravite na va\u017enost raznolike prehrane i zdravog na\u010dina \u017eivota, stoga dodatak prehrani nije zamjena za uravnote\u017eenu i raznoliku prehranu. Preporu\u010dena dnevna koli\u010dina ili doza ne smije se prekora\u010diti.<\/span><\/p>\n<p><span style=\"color: #000000\">Ne preporu\u010duje se kori\u0161tenje trudnicama i dojiljama te djeci. Preporu\u010da se konzultirati svog lije\u010dnika za vi\u0161e informacija u slu\u010daju bilo kakvih zdravstvenih problema.<\/span><\/p>\n<h2><span style=\"color: #000000\">Pakiranje<\/span><\/h2>\n<p><span style=\"color: #000000\">Hermeti\u010dka vre\u0107ica s patentnim zatvara\u010dem u kojoj proizvod zadr\u017eava svu svoju svje\u017einu i aromu. Ambala\u017ea \u0161titi od svjetlosti i zraka jer se sastoji od vi\u0161e slojeva za\u0161tite koji \u010duvaju svojstva sadr\u017eaja.<\/span><\/p>\n<p><span style=\"color: #000000\">Pakiranje je vrlo prakti\u010dno i omogu\u0107uje recikliranje.<\/span><\/p>\n<h2><span style=\"color: #000000\">Podrijetlo<\/span><\/h2>\n<p><span style=\"color: #000000\">Japan<\/span><\/p>\n","protected":false},"excerpt":{"rendered":"<p align=\"JUSTIFY\">Sango morski koralj potje\u010de iz milijun godina starog koraljnog grebena u blizini obale otoka Okinawa u Japanu. Sango koraljni prah prirodni je izvor kalcija i drugih minerala koji blagotvorno djeluju na zdravlje. Ima mnoge potencijalne zdravstvene prednosti i u\u010dinke.<\/p>\n<p><span style=\"color: #000000\">\ud83d\udc9a Bogata mineralima<\/span><\/p>\n<p><span style=\"color: #000000\">\ud83d\udc9a Potpora kostima i zglobovima<\/span><\/p>\n<p><span style=\"color: #000000\">\ud83d\udc9a Uravnote\u017eenje pH razine<\/span><\/p>\n<p><span style=\"color: #000000\">\ud83d\udc9a Pove\u0107ana energija<\/span><\/p>\n","protected":false},"featured_media":6716,"comment_status":"open","ping_status":"closed","template":"","meta":{"_acf_changed":false},"product_brand":[],"product_cat":[15,203,216],"product_tag":[],"class_list":{"0":"post-6215","1":"product","2":"type-product","3":"status-publish","4":"has-post-thumbnail","6":"product_cat-uncategorized","7":"product_cat-minerali-vitamini","8":"product_cat-svi-proizvodi-ponudba","10":"first","11":"instock","12":"sale","13":"taxable","14":"shipping-taxable","15":"purchasable","16":"product-type-simple"},"acf":[],"_links":{"self":[{"href":"https:\/\/fengchashop.com\/hr\/wp-json\/wp\/v2\/product\/6215","targetHints":{"allow":["GET"]}}],"collection":[{"href":"https:\/\/fengchashop.com\/hr\/wp-json\/wp\/v2\/product"}],"about":[{"href":"https:\/\/fengchashop.com\/hr\/wp-json\/wp\/v2\/types\/product"}],"replies":[{"embeddable":true,"href":"https:\/\/fengchashop.com\/hr\/wp-json\/wp\/v2\/comments?post=6215"}],"wp:featuredmedia":[{"embeddable":true,"href":"https:\/\/fengchashop.com\/hr\/wp-json\/wp\/v2\/media\/6716"}],"wp:attachment":[{"href":"https:\/\/fengchashop.com\/hr\/wp-json\/wp\/v2\/media?parent=6215"}],"wp:term":[{"taxonomy":"product_brand","embeddable":true,"href":"https:\/\/fengchashop.com\/hr\/wp-json\/wp\/v2\/product_brand?post=6215"},{"taxonomy":"product_cat","embeddable":true,"href":"https:\/\/fengchashop.com\/hr\/wp-json\/wp\/v2\/product_cat?post=6215"},{"taxonomy":"product_tag","embeddable":true,"href":"https:\/\/fengchashop.com\/hr\/wp-json\/wp\/v2\/product_tag?post=6215"}],"curies":[{"name":"wp","href":"https:\/\/api.w.org\/{rel}","templated":true}]}}