{"id":6213,"date":"2023-12-07T18:37:57","date_gmt":"2023-12-07T17:37:57","guid":{"rendered":"https:\/\/fengchashop.com\/hr\/product\/nac-n-acetylcysteine-120-kapsula\/"},"modified":"2026-04-30T12:34:11","modified_gmt":"2026-04-30T10:34:11","slug":"nac-n-acetylcysteine","status":"publish","type":"product","link":"https:\/\/fengchashop.com\/hr\/product\/nac-n-acetylcysteine\/","title":{"rendered":"NAC (N-acetylcysteine) 120 kapsula"},"content":{"rendered":"<h2><span style=\"color: #000000\">NAC<\/span><\/h2>\n<p><span style=\"color: #000000\">N-acetil cistein <strong>(N-acetilcistein ili NAC)<\/strong> je dodatak prehrani na bazi aminokiseline cistein. Cistein je va\u017ean gra\u0111evni blok proteina i ima mnoge va\u017ene uloge u tijelu. NAC ima jedinstvena svojstva koja su ga u\u010dinila popularnim kao dodatak prehrani, a tako\u0111er se \u0161iroko koristi u medicini. To je tvar koja u tijelu djeluje kao prekursor antioksidativnog enzima glutationa.<\/span><\/p>\n<h2><span style=\"color: #000000\">\u0160to \u010dini NAC tako posebnim i tako druga\u010dijim?<\/span><\/h2>\n<p><span style=\"color: #000000\">N-acetil cistein se normalno proizvodi iz aminokiseline <strong>L-cistei<\/strong>na, koja se nalazi u mnogim proteinskim namirnicama kao \u0161to su perad, riba, jaja i mlije\u010dni proizvodi. <strong>Cistein<\/strong> je esencijalna aminokiselina, \u0161to zna\u010di da ga tijelo treba za normalno funkcioniranje, ali se tako\u0111er mo\u017ee dobiti iz drugih aminokiselina, poput <strong>metionina<\/strong>.<\/span><\/p>\n<p><span style=\"color: #000000\">Cistein je klju\u010dna komponenta koju na\u0161e tijelo treba jer igra va\u017enu ulogu u nekoliko klju\u010dnih procesa. Jedna od njegovih sredi\u0161njih uloga je <strong>sudjelovanje u obnovi glutationa<\/strong>, koji je najja\u010di antioksidans u na\u0161em tijelu. Glutation je neophodan za <strong>za\u0161titu tjelesnih stanica od o\u0161te\u0107enja<\/strong> uzrokovanih slobodnim radikalima i za odr\u017eavanje cijelog sustava obrambenih mehanizama.<\/span><\/p>\n<h2><span style=\"color: #000000\">U\u010dinci koji pozitivno djeluju na na\u0161e zdravlje i tijelo<\/span><\/h2>\n<p><span style=\"color: #000000\"><em><strong>NAC ima mnoge potencijalne zdravstvene prednosti i u\u010dinke. Neke od glavnih prednosti i u\u010dinaka su:<\/strong><\/em><\/span><\/p>\n<p><span style=\"color: #000000\">\ud83d\udc9a sna\u017ean je antioksidans koji uklanja slobodne radikale,<\/span><\/p>\n<p><span style=\"color: #000000\">\ud83d\udc9a pozitivno djeluje na imunolo\u0161ki sustav i poti\u010de zdravlje imunolo\u0161kog sustava,<\/span><\/p>\n<p><span style=\"color: #000000\">\ud83d\udc9a smanjuje u\u010destalost i te\u017einu simptoma gripe i prehlade te skra\u0107uje trajanje bolesti,<\/span><\/p>\n<p><span style=\"color: #000000\">\ud83d\udc9a tako\u0111er se koristi za razrje\u0111ivanje guste sluzi i ubla\u017eavanje problema s disanjem kod pacijenata s respiratornim bolestima kao \u0161to su kroni\u010dna opstruktivna plu\u0107na bolest (KOPB) i cisti\u010dna fibroza,<\/span><\/p>\n<p><span style=\"color: #000000\">\ud83d\udc9a za lije\u010denje trovanja paracetamolom,<\/span><\/p>\n<p><span style=\"color: #000000\">\ud83d\udc9a utje\u010de na mentalno zdravlje, koristan u lije\u010denju poreme\u0107aja kao \u0161to su opsesivno-kompulzivni poreme\u0107aj (OKP) i depresija,<\/span><\/p>\n<p><span style=\"color: #000000\">\ud83d\udc9a smanjuje simptome odre\u0111enih neurolo\u0161kih poreme\u0107aja, poput shizofrenije i poreme\u0107aja raspolo\u017eenja,<\/span><\/p>\n<p><span style=\"color: #000000\">\ud83d\udc9a poma\u017ee u lije\u010denju ovisnosti, poput alkoholizma, pu\u0161enja i ovisnosti o drogama,<\/span><\/p>\n<p><span style=\"color: #000000\">\ud83d\udc9a blagotvorno djeluje kod odre\u0111enih bolesti jetre, poput fibroze jetre,<\/span><\/p>\n<p><span style=\"color: #000000\">\ud83d\udc9a Poma\u017ee u detoksikaciji i pro\u010di\u0161\u0107avanju.<\/span><\/p>\n<h2><span style=\"color: #000000\">Ambala\u017ea<\/span><\/h2>\n<p><span style=\"color: #000000\">Nepropusna vre\u0107ica s patentnim zatvara\u010dem u kojoj proizvod zadr\u017eava svu svoju svje\u017einu i aromu. Ambala\u017ea \u0161titi od svjetlosti i zraka, jer je napravljena od nekoliko slojeva za\u0161tite koji \u010duvaju svojstva sadr\u017eaja.<\/span><\/p>\n<p><span style=\"color: #000000\">Ambala\u017ea je vrlo prakti\u010dna i mo\u017ee se reciklirati.<\/span><\/p>\n<h2><span style=\"color: #000000\">Spremanje i upozorenja<\/span><\/h2>\n<p><span style=\"color: #000000\">\u010cuvati na hladnom i suhom mjestu na temperaturi do 25 \u00b0C. Dodatak prehrani \u010duvajte izvan dohvata djece!<\/span><\/p>\n<p><span style=\"color: #000000\">Zapamtite va\u017enost raznovrsne prehrane i zdravog na\u010dina \u017eivota, dodatak prehrani nije zamjena za uravnote\u017eenu i raznoliku prehranu. Preporu\u010dena dnevna koli\u010dina ili doza ne smije se prekora\u010diti.\u00a0<\/span><\/p>\n<p>Ne preporu\u010duje se kori\u0161tenje trudnicama i dojiljama te djeci. Preporu\u010da se konzultirati svog lije\u010dnika za vi\u0161e informacija u slu\u010daju bilo kakvih zdravstvenih problema. Nije prikladno za djecu.<\/p>\n","protected":false},"excerpt":{"rendered":"<p>N-acetil cistein<strong> (N-acetilcistein ili NAC)<\/strong> je dodatak prehrani na bazi aminokiseline cistein. <strong>Cistein<\/strong> je va\u017ean gra\u0111evni blok proteina i ima mnoge va\u017ene uloge u tijelu. NAC ima jedinstvena svojstva koja su ga u\u010dinila popularnim kao dodatak prehrani, a tako\u0111er se \u0161iroko koristi u medicini.<\/p>\n<p>\ud83d\udc9a Pozitivno djeluje na imunolo\u0161ki sustav.<br \/>\n\ud83d\udc9a Smanjuje u\u010destalost i te\u017einu simptoma gripe i prehlade.<br \/>\n\ud83d\udc9a Smanjuje simptome nekih neurolo\u0161kih poreme\u0107aja.<br \/>\n\ud83d\udc9a Poma\u017ee u lije\u010denju ovisnosti.<br \/>\n\ud83d\udc9a Poma\u017ee u detoksikaciji i pro\u010di\u0161\u0107avanju.<\/p>\n","protected":false},"featured_media":6713,"comment_status":"open","ping_status":"closed","template":"","meta":{"_acf_changed":false},"product_brand":[],"product_cat":[203,218,195,216],"product_tag":[],"class_list":{"0":"post-6213","1":"product","2":"type-product","3":"status-publish","4":"has-post-thumbnail","6":"product_cat-minerali-vitamini","7":"product_cat-najprodavaniji","8":"product_cat-superhrana","9":"product_cat-svi-proizvodi-ponudba","11":"first","12":"instock","13":"sale","14":"taxable","15":"shipping-taxable","16":"purchasable","17":"product-type-simple"},"acf":[],"_links":{"self":[{"href":"https:\/\/fengchashop.com\/hr\/wp-json\/wp\/v2\/product\/6213","targetHints":{"allow":["GET"]}}],"collection":[{"href":"https:\/\/fengchashop.com\/hr\/wp-json\/wp\/v2\/product"}],"about":[{"href":"https:\/\/fengchashop.com\/hr\/wp-json\/wp\/v2\/types\/product"}],"replies":[{"embeddable":true,"href":"https:\/\/fengchashop.com\/hr\/wp-json\/wp\/v2\/comments?post=6213"}],"wp:featuredmedia":[{"embeddable":true,"href":"https:\/\/fengchashop.com\/hr\/wp-json\/wp\/v2\/media\/6713"}],"wp:attachment":[{"href":"https:\/\/fengchashop.com\/hr\/wp-json\/wp\/v2\/media?parent=6213"}],"wp:term":[{"taxonomy":"product_brand","embeddable":true,"href":"https:\/\/fengchashop.com\/hr\/wp-json\/wp\/v2\/product_brand?post=6213"},{"taxonomy":"product_cat","embeddable":true,"href":"https:\/\/fengchashop.com\/hr\/wp-json\/wp\/v2\/product_cat?post=6213"},{"taxonomy":"product_tag","embeddable":true,"href":"https:\/\/fengchashop.com\/hr\/wp-json\/wp\/v2\/product_tag?post=6213"}],"curies":[{"name":"wp","href":"https:\/\/api.w.org\/{rel}","templated":true}]}}