{"id":6210,"date":"2023-08-29T09:31:01","date_gmt":"2023-08-29T07:31:01","guid":{"rendered":"https:\/\/fengchashop.com\/hr\/product\/maslacak-dandelion-bio-u-prahu-250-g\/"},"modified":"2026-04-29T07:11:17","modified_gmt":"2026-04-29T05:11:17","slug":"maslacak-dandelion-bio-u-prahu","status":"publish","type":"product","link":"https:\/\/fengchashop.com\/hr\/product\/maslacak-dandelion-bio-u-prahu\/","title":{"rendered":"Masla\u010dak BIO u prahu 250 g"},"content":{"rendered":"<h2 style=\"text-align: justify\"><span style=\"color: #000000\">\u0160to je masla\u010dak i odakle dolazi?<\/span><\/h2>\n<div style=\"text-align: justify\">\n<p><span style=\"color: #000000\">Masla\u010dak (Taraxacum officinale) je vi\u0161egodi\u0161nja biljka iz porodice glavo\u010dika (Asteraceae). Biljka je rasprostranjena diljem svijeta i obi\u010dno se nalazi na livadama, u vrtovima, uz ceste i drugim otvorenim podru\u010djima. Osim dekorativne vrijednosti, ima i povijesnu i suvremenu uporabnu vrijednost u tradicionalnoj i prirodnoj medicini, gdje se istra\u017euju njeni mogu\u0107i zdravstveni u\u010dinci.<\/span><\/p>\n<\/div>\n<h2 style=\"text-align: justify\"><span style=\"color: #000000\">\u0160to \u010dini masla\u010dak tako posebnim i tako druga\u010dijim?<\/span><\/h2>\n<p><span style=\"color: #000000\">Korijen masla\u010dka u prahu je dodatak prehrani dobiven od korijena ove biljke. Prah korijena masla\u010dka cijenjen je zbog brojnih potencijalnih zdravstvenih dobrobiti. Masla\u010dak se koristi u tradicionalnim medicinskim sustavima diljem svijeta u razne svrhe, uklju\u010duju\u0107i u\u010dinke kao <strong>tonik, diuretik i pro\u010di\u0161\u0107iva\u010d krvi<\/strong>.<\/span><\/p>\n<p><span style=\"color: #000000\">Korijen masla\u010dka je bogat izvor mnogih hranjivih tvari, uklju\u010duju\u0107i <strong>vitamine<\/strong> (A, C i K), <strong>minerale<\/strong> (kalij, kalcij, \u017eeljezo, magnezij i fosfor) i druge spojeve koji mogu koristiti zdravlju.<\/span><\/p>\n<p><span style=\"color: #000000\">Masla\u010dak <strong>sadr\u017ei antioksidanse<\/strong> koji \u0161tite stanice od o\u0161te\u0107enja uzrokovanih slobodnim radikalima. Antioksidansi mogu pridonijeti cjelokupnom zdravlju i igrati ulogu u smanjenju rizika od kroni\u010dnih bolesti. <strong>Flavonoidi<\/strong> su antioksidansi koji uklju\u010duju spojeve poput <strong>kvercetina<\/strong> i <strong>luteolina<\/strong> koji mogu pomo\u0107i u<strong> za\u0161titi stanica od oksidativnog stresa<\/strong>.<\/span><\/p>\n<p><span style=\"color: #000000\">Korijen masla\u010dka sadr\u017ei i vlakna, od kojih je najva\u017eniji inulin koji <strong>poma\u017ee u regulaciji razine \u0161e\u0107era u krvi i probavi<\/strong>.<\/span><br \/>\n<span style=\"color: #000000\">Ostali va\u017eni spojevi koji se nalaze u korijenu masla\u010dka su <strong>bitterin<\/strong>, koji poti\u010de apetit i probavni proces, te fitokemikalije koje imaju razli\u010dite zdravstvene prednosti.<\/span><\/p>\n<h2 class=\"Standard\" style=\"text-align: justify\"><span style=\"color: #000000\">U\u010dinci koji pozitivno djeluju na na\u0161e zdravlje i tijelo<\/span><\/h2>\n<div style=\"text-align: justify\"><span style=\"color: #000000\">Masla\u010dak ima mnoge potencijalne zdravstvene prednosti i u\u010dinke. Neke od glavnih su:<\/span><\/div>\n<div style=\"text-align: justify\">\n<p><span style=\"color: #000000\">\ud83d\udc9a sna\u017ean je antioksidans koji <strong>uklanja slobodne radikale<\/strong>,<\/span><br \/>\n<span style=\"color: #000000\">\ud83d\udc9a djeluje <strong>diuretski<\/strong>,<\/span><br \/>\n<span style=\"color: #000000\">\ud83d\udc9a poma\u017ee u <strong>detoksikaciji<\/strong> i <strong>pro\u010di\u0161\u0107avanju<\/strong>,<\/span><br \/>\n<span style=\"color: #000000\">\ud83d\udc9adoprinosi <strong>boljoj probavi i zdravom probavnom sustavu<\/strong>,<\/span><br \/>\n<span style=\"color: #000000\">\ud83d\udc9adoprinosi <strong>boljem funkcioniranju<\/strong> imunolo\u0161kog sustava,<\/span><br \/>\n<span style=\"color: #000000\">\ud83d\udc9a poma\u017ee u <strong>ja\u010danju prirodne otpornosti<\/strong> organizma na infekcije i bolesti,<\/span><br \/>\n<span style=\"color: #000000\">\ud83d\udc9a ima <strong>protuupalna svojstva<\/strong>,<\/span><br \/>\n<span style=\"color: #000000\">\ud83d\udc9a <strong>pobolj\u0161ava stanje ko\u017ee<\/strong> kod raznih problema,<\/span><br \/>\n<span style=\"color: #000000\">\ud83d\udc9a podr\u017eava <strong>rad jetre<\/strong>,<\/span><br \/>\n<span style=\"color: #000000\">\ud83d\udc9a poma\u017ee u regulaciji razine <strong>\u0161e\u0107era u krvi<\/strong>,<\/span><br \/>\n<span style=\"color: #000000\">\ud83d\udc9a doprinosi pobolj\u0161anju <strong>zdravlja kostiju<\/strong>.<\/span><\/p>\n<\/div>\n<div style=\"text-align: justify\">\n<h2><strong><span style=\"color: #000000\">Skladi\u0161tenje i upozorenja<\/span><\/strong><\/h2>\n<\/div>\n<p><span style=\"color: #000000\">\u010cuvati na suhom i hladnom mjestu na temperaturi do 25 \u00b0C. Dodatak prehrani treba biti izvan dohvata djece!<\/span><\/p>\n<p><span style=\"color: #000000\">Ne zaboravite na va\u017enost raznolike prehrane i zdravog na\u010dina \u017eivota, stoga dodatak prehrani nije zamjena za uravnote\u017eenu i raznoliku prehranu. Preporu\u010dena dnevna koli\u010dina ili doza ne smije se prekora\u010diti.<\/span><\/p>\n<p><span style=\"color: #000000\">Ne preporu\u010duje se kori\u0161tenje trudnicama i dojiljama te djeci. Konzumacija se ne preporu\u010duje osobama preosjetljivim na biljke iz obitelji Asteraceae te osobama koje uzimaju lijekove za razrje\u0111ivanje krvi ili imaju problema sa \u017eu\u010di. Preporu\u010da se konzultirati svog lije\u010dnika za vi\u0161e informacija u slu\u010daju bilo kakvih zdravstvenih problema.<\/span><\/p>\n<h2 style=\"text-align: justify\"><span style=\"color: #000000\">Ambala\u017ea<\/span><\/h2>\n<p><span style=\"color: #000000\">Hermeti\u010dka vre\u0107ica s patentnim zatvara\u010dem u kojoj proizvod zadr\u017eava svu svoju svje\u017einu i aromu. Ambala\u017ea \u0161titi od svjetlosti i zraka jer se sastoji od vi\u0161e slojeva za\u0161tite koji \u010duvaju svojstva sadr\u017eaja.<\/span><\/p>\n<p><span style=\"color: #000000\">Pakiranje je vrlo prakti\u010dno i omogu\u0107uje recikliranje.<\/span><\/p>\n<h2 style=\"text-align: justify\"><span style=\"color: #000000\">Podrijetlo<\/span><\/h2>\n<p style=\"text-align: justify\"><span style=\"color: #000000\">Kina. Imamo vrlo pouzdane dobavlja\u010de koji nam \u0161alju detaljnu kemijsku analizu proizvoda za svaku seriju. U vi\u0161e od 10 godina nikada nismo imali opoziv ili bilo kakav drugi problem s ovim proizvodom, niti s bilo kojim drugim proizvodom istog dobavlja\u010da. Proizvod je 100 % certificiran kao organski.<\/span><\/p>\n","protected":false},"excerpt":{"rendered":"<p>Masla\u010dak (Taraxacum officinale) je vi\u0161egodi\u0161nja biljka iz porodice glavo\u010dika (Asteraceae). Biljka je rasprostranjena diljem svijeta i obi\u010dno se nalazi na livadama, u vrtovima, uz ceste i drugim otvorenim podru\u010djima. Osim dekorativne vrijednosti, ima i povijesnu i suvremenu uporabnu vrijednost u tradicionalnoj i prirodnoj medicini, gdje se istra\u017euju njeni mogu\u0107i zdravstveni u\u010dinci.<\/p>\n<p>\ud83d\udc9a Poma\u017ee u ja\u010danju prirodne otpornosti organizma na infekcije i bolesti.<br \/>\n\ud83d\udc9a Doprinosi boljoj probavi i zdravom probavnom sustavu.<br \/>\n\ud83d\udc9a Poma\u017ee u regulaciji razine \u0161e\u0107era u krvi.<br \/>\n\ud83d\udc9a Sna\u017ean je antioksidans koji uklanja slobodne radikale.<\/p>\n","protected":false},"featured_media":6710,"comment_status":"open","ping_status":"closed","template":"","meta":{"_acf_changed":false},"product_brand":[],"product_cat":[15,195,216],"product_tag":[],"class_list":{"0":"post-6210","1":"product","2":"type-product","3":"status-publish","4":"has-post-thumbnail","6":"product_cat-uncategorized","7":"product_cat-superhrana","8":"product_cat-svi-proizvodi-ponudba","10":"first","11":"instock","12":"sale","13":"taxable","14":"shipping-taxable","15":"purchasable","16":"product-type-simple"},"acf":[],"_links":{"self":[{"href":"https:\/\/fengchashop.com\/hr\/wp-json\/wp\/v2\/product\/6210","targetHints":{"allow":["GET"]}}],"collection":[{"href":"https:\/\/fengchashop.com\/hr\/wp-json\/wp\/v2\/product"}],"about":[{"href":"https:\/\/fengchashop.com\/hr\/wp-json\/wp\/v2\/types\/product"}],"replies":[{"embeddable":true,"href":"https:\/\/fengchashop.com\/hr\/wp-json\/wp\/v2\/comments?post=6210"}],"wp:featuredmedia":[{"embeddable":true,"href":"https:\/\/fengchashop.com\/hr\/wp-json\/wp\/v2\/media\/6710"}],"wp:attachment":[{"href":"https:\/\/fengchashop.com\/hr\/wp-json\/wp\/v2\/media?parent=6210"}],"wp:term":[{"taxonomy":"product_brand","embeddable":true,"href":"https:\/\/fengchashop.com\/hr\/wp-json\/wp\/v2\/product_brand?post=6210"},{"taxonomy":"product_cat","embeddable":true,"href":"https:\/\/fengchashop.com\/hr\/wp-json\/wp\/v2\/product_cat?post=6210"},{"taxonomy":"product_tag","embeddable":true,"href":"https:\/\/fengchashop.com\/hr\/wp-json\/wp\/v2\/product_tag?post=6210"}],"curies":[{"name":"wp","href":"https:\/\/api.w.org\/{rel}","templated":true}]}}