{"id":6209,"date":"2023-08-29T08:53:40","date_gmt":"2023-08-29T06:53:40","guid":{"rendered":"https:\/\/fengchashop.com\/hr\/product\/cicak-burdock-bio-u-prahu-250-g\/"},"modified":"2026-04-18T06:13:25","modified_gmt":"2026-04-18T04:13:25","slug":"cicak-burdock-bio-u-prahu","status":"publish","type":"product","link":"https:\/\/fengchashop.com\/hr\/product\/cicak-burdock-bio-u-prahu\/","title":{"rendered":"\u010ci\u010dak BIO u prahu 250 g"},"content":{"rendered":"<h2 style=\"text-align: justify\"><span style=\"color: #000000\">\u0160to je \u010di\u010dak i odakle dolazi?<\/span><\/h2>\n<div style=\"text-align: justify\">\n<p><span style=\"color: #000000\">\u010ci\u010dak u prahu dobiva se iz korijena \u010di\u010dka (Arctium lappa), biljke koja potje\u010de iz Europe i Azije, ali se mo\u017ee na\u0107i i u drugim dijelovima svijeta. Ova je biljka poznata po svojim velikim listovima u obliku srca, ru\u017ei\u010dasto-ljubi\u010dastim cvatovima i velikim, osebujnim plodovima koji dr\u017ee dlakave ovojnice. \u010ci\u010dak <strong>ima dugu povijest kori\u0161tenja u tradicionalnoj biljnoj medicini<\/strong> i poznat je po svojim brojnim zdravstvenim prednostima. Korijen \u010di\u010dka <strong>bogat je raznim nutrijentima i bioaktivnim spojevima<\/strong> koji doprinose njegovom djelovanju.<\/span><\/p>\n<p><span style=\"color: #000000\">U ljekovite svrhe kori\u0161teni su razli\u010diti dijelovi biljke, uklju\u010duju\u0107i korijenje, li\u0161\u0107e, cvije\u0107e i sjeme. \u010ci\u010dak se tako\u0111er koristio u kulinarstvu, gdje su se mladi listovi i stabljike \u010desto koristili za pripremu jela poput juha i salata.<\/span><\/p>\n<\/div>\n<h2 style=\"text-align: justify\"><span style=\"color: #000000\">\u0160to \u010dini \u010di\u010dak tako posebnim i tako druga\u010dijim?<\/span><\/h2>\n<p style=\"text-align: justify\"><span style=\"color: #000000\">\u010ci\u010dak se danas tako\u0111er koristi kao sastojak dodataka prehrani jer ima mnoge potencijalne zdravstvene dobrobiti. Koristi se <strong>za potporu zdravlju ko\u017ee, probavnog sustava, bubrega, imunolo\u0161kog sustava i drugih tjelesnih funkcija<\/strong>.<\/span><\/p>\n<p><span style=\"color: #000000\">Korijen \u010di\u010dka je bogat izvor mnogih nutrijenata, uklju\u010duju\u0107i vitamine (B kompleks i E), minerale (kalij, fosfor, magnezij, kobalt, krom, cink, natrij, silicij i \u017eeljezo) i druge spojeve koji mogu koristiti zdravlju.<\/span><\/p>\n<p><span style=\"color: #000000\">Ekstrakt korijena \u010di\u010dka ima mnoga farmakolo\u0161ka svojstva, me\u0111u kojima se isti\u010du <strong>antibakterijska, antivirusna i antioksidativna<\/strong> svojstva. Tako\u0111er ima klju\u010dnu ulogu u regulaciji metabolizma <strong>lipida<\/strong> i regulaciji poreme\u0107aja metabolizma <strong>glukoze<\/strong>. Osim toga, pripisuju mu se antitumorska, antimutagena i imunomoduliraju\u0107a svojstva te sposobnost smanjenja upale. U cjelini ima i laksativno djelovanje na pobolj\u0161anje probavnog procesa.<\/span><\/p>\n<p><span style=\"color: #000000\">Ekstrakt korijena \u010di\u010dka sadr\u017ei razli\u010dite esencijalne aminokiseline u povi\u0161enim koncentracijama, posebice one koje imaju izra\u017een farmakolo\u0161ki u\u010dinak.<\/span><\/p>\n<h2 class=\"Standard\" style=\"text-align: justify\"><span style=\"color: #000000\">U\u010dinci koji pozitivno djeluju na na\u0161e zdravlje i tijelo<\/span><\/h2>\n<div style=\"text-align: justify\">\n<p><span style=\"color: #000000\">\u010ci\u010dak ima mnoge potencijalne zdravstvene prednosti i u\u010dinke. Neke od glavnih prednosti i u\u010dinaka su:<\/span><\/p>\n<p><span style=\"color: #000000\">\ud83d\udc9a ima <strong>protuupalna svojstva<\/strong>,<\/span><br \/>\n<span style=\"color: #000000\">\ud83d\udc9a pobolj\u0161ava <strong>stanje ko\u017ee kod raznih problema<\/strong> (akne, ekcemi, psorijaza i dermatitis)<\/span><br \/>\n<span style=\"color: #000000\">\ud83d\udc9a ubla\u017eava <strong>svrbe\u017e i iritaciju ko\u017ee<\/strong>,<\/span><br \/>\n<span style=\"color: #000000\">\ud83d\udc9a poma\u017ee u <strong>detoksikaciji<\/strong> i <strong>pro\u010di\u0161\u0107avanju<\/strong>,<\/span><br \/>\n<span style=\"color: #000000\">\ud83d\udc9a podr\u017eava rad <strong>jetre<\/strong> i <strong>bubrega<\/strong> u <strong>uklanjanju toksina iz tijela<\/strong>,<\/span><br \/>\n<span style=\"color: #000000\">\ud83d\udc9a <strong>poti\u010de eliminaciju<\/strong> otpadnih tvari kroz ko\u017eu i mokra\u0107ni sustav,<\/span><br \/>\n<span style=\"color: #000000\">\ud83d\udc9adoprinosi boljoj <strong>probavi i zdravom probavnom sustavu<\/strong>,<\/span><br \/>\n<span style=\"color: #000000\">\ud83d\udc9adoprinosi boljem <strong>funkcioniranju<\/strong> imunolo\u0161kog sustava,<\/span><br \/>\n<span style=\"color: #000000\">\ud83d\udc9a poma\u017ee u <strong>ja\u010danju prirodne otpornosti<\/strong> organizma na infekcije i bolesti,<\/span><br \/>\n<span style=\"color: #000000\">\ud83d\udc9a sna\u017ean je <strong>antioksidans<\/strong> koji uklanja <strong>slobodne radikale<\/strong>,<\/span><br \/>\n<span style=\"color: #000000\">\ud83d\udc9a djeluje <strong>antitumorski<\/strong>,<\/span><br \/>\n<span style=\"color: #000000\">\ud83d\udc9a podr\u017eava <strong>zdravlje kose, vlasi\u0161ta i noktiju<\/strong>,<\/span><br \/>\n<span style=\"color: #000000\">\ud83d\udc9a poma\u017ee u regulaciji <strong>razine \u0161e\u0107era u krvi<\/strong>,<\/span><br \/>\n<span style=\"color: #000000\">\ud83d\udc9a poma\u017ee u ubla\u017eavanju <strong>upale u zglobovima i ubla\u017eavanju simptoma reumatskih bolesti<\/strong>,<\/span><br \/>\n<span style=\"color: #000000\">\ud83d\udc9a sprje\u010dava <strong>arteriosklerozu<\/strong>, <strong>hipertenziju<\/strong> i <strong>cerebralnu trombozu<\/strong>,<\/span><br \/>\n<span style=\"color: #000000\">\ud83d\udc9a otklanja <strong>umor<\/strong> i <strong>poti\u010de metabolizam<\/strong>,<\/span><br \/>\n<span style=\"color: #000000\">\ud83d\udc9a pobolj\u0161ava <strong>pam\u0107enje<\/strong>.<\/span><\/p>\n<\/div>\n<div style=\"text-align: justify\">\n<h2><span style=\"color: #000000\">Skladi\u0161tenje i upozorenja<\/span><\/h2>\n<\/div>\n<p><span style=\"color: #000000\">\u010cuvati na suhom i hladnom mjestu na temperaturi do 25 \u00b0C. Dodatak prehrani treba biti izvan dohvata djece!<\/span><\/p>\n<p><span style=\"color: #000000\">Ne zaboravite na va\u017enost raznolike prehrane i zdravog na\u010dina \u017eivota, stoga dodatak prehrani nije zamjena za uravnote\u017eenu i raznoliku prehranu. Preporu\u010dena dnevna koli\u010dina ili doza ne smije se prekora\u010diti.<\/span><\/p>\n<p><span style=\"color: #000000\">Ne preporu\u010duje se kori\u0161tenje trudnicama i dojiljama te djeci. Konzumacija se ne preporu\u010duje osobama koje imaju alergijske reakcije i osobama koje uzimaju lijekove za razrje\u0111ivanje krvi. Preporu\u010da se konzultirati svog lije\u010dnika za vi\u0161e informacija u slu\u010daju bilo kakvih zdravstvenih problema.<\/span><\/p>\n<h2 style=\"text-align: justify\"><span style=\"color: #000000\">Ambala\u017ea<\/span><\/h2>\n<p><span style=\"color: #000000\">Hermeti\u010dka vre\u0107ica s patentnim zatvara\u010dem u kojoj proizvod zadr\u017eava svu svoju svje\u017einu i aromu. Ambala\u017ea \u0161titi od svjetlosti i zraka jer se sastoji od vi\u0161e slojeva za\u0161tite koji \u010duvaju svojstva sadr\u017eaja.<\/span><\/p>\n<p><span style=\"color: #000000\">Pakiranje je vrlo prakti\u010dno i omogu\u0107uje recikliranje.<\/span><\/p>\n<h2 style=\"text-align: justify\"><span style=\"color: #000000\">Podrijetlo<\/span><\/h2>\n<p style=\"text-align: justify\"><span style=\"color: #000000\">Kina. Imamo vrlo pouzdane dobavlja\u010de koji nam \u0161alju detaljnu kemijsku analizu proizvoda za svaku seriju. U vi\u0161e od 10 godina nikada nismo imali opoziv ili bilo kakav drugi problem s ovim proizvodom, niti s bilo kojim drugim proizvodom istog dobavlja\u010da. Proizvod je 100 % certificiran kao organski.<\/span><\/p>\n","protected":false},"excerpt":{"rendered":"<p>\u010ci\u010dak u prahu dobiva se iz korijena \u010di\u010dka (Arctium lappa), biljke koja potje\u010de iz Europe i Azije, ali se mo\u017ee na\u0107i i u drugim dijelovima svijeta. \u010ci\u010dak ima dugu povijest kori\u0161tenja u tradicionalnoj biljnoj medicini i poznat je po svojim brojnim zdravstvenim prednostima. Korijen \u010di\u010dka bogat je raznim nutrijentima i bioaktivnim spojevima koji doprinose njegovom djelovanju.<\/p>\n<p>\ud83d\udc9a Poma\u017ee u ubla\u017eavanju <strong>upale u zglobovima<\/strong> i ubla\u017eavanju simptoma <strong>reumatskih bolesti<\/strong>.<br \/>\n\ud83d\udc9a Podr\u017eava <strong>rad jetre i bubrega<\/strong> u uklanjanju toksina iz tijela.<br \/>\n\ud83d\udc9a Spre\u010dava <strong>arteriosklerozu<\/strong>, <strong>hipertenziju<\/strong> i <strong>cerebralnu trombozu<\/strong>.<br \/>\n\ud83d\udc9a Djeluje <strong>antitumorski<\/strong>.<\/p>\n","protected":false},"featured_media":6709,"comment_status":"open","ping_status":"closed","template":"","meta":{"_acf_changed":false},"product_brand":[],"product_cat":[15,195,216],"product_tag":[],"class_list":{"0":"post-6209","1":"product","2":"type-product","3":"status-publish","4":"has-post-thumbnail","6":"product_cat-uncategorized","7":"product_cat-superhrana","8":"product_cat-svi-proizvodi-ponudba","10":"first","11":"outofstock","12":"taxable","13":"shipping-taxable","14":"purchasable","15":"product-type-simple"},"acf":[],"_links":{"self":[{"href":"https:\/\/fengchashop.com\/hr\/wp-json\/wp\/v2\/product\/6209","targetHints":{"allow":["GET"]}}],"collection":[{"href":"https:\/\/fengchashop.com\/hr\/wp-json\/wp\/v2\/product"}],"about":[{"href":"https:\/\/fengchashop.com\/hr\/wp-json\/wp\/v2\/types\/product"}],"replies":[{"embeddable":true,"href":"https:\/\/fengchashop.com\/hr\/wp-json\/wp\/v2\/comments?post=6209"}],"wp:featuredmedia":[{"embeddable":true,"href":"https:\/\/fengchashop.com\/hr\/wp-json\/wp\/v2\/media\/6709"}],"wp:attachment":[{"href":"https:\/\/fengchashop.com\/hr\/wp-json\/wp\/v2\/media?parent=6209"}],"wp:term":[{"taxonomy":"product_brand","embeddable":true,"href":"https:\/\/fengchashop.com\/hr\/wp-json\/wp\/v2\/product_brand?post=6209"},{"taxonomy":"product_cat","embeddable":true,"href":"https:\/\/fengchashop.com\/hr\/wp-json\/wp\/v2\/product_cat?post=6209"},{"taxonomy":"product_tag","embeddable":true,"href":"https:\/\/fengchashop.com\/hr\/wp-json\/wp\/v2\/product_tag?post=6209"}],"curies":[{"name":"wp","href":"https:\/\/api.w.org\/{rel}","templated":true}]}}