{"id":6208,"date":"2023-06-13T08:47:12","date_gmt":"2023-06-13T06:47:12","guid":{"rendered":"https:\/\/fengchashop.com\/hr\/product\/jiaogulan-gynostemma-u-prahu-250g\/"},"modified":"2026-05-04T19:30:58","modified_gmt":"2026-05-04T17:30:58","slug":"jiaogulan-gynostemma-u-prahu","status":"publish","type":"product","link":"https:\/\/fengchashop.com\/hr\/product\/jiaogulan-gynostemma-u-prahu\/","title":{"rendered":"Jiaogulan Gynostemma u prahu 250 g"},"content":{"rendered":"<h2 style=\"text-align: justify\"><span style=\"color: #000000\">\u0160to je Jiaogulan Gynostemma i odakle dolazi?<\/span><\/h2>\n<div style=\"text-align: justify\">\n<p><span style=\"color: #000000\">Jiaogulan, tako\u0111er poznata kao <strong>Gynostemma ili Jiao Gu Lan<\/strong>, biljka je porijeklom iz Kine, Burme, sjevernog Tajlanda, Koreje i Japana. Stolje\u0107ima se koristi u tradicionalnoj kineskoj medicini zbog svojih ljekovitih svojstava. Nazivaju je i &#8220;<strong>biljkom besmrtnosti<\/strong>&#8220;, jer <strong>sadr\u017ei<\/strong> mnoge aktivne <strong>tvari va\u017ene za dug \u017eivot<\/strong>.<\/span><\/p>\n<p><span style=\"color: #000000\">Jiaogulan Gynostemma je znanstveno istra\u017eena biljka kojoj se pripisuju <strong>brojni pozitivni u\u010dinci<\/strong>. Prvenstveno djeluje protiv upala, detoksificira i djeluje protiv starenja. Osim toga, jiaogulan je tako\u0111er <strong>sna\u017ean antioksidans<\/strong>. Kako ginseng <strong>pove\u0107ava energiju, uravnote\u017euje tijelo i pobolj\u0161ava op\u0107e stanje<\/strong>. Prema tradicionalnoj kineskoj medicini blagotvorno djeluje kod sindroma kroni\u010dnog umora i lupanja srca (osje\u0107aj lupanja u prsima). Me\u0111utim, \u010desto se koristi za medicinska stanja koja uklju\u010duju prevenciju <strong>i ubla\u017eavanje dijabetesa i visokog kolesterola, kao i za sprje\u010davanje u\u010dinaka stresa koji dovode do anksioznosti<\/strong>. Redovitim kori\u0161tenjem mo\u017eete u potpunosti iskoristiti njegove u\u010dinke, a umjerenost donosi i sigurnu konzumaciju <strong>bez nuspojava i ne\u017eeljenih u\u010dinaka<\/strong>.<\/span><\/p>\n<h2 style=\"text-align: justify\"><span style=\"color: #000000\">Poma\u017ee li na\u0161em tijelu da se uravnote\u017ei?<\/span><\/h2>\n<div style=\"text-align: justify\">\n<p><span style=\"color: #000000\">Jiaogulan je tako\u0111er <strong>adapotogen<\/strong>. Adaptogene biljke poma\u017eu tijelu da se prilagodi razli\u010ditim negativnim \u010dimbenicima okoli\u0161a. Imaju sposobnost reguliranja i kontrole \u017elijezdanih i hormonalnih sustava, \u017eiv\u010danog i kardiovaskularnog sustava te mi\u0161i\u0107a.<\/span><\/p>\n<p><span style=\"color: #000000\">Adaptogeni brinu se za zdravlje vitalnih organa i poma\u017eu u regulaciji \u0161e\u0107era u krvi, pobolj\u0161avaju rad jetre, probavnog trakta i ko\u017ee. Ja\u010daju i okrepljuju organizam. Tako\u0111er poti\u010du rad nadbubre\u017ene \u017elijezde i time poma\u017eu tijelu da se u\u010dinkovito nosi sa stresom koji je posljedica fizi\u010dkih \u010dimbenika (infekcije, ozljede, nedovoljno sna) ili psihi\u010dkih \u010dimbenika (anksioznost).<\/span><\/p>\n<h2 style=\"text-align: justify\"><span style=\"color: #000000\">Klju\u010dne zna\u010dajke koje nam Jiaogulan Gynostemma nudi?<\/span><\/h2>\n<div style=\"text-align: justify\">\n<p><span style=\"color: #000000\"><em><strong>U tradicionalnoj kineskoj medicini jiaogulan se koristi u razne svrhe, naime:<\/strong><\/em><\/span><\/p>\n<p><span style=\"color: #000000\">\ud83d\udc9a ja\u010danje imunolo\u0161kog sustava,<\/span><br \/>\n<span style=\"color: #000000\">\ud83d\udc9a regulacija krvnog tlaka i \u0161e\u0107era u krvi,<\/span><br \/>\n<span style=\"color: #000000\">\ud83d\udc9a reguliranje razine kolesterola,<\/span><br \/>\n<span style=\"color: #000000\">\ud83d\udc9a smanjivanje upala,<\/span><br \/>\n<span style=\"color: #000000\">\ud83d\udc9a spre\u010dava anksioznost,<\/span><br \/>\n<span style=\"color: #000000\">\ud83d\udc9a pobolj\u0161anje probave i<\/span><br \/>\n<span style=\"color: #000000\">\ud83d\udc9a potpora zdravlju srca.<\/span><\/p>\n<p><span style=\"color: #000000\">Jiaogulan sadr\u017ei mnoge bioaktivne spojeve poput glikozida, flavonoida, polisaharida, vitamina i minerala koji pridonose njegovim ljekovitim u\u010dincima.<\/span><\/p>\n<h2><span style=\"color: #000000\">Ukus i aroma<\/span><\/h2>\n<p><span style=\"color: #000000\">Na\u0161 jiaogulan skuplja se iz divljih stani\u0161ta netaknute prirode. Ima zanimljiv slatki okus, vrlo sli\u010dan ginsengu. Jiaogulan je svakako ukusan, ali prije svega zdrav izbor za ljubitelje biljnih \u010dajeva.<\/span><\/p>\n<div style=\"text-align: justify\">\n<h2 style=\"text-align: justify\"><span style=\"color: #000000\">Skladi\u0161tenje i upozorenja<\/span><\/h2>\n<p style=\"text-align: justify\"><span style=\"color: #000000\">\u010cuvati na suhom i hladnom mjestu na temperaturi do 25 \u00b0C. Dodatak prehrani treba biti izvan dohvata djece!<\/span><\/p>\n<p style=\"text-align: justify\"><span style=\"color: #000000\">Ne zaboravite na va\u017enost raznolike prehrane i zdravog na\u010dina \u017eivota, stoga dodatak prehrani nije zamjena za uravnote\u017eenu i raznoliku prehranu. Preporu\u010dena dnevna koli\u010dina ili doza ne smije se prekora\u010diti.<\/span><\/p>\n<h2 style=\"text-align: justify\"><span style=\"color: #000000\">Ambala\u017ea<\/span><\/h2>\n<p style=\"text-align: justify\"><span style=\"color: #000000\">Hermeti\u010dka vre\u0107ica s patentnim zatvara\u010dem u kojoj proizvod zadr\u017eava svu svoju svje\u017einu i aromu. Ambala\u017ea \u0161titi od svjetlosti i zraka jer se sastoji od vi\u0161e slojeva za\u0161tite koji \u010duvaju svojstva sadr\u017eaja.<\/span><\/p>\n<p style=\"text-align: justify\"><span style=\"color: #000000\">Pakiranje je vrlo prakti\u010dno i omogu\u0107uje recikliranje.<\/span><\/p>\n<h2 style=\"text-align: justify\"><span style=\"color: #000000\">Podrijetlo<\/span><\/h2>\n<p style=\"text-align: justify\"><span style=\"color: #000000\">Kina. Imamo vrlo pouzdane dobavlja\u010de koji nam \u0161alju detaljnu kemijsku analizu proizvoda za svaku seriju. U vi\u0161e od 10 godina nikada nismo imali opoziv ili bilo kakav drugi problem s ovim proizvodom, niti s bilo kojim drugim proizvodom istog dobavlja\u010da.<\/span><\/p>\n<\/div>\n<\/div>\n<\/div>\n<\/div>\n","protected":false},"excerpt":{"rendered":"<p>Jiaogulan, tako\u0111er poznata kao Gynostemma ili Jiao Gu Lan, biljka je porijeklom iz Kine, Burme, sjevernog Tajlanda, Koreje i Japana. Stolje\u0107ima se koristi u tradicionalnoj kineskoj medicini zbog svojih ljekovitih svojstava. Nazivaju je i &#8220;<strong>biljkom besmrtnosti<\/strong>&#8220;, jer sadr\u017ei mnoge aktivne tvari va\u017ene za dug \u017eivot.<\/p>\n<p>\ud83d\udc9a Regulira razinu <strong>kolesterola<\/strong>.<br \/>\n\ud83d\udc9a Sprje\u010dava <strong>anksioznost<\/strong>.<br \/>\n\ud83d\udc9aSmanjuje <strong>upale<\/strong>.<br \/>\n\ud83d\udc9a Ja\u010da <strong>imunolo\u0161ki sustav<\/strong>.<br \/>\n\ud83d\udc9a Dovodi tijelo u ravnote\u017eu i <strong>pobolj\u0161ava op\u0107e stanje<\/strong>.<\/p>\n","protected":false},"featured_media":6708,"comment_status":"open","ping_status":"closed","template":"","meta":{"_acf_changed":false},"product_brand":[],"product_cat":[15,195,216],"product_tag":[],"class_list":{"0":"post-6208","1":"product","2":"type-product","3":"status-publish","4":"has-post-thumbnail","6":"product_cat-uncategorized","7":"product_cat-superhrana","8":"product_cat-svi-proizvodi-ponudba","10":"first","11":"instock","12":"sale","13":"taxable","14":"shipping-taxable","15":"purchasable","16":"product-type-simple"},"acf":[],"_links":{"self":[{"href":"https:\/\/fengchashop.com\/hr\/wp-json\/wp\/v2\/product\/6208","targetHints":{"allow":["GET"]}}],"collection":[{"href":"https:\/\/fengchashop.com\/hr\/wp-json\/wp\/v2\/product"}],"about":[{"href":"https:\/\/fengchashop.com\/hr\/wp-json\/wp\/v2\/types\/product"}],"replies":[{"embeddable":true,"href":"https:\/\/fengchashop.com\/hr\/wp-json\/wp\/v2\/comments?post=6208"}],"wp:featuredmedia":[{"embeddable":true,"href":"https:\/\/fengchashop.com\/hr\/wp-json\/wp\/v2\/media\/6708"}],"wp:attachment":[{"href":"https:\/\/fengchashop.com\/hr\/wp-json\/wp\/v2\/media?parent=6208"}],"wp:term":[{"taxonomy":"product_brand","embeddable":true,"href":"https:\/\/fengchashop.com\/hr\/wp-json\/wp\/v2\/product_brand?post=6208"},{"taxonomy":"product_cat","embeddable":true,"href":"https:\/\/fengchashop.com\/hr\/wp-json\/wp\/v2\/product_cat?post=6208"},{"taxonomy":"product_tag","embeddable":true,"href":"https:\/\/fengchashop.com\/hr\/wp-json\/wp\/v2\/product_tag?post=6208"}],"curies":[{"name":"wp","href":"https:\/\/api.w.org\/{rel}","templated":true}]}}