{"id":6207,"date":"2025-05-30T12:08:57","date_gmt":"2025-05-30T10:08:57","guid":{"rendered":"https:\/\/fengchashop.com\/hr\/product\/bentonit-u-prahu-500-g\/"},"modified":"2025-09-24T10:41:44","modified_gmt":"2025-09-24T08:41:44","slug":"bentonit-u-prahu","status":"publish","type":"product","link":"https:\/\/fengchashop.com\/hr\/product\/bentonit-u-prahu\/","title":{"rendered":"Bentonit u prahu 500 g"},"content":{"rendered":"<h2 style=\"text-align: justify;\"><span style=\"color: #000000;\">\u0160to je bentonit i odakle dolazi?<\/span><\/h2>\n<div style=\"text-align: justify;\">\n<p><span style=\"color: #000000;\">Bentonit je prirodna glina koja nastaje od vulkanske pra\u0161ine i \u010desto se nalazi u blizini vulkanskih podru\u010dja. Sastoji se uglavnom od minerala montmorilonita, koji mu daje posebna svojstva.<\/span><\/p>\n<p><span style=\"color: #000000;\">Bentonit je poznat po svojoj visokoj sposobnosti apsorpcije teku\u0107ina i plinova. Zahvaljuju\u0107i svojoj strukturi, ima veliku povr\u0161inu koja omogu\u0107uje vezivanje i zadr\u017eavanje tvari poput toksina, vi\u0161ka vlage i ne\u010disto\u0107a.<\/span><\/p>\n<h2><span style=\"color: #000000;\">Za\u0161to je koristan bentonit?<\/span><\/h2>\n<\/div>\n<div>\n<p style=\"text-align: justify;\"><span style=\"color: #000000;\"><em><strong>Bentonit se koristi u razli\u010ditim komercijalnim i medicinskim aplikacijama:<\/strong><\/em><\/span><\/p>\n<ol style=\"text-align: justify;\">\n<li><span style=\"color: #000000;\"><strong>Kozmeti\u010dka upotreba<\/strong>: Zbog svojih sposobnosti upijanja i \u010di\u0161\u0107enja, bentonit se \u0161iroko koristi u kozmeti\u010dkim proizvodima kao \u0161to su maske za lice, \u0161amponi, sapuni i losioni. Poma\u017ee u uklanjanju ne\u010disto\u0107a, upijanju vi\u0161ka masno\u0107e i pobolj\u0161ava stanje ko\u017ee.<\/span><\/li>\n<li><span style=\"color: #000000;\"><strong>Medicinska upotreba<\/strong>: Bentonit se tako\u0111er koristi u medicini, posebno u obliku dodataka prehrani ili kao lijek za probavne probleme kao \u0161to su \u010dir na \u017eelucu, probavne smetnje i trovanja. Djeluje kao adsorbent koji ve\u017ee i uklanja toksine te poma\u017ee u regulaciji probave.<\/span><\/li>\n<li><span style=\"color: #000000;\"><strong>Primjena kod pasa i ma\u010daka<\/strong>: Bentonitnu glinu mogu koristiti i psi i ma\u010dke, posebno za ja\u010danje imunolo\u0161kog sustava, kod raka, za \u010di\u0161\u0107enje organizma, uklanjanje unutarnjih parazita, rastere\u0107enje jetre i bubrega.<\/span><\/li>\n<\/ol>\n<p style=\"text-align: justify;\"><span style=\"color: #000000;\">Postoji nekoliko vrsta bentonita, koje se razlikuju po mineralnom sastavu i svojstvima. Neki uobi\u010dajeni tipovi uklju\u010duju natrijev bentonit, kalcijev bentonit i mje\u0161avine ta dva.<\/span><\/p>\n<h2 style=\"text-align: justify;\"><span style=\"color: #000000;\">Karakteristike bentonita<\/span><\/h2>\n<p style=\"text-align: justify;\"><span style=\"color: #000000;\">Kao i sve gline, bentonit sadr\u017ei razne minerale i metale kao \u0161to su silicij, \u017eeljezo, kalcij, magnezij, natrij i ponekad aluminij. Koli\u010dina svakog minerala ili metala mo\u017ee varirati ovisno o vrsti gline. Osim mineralnog sastava, bentonit ima i ljekovita svojstva, jer ima sposobnost upijanja i izmjene iona. Zahvaljuju\u0107i intenzivnoj mo\u0107i upijanja, bentonit ima antisepti\u010dko i antiinfektivno djelovanje. U medicini se bentonit koristi za unutarnju i vanjsku primjenu.<\/span><\/p>\n<h2 class=\"Standard\"><span style=\"color: #000000;\">U\u010dinkovita upotreba bentonita kao dodatka prehrani<\/span><\/h2>\n<p style=\"text-align: justify;\"><span style=\"color: #000000;\">Bentonit se u medicini koristi u obliku dodataka prehrani zbog svojstva apsorpcije i vezanja toksina u probavnom traktu. <\/span><\/p>\n<p style=\"text-align: justify;\"><span style=\"color: #000000;\"><em><strong>Evo nekoliko na\u010dina na koje se bentonit koristi u medicinskim dodacima:<\/strong><\/em><\/span><\/p>\n<p><span style=\"color: #000000;\"><strong>\ud83d\udc9a Detoksikacija: <\/strong>Bentonit se koristi za uklanjanje toksina iz tijela. Kada se proguta, bentonit ve\u017ee \u0161tetne tvari kao \u0161to su te\u0161ki metali, pesticidi i drugi otrovni materijali te ih uklanja iz tijela.<\/span><\/p>\n<p><span style=\"color: #000000;\"><strong>\ud83d\udc9a Probavni problemi: <\/strong>Bentonit mo\u017ee pomo\u0107i u ubla\u017eavanju probavnih problema kao \u0161to su proljev, zatvor, sindrom iritabilnog crijeva i \u010dir na \u017eelucu. Djeluje tako da smiruje upale u probavnom traktu, apsorbira vi\u0161ak teku\u0107ine i ne\u010disto\u0107e te poti\u010de zdravu probavu<strong>.<\/strong><\/span><\/p>\n<p><span style=\"color: #000000;\"><strong>\ud83d\udc9a \u010ci\u0161\u0107enje crijeva: <\/strong>Bentonit se tako\u0111er koristi za \u010di\u0161\u0107enje crijeva i uklanjanje otpada i ostataka hrane. Konzumacija bentonita mo\u017ee pomo\u0107i u uklanjanju plaka sa stijenki crijeva i potaknuti bolju apsorpciju hranjivih tvari.<\/span><\/p>\n<p><span style=\"color: #000000;\"><strong>\ud83d\udc9a Potpora imunolo\u0161kom sustavu: <\/strong>Zbog svoje sposobnosti vezanja toksina i ne\u010disto\u0107a, bentonit mo\u017ee podr\u017eati funkcioniranje imunolo\u0161kog sustava. Smanjenjem optere\u0107enja tijela toksinima, omogu\u0107uje imunolo\u0161kom sustavu da se usredoto\u010di na borbu protiv infekcija i odr\u017eavanje cjelokupnog zdravlja.<\/span><\/p>\n<h2 style=\"text-align: justify;\"><span style=\"color: #000000;\">Skladi\u0161tenje i upozorenja<\/span><\/h2>\n<p><span style=\"color: #000000;\">\u010cuvati na suhom i hladnom mjestu na temperaturi do 25 \u00b0C. Dodatak prehrani treba biti izvan dohvata djece!<\/span><\/p>\n<p><span style=\"color: #000000;\">Ne zaboravite na va\u017enost raznolike prehrane i zdravog na\u010dina \u017eivota, stoga dodatak prehrani nije zamjena za uravnote\u017eenu i raznoliku prehranu. Preporu\u010dena dnevna koli\u010dina ili doza ne smije se prekora\u010diti.<\/span><\/p>\n<p><span style=\"color: #000000;\">Ne preporu\u010duje se kori\u0161tenje trudnicama i dojiljama. Ako uzimate lijekove ili druge dodatke prehrani, savjetujte se s lije\u010dnikom ili ljekarnikom o zasebnom uzimanju bentonita. <\/span><\/p>\n<p><span style=\"color: #000000;\">Bentonit ima sposobnost vezanja na druge tvari, tako da mo\u017ee smanjiti u\u010dinkovitost drugih lijekova ili dodataka kada se uzimaju zajedno.<\/span><\/p>\n<h2 style=\"text-align: justify;\"><span style=\"color: #000000;\">Ambala\u017ea<\/span><\/h2>\n<p><span style=\"color: #000000;\">Hermeti\u010dka vre\u0107ica s patentnim zatvara\u010dem u kojoj proizvod zadr\u017eava svu svoju svje\u017einu i aromu. Ambala\u017ea \u0161titi od svjetlosti i zraka jer se sastoji od vi\u0161e slojeva za\u0161tite koji \u010duvaju svojstva sadr\u017eaja.<\/span><\/p>\n<p><span style=\"color: #000000;\">Pakiranje je vrlo prakti\u010dno i omogu\u0107uje recikliranje.<\/span><\/p>\n<h2 style=\"text-align: justify;\"><span style=\"color: #000000;\">Podrijetlo<\/span><\/h2>\n<p style=\"text-align: justify;\"><span style=\"color: #000000;\">Norve\u0161ka<\/span><\/p>\n<\/div>\n","protected":false},"excerpt":{"rendered":"<p>Bentonit je prirodna glina nastala od vulkanskog pepela i \u010desto se nalazi u blizini vulkanskih podru\u010dja. Sastoji se uglavnom od minerala <strong>montmorilonita<\/strong> koji mu daje posebna svojstva. Poznato je po svojoj visokoj sposobnosti upijanja teku\u0107ina i plinova. Zbog svoje strukture ima veliku povr\u0161inu koja omogu\u0107uje vezanje i zadr\u017eavanje tvari poput toksina, vi\u0161ka vlage i ne\u010disto\u0107a.<\/p>\n<p><span style=\"color: #000000;\">\ud83d\udc9a Zbog svoje <strong>sposobnosti upijanja i \u010di\u0161\u0107enja<\/strong>, bentonit se \u010desto koristi u kozmeti\u010dkim proizvodima.<\/span><br \/>\n<span style=\"color: #000000;\">\ud83d\udc9a Tako\u0111er se koristi <strong>za \u010di\u0161\u0107enje crijeva<\/strong> i <strong>uklanjanje otpadnih tvari i ostataka hrane<\/strong>.<\/span><br \/>\n<span style=\"color: #000000;\">\ud83d\udc9a <strong>Koristi se u medicini<\/strong>, osobito u obliku dodataka prehrani ili kao lijek za probavne probleme.<\/span><br \/>\n<span style=\"color: #000000;\">\ud83d\udc9a Bentonitnu glinu <strong>mogu koristiti i psi i ma\u010dke<\/strong>, posebno za ja\u010danje imunolo\u0161kog sustava, kod raka, za \u010di\u0161\u0107enje organizma, uklanjanje unutarnjih parazita, rastere\u0107enje jetre i bubrega.<\/span><\/p>\n","protected":false},"featured_media":6707,"comment_status":"open","ping_status":"closed","template":"","meta":{"_acf_changed":false},"product_brand":[],"product_cat":[15,195,216],"product_tag":[],"class_list":{"0":"post-6207","1":"product","2":"type-product","3":"status-publish","4":"has-post-thumbnail","6":"product_cat-uncategorized","7":"product_cat-superhrana","8":"product_cat-svi-proizvodi-ponudba","10":"first","11":"instock","12":"sale","13":"taxable","14":"shipping-taxable","15":"purchasable","16":"product-type-simple"},"acf":[],"_links":{"self":[{"href":"https:\/\/fengchashop.com\/hr\/wp-json\/wp\/v2\/product\/6207","targetHints":{"allow":["GET"]}}],"collection":[{"href":"https:\/\/fengchashop.com\/hr\/wp-json\/wp\/v2\/product"}],"about":[{"href":"https:\/\/fengchashop.com\/hr\/wp-json\/wp\/v2\/types\/product"}],"replies":[{"embeddable":true,"href":"https:\/\/fengchashop.com\/hr\/wp-json\/wp\/v2\/comments?post=6207"}],"wp:featuredmedia":[{"embeddable":true,"href":"https:\/\/fengchashop.com\/hr\/wp-json\/wp\/v2\/media\/6707"}],"wp:attachment":[{"href":"https:\/\/fengchashop.com\/hr\/wp-json\/wp\/v2\/media?parent=6207"}],"wp:term":[{"taxonomy":"product_brand","embeddable":true,"href":"https:\/\/fengchashop.com\/hr\/wp-json\/wp\/v2\/product_brand?post=6207"},{"taxonomy":"product_cat","embeddable":true,"href":"https:\/\/fengchashop.com\/hr\/wp-json\/wp\/v2\/product_cat?post=6207"},{"taxonomy":"product_tag","embeddable":true,"href":"https:\/\/fengchashop.com\/hr\/wp-json\/wp\/v2\/product_tag?post=6207"}],"curies":[{"name":"wp","href":"https:\/\/api.w.org\/{rel}","templated":true}]}}