{"id":6206,"date":"2023-05-26T08:11:18","date_gmt":"2023-05-26T06:11:18","guid":{"rendered":"https:\/\/fengchashop.com\/hr\/product\/muira-puama-u-prahu-250-g\/"},"modified":"2026-05-02T07:59:28","modified_gmt":"2026-05-02T05:59:28","slug":"muira-puama-u-prahu","status":"publish","type":"product","link":"https:\/\/fengchashop.com\/hr\/product\/muira-puama-u-prahu\/","title":{"rendered":"Muira Puama u prahu 250 g"},"content":{"rendered":"<h2><span style=\"color: #000000\">\u0160to je Muira Puama i odakle dolazi?<\/span><\/h2>\n<p><span style=\"color: #000000\">Muira Puama, tako\u0111er poznata kao &#8220;<strong>drvo za potenciju<\/strong>&#8220;, vrsta je biljke porijeklom iz amazonske pra\u0161ume u Brazilu. Botani\u010dki naziv biljke je <strong>Ptychopetalum olacoides<\/strong>. Listovi i kora biljke koriste se za pripremu ljekovitih pripravaka koji se uzimaju oralno u obliku \u010dajeva, tinktura ili dodataka prehrani. Muira Puama ve\u0107 se dugo koristi u tradicionalnoj medicini u razne svrhe, posebice <strong>za pobolj\u0161anje spolne funkcije i seksualne \u017eelje<\/strong>.<\/span><\/p>\n<h2><span style=\"color: #000000\">\u0160to \u010dini Muira Puamu tako posebnim i tako druga\u010dijim?<\/span><\/h2>\n<div>\n<p><span style=\"color: #000000\">Muira Puama sadr\u017ei nekoliko va\u017enih hranjivih tvari koje mogu pridonijeti njezinim u\u010dincima na zdravlje i dobrobit.<\/span><\/p>\n<p><span style=\"color: #000000\">Postoje mnogi <strong>alkaloidni spojevi<\/strong> u Muira Puami, uklju\u010duju\u0107i koncentracije kao \u0161to su muirapuamin, muirapuamin-D, hirsutin i acacetin. Ovi spojevi mogu imati razli\u010dite biolo\u0161ke u\u010dinke i va\u017eni su za njegova zdravstvena svojstva.<\/span><\/p>\n<p><span style=\"color: #000000\">Muira Puama tako\u0111er sadr\u017ei <strong>sterole<\/strong> kao \u0161to su beta-sitosterol i stigmasterol. Ovi steroli su biljni steroli <strong>poznati po svojim blagotvornim u\u010dincima na zdravlje srca, kolesterol i imunolo\u0161ki sustav<\/strong>.<\/span><\/p>\n<p><span style=\"color: #000000\"><strong>Flavonoidi<\/strong> su skupina biljnih spojeva koji djeluju kao <strong>antioksidansi i imaju protuupalna svojstva<\/strong>. U Muira Puami prisutni su razli\u010diti flavonoidi koji <strong>mogu pomo\u0107i u za\u0161titi stanica od oksidativnog stresa<\/strong>. Muira Puama <strong>sadr\u017ei i male koli\u010dine eteri\u010dnih ulja<\/strong> koja biljci daju karakteristi\u010dan miris. Ova ulja mogu pridonijeti njegovim aromati\u010dnim svojstvima.<\/span><\/p>\n<p><span style=\"color: #000000\">Va\u017eno je napomenuti da to\u010dan sastav hranjivih tvari u Muira Puami ovisi o vrsti biljke, uvjetima uzgoja i na\u010dinu ekstrakcije.<\/span><\/p>\n<h2><span style=\"color: #000000\">U\u010dinci koji pozitivno djeluju na na\u0161e zdravlje i tijelo<\/span><\/h2>\n<\/div>\n<p><span style=\"color: #000000\"><em><strong>Muira Puama poznata je po svojim mogu\u0107im u\u010dincima na zdravlje i dobrobit:<\/strong><\/em><\/span><br \/>\n<span style=\"color: #000000\">\ud83d\udc9a djeluje kao prirodni <strong>afrodizijak<\/strong>,<\/span><br \/>\n<span style=\"color: #000000\">\ud83d\udc9a koristi se za <strong>pobolj\u0161anje seksualne \u017eelje, pove\u0107anje libida i pobolj\u0161anje spolne funkcije kod mu\u0161karaca i \u017eena<\/strong>,<\/span><br \/>\n<span style=\"color: #000000\">\ud83d\udc9a koristi se za <strong>pobolj\u0161anje energije, izdr\u017eljivosti i op\u0107eg osje\u0107aja<\/strong>,<\/span><br \/>\n<span style=\"color: #000000\">\ud83d\udc9a <strong>poma\u017ee<\/strong> smanjiti umor i pobolj\u0161ati dobrobit,<\/span><br \/>\n<span style=\"color: #000000\">\ud83d\udc9a <strong>poma\u017ee smanjiti<\/strong> stres i pobolj\u0161ati raspolo\u017eenje,<\/span><br \/>\n<span style=\"color: #000000\">\ud83d\udc9a <strong>posjeduje<\/strong> umiruju\u0107a svojstva,<\/span><br \/>\n<span style=\"color: #000000\">\ud83d\udc9a poma\u017ee u kontroli <strong>anksioznosti<\/strong>,<\/span><br \/>\n<span style=\"color: #000000\">\ud83d\udc9a <strong>pobolj\u0161ava kognitivne funkcije<\/strong> poput <strong>koncentracije<\/strong>, pam\u0107enja i <strong>sposobnosti razmi\u0161ljanja<\/strong>,<\/span><br \/>\n<span style=\"color: #000000\">\ud83d\udc9a mo\u017ee pomo\u0107i <strong>kardiovaskularnom<\/strong> zdravlju,<\/span><br \/>\n<span style=\"color: #000000\">\ud83d\udc9a <strong>poma\u017ee u sni\u017eavanju<\/strong> krvnog tlaka <strong>i pobolj\u0161ava<\/strong> cirkulaciju krvi.<\/span><\/p>\n<h2 style=\"text-align: justify\"><span style=\"color: #000000\">Spremanje i upozorenja<\/span><\/h2>\n<p style=\"text-align: justify\"><span style=\"color: #000000\">\u010cuvati na suhom i hladnom mjestu na temperaturi do 25 \u00b0C. Dodatak prehrani treba biti izvan dohvata djece!<\/span><\/p>\n<p style=\"text-align: justify\"><span style=\"color: #000000\">Ne zaboravite na va\u017enost raznolike prehrane i zdravog na\u010dina \u017eivota, stoga dodatak prehrani nije zamjena za uravnote\u017eenu i raznoliku prehranu. Preporu\u010dena dnevna koli\u010dina ili doza ne smije se prekora\u010diti.<\/span><\/p>\n<p><span style=\"color: #000000\">Ne preporu\u010duje se kori\u0161tenje trudnicama i dojiljama. Konzumacija Muira Puame ne preporu\u010duje se osobama s hormonalnim i krvnim poreme\u0107ajima koje ujedno uzimaju hormonsku terapiju ili lijekove za krvni tlak. Preporu\u010da se konzultirati svog lije\u010dnika za vi\u0161e informacija u slu\u010daju bilo kakvih zdravstvenih problema.<\/span><\/p>\n<h2><span style=\"color: #000000\">Ambala\u017ea<\/span><\/h2>\n<p style=\"text-align: justify\"><span style=\"color: #000000\">Hermeti\u010dka vre\u0107ica s patentnim zatvara\u010dem u kojoj proizvod zadr\u017eava svu svoju svje\u017einu i aromu. Ambala\u017ea \u0161titi od svjetlosti i zraka jer se sastoji od vi\u0161e slojeva za\u0161tite koji \u010duvaju svojstva sadr\u017eaja.<\/span><\/p>\n<p style=\"text-align: justify\"><span style=\"color: #000000\">Pakiranje je vrlo prakti\u010dno i omogu\u0107uje recikliranje.<\/span><\/p>\n<h2><span style=\"color: #000000\">Podrijetlo<\/span><\/h2>\n<p style=\"text-align: justify\"><span style=\"color: #000000\">Brazil<\/span><\/p>\n","protected":false},"excerpt":{"rendered":"<p><span style=\"color: #000000\">Muira Puama, tako\u0111er poznata kao &#8220;<strong>drvo za potenciju<\/strong>&#8220;, vrsta je biljke porijeklom iz amazonske pra\u0161ume u Brazilu. Botani\u010dki naziv biljke je <strong>Ptychopetalum olacoides<\/strong>. Listovi i kora biljke koriste se za pripremu ljekovitih pripravaka koji se uzimaju oralno u obliku \u010dajeva, tinktura ili dodataka prehrani. Muira Puama ve\u0107 se dugo koristi u tradicionalnoj medicini u razne svrhe, posebice <strong>za pobolj\u0161anje spolne funkcije i seksualne \u017eelje<\/strong>.<\/span><\/p>\n<p><span style=\"color: #000000\">\ud83d\udc9a Mo\u017ee pomo\u0107i kardiovaskularnom zdravlju.<\/span><br \/>\n<span style=\"color: #000000\">\ud83d\udc9a Poma\u017ee smanjiti umor i pobolj\u0161ati dobrobit.<\/span><br \/>\n<span style=\"color: #000000\">\ud83d\udc9a Djeluje kao prirodni afrodizijak.<\/span><br \/>\n<span style=\"color: #000000\">\ud83d\udc9a Koristi se za pobolj\u0161anje seksualne \u017eelje, pove\u0107anje libida i pobolj\u0161anje spolne funkcije kod mu\u0161karaca i \u017eena.<\/span><\/p>\n","protected":false},"featured_media":6706,"comment_status":"open","ping_status":"closed","template":"","meta":{"_acf_changed":false},"product_brand":[],"product_cat":[15,195,216],"product_tag":[],"class_list":{"0":"post-6206","1":"product","2":"type-product","3":"status-publish","4":"has-post-thumbnail","6":"product_cat-uncategorized","7":"product_cat-superhrana","8":"product_cat-svi-proizvodi-ponudba","10":"first","11":"instock","12":"taxable","13":"shipping-taxable","14":"purchasable","15":"product-type-simple"},"acf":[],"_links":{"self":[{"href":"https:\/\/fengchashop.com\/hr\/wp-json\/wp\/v2\/product\/6206","targetHints":{"allow":["GET"]}}],"collection":[{"href":"https:\/\/fengchashop.com\/hr\/wp-json\/wp\/v2\/product"}],"about":[{"href":"https:\/\/fengchashop.com\/hr\/wp-json\/wp\/v2\/types\/product"}],"replies":[{"embeddable":true,"href":"https:\/\/fengchashop.com\/hr\/wp-json\/wp\/v2\/comments?post=6206"}],"wp:featuredmedia":[{"embeddable":true,"href":"https:\/\/fengchashop.com\/hr\/wp-json\/wp\/v2\/media\/6706"}],"wp:attachment":[{"href":"https:\/\/fengchashop.com\/hr\/wp-json\/wp\/v2\/media?parent=6206"}],"wp:term":[{"taxonomy":"product_brand","embeddable":true,"href":"https:\/\/fengchashop.com\/hr\/wp-json\/wp\/v2\/product_brand?post=6206"},{"taxonomy":"product_cat","embeddable":true,"href":"https:\/\/fengchashop.com\/hr\/wp-json\/wp\/v2\/product_cat?post=6206"},{"taxonomy":"product_tag","embeddable":true,"href":"https:\/\/fengchashop.com\/hr\/wp-json\/wp\/v2\/product_tag?post=6206"}],"curies":[{"name":"wp","href":"https:\/\/api.w.org\/{rel}","templated":true}]}}