{"id":6203,"date":"2022-02-11T22:23:40","date_gmt":"2022-02-11T21:23:40","guid":{"rendered":"https:\/\/fengchashop.com\/hr\/product\/sibirski-ginseng-u-prahu-bio-250-g\/"},"modified":"2026-04-30T07:45:44","modified_gmt":"2026-04-30T05:45:44","slug":"sibirski-ginseng-u-prahu-bio","status":"publish","type":"product","link":"https:\/\/fengchashop.com\/hr\/product\/sibirski-ginseng-u-prahu-bio\/","title":{"rendered":"Sibirski ginseng u prahu BIO 250 g"},"content":{"rendered":"<h2><span style=\"color: #000000\">Sibirski ginseng u prahu iz organske proizvodnje<\/span><\/h2>\n<p><span style=\"color: #000000\">Sibirski ginseng raste uglavnom u sjevernoj Kini i Sibiru (podru\u010dje u Rusiji). Mo\u017ee se na\u0107i u Koreji i Japanu. To je vi\u0161egodi\u0161nja biljka koja obi\u010dno raste u hladnijim klimama. Ima drvenasti korijen i raste u visokim planinskim predjelima, ali i u sun\u010danim za\u0161ti\u0107enim podru\u010djima u dolini. Poznata je i kao sibirski ginseng ili eleuthero (Eleutherococcus senticosus ).<\/span><\/p>\n<p><span style=\"color: #000000\">Korijen ginsenga jedna je od najva\u017enijih biljaka u tradicionalnom kineskom i ruskom travarstvu, gdje se stolje\u0107ima, ako ne i tisu\u0107lje\u0107ima, upotrebljavao kao dodatak prehrani. U Kini je dobro poznato da je ginseng dobar za na\u0161e zdravlje u smislu dugovje\u010dnosti (usporava proces starenja), ja\u010da imunolo\u0161ki sustav, djeluje protiv umora i stresa te pobolj\u0161ava seksualnu potenciju.<\/span><\/p>\n<p><span style=\"color: #000000\">Aktivni spojevi ginsenga, nazvani eleuterozidi (sadr\u017ei 7 razli\u010ditih), djeluju na sli\u010dan na\u010din kao i steroidi. Ginseng je ujedno i adaptogena biljka. To su biljke koje poma\u017eu tijelu da se prilagodi raznim negativnim \u010dimbenicima okoli\u0161a. Ima sposobnost reguliranja i kontrole rada \u017elijezdi i hormonskog sustava, \u017eiv\u010danog i kardiovaskularnog sustava te mi\u0161i\u0107a. Adaptogeni su u\u010dinkoviti u pomaganju tijelu da se nosi s fizi\u010dkim, kemijskim i biolo\u0161kim stresom.<\/span><\/p>\n<p><span style=\"color: #000000\">Na\u0161 sibirski ginseng potje\u010de iz organskog uzgoja i ne sadr\u017ei punila ili aditive. Nakon berbe korijenje ginsenga se su\u0161i i zatim lagano melje u prah.<\/span><br \/>\n<span style=\"color: #000000\">Sibirski ginseng (Eleutheroside) ne treba mije\u0161ati s poznatijim azijskim ginsengom (Ginsenoside), iako imaju sli\u010dna adaptogena svojstva.<\/span><\/p>\n<h2><span style=\"color: #000000\">Kako ga upotrebljavamo?<\/span><\/h2>\n<p><span style=\"color: #000000\">Ginseng mo\u017ee pomo\u0107i u prevladavanju stresa, stvaranju dobre energije u tijelu i cjelokupnoj vitalnosti. Budu\u0107i da sadr\u017ei slo\u017eene polisaharide, \u010desto se povezuje s ja\u010danjem imunolo\u0161kog sustava. Istra\u017eiva\u010di su otkrili da se u\u010dinak ginsenga dodatno poja\u010dava u kombinaciji s drugim kineskim tradicionalnim biljem. Ginseng djeluje i protuupalno, protiv slobodnih radikala, pobolj\u0161ava cirkulaciju krvi i sni\u017eava krvni tlak. Stimulira hipofizu i pove\u0107ava libido.<\/span><\/p>\n<p><span style=\"color: #000000\">Iznimno je popularan me\u0111u sporta\u0161ima jer pove\u0107ava izdr\u017eljivost i smanjuje umor, a pritom poma\u017ee br\u017eem oporavku.<\/span><\/p>\n<p><span style=\"color: #000000\">Poma\u017ee i u pobolj\u0161anju mentalnih i kognitivnih funkcija mozga. Iz tog razloga utje\u010de na u\u010denje, pam\u0107enje i kogniciju. Sve to zna\u010di da mo\u017ee imati izravan u\u010dinak na inhibiranje propadanja mozga. Kao rezultat, pobolj\u0161ava san i tjera depresiju.<\/span><\/p>\n<p><span style=\"color: #000000\">Tradicionalno se upotrebljava i u slu\u010daju prehlade i gripe jer su neke studije otkrile da mo\u017ee pomo\u0107i u borbi protiv virusa koji uzrokuju ove bolesti.<\/span><\/p>\n<p><span style=\"color: #000000\">Mo\u017ee pomo\u0107i i u ubla\u017eavanju tipi\u010dnih problema koje \u017eene obi\u010dno imaju tijekom prijelaza u menopauzu, dok istodobno pru\u017ea za\u0161titu od gubitka ko\u0161tane mase (osteoporoze), koja se \u010desto pogor\u0161ava tijekom tog razdoblja zbog hormonalnih promjena.<\/span><\/p>\n<h2><span style=\"color: #000000\">Spremanje i upozorenja<\/span><\/h2>\n<p><span style=\"color: #000000\">\u010cuvajte na hladnom i suhom mjestu. Dodatak prehrani \u010duvajte izvan dohvata djece!<\/span><\/p>\n<p><span style=\"color: #000000\">Zapamtite va\u017enost raznovrsne prehrane i zdravog na\u010dina \u017eivota, dodatak prehrani nije zamjena za uravnote\u017eenu i raznoliku prehranu. Preporu\u010dena dnevna koli\u010dina ili doza ne smije se prekora\u010diti. Trudnice, dojilje i ljudi koji uzimaju lijekove uvijek bi se prije upotrebe trebali posavjetovati s lije\u010dnikom.<\/span><\/p>\n<h2><span style=\"color: #000000\">Ambala\u017ea<\/span><\/h2>\n<p><span style=\"color: #000000\">Nepropusna vre\u0107ica s patentnim zatvara\u010dem u kojoj proizvod zadr\u017eava svu svoju svje\u017einu i aromu. Ambala\u017ea \u0161titi od svjetlosti i zraka, jer je napravljena od nekoliko slojeva za\u0161tite koji \u010duvaju svojstva sadr\u017eaja.<\/span><\/p>\n<p><span style=\"color: #000000\">Ambala\u017ea je vrlo prakti\u010dna i mo\u017ee se reciklirati.<\/span><\/p>\n<h2><span style=\"color: #000000\">Podrijetlo<\/span><\/h2>\n<p><span style=\"color: #000000\">Kina. Imamo vrlo pouzdane dobavlja\u010de koji nam \u0161alju detaljnu kemijsku analizu proizvoda za svaku seriju. U vi\u0161e od 10 godina nikada nismo imali opoziv ili bilo kakav drugi problem s ovim proizvodom, niti s bilo kojim drugim proizvodom istog dobavlja\u010da. Proizvod je 100 % certificiran kao organski.<\/span><\/p>\n","protected":false},"excerpt":{"rendered":"<p>Korijen ginsenga jedna je od najva\u017enijih biljaka u tradicionalnom kineskom i ruskom travarstvu, gdje se kao dodatak prehrani koristi stolje\u0107ima, ako ne i tisu\u0107lje\u0107ima. U Kini je dobro poznato da je ginseng dobar za na\u0161e zdravlje u smislu:<\/p>\n<p>\ud83d\udc9a dugovje\u010dnosti (spre\u010davanje procesa starenja),<br \/>\n\ud83d\udc9a ja\u010da imunolo\u0161ki sustav,<br \/>\n\ud83d\udc9a djeluje protiv umora,<br \/>\n\ud83d\udc9a protiv stresa,<br \/>\n\ud83d\udc9a pobolj\u0161ava seksualnu potenciju.<\/p>\n","protected":false},"featured_media":5891,"comment_status":"open","ping_status":"closed","template":"","meta":{"_acf_changed":false},"product_brand":[],"product_cat":[15,195,216],"product_tag":[],"class_list":{"0":"post-6203","1":"product","2":"type-product","3":"status-publish","4":"has-post-thumbnail","6":"product_cat-uncategorized","7":"product_cat-superhrana","8":"product_cat-svi-proizvodi-ponudba","10":"first","11":"instock","12":"sale","13":"taxable","14":"shipping-taxable","15":"purchasable","16":"product-type-simple"},"acf":[],"_links":{"self":[{"href":"https:\/\/fengchashop.com\/hr\/wp-json\/wp\/v2\/product\/6203","targetHints":{"allow":["GET"]}}],"collection":[{"href":"https:\/\/fengchashop.com\/hr\/wp-json\/wp\/v2\/product"}],"about":[{"href":"https:\/\/fengchashop.com\/hr\/wp-json\/wp\/v2\/types\/product"}],"replies":[{"embeddable":true,"href":"https:\/\/fengchashop.com\/hr\/wp-json\/wp\/v2\/comments?post=6203"}],"wp:featuredmedia":[{"embeddable":true,"href":"https:\/\/fengchashop.com\/hr\/wp-json\/wp\/v2\/media\/5891"}],"wp:attachment":[{"href":"https:\/\/fengchashop.com\/hr\/wp-json\/wp\/v2\/media?parent=6203"}],"wp:term":[{"taxonomy":"product_brand","embeddable":true,"href":"https:\/\/fengchashop.com\/hr\/wp-json\/wp\/v2\/product_brand?post=6203"},{"taxonomy":"product_cat","embeddable":true,"href":"https:\/\/fengchashop.com\/hr\/wp-json\/wp\/v2\/product_cat?post=6203"},{"taxonomy":"product_tag","embeddable":true,"href":"https:\/\/fengchashop.com\/hr\/wp-json\/wp\/v2\/product_tag?post=6203"}],"curies":[{"name":"wp","href":"https:\/\/api.w.org\/{rel}","templated":true}]}}