{"id":6202,"date":"2023-04-05T07:55:40","date_gmt":"2023-04-05T05:55:40","guid":{"rendered":"https:\/\/fengchashop.com\/hr\/product\/magnezijev-bisglicinat-120-kapsula\/"},"modified":"2026-04-17T17:29:35","modified_gmt":"2026-04-17T15:29:35","slug":"magnezijev-bisglicinat-kapsula","status":"publish","type":"product","link":"https:\/\/fengchashop.com\/hr\/product\/magnezijev-bisglicinat-kapsula\/","title":{"rendered":"Magnezijev bisglicinat 120 kapsula"},"content":{"rendered":"<h2><span style=\"color: #000000\">Magnezijev bisciglinat<\/span><\/h2>\n<p><span style=\"color: #000000\">Magnezij je vrlo va\u017ean <strong>mineral<\/strong>, odgovoran za vi\u0161e od 300 metaboli\u010dkih reakcija u ljudskom tijelu. Stru\u010dnjaci ga \u010desto nazivaju \u201ekraljem minerala\u201d. Ima vrlo va\u017enu ulogu u pravilnom funkcioniranju kostiju, mi\u0161i\u0107a i \u017eiv\u010danog sustava. \u010cesto se uzima za <strong>sprje\u010davanje gr\u010deva (u listovima), umora, iscrpljenosti i za normalno mentalno funkcioniranje<\/strong>. Suvremeni stilovi \u017eivota \u2013 nedostatak sna, stres, prehrana \u2013 \u010desto nas navode na uzimanje dodataka s magenzijem. I iako ga ima u izobilju u zelenom povr\u0107u, ribi, sjemenkama suncokreta i bundeve, vo\u0107u i ora\u0161astim plodovima, jednostavno ga iskori\u0161tavamo vi\u0161e nego \u0161to ga jedemo. Sporta\u0161i i vrlo aktivni ljudi, trudnice i starije osobe imaju pove\u0107ane potrebe za magnezijem. U prirodi je magnezij uvijek vezan za neki drugi spoj, \u0161to mu daje specifi\u010dna svojstva posebice u smislu apsorpcije i dodatnih u\u010dinaka. Stoga je va\u017eno odabrati pravi magnezij za svoje potrebe.<\/span><\/p>\n<p><span style=\"color: #000000\">Magnezij u obliku magnezijevog bisglicinata jedan je od <strong>najnovijih i najboljih oblika<\/strong> magnezija dostupnih na tr\u017ei\u0161tu. Postoji vi\u0161e od desetak razli\u010ditih oblika magnezija, a neki oblici se \u010dak i ne preporu\u010duju (primjerice magnezijev aspartat i magnezijev glutamat). Dakle, ne\u0107e svaki oblik magnezija zadovoljiti na\u0161e potrebe. Birajte oblike magnezija koji su visokokvalitetni i prije svega prikladni za vas.<\/span><\/p>\n<p><span style=\"color: #000000\">Nedostatak magnezija povezan je s nizom bolesti, uklju\u010duju\u0107i migrenu, kroni\u010dni umor, visoki krvni tlak, anksioznost i druge mentalne poreme\u0107aje. Magnezij neizravno obnavlja o\u0161te\u0107ene stanice, \u0161to sprje\u010dava razvoj bolesti povezanih s <strong>o\u0161te\u0107enjem stanica<\/strong> \u2013 uklju\u010duju\u0107i, primjerice, rak. Istovremeno, nedostatak magnezija smanjuje u\u010dinak va\u017enog vitamina D.<\/span><\/p>\n<p><span style=\"color: #000000\">Na\u0161 magnezijev bisglicinat vrhunske je kvalitete.<\/span><\/p>\n<h2><span style=\"color: #000000\">Za\u0161to odabrati magnezijev bisglicinat?<\/span><\/h2>\n<p><span style=\"color: #000000\">Magnezij <strong>u obliku magnezijevog bisglicinata<\/strong> uglavnom se <strong>apsorbira br\u017ee, lak\u0161e i bolje<\/strong> od drugih oblika magnezija. To je jedan od novijih oblika magnezija u obliku dodatka prehrani, kojim se \u017eeli pru\u017eiti najbolja korist bez nuspojava laksativnog u\u010dinka. Trenutno je jedan od najboljih dodataka s magnezijem. Predstavlja posebnu prednost za osobe \u010dija je probava osjetljiva na dodatke s magnezijem, ali \u010dije tijelo ih treba.<\/span><\/p>\n<p><span style=\"color: #000000\">Magnezijev bisglicinat <strong>najbolje iskori\u0161tava magnezij<\/strong> u tijelu, jer se apsorbira 80 % ili vi\u0161e. Budu\u0107i da ne uzrokuje proljev i ima laksativni u\u010dinak, ova verzija magnezija najprikladnija je <strong>za dugotrajnu upotrebu<\/strong>. Laksativni u\u010dinak nije uvijek koristan, jer mo\u017ee naru\u0161iti apsorpciju drugih hranjivih tvari i iritirati osjetljiva crijeva.<\/span><\/p>\n<p><span style=\"color: #000000\">U magnezijevom bisglicinatu zapravo postoje dvije aminokiseline glicinata umjesto jedne, \u0161to zna\u010di ve\u0107u za\u0161titu od \u017eelu\u010dane kiseline. Na taj na\u010din dolazi do crijeva, gdje se zapravo apsorbira u krvotok u \u0161to organskijem obliku.<\/span><\/p>\n<h2><span style=\"color: #000000\">Kakav u\u010dinak unos magnezija ima na na\u0161e tijelo?<\/span><\/h2>\n<p><span style=\"color: #000000\">Konzumacija magnezija za nas ima sljede\u0107e prednosti, a prepoznaju ih i profesionalci:<\/span><\/p>\n<p><span style=\"color: #000000\">\ud83d\udc9a poma\u017ee u smanjenju umora i iscrpljenosti, <\/span><br \/>\n<span style=\"color: #000000\">\ud83d\udc9a podr\u017eava ravnote\u017eu elektrolita, \u0161to je potrebno posebno tijekom fizi\u010dkog naprezanja, <\/span><br \/>\n<span style=\"color: #000000\">\ud83d\udc9a pridonosi osloba\u0111anju energije tijekom metabolizma, <\/span><br \/>\n<span style=\"color: #000000\">\ud83d\udc9a blagotvorno djeluje na \u017eiv\u010dani sustav, <\/span><br \/>\n<span style=\"color: #000000\">\ud83d\udc9a pridonosi normalnoj funkciji mi\u0161i\u0107a, normalnoj psiholo\u0161koj funkciji, <\/span><br \/>\n<span style=\"color: #000000\">\ud83d\udc9a igra ulogu u sintezi proteina, <\/span><br \/>\n<span style=\"color: #000000\">\ud83d\udc9a odr\u017eava kosti i zube zdravima, <\/span><br \/>\n<span style=\"color: #000000\">\ud83d\udc9a igra ulogu u diobi stanica.<\/span><\/p>\n<p><span style=\"color: #000000\">Zadovoljni korisnici govore i o ostalim prednostima uzimanja magnezija kao dodatka prehrani vrhunske kvalitete u najboljem obliku.<\/span><\/p>\n<h2><span style=\"color: #000000\">Ambala\u017ea<\/span><\/h2>\n<p><span style=\"color: #000000\">Nepropusna vre\u0107ica s patentnim zatvara\u010dem u kojoj proizvod zadr\u017eava svu svoju svje\u017einu i aromu. Ambala\u017ea \u0161titi od svjetlosti i zraka, jer je napravljena od nekoliko slojeva za\u0161tite koji \u010duvaju svojstva sadr\u017eaja.<\/span><\/p>\n<p><span style=\"color: #000000\">Ambala\u017ea je vrlo prakti\u010dna i mo\u017ee se reciklirati.<\/span><\/p>\n<h2><span style=\"color: #000000\">Spremanje i upozorenja<\/span><\/h2>\n<p><span style=\"color: #000000\">\u010cuvati na hladnom i suhom mjestu na temperaturi do 25 \u00b0C. Dodatak prehrani \u010duvajte izvan dohvata djece!<\/span><\/p>\n<p><span style=\"color: #000000\">Posavjetujte se sa svojim lije\u010dnikom ako istodobno uzimate antibiotike, lijekove za osteoporozu ili lijekove za visoki krvni tlak, jer magnezij mo\u017ee utjecati na njihov u\u010dinak.<\/span><\/p>\n<p><span style=\"color: #000000\">Zapamtite va\u017enost raznovrsne prehrane i zdravog na\u010dina \u017eivota, dodatak prehrani nije zamjena za uravnote\u017eenu i raznoliku prehranu. Preporu\u010dena dnevna koli\u010dina ili doza ne smije se prekora\u010diti. Trudnicama i dojiljama uvijek se savjetuje da se prije upotrebe posavjetuju s lije\u010dnikom. Nije prikladno za djecu.<\/span><\/p>\n","protected":false},"excerpt":{"rendered":"<p align=\"JUSTIFY\">Magnezij je vrlo va\u017ean <strong>mineral<\/strong>, odgovoran za vi\u0161e od 300 metaboli\u010dkih reakcija u ljudskom tijelu. Stru\u010dnjaci ga \u010desto nazivaju \u201ekraljem minerala\u201d. Ima vrlo va\u017enu ulogu u pravilnom funkcioniranju kostiju, mi\u0161i\u0107a i \u017eiv\u010danog sustava.<\/p>\n<p>\ud83d\udc9a Poma\u017ee smanjiti umor i iscrpljenost.<br \/>\n\ud83d\udc9a Pridonosi osloba\u0111anju energije tijekom metabolizma.<br \/>\n\ud83d\udc9a <span class=\"VIiyi\" lang=\"hr\"><span class=\"JLqJ4b ChMk0b\" data-language-for-alternatives=\"hr\" data-language-to-translate-into=\"sl\" data-phrase-index=\"0\" data-number-of-phrases=\"1\">Blagotvorno utje\u010de na \u017eiv\u010dani sustav.<\/span><\/span><br \/>\n\ud83d\udc9a Doprinosi normalnom radu mi\u0161i\u0107a, normalnim psihi\u010dkim funkcijama.<br \/>\n\ud83d\udc9a Odr\u017eava zdrave kosti i zube.<\/p>\n","protected":false},"featured_media":6703,"comment_status":"open","ping_status":"closed","template":"","meta":{"_acf_changed":false},"product_brand":[],"product_cat":[15,241,216],"product_tag":[],"class_list":{"0":"post-6202","1":"product","2":"type-product","3":"status-publish","4":"has-post-thumbnail","6":"product_cat-uncategorized","7":"product_cat-dobre-ponude","8":"product_cat-svi-proizvodi-ponudba","10":"first","11":"instock","12":"sale","13":"taxable","14":"shipping-taxable","15":"purchasable","16":"product-type-simple"},"acf":[],"_links":{"self":[{"href":"https:\/\/fengchashop.com\/hr\/wp-json\/wp\/v2\/product\/6202","targetHints":{"allow":["GET"]}}],"collection":[{"href":"https:\/\/fengchashop.com\/hr\/wp-json\/wp\/v2\/product"}],"about":[{"href":"https:\/\/fengchashop.com\/hr\/wp-json\/wp\/v2\/types\/product"}],"replies":[{"embeddable":true,"href":"https:\/\/fengchashop.com\/hr\/wp-json\/wp\/v2\/comments?post=6202"}],"wp:featuredmedia":[{"embeddable":true,"href":"https:\/\/fengchashop.com\/hr\/wp-json\/wp\/v2\/media\/6703"}],"wp:attachment":[{"href":"https:\/\/fengchashop.com\/hr\/wp-json\/wp\/v2\/media?parent=6202"}],"wp:term":[{"taxonomy":"product_brand","embeddable":true,"href":"https:\/\/fengchashop.com\/hr\/wp-json\/wp\/v2\/product_brand?post=6202"},{"taxonomy":"product_cat","embeddable":true,"href":"https:\/\/fengchashop.com\/hr\/wp-json\/wp\/v2\/product_cat?post=6202"},{"taxonomy":"product_tag","embeddable":true,"href":"https:\/\/fengchashop.com\/hr\/wp-json\/wp\/v2\/product_tag?post=6202"}],"curies":[{"name":"wp","href":"https:\/\/api.w.org\/{rel}","templated":true}]}}