{"id":6200,"date":"2023-04-04T11:24:36","date_gmt":"2023-04-04T09:24:36","guid":{"rendered":"https:\/\/fengchashop.com\/hr\/product\/horny-goat-weed-u-prahu-bio-250-g\/"},"modified":"2026-05-08T17:25:59","modified_gmt":"2026-05-08T15:25:59","slug":"horny-goat-weed-u-prahu","status":"publish","type":"product","link":"https:\/\/fengchashop.com\/hr\/product\/horny-goat-weed-u-prahu\/","title":{"rendered":"Horny goat weed u prahu 250 g"},"content":{"rendered":"<h2 style=\"text-align: justify;\"><span style=\"color: #000000;\">Horny goat weed u prahu\u00a0<\/span><\/h2>\n<p style=\"text-align: justify;\"><span style=\"color: #000000;\"><strong>Horny goat weed<\/strong> (Epimedium brevicornum), raste do 30 cm visoko i ima brojne cvjetove u buketima ili grozdovima (ljubi\u010daste, ru\u017ei\u010daste, \u017eute i bijele boje). U engleskom jeziku se ova grmolika biljka naziva <strong>Horny goat weed<\/strong> ili samo <strong>Horny goat<\/strong>. Ovo ime se odnosi na pove\u0107anje libida kod koza koje su jele ovo grmlje.<\/span><\/p>\n<p style=\"text-align: justify;\"><span style=\"color: #000000;\"><strong>Horny goat weed<\/strong> raste u umjerenim i suptropskim klimama i <strong>izvorno potje\u010de iz Kine i Koreje<\/strong>. U tradicionalnoj kineskoj medicini <strong>se koristi tisu\u0107ama godina kao tradicionalni lijek za mnoge probleme, uklju\u010duju\u0107i disfunkciju i menopauzu, a tako\u0111er se smatra afrodizijakom kako za mu\u0161karce tako i za \u017eene.<\/strong><\/span><\/p>\n<h2 style=\"text-align: justify;\"><span style=\"color: #000000;\">Koje su va\u017ene aktivne tvari Horny Goat weeda?<\/span><\/h2>\n<p style=\"text-align: justify;\"><span style=\"color: #000000;\">Znanstveno je dokazano da Horny Goat weed sadr\u017ei spojeve koji imaju <strong>farmakolo\u0161ka svojstva kao \u0161to su opu\u0161tanje mi\u0161i\u0107a, pove\u0107anje razine testosterona i protok krvi<\/strong>.<\/span><\/p>\n<p style=\"text-align: justify;\"><span style=\"color: #000000;\">Horny Goat weed je biljka koja je oboga\u0107ena <strong>flavonoidima<\/strong>, fenolnim spojevima i drugim va\u017enim hranjivim tvarima koje mogu koristiti zdravlju na razli\u010dite na\u010dine. Zato postaje Horny Goat weed sve popularnija biljka, kako za upotrebu <strong>kao prehrambeni dodatak ili kao biljni preparat za razli\u010dite bolesti i pobolj\u0161anje zdravlja<\/strong>.<\/span><\/p>\n<p style=\"text-align: justify;\"><span style=\"color: #000000;\"><strong>Ikariin<\/strong> je flavonoidni spoj i glavna aktivna tvar Horny Goat weeda. Ikariin djeluje kao prirodni inhibitor enzima PDE5, koji mo\u017ee uzrokovati erektilnu disfunkciju. Upotreba ikariina pobolj\u0161ava <strong>seksualnu funkciju i lije\u010denje erektilne disfunkcije<\/strong>. Ikariin se \u010desto koristi i za pobolj\u0161anje <strong>sportske izvedbe<\/strong>, jer mo\u017ee pove\u0107ati razinu testosterona i smanjiti razinu kortizola, \u0161to pridonosi pobolj\u0161anju mi\u0161i\u0107ne mase i snage. Osim toga, ikariin mo\u017ee ubrzati obnavljanje ko\u0161tane gusto\u0107e, \u0161to mo\u017ee smanjiti rizik od <strong>osteoporoze i pobolj\u0161ati zdravlje kostiju<\/strong>.<\/span><\/p>\n<h2 style=\"text-align: justify;\"><span style=\"color: #000000;\">Koje su klju\u010dne zna\u010dajke koje nam nudi Horny Goat weed?<\/span><\/h2>\n<p style=\"text-align: justify;\"><span style=\"color: #000000;\">Horny Goat weed se sve vi\u0161e koristi kao dodatak u razli\u010dite svrhe. U kineskoj tradicionalnoj medicini koristi se kao <strong>afrodizijak, tonik i antireumatik<\/strong>.<\/span><\/p>\n<p style=\"text-align: justify;\"><span style=\"color: #000000;\"><strong><i>Pozitivni u\u010dinci na na\u0161e zdravlje i tijelo:<\/i><\/strong><\/span><\/p>\n<p><span style=\"color: #000000;\">\u00a0 \u00a0 \u00a0\ud83d\udc9a pobolj\u0161ava rad <strong>spolnih \u017elijezda<\/strong>,<\/span><\/p>\n<p><span style=\"color: #000000;\">\u00a0 \u00a0 \u00a0\ud83d\udc9a pobolj\u0161ava <strong>libido kod mu\u0161karaca i erektilnu disfunkciju<\/strong>,<\/span><\/p>\n<p><span style=\"color: #000000;\">\u00a0 \u00a0 \u00a0\ud83d\udc9a poma\u017ee u <strong>lije\u010denju impotencije i mu\u0161ke neplodnosti<\/strong>,<\/span><\/p>\n<p><span style=\"color: #000000;\">\u00a0 \u00a0 \u00a0\ud83d\udc9a koristi se kao <strong>tonik za reproduktivni sustav<\/strong>,<\/span><\/p>\n<p><span style=\"color: #000000;\">\u00a0 \u00a0 \u00a0\ud83d\udc9a pove\u0107ava <strong>energiju i izdr\u017eljivost<\/strong>,<\/span><\/p>\n<p><span style=\"color: #000000;\">\u00a0 \u00a0 \u00a0\ud83d\udc9a olak\u0161ava <strong>simptome menopauze<\/strong>,<\/span><\/p>\n<p><span style=\"color: #000000;\">\u00a0 \u00a0 \u00a0\ud83d\udc9a regulira <strong>kardiovaskularni sustav<\/strong> (protok krvi),<\/span><\/p>\n<p><span style=\"color: #000000;\">\u00a0 \u00a0 \u00a0\ud83d\udc9a pobolj\u0161ava <strong>funkciju imunolo\u0161kog sustava<\/strong>,<\/span><\/p>\n<p><span style=\"color: #000000;\">\u00a0 \u00a0 \u00a0\ud83d\udc9a ubla\u017eava bolove u <strong>zglobu i artritisu<\/strong>,<\/span><\/p>\n<p><span style=\"color: #000000;\">\u00a0 \u00a0 \u00a0\ud83d\udc9a ima <strong>antibakterijsko, antivirusno i protuupalno djelovanje<\/strong>,<\/span><\/p>\n<p><span style=\"color: #000000;\">\u00a0 \u00a0 \u00a0\ud83d\udc9a smanjuje <strong>anksioznost i depresiju<\/strong>,<\/span><\/p>\n<p><span style=\"color: #000000;\">\u00a0 \u00a0 \u00a0\ud83d\udc9a pobolj\u0161ava <strong>metabolizam tijela i funkciju organa<\/strong>.<\/span><\/p>\n<h2 style=\"text-align: justify;\"><span style=\"color: #000000;\">Spremanje i upozorenja<\/span><\/h2>\n<p style=\"text-align: justify;\"><span style=\"color: #000000;\">\u010cuvajte na suhom i hladnom mjestu pri temperaturi do 25 \u00b0C. Dodatak prehrani ne smije biti dostupan djeci!<\/span><\/p>\n<p style=\"text-align: justify;\"><span style=\"color: #000000;\">Ne zaboravite na va\u017enost raznolike prehrane i zdravog na\u010dina \u017eivota, dodatak prehrani stoga nije zamjena za uravnote\u017eenu i raznoliku prehranu. Preporu\u010dene dnevne koli\u010dine odnosno dozu ne smijete prekora\u010diti.<\/span><\/p>\n<p style=\"text-align: justify;\"><span style=\"color: #000000;\">Nije preporu\u010dljivo za trudnice i dojilje. Tako\u0111er, ne preporu\u010duje se osobama koje uzimaju lijekove protiv zgru\u0161avanja krvi. Tako\u0111er se ne preporu\u010duje uzimanje osobama oboljelim od raka. Preporu\u010dljivo je da se kod eventualnih zdravstvenih problema posavjetujete sa svojim lije\u010dnikom.<\/span><\/p>\n<h2><span style=\"color: #000000;\">Ambala\u017ea<\/span><\/h2>\n<p style=\"text-align: justify;\"><span style=\"color: #000000;\">Nepropusna vre\u0107ica s patentnim zatvara\u010dem u kojoj proizvod zadr\u017eava svu svje\u017einu i miris. Ambala\u017ea \u0161titi od svjetlosti i zraka, jer se sastoji od nekoliko slojeva za\u0161tite koji \u010duvaju svojstva sadr\u017eaja.<\/span><\/p>\n<p style=\"text-align: justify;\"><span style=\"color: #000000;\">Ambala\u017ea je vrlo prakti\u010dna i mo\u017ee se reciklirati.<\/span><\/p>\n<h2><span style=\"color: #000000;\">Podrijetlo<\/span><\/h2>\n<p>Kina. Imamo vrlo pouzdane dobavlja\u010de koji nam \u0161alju detaljnu kemijsku analizu proizvoda za svaku seriju. U vi\u0161e od 10 godina nikada nismo imali opoziv ili bilo kakav drugi problem s ovim proizvodom, niti s bilo kojim drugim proizvodom istog dobavlja\u010da.<\/p>\n","protected":false},"excerpt":{"rendered":"<p>Horny goat weed, poznat i pod znanstvenim imenom Epimedium brevicornum. U tradicionalnoj kineskoj medicini ve\u0107 se tisu\u0107ama godina koristi kao tradicionalni lijek za mnoge probleme, uklju\u010duju\u0107i disfunkciju i menopauzu, a tako\u0111er se smatra afrodizijakom za mu\u0161karce i \u017eene.<\/p>\n<p>\ud83d\udc9a Koristi se kao tonik za reproduktivni sustav.<br \/>\n\ud83d\udc9a Ubla\u017eava simptome menopauze.<br \/>\n\ud83d\udc9a Poma\u017ee u lije\u010denju impotencije i mu\u0161ke neplodnosti.<br \/>\n\ud83d\udc9a Pobolj\u0161ava libido kod mu\u0161karaca i erektilnu disfunkciju.<\/p>\n","protected":false},"featured_media":8010,"comment_status":"open","ping_status":"closed","template":"","meta":{"_acf_changed":false},"product_brand":[],"product_cat":[195,216],"product_tag":[],"class_list":{"0":"post-6200","1":"product","2":"type-product","3":"status-publish","4":"has-post-thumbnail","6":"product_cat-superhrana","7":"product_cat-svi-proizvodi-ponudba","9":"first","10":"instock","11":"sale","12":"taxable","13":"shipping-taxable","14":"purchasable","15":"product-type-simple"},"acf":[],"_links":{"self":[{"href":"https:\/\/fengchashop.com\/hr\/wp-json\/wp\/v2\/product\/6200","targetHints":{"allow":["GET"]}}],"collection":[{"href":"https:\/\/fengchashop.com\/hr\/wp-json\/wp\/v2\/product"}],"about":[{"href":"https:\/\/fengchashop.com\/hr\/wp-json\/wp\/v2\/types\/product"}],"replies":[{"embeddable":true,"href":"https:\/\/fengchashop.com\/hr\/wp-json\/wp\/v2\/comments?post=6200"}],"wp:featuredmedia":[{"embeddable":true,"href":"https:\/\/fengchashop.com\/hr\/wp-json\/wp\/v2\/media\/8010"}],"wp:attachment":[{"href":"https:\/\/fengchashop.com\/hr\/wp-json\/wp\/v2\/media?parent=6200"}],"wp:term":[{"taxonomy":"product_brand","embeddable":true,"href":"https:\/\/fengchashop.com\/hr\/wp-json\/wp\/v2\/product_brand?post=6200"},{"taxonomy":"product_cat","embeddable":true,"href":"https:\/\/fengchashop.com\/hr\/wp-json\/wp\/v2\/product_cat?post=6200"},{"taxonomy":"product_tag","embeddable":true,"href":"https:\/\/fengchashop.com\/hr\/wp-json\/wp\/v2\/product_tag?post=6200"}],"curies":[{"name":"wp","href":"https:\/\/api.w.org\/{rel}","templated":true}]}}