{"id":6199,"date":"2023-02-01T18:08:46","date_gmt":"2023-02-01T17:08:46","guid":{"rendered":"https:\/\/fengchashop.com\/hr\/product\/kopriva-u-prahu-bio-250-g\/"},"modified":"2026-05-08T17:07:11","modified_gmt":"2026-05-08T15:07:11","slug":"kopriva-u-prahu-bio","status":"publish","type":"product","link":"https:\/\/fengchashop.com\/hr\/product\/kopriva-u-prahu-bio\/","title":{"rendered":"Kopriva u prahu BIO 250 g"},"content":{"rendered":"<h2 style=\"text-align: justify\"><span style=\"color: #000000\">Kopriva BIO (Urtica dioica)<\/span><\/h2>\n<h2><span style=\"color: #000000\">\u0160to je kopriva i kako se od nje pravi prah?<\/span><\/h2>\n<p style=\"text-align: justify\"><span style=\"color: #000000\">Kopriva ili tzv. Urtica dioica je biljka (zeljasta trajnica) rasprostranjena po cijelom svijetu i koristi se stolje\u0107ima u razli\u010ditim zemljama i kulturama. Stolje\u0107ima se kopriva bere zbog svojih nutritivnih svojstava, konzumira se kao divlji dodatak hrani, nanosi se lokalno na ko\u017eu i pije kao biljni \u010daj.<\/span><\/p>\n<p><span style=\"color: #000000\">Listovi koprive se skupljaju u prolje\u0107e, kada je biljka sazrijela, ali prije nego \u0161to po\u010dne cvjetati. Sakupljeni listovi se polako su\u0161e i melju u fini prah.<\/span><\/p>\n<h2><span style=\"color: #000000\">Klju\u010dna svojstva koprive<\/span><\/h2>\n<p><span style=\"color: #000000\">Kopriva je bogata antioksidansima, proteinima i vlaknima. Kopriva je prepoznata i kao dodatak prehrani jer je izuzetno oboga\u0107ena kalcijem, \u017eeljezom, magnezijem i kalijem. Sadr\u017ei i vitamine, A, C, K i posebno puno vitamina B.<\/span><\/p>\n<p><span style=\"color: #000000\">U tradicionalnoj se medicini primjena koprive preporu\u010da u sklopu proljetnih kura i dijeta za detoksikaciju i pro\u010di\u0161\u0107avanje te kod umora i iscrpljenosti.<\/span><\/p>\n<p><span style=\"color: #000000\">Konzumacija koprive poti\u010de zdrav rad urinarnog trakta i djeluje kao blagi diuretik te podr\u017eava zdravlje gornjeg di\u0161nog sustava.<\/span><\/p>\n<h2><span style=\"color: #000000\">U\u010dinci koprive<\/span><\/h2>\n<p><span style=\"color: #000000\"><strong>U\u010dinci koji pozitivno djeluju na na\u0161e zdravlje i tijelo:<\/strong><\/span><\/p>\n<p><span style=\"color: #000000\">\ud83d\udc9a sna\u017ean <strong>antioksidans<\/strong>,<\/span><\/p>\n<p><span style=\"color: #000000\"><strong>\ud83d\udc9a <\/strong>ima<strong> diuretski u\u010dinak,<\/strong><\/span><\/p>\n<p><span style=\"color: #000000\">\ud83d\udc9a poma\u017ee u <strong>detoksikaciji i pro\u010di\u0161\u0107avanju<\/strong>,<\/span><\/p>\n<p><span style=\"color: #000000\">\ud83d\udc9a poti\u010de <strong>rad urinarnog trakta<\/strong>,<\/span><\/p>\n<p><span style=\"color: #000000\">\ud83d\udc9a poma\u017ee pri <strong>odvodnji vode<\/strong>,<\/span><\/p>\n<p><span style=\"color: #000000\">\ud83d\udc9a djeluje <strong>protuupalno<\/strong>,<\/span><\/p>\n<p><span style=\"color: #000000\">\ud83d\udc9a poma\u017ee <strong>kod umora i iscrpljenosti<\/strong>,<\/span><\/p>\n<p><span style=\"color: #000000\">\ud83d\udc9a doprinosi <strong>zdravlju gornjih di\u0161nih puteva<\/strong>,<\/span><\/p>\n<p><span style=\"color: #000000\">\ud83d\udc9a sadr\u017ei puno vlakana,<\/span><\/p>\n<p><span style=\"color: #000000\">\ud83d\udc9a <strong>\u010disti i vla\u017ei<\/strong> ko\u017eu,<\/span><\/p>\n<p><span style=\"color: #000000\">\ud83d\udc9a ubla\u017eava <strong>probleme ko\u017ee s aknama<\/strong>.<\/span><\/p>\n<h2 style=\"text-align: justify\"><span style=\"color: #000000\">Spremanje i upozorenja<\/span><\/h2>\n<p><span style=\"color: #000000\">\u010cuvati na suhom i hladnom mjestu na temperaturi do 25 \u00b0C. Dodatak prehrani treba biti izvan dohvata djece!<\/span><\/p>\n<p><span style=\"color: #000000\">Ne zaboravite na va\u017enost raznolike prehrane i zdravog na\u010dina \u017eivota, stoga dodatak prehrani nije zamjena za uravnote\u017eenu i raznoliku prehranu. Preporu\u010dena dnevna koli\u010dina ili doza ne smije se prekora\u010diti.\u00a0<\/span><\/p>\n<h2><span style=\"color: #000000\">Ambala\u017ea<\/span><\/h2>\n<p style=\"text-align: justify\"><span style=\"color: #000000\">Nepropusna vre\u0107ica s patentnim zatvara\u010dem u kojoj proizvod zadr\u017eava svu svje\u017einu i miris. Ambala\u017ea \u0161titi od svjetlosti i zraka, jer se sastoji od nekoliko slojeva za\u0161tite koji \u010duvaju svojstva sadr\u017eaja.<\/span><\/p>\n<p style=\"text-align: justify\"><span style=\"color: #000000\">Ambala\u017ea je vrlo prakti\u010dna i mo\u017ee se reciklirati.<\/span><\/p>\n<h2><span style=\"color: #000000\">Podrijetlo<\/span><\/h2>\n<p><span style=\"color: #000000\">Bugarska<\/span><\/p>\n","protected":false},"excerpt":{"rendered":"<p>Kopriva je bogata antioksidansima, proteinima i vlaknima. Kopriva je prepoznata i kao dodatak prehrani jer je izuzetno oboga\u0107ena kalcijem, \u017eeljezom, magnezijem i kalijem. Sadr\u017ei i vitamine A, C, K te posebno mnogo vitamina B. U narodnoj medicini preporu\u010da se kori\u0161tenje koprive u sklopu proljetnih kura i dijeta za detoksikaciju i pro\u010di\u0161\u0107avanje te kod umora i iscrpljenosti.<\/p>\n<p>\ud83d\udc9a Poma\u017ee u detoksikaciji i pro\u010di\u0161\u0107avanju.<br \/>\n\ud83d\udc9a Doprinosi zdravlju gornjih di\u0161nih puteva.<br \/>\n\ud83d\udc9a Poma\u017ee pri odvodnji vode.<br \/>\n\ud83d\udc9a Poma\u017ee kod umora i iscrpljenosti.<\/p>\n","protected":false},"featured_media":6700,"comment_status":"open","ping_status":"closed","template":"","meta":{"_acf_changed":false},"product_brand":[],"product_cat":[195,216],"product_tag":[],"class_list":{"0":"post-6199","1":"product","2":"type-product","3":"status-publish","4":"has-post-thumbnail","6":"product_cat-superhrana","7":"product_cat-svi-proizvodi-ponudba","9":"first","10":"instock","11":"taxable","12":"shipping-taxable","13":"purchasable","14":"product-type-simple"},"acf":[],"_links":{"self":[{"href":"https:\/\/fengchashop.com\/hr\/wp-json\/wp\/v2\/product\/6199","targetHints":{"allow":["GET"]}}],"collection":[{"href":"https:\/\/fengchashop.com\/hr\/wp-json\/wp\/v2\/product"}],"about":[{"href":"https:\/\/fengchashop.com\/hr\/wp-json\/wp\/v2\/types\/product"}],"replies":[{"embeddable":true,"href":"https:\/\/fengchashop.com\/hr\/wp-json\/wp\/v2\/comments?post=6199"}],"wp:featuredmedia":[{"embeddable":true,"href":"https:\/\/fengchashop.com\/hr\/wp-json\/wp\/v2\/media\/6700"}],"wp:attachment":[{"href":"https:\/\/fengchashop.com\/hr\/wp-json\/wp\/v2\/media?parent=6199"}],"wp:term":[{"taxonomy":"product_brand","embeddable":true,"href":"https:\/\/fengchashop.com\/hr\/wp-json\/wp\/v2\/product_brand?post=6199"},{"taxonomy":"product_cat","embeddable":true,"href":"https:\/\/fengchashop.com\/hr\/wp-json\/wp\/v2\/product_cat?post=6199"},{"taxonomy":"product_tag","embeddable":true,"href":"https:\/\/fengchashop.com\/hr\/wp-json\/wp\/v2\/product_tag?post=6199"}],"curies":[{"name":"wp","href":"https:\/\/api.w.org\/{rel}","templated":true}]}}