{"id":6198,"date":"2023-02-01T18:28:33","date_gmt":"2023-02-01T17:28:33","guid":{"rendered":"https:\/\/fengchashop.com\/hr\/product\/sipak-u-prahu-bio-250-g\/"},"modified":"2026-04-30T07:02:29","modified_gmt":"2026-04-30T05:02:29","slug":"sipak-u-prahu-bio","status":"publish","type":"product","link":"https:\/\/fengchashop.com\/hr\/product\/sipak-u-prahu-bio\/","title":{"rendered":"\u0160ipak u prahu BIO 250 g"},"content":{"rendered":"<h2 style=\"text-align: justify\"><span style=\"color: #000000\">\u0160ipak (Rosa canina)<\/span><\/h2>\n<p style=\"text-align: justify\"><span style=\"color: #000000\">Ve\u0107 su Sumerani u svojim zapisima spominjali \u0161ipak ili tzv. divlju ru\u017eu (znanstveni naziv <strong>Rosa canina<\/strong>). Po\u010deli su ga koristiti oko <strong>3000 godina<\/strong> prije Krista.\u00a0\u0160ipak je bujno rastu\u0107i grm koji mo\u017ee narasti do 3 metra visine, s ru\u017ei\u010dastim zvjezdastim cvjetovima. Plodovi, koji <strong>se koriste<\/strong> u <strong>ljekovite svrhe<\/strong>, crvene su boje, s tvr\u0111om ko\u017eicom, a nazivaju se <strong>bobicama \u0161ipka<\/strong>.<\/span><\/p>\n<p><span style=\"color: #000000\">Prah od \u0161ipka dobiva se <strong>od suhih plodova<\/strong> (bobica \u0161ipka), koji se skupljaju u listopadu i studenom. Najva\u017eniji sastojci \u0161ipka su sa\u010duvani, tako da se plodovi su\u0161e polako i na temperaturi do 40\u02daC. Nakon \u0161to je proces su\u0161enja zavr\u0161en, osu\u0161eni plodovi \u0161ipka se samelju u fini prah.<\/span><\/p>\n<h2><span style=\"color: #000000\">Klju\u010dna svojstva \u0161ipka<\/span><\/h2>\n<p><span style=\"color: #000000\">\u0160ipak je poznat od davnina pa tako i njegova upotreba <strong>u prirodnoj medicini<\/strong>. \u0160ipak <strong>ima 60 puta vi\u0161e vitamina C od agruma<\/strong>, jer je jedno od vo\u0107a <strong>s najve\u0107im sadr\u017eajem vitamina C<\/strong> (askorbinske kiseline).<\/span><\/p>\n<p><span style=\"color: #000000\">Osim vitamina C, plodovi \u0161ipka <strong>sadr\u017ee i dosta dijetalnih vlakana<\/strong> (balastnih tvari). Oboga\u0107en je <strong>bioflavonoidima<\/strong>, \u010dija je zada\u0107a pomo\u0107i u apsorpciji askorbinske kiseline. Bioflavonoidi <strong>poma\u017eu u njezi o\u0161te\u0107ene ko\u017ee<\/strong>.<\/span><\/p>\n<h2><span style=\"color: #000000\">U\u010dinci \u0161ipka<\/span><\/h2>\n<p><span style=\"color: #000000\"><strong>U\u010dinci koji pozitivno djeluju na na\u0161e zdravlje i tijelo:<\/strong><\/span><\/p>\n<p><span style=\"color: #000000\">\ud83d\udc9a sna\u017ean <strong>antioksidans<\/strong>,<\/span><\/p>\n<p><span style=\"color: #000000\"><strong>\ud83d\udc9a <\/strong>ja\u010da<strong> imunolo\u0161ki sustav,<\/strong><\/span><\/p>\n<p><span style=\"color: #000000\">\ud83d\udc9a pobolj\u0161ava <strong>otpornost<\/strong>,<\/span><\/p>\n<p><span style=\"color: #000000\">\ud83d\udc9a poma\u017ee kod <strong>prehlade i gripe<\/strong>,<\/span><\/p>\n<p><span style=\"color: #000000\">\ud83d\udc9a poma\u017ee u ja\u010danju prirodne obrane tijela protiv <strong>oksidativnog o\u0161te\u0107enja<\/strong>,<\/span><\/p>\n<p><span style=\"color: #000000\">\ud83d\udc9a djeluje kao <strong>blagi laksativ<\/strong>,<\/span><\/p>\n<p><span style=\"color: #000000\">\ud83d\udc9a <strong>pobolj\u0161ava probavu<\/strong>,<\/span><\/p>\n<p><span style=\"color: #000000\">\ud83d\udc9a djeluje <strong>protuupalno<\/strong>,<\/span><\/p>\n<p><span style=\"color: #000000\">\ud83d\udc9a blagotvorno djeluje <strong>na bolove u zglobovima<\/strong>,<\/span><\/p>\n<p><span style=\"color: #000000\">\ud83d\udc9a poma\u017ee <strong>kod o\u0161te\u0107ene ko\u017ee<\/strong>,<\/span><\/p>\n<p><span style=\"color: #000000\">\ud83d\udc9a \u010disti i vla\u017ei ko\u017eu,<\/span><\/p>\n<p><span style=\"color: #000000\">\ud83d\udc9a ubla\u017eava <strong>probleme ko\u017ee s aknama<\/strong>.<\/span><\/p>\n<h2 style=\"text-align: justify\"><span style=\"color: #000000\">Spremanje i upozorenja<\/span><\/h2>\n<p><span style=\"color: #000000\">\u010cuvati na suhom i hladnom mjestu na temperaturi do 25 \u00b0C. Dodatak prehrani treba biti izvan dohvata djece!<\/span><\/p>\n<p><span style=\"color: #000000\">Ne zaboravite na va\u017enost raznolike prehrane i zdravog na\u010dina \u017eivota, stoga dodatak prehrani nije zamjena za uravnote\u017eenu i raznoliku prehranu. Preporu\u010dena dnevna koli\u010dina ili doza ne smije se prekora\u010diti.\u00a0<\/span><\/p>\n<h2><span style=\"color: #000000\">Ambala\u017ea<\/span><\/h2>\n<p style=\"text-align: justify\"><span style=\"color: #000000\">Nepropusna vre\u0107ica s patentnim zatvara\u010dem u kojoj proizvod zadr\u017eava svu svje\u017einu i miris. Ambala\u017ea \u0161titi od svjetlosti i zraka, jer se sastoji od nekoliko slojeva za\u0161tite koji \u010duvaju svojstva sadr\u017eaja.<\/span><\/p>\n<p style=\"text-align: justify\"><span style=\"color: #000000\">Ambala\u017ea je vrlo prakti\u010dna i mo\u017ee se reciklirati.<\/span><\/p>\n<h2><span style=\"color: #000000\">Podrijetlo<\/span><\/h2>\n<p><span style=\"color: #000000\">Bugarska<\/span><\/p>\n","protected":false},"excerpt":{"rendered":"<p>\u0160ipak je poznat od davnina pa tako i njegova upotreba u prirodnoj medicini. \u0160ipak ima 60 puta vi\u0161e vitamina C od agruma, jer je jedno od vo\u0107a s najve\u0107im sadr\u017eajem vitamina C (askorbinske kiseline). Osim vitamina C, plodovi \u0161ipka sadr\u017ee i dosta dijetalnih vlakana (balastnih tvari). Oboga\u0107en je bioflavonoidima, \u010dija je zada\u0107a pomo\u0107i u apsorpciji askorbinske kiseline. Bioflavonoidi poma\u017eu u njezi o\u0161te\u0107ene ko\u017ee.<\/p>\n<p>\ud83d\udc9a Blagotvorno djeluje na bolove u zglobovima.<br \/>\n\ud83d\udc9a Poma\u017ee kod prehlade i gripe.<br \/>\n\ud83d\udc9a Ubla\u017eava probleme ko\u017ee s aknama.<br \/>\n\ud83d\udc9a Sna\u017ean antioksidans.<\/p>\n","protected":false},"featured_media":6699,"comment_status":"open","ping_status":"closed","template":"","meta":{"_acf_changed":false},"product_brand":[],"product_cat":[195,216],"product_tag":[],"class_list":{"0":"post-6198","1":"product","2":"type-product","3":"status-publish","4":"has-post-thumbnail","6":"product_cat-superhrana","7":"product_cat-svi-proizvodi-ponudba","9":"first","10":"instock","11":"taxable","12":"shipping-taxable","13":"purchasable","14":"product-type-simple"},"acf":[],"_links":{"self":[{"href":"https:\/\/fengchashop.com\/hr\/wp-json\/wp\/v2\/product\/6198","targetHints":{"allow":["GET"]}}],"collection":[{"href":"https:\/\/fengchashop.com\/hr\/wp-json\/wp\/v2\/product"}],"about":[{"href":"https:\/\/fengchashop.com\/hr\/wp-json\/wp\/v2\/types\/product"}],"replies":[{"embeddable":true,"href":"https:\/\/fengchashop.com\/hr\/wp-json\/wp\/v2\/comments?post=6198"}],"wp:featuredmedia":[{"embeddable":true,"href":"https:\/\/fengchashop.com\/hr\/wp-json\/wp\/v2\/media\/6699"}],"wp:attachment":[{"href":"https:\/\/fengchashop.com\/hr\/wp-json\/wp\/v2\/media?parent=6198"}],"wp:term":[{"taxonomy":"product_brand","embeddable":true,"href":"https:\/\/fengchashop.com\/hr\/wp-json\/wp\/v2\/product_brand?post=6198"},{"taxonomy":"product_cat","embeddable":true,"href":"https:\/\/fengchashop.com\/hr\/wp-json\/wp\/v2\/product_cat?post=6198"},{"taxonomy":"product_tag","embeddable":true,"href":"https:\/\/fengchashop.com\/hr\/wp-json\/wp\/v2\/product_tag?post=6198"}],"curies":[{"name":"wp","href":"https:\/\/api.w.org\/{rel}","templated":true}]}}