{"id":6197,"date":"2022-11-25T07:45:21","date_gmt":"2022-11-25T06:45:21","guid":{"rendered":"https:\/\/fengchashop.com\/hr\/product\/dong-quai-kineska-andelika-bio-u-prahu-250-g\/"},"modified":"2026-04-24T19:11:56","modified_gmt":"2026-04-24T17:11:56","slug":"dong-quai-kineska-andelika-bio-u-prahu","status":"publish","type":"product","link":"https:\/\/fengchashop.com\/hr\/product\/dong-quai-kineska-andelika-bio-u-prahu\/","title":{"rendered":"Dong Quai (kineska an\u0111elika) BIO u prahu 250 g"},"content":{"rendered":"<h2 style=\"text-align: justify\"><span style=\"color: #000000\">\u0160to je Dong Quai i odakle potje\u010de?<\/span><\/h2>\n<p style=\"text-align: justify\"><span style=\"color: #000000\">Dong Quai je drevna kineska biljka, poznata i kao <strong>Angelica sinensis<\/strong> (kineska an\u0111elika), poznata i kao <strong>Dang Gui<\/strong> (izgovara se tang Kuei), i jedna je od najva\u017enijih biljaka u zapadnom svijetu.<\/span><\/p>\n<p><span style=\"color: #000000\">Dong Quia raste u gorju, u hladnim i vla\u017enim podru\u010djima <strong>Japana, Koreje i Kine<\/strong>. Otporna je trajnica koja mo\u017ee dose\u0107i visinu i do dva metra. Ima glatke ljubi\u010daste stabljike, perasto razmaknute listove i male bijele ili zelene cvjetove raspore\u0111ene u grozdove. Ljekoviti dio Dong Quia je \u017euto-sme\u0111e razgranato korijenje koje se su\u0161i i re\u017ee te koristi u <strong>medicinske svrhe<\/strong>. Pojedini dijelovi korijena su razli\u010diti pa su im <strong>razli\u010diti<\/strong> i <strong>u\u010dinci<\/strong>.<\/span><\/p>\n<p><span style=\"color: #000000\">Osu\u0161eni korijeni an\u0111elike uglavnom se koriste u tradicionalnoj kineskoj medicini za lije\u010denje <strong>ginekolo\u0161kih problema, umjerene anemije, visokog krvnog tlaka i umora<\/strong>.<\/span><\/p>\n<p><span style=\"color: #000000\">Biljka Dong Quai tako\u0111er je nadaleko poznata kao &#8220;<strong>\u017eenski ginseng<\/strong>&#8221; i visoko su je cijenili drevni iscjelitelji zbog svojih iznimnih sposobnosti u lije\u010denju \u017eena koje su imale reproduktivne probleme. U Aziji, Dong Quai je odmah iza ginsenga po upotrebi i tradicionalno se <strong>koristi za pomo\u0107 kod \u017eenskih problema i bolesti<\/strong>.<\/span><\/p>\n<p><span style=\"color: #000000\">Dong Quai je zapravo promoviran kao lijek za neplodne ljude. Osim \u0161to poma\u017ee \u017eenama s problemima neplodnosti, Dong Quai tako\u0111er poma\u017ee kod menopauze i menstrualnih problema. Tako\u0111er <strong>dobro djeluje na mu\u0161ku plodnost<\/strong>.<\/span><\/p>\n<h2><span style=\"color: #000000\">Koji su va\u017eni aktivni sastojci Dong Quai?<\/span><\/h2>\n<p><span style=\"color: #000000\">Dong Quai sadr\u017ei mnogo <strong>folne, folne i nikotinske kiseline<\/strong>, oboga\u0107en je <strong>vitaminom B12<\/strong>, a ujedno sadr\u017ei i dosta <strong>vitamina A i E, karotena, biotina i pantotenske kiseline<\/strong>. Koristi se za lije\u010denje predmenstrualnih simptoma iu menopauzi jer sadr\u017ei tvari koje mogu ubla\u017eiti tegobe, pro\u0161iriti krvne \u017eile i opustiti mi\u0161i\u0107e maternice. <strong>Kobalt<\/strong>, koji se tako\u0111er nalazi u korijenu an\u0111elike, u kombinaciji s vitaminom B12 poma\u017ee u ja\u010danju krvi.<\/span><\/p>\n<p><span style=\"color: #000000\">Najva\u017eniji element za ravnote\u017eu \u017eenskih hormona je hormon estrogen, koji se mo\u017ee zamijeniti skupinom kemikalija zvanih <strong>fitoestrogeni<\/strong>. An\u0111elika, me\u0111utim, sadr\u017ei mnogo fitoestrogena. Osim toga, studije pokazuju da Dong Quai djeluje kao dvosmjerni regulator tako \u0161to inhibira prekomjerno izlu\u010divanje estrogena ili stimulira nedovoljno izlu\u010divanje estrogena.<\/span><\/p>\n<p><span style=\"color: #000000\">Dong Quai je i &#8220;<strong>tonik ljepote<\/strong>&#8221; za ko\u017eu jer poti\u010de protok krvi u ko\u017ei i koristi se za lijep i blistav ten. Poma\u017ee u lije\u010denju neurodermatitisa, alopecije, koprivnja\u010de, ekcema, svrbe\u017ea, uklanja mrlje na ko\u017ei&#8230;<\/span><\/p>\n<p><span style=\"color: #000000\">Istra\u017eivanja su pokazala da kombinacija Dong Quaija i Astragalusa ima pozitivan u\u010dinak jer sni\u017eava i razinu lo\u0161eg kolesterola i ukupnu razinu povi\u0161enog kolesterola.<\/span><\/p>\n<h2><span style=\"color: #000000\">Koje su klju\u010dne zna\u010dajke koje nam nudi Dong Quai?<\/span><\/h2>\n<p><span style=\"color: #000000\">\ud83d\udc9a sna\u017ean <strong>antioksidans<\/strong>,<\/span><\/p>\n<p><span style=\"color: #000000\"><strong>\ud83d\udc9a<\/strong>djeluje <strong>protuupalno,<\/strong><\/span><\/p>\n<p><span style=\"color: #000000\">\ud83d\udc9a regulira <strong>\u017eenske hormone<\/strong>,<\/span><\/p>\n<p><span style=\"color: #000000\">\ud83d\udc9a ubla\u017eava <strong>predmenstrualne simptome<\/strong>,<\/span><\/p>\n<p><span style=\"color: #000000\">\ud83d\udc9a pobolj\u0161ava <strong>cirkulaciju krvi<\/strong>,<\/span><\/p>\n<p><span style=\"color: #000000\">\ud83d\udc9a djeluje kao <strong>preventiva protiv sr\u010danog udara i hipertenzije<\/strong>,<\/span><\/p>\n<p><span style=\"color: #000000\">\ud83d\udc9a <strong>smanjuje rizik od sr\u010danih bolesti<\/strong>,<\/span><\/p>\n<p><span style=\"color: #000000\">\ud83d\udc9a regulira <strong>kolesterol i krvni tlak<\/strong>,<\/span><\/p>\n<p><span style=\"color: #000000\">\ud83d\udc9a poma\u017ee kod <strong>anemije<\/strong>,<\/span><\/p>\n<p><span style=\"color: #000000\">\ud83d\udc9a poma\u017ee kod <strong>glavobolje<\/strong>,<\/span><\/p>\n<p><span style=\"color: #000000\">\ud83d\udc9a poma\u017ee kod <strong>detoksikacije<\/strong>,<\/span><\/p>\n<p><span style=\"color: #000000\">\ud83d\udc9a je <strong>afrodizijak<\/strong>,<\/span><\/p>\n<p><span style=\"color: #000000\">\ud83d\udc9a <strong>ubrzava plodnost mu\u0161karaca<\/strong>,<\/span><\/p>\n<p><span style=\"color: #000000\">\ud83d\udc9a pove\u0107ava energiju,<\/span><\/p>\n<p><span style=\"color: #000000\">\ud83d\udc9a <strong>sprje\u010dava osteoporozu<\/strong>, jer ja\u010da kosti,<\/span><\/p>\n<p><span style=\"color: #000000\">\ud83d\udc9a smanjuje bolove u <strong>zglobovima<\/strong>,<\/span><\/p>\n<p><span style=\"color: #000000\">\ud83d\udc9a sprje\u010dava kroni\u010dne upale <strong>gastrointestinalnog trakta<\/strong>,<\/span><\/p>\n<p><span style=\"color: #000000\">\ud83d\udc9a poma\u017ee u pobolj\u0161anju stanja upale <strong>\u017eiv\u010danog sustava<\/strong> (npr. neurodermitisa),<\/span><\/p>\n<p><span style=\"color: #000000\">\ud83d\udc9a <strong>pobolj\u0161ava stanje ko\u017ee<\/strong>.<\/span><\/p>\n<h2 style=\"text-align: justify\"><span style=\"color: #000000\">Spremanje i upozorenja<\/span><\/h2>\n<p><span style=\"color: #000000\">\u010cuvati na suhom i hladnom mjestu na temperaturi do 25 \u00b0C. Dodatak prehrani treba biti izvan dohvata djece!<\/span><\/p>\n<p><span style=\"color: #000000\">Ne zaboravite na va\u017enost raznolike prehrane i zdravog na\u010dina \u017eivota, stoga dodatak prehrani nije zamjena za uravnote\u017eenu i raznoliku prehranu. Preporu\u010dena dnevna koli\u010dina ili doza ne smije se prekora\u010diti. Ko\u017ea mo\u017ee postati preosjetljiva na sun\u010deve zrake ako se dodatak konzumira u velikim koli\u010dinama. <\/span><\/p>\n<p><span style=\"color: #000000\">Ne savjetuje se trudnicama i dojiljama. Tako\u0111er savjetujemo da ga ne koriste osobe koje uzimaju lijekove za zgru\u0161avanje krvi. Preporu\u010da se konzultirati svog lije\u010dnika za vi\u0161e informacija u slu\u010daju bilo kakvih zdravstvenih problema.<\/span><\/p>\n<h2><span style=\"color: #000000\">Ambala\u017ea<\/span><\/h2>\n<p style=\"text-align: justify\"><span style=\"color: #000000\">Nepropusna vre\u0107ica s patentnim zatvara\u010dem u kojoj proizvod zadr\u017eava svu svje\u017einu i miris. Ambala\u017ea \u0161titi od svjetlosti i zraka, jer se sastoji od nekoliko slojeva za\u0161tite koji \u010duvaju svojstva sadr\u017eaja.<\/span><\/p>\n<p style=\"text-align: justify\"><span style=\"color: #000000\">Ambala\u017ea je vrlo prakti\u010dna i mo\u017ee se reciklirati.<\/span><\/p>\n<h2><span style=\"color: #000000\">Podrijetlo<\/span><\/h2>\n<p><span style=\"color: #000000\">Kina. Imamo vrlo pouzdane dobavlja\u010de koji nam \u0161alju detaljnu kemijsku analizu hrane za svaku seriju. U vi\u0161e od deset godina nismo imali opoziva niti bilo kakvih drugih problema s ovim artiklom, kao ni s drugim artiklima istog dobavlja\u010da. Artikal ima 100% ekolo\u0161ki certifikat.<\/span><\/p>\n","protected":false},"excerpt":{"rendered":"<p>Dong Quai je drevna kineska biljka, poznata i kao Angelica sinensis (kineska an\u0111elika), poznata i kao Dang Gui (izgovara se tang Kuei), i jedna je od najva\u017enijih biljaka u zapadnom svijetu. Osu\u0161eni korijeni an\u0111elike uglavnom se koriste u tradicionalnoj kineskoj medicini za lije\u010denje ginekolo\u0161kih problema, umjerene anemije, visokog krvnog tlaka i umora.<\/p>\n<p>\ud83d\udc9a Djeluje protuupalno<br \/>\n\ud83d\udc9a Smanjuje rizik od sr\u010danih bolesti<br \/>\n\ud83d\udc9a Pobolj\u0161ava stanje ko\u017ee<br \/>\n\ud83d\udc9a Sprje\u010dava kroni\u010dne upale gastrointestinalnog trakta<br \/>\n\ud83d\udc9a Ubla\u017eava predmenstrualne simptome<\/p>\n<p>&nbsp;<\/p>\n","protected":false},"featured_media":6697,"comment_status":"open","ping_status":"closed","template":"","meta":{"_acf_changed":false},"product_brand":[],"product_cat":[195,216],"product_tag":[],"class_list":{"0":"post-6197","1":"product","2":"type-product","3":"status-publish","4":"has-post-thumbnail","6":"product_cat-superhrana","7":"product_cat-svi-proizvodi-ponudba","9":"first","10":"instock","11":"taxable","12":"shipping-taxable","13":"purchasable","14":"product-type-simple"},"acf":[],"_links":{"self":[{"href":"https:\/\/fengchashop.com\/hr\/wp-json\/wp\/v2\/product\/6197","targetHints":{"allow":["GET"]}}],"collection":[{"href":"https:\/\/fengchashop.com\/hr\/wp-json\/wp\/v2\/product"}],"about":[{"href":"https:\/\/fengchashop.com\/hr\/wp-json\/wp\/v2\/types\/product"}],"replies":[{"embeddable":true,"href":"https:\/\/fengchashop.com\/hr\/wp-json\/wp\/v2\/comments?post=6197"}],"wp:featuredmedia":[{"embeddable":true,"href":"https:\/\/fengchashop.com\/hr\/wp-json\/wp\/v2\/media\/6697"}],"wp:attachment":[{"href":"https:\/\/fengchashop.com\/hr\/wp-json\/wp\/v2\/media?parent=6197"}],"wp:term":[{"taxonomy":"product_brand","embeddable":true,"href":"https:\/\/fengchashop.com\/hr\/wp-json\/wp\/v2\/product_brand?post=6197"},{"taxonomy":"product_cat","embeddable":true,"href":"https:\/\/fengchashop.com\/hr\/wp-json\/wp\/v2\/product_cat?post=6197"},{"taxonomy":"product_tag","embeddable":true,"href":"https:\/\/fengchashop.com\/hr\/wp-json\/wp\/v2\/product_tag?post=6197"}],"curies":[{"name":"wp","href":"https:\/\/api.w.org\/{rel}","templated":true}]}}