{"id":6196,"date":"2022-10-01T10:40:23","date_gmt":"2022-10-01T08:40:23","guid":{"rendered":"https:\/\/fengchashop.com\/hr\/product\/pasji-trn-seabuckthorn-u-prahu-bio-250-g\/"},"modified":"2026-05-06T16:15:28","modified_gmt":"2026-05-06T14:15:28","slug":"pasji-trn-seabuckthorn-u-prahu-bio","status":"publish","type":"product","link":"https:\/\/fengchashop.com\/hr\/product\/pasji-trn-seabuckthorn-u-prahu-bio\/","title":{"rendered":"Pasji trn (Seabuckthorn) u prahu BIO 250 g"},"content":{"rendered":"<h2 style=\"text-align: justify\"><span style=\"color: #000000\">Pasji trn BIO u prahu<\/span><\/h2>\n<p><span style=\"color: #000000\">Pasji trn (Seabuckthorn, Hippophae rhamnoides) je listopadni grm s trnjem koji raste po cijelom svijetu, a najvi\u0161e na podru\u010dju sredi\u0161nje i zapadne Azije (Kina, Sibir, Indija&#8230;) i u okr. Sjeverne i Srednje Europe (Finska, Engleska, Njema\u010dka, Poljska, &#8230;). Ovo je biljka koja <strong>ne zahtijeva posebne uvjete za rast<\/strong>, uspijeva iu brdskim predjelima i uz more.<\/span><\/p>\n<p><span style=\"color: #000000\">Oblikom i izgledom listovi pasjeg trna podsje\u0107aju na listove masline. <strong>Plodovi<\/strong> sazrijevaju na grmu i <strong>\u017euto-naran\u010daste su boje<\/strong>. Branje plodova odn bobice pasjeg trna najpovoljnije su u ranim jesenskim mjesecima. Plod se mora pa\u017eljivo skidati s grane, jer\u00a0 sam <strong>plod je vrlo va\u017ean jer sadr\u017ei ljekoviti sok s puno vitamina C<\/strong>. Okus mu je so\u010dan i blago kiselkast. Cijela biljka ima pozitivna svojstva za zdravlje i op\u0107u upotrebu, \u010dak iu kozmetici su korisni listovi, plodovi, grane, a tako\u0111er i korijen.<\/span><\/p>\n<p><span style=\"color: #000000\">Povijest njegovog ljekovitog djelovanja se\u017ee jo\u0161 u <strong>staru Gr\u010dku<\/strong>, gdje su konje hranili granama pasjeg trna za odr\u017eavanje forme. Osim toga, konzumirali su ga vojnici za izdr\u017eljivost tijekom borbe. &#8220;<strong>rGyud Bzi<\/strong>&#8221; je tibetanska medicinska knjiga napisana u 8. stolje\u0107u koja <strong>sadr\u017ei prve zapise o ljekovitom djelovanju pasjeg trna<\/strong>. Kasnija istra\u017eivanja provedena u Rusiji dodatno su potvrdila njegovu ljekovitost.<\/span><\/p>\n<h2><span style=\"color: #000000\">Koja su klju\u010dna svojstva koja nam nudi pasji trn?<\/span><\/h2>\n<p><span style=\"color: #000000\">Pasji trn svu sun\u010devu energiju pohranjuje u svoje plodove koji sadr\u017ee bezbrojne bioaktivne tvari, poput <strong>esencijalnih masnih kiselina, vitamina, karotenoida, fitosterola, flavonoida i tokotrienola<\/strong>.<\/span><\/p>\n<p><span style=\"color: #000000\">Me\u0111u esencijalnim masnim kiselinama najbolji izvor nalaze se u biljkama, odnosno <strong>omega-7 (palmitinska kiselina) masne kiseline<\/strong>. Iz ploda pasjeg trna posebnim metodama dobivaju se i druge za nas vrlo va\u017ene masne kiseline, a to su omega-3 (\u03b1-inolenska kiselina), omega-6 (linolenska kiselina) i omega-9 (oleinska kiselina). ) masne kiseline.<\/span><\/p>\n<p><span style=\"color: #000000\">Pasji trn je oboga\u0107en vitaminima, posebno <strong>vitaminom C<\/strong>, kojeg ima 10 puta vi\u0161e od onog u limunu. Mnogo vitamina B-12 stvara se u ovojnici ploda, a nalaze se i vitamini B, B1, B2, B3 i B9. Va\u017eni su i <strong>vitamini A i E<\/strong> koji <strong>\u0161tite ko\u017eu od opasnih slobodnih radikala<\/strong>. <strong>Ulje<\/strong> koje se nalazi u vo\u0107u <strong>tako\u0111er ima pozitivne u\u010dinke na na\u0161e zdravlje jer sadr\u017ei mnogo aminokiselina, minerala, esencijalnih masnih kiselina i fosterola<\/strong>.<\/span><\/p>\n<p><span style=\"color: #000000\">Najva\u017enija komponenta pasjeg trna je <strong>kvercertin<\/strong>, koji je flavonoid, prirodni polifenolni spoj koji se nalazi u vo\u0107u i povr\u0107u. <strong>Sna\u017ean je antioksidans te ima protuupalno i antitumorsko djelovanje<\/strong> te <strong>pove\u0107ava snagu sr\u010danog mi\u0161i\u0107a<\/strong> <strong>i pobolj\u0161ava protok krvi<\/strong>.<\/span><\/p>\n<p><span style=\"color: #000000\">Ostale jednako va\u017ene komponente su minerali, fosfor, kalij i \u017eeljezo, posebice magnezij i kalcij.<\/span><\/p>\n<p><span style=\"color: #000000\"><strong>Na\u0161 prah<\/strong> pasjeg trna <strong>je organski uzgojen<\/strong> <strong>i prirodni je antioksidans<\/strong>. Pravi je izvor snage jer ja\u010da organizam, a posebno \u017eiv\u010dani sustav.<\/span><\/p>\n<h2><span style=\"color: #000000\">Koje su zdravstvene dobrobiti pasjeg trna?<\/span><\/h2>\n<p><span style=\"color: #000000\">Zbog visokog udjela antioksidansa, ekstrakti ploda pasjeg trna poma\u017eu u ja\u010danju imunolo\u0161kog sustava, lije\u010denju krvarenja desni, obnavljanju o\u0161te\u0107enih stanica, poma\u017eu u lije\u010denju ko\u017enih bolesti, \u0161tite ko\u017eu od opeklina i ekcema te UV zraka i poma\u017eu kod ozljeda,\u2026<\/span><\/p>\n<p><span style=\"color: #000000\"><strong>Omega-7 masna kiselina iznimno je va\u017ena za regeneraciju tkiva poput sluznice<\/strong> i ko\u017ee jer vla\u017ei ko\u017eu i usporava starenje. Omega-7 tako\u0111er \u0161titi crijeva i \u017eeludac od o\u0161te\u0107enja sluznice, poput gastritisa, kolitisa i \u010dira, a tako\u0111er poma\u017ee pri ovla\u017eivanju suhe sluznice rodnice.<\/span><\/p>\n<p><span style=\"color: #000000\">\ud83d\udc9a sna\u017ean je <strong>antioksidans<\/strong>,<\/span><\/p>\n<p><span style=\"color: #000000\">\ud83d\udc9a ja\u010da <strong>imunolo\u0161ki sustav<\/strong>,<\/span><\/p>\n<p><span style=\"color: #000000\">\ud83d\udc9a <strong>djeluje protuupalno<\/strong>,<\/span><\/p>\n<p><span style=\"color: #000000\">\ud83d\udc9a regulira <strong>krvni tlak, kolesterol i \u0161e\u0107er u krvi<\/strong>,<\/span><\/p>\n<p><span style=\"color: #000000\">\ud83d\udc9a lije\u010di <strong>ko\u017ene bolesti<\/strong> (upale, opekline, ekcemi, psorijaza, dermatitis&#8230;),<\/span><\/p>\n<p><span style=\"color: #000000\">\ud83d\udc9a zacjeljuje <strong>o\u0161te\u0107enja ko\u017ee<\/strong> (lije\u010di rane i smanjuje bol),<\/span><\/p>\n<p><span style=\"color: #000000\">\ud83d\udc9a ima u\u010dinak <strong>pomla\u0111ivanja<\/strong>,<\/span><\/p>\n<p><span style=\"color: #000000\">\ud83d\udc9a obnavlja <strong>o\u0161te\u0107ene stanice<\/strong>,<\/span><\/p>\n<p><span style=\"color: #000000\">\ud83d\udc9a poma\u017ee <strong>kod ote\u010denih nogu<\/strong>,<\/span><\/p>\n<p><span style=\"color: #000000\">\ud83d\udc9a \u0161titi <strong>jetru i probavni sustav<\/strong>,<\/span><\/p>\n<p><span style=\"color: #000000\">\ud83d\udc9a ima funkciju <strong>odr\u017eavanja zdravog srca i krvo\u017eilnog sustava<\/strong>,<\/span><\/p>\n<p><span style=\"color: #000000\">\ud83d\udc9a \u0161titi od <strong>krvarenja desni<\/strong>,<\/span><\/p>\n<p><span style=\"color: #000000\">\ud83d\udc9a poma\u017ee kod <strong>gripe, upale plu\u0107a, difterije<\/strong>,&#8230;<\/span><\/p>\n<p><span style=\"color: #000000\">\ud83d\udc9a \u0161titi <strong>suhe<\/strong> i <strong>nadra\u017eene o\u010di<\/strong>,<\/span><\/p>\n<p><span style=\"color: #000000\">\ud83d\udc9a ubla\u017eava <strong>simptome kroni\u010dnog umora<\/strong>,<\/span><\/p>\n<p><span style=\"color: #000000\">\ud83d\udc9a pobolj\u0161ava <strong>seksualnost<\/strong>,<\/span><\/p>\n<p><span style=\"color: #000000\">\ud83d\udc9a ubla\u017eava <strong>simptome menopauze<\/strong>,<\/span><\/p>\n<p><span style=\"color: #000000\">\ud83d\udc9a ubla\u017eava <strong>stres i tjeskobu<\/strong>,<\/span><\/p>\n<p><span style=\"color: #000000\">\ud83d\udc9a ima <strong>antitumorski<\/strong> u\u010dinak.<\/span><\/p>\n<h2 style=\"text-align: justify\"><span style=\"color: #000000\">Ambala\u017ea<\/span><\/h2>\n<p style=\"text-align: justify\"><span style=\"color: #000000\">Hermeti\u010dka vre\u0107ica s patentnim zatvara\u010dem u kojoj proizvod zadr\u017eava svu svoju svje\u017einu i aromu. Ambala\u017ea \u0161titi od svjetlosti i zraka jer se sastoji od vi\u0161e slojeva za\u0161tite koji \u010duvaju svojstva sadr\u017eaja.<\/span><\/p>\n<p style=\"text-align: justify\"><span style=\"color: #000000\">Ambala\u017ea je vrlo prakti\u010dna i omogu\u0107ava recikliranje.<\/span><\/p>\n<h2 style=\"text-align: justify\"><span style=\"color: #000000\">Podrijetlo<\/span><\/h2>\n<p style=\"text-align: justify\"><span class=\"jCAhz ChMk0b\"><span class=\"ryNqvb\">Kina.<\/span><\/span> <span class=\"jCAhz ChMk0b\"><span class=\"ryNqvb\">Imamo vrlo pouzdane dobavlja\u010de koji nam \u0161alju detaljnu kemijsku analizu hrane za svaku seriju.<\/span><\/span> <span class=\"jCAhz ChMk0b\"><span class=\"ryNqvb\">U vi\u0161e od deset godina nismo imali nikakvih opoziva niti bilo kakvih problema s ovim artiklom, kao ni s drugim artiklima istog dobavlja\u010da.<\/span><\/span><\/p>\n","protected":false},"excerpt":{"rendered":"<p>Pasji trn (Seabuckthorn, Hippophae rhamnoides) je listopadni grm s trnjem. Bobi\u010dasto vo\u0107e je vrlo va\u017eno, jer sadr\u017ei ljekoviti sok s <strong>puno vitamina C<\/strong>. Okus mu je so\u010dan i blago kiselkast. Svu sun\u010devu energiju pasji trn pohranjuje u svoje plodove koji sadr\u017ee bezbrojne bioaktivne tvari, poput esencijalnih masnih kiselina, vitamina, karotenoida, fitosterola, flavonoida i tokotrienola. <strong>Omega-7 masna kiselina<\/strong> iznimno je va\u017ena za regeneraciju tkiva poput sluznice i ko\u017ee jer vla\u017ei ko\u017eu i usporava starenje. Ulje prona\u0111eno u plodu\u00a0ima pozitivne u\u010dinke na na\u0161e zdravlje jer sadr\u017ei mnoge aminokiseline, minerale, esencijalne masne kiseline i fitosterole.<\/p>\n<p><span style=\"color: #000000\">\ud83d\udc9a Ima visoka protuupalna, antitumorska i antioksidativna svojstva.<\/span><br \/>\n<span style=\"color: #000000\">\ud83d\udc9a Sni\u017eava \u0161e\u0107er i kolesterol u krvi te regulira krvni tlak.<\/span><br \/>\n<span style=\"color: #000000\">\ud83d\udc9a Pove\u0107ava snagu sr\u010danog mi\u0161i\u0107a i ujedno pobolj\u0161ava protok krvi.<\/span><br \/>\n<span style=\"color: #000000\">\ud83d\udc9a \u0160titi ko\u017eu od opasnih slobodnih radikala (lije\u010di ko\u017ene bolesti i o\u0161te\u0107enja ko\u017ee.)<\/span><br \/>\n<span style=\"color: #000000\">\ud83d\udc9a \u0160titi od krvarenja desni.<\/span><\/p>\n","protected":false},"featured_media":6696,"comment_status":"open","ping_status":"closed","template":"","meta":{"_acf_changed":false},"product_brand":[],"product_cat":[15,195,216],"product_tag":[],"class_list":{"0":"post-6196","1":"product","2":"type-product","3":"status-publish","4":"has-post-thumbnail","6":"product_cat-uncategorized","7":"product_cat-superhrana","8":"product_cat-svi-proizvodi-ponudba","10":"first","11":"instock","12":"sale","13":"taxable","14":"shipping-taxable","15":"purchasable","16":"product-type-simple"},"acf":[],"_links":{"self":[{"href":"https:\/\/fengchashop.com\/hr\/wp-json\/wp\/v2\/product\/6196","targetHints":{"allow":["GET"]}}],"collection":[{"href":"https:\/\/fengchashop.com\/hr\/wp-json\/wp\/v2\/product"}],"about":[{"href":"https:\/\/fengchashop.com\/hr\/wp-json\/wp\/v2\/types\/product"}],"replies":[{"embeddable":true,"href":"https:\/\/fengchashop.com\/hr\/wp-json\/wp\/v2\/comments?post=6196"}],"wp:featuredmedia":[{"embeddable":true,"href":"https:\/\/fengchashop.com\/hr\/wp-json\/wp\/v2\/media\/6696"}],"wp:attachment":[{"href":"https:\/\/fengchashop.com\/hr\/wp-json\/wp\/v2\/media?parent=6196"}],"wp:term":[{"taxonomy":"product_brand","embeddable":true,"href":"https:\/\/fengchashop.com\/hr\/wp-json\/wp\/v2\/product_brand?post=6196"},{"taxonomy":"product_cat","embeddable":true,"href":"https:\/\/fengchashop.com\/hr\/wp-json\/wp\/v2\/product_cat?post=6196"},{"taxonomy":"product_tag","embeddable":true,"href":"https:\/\/fengchashop.com\/hr\/wp-json\/wp\/v2\/product_tag?post=6196"}],"curies":[{"name":"wp","href":"https:\/\/api.w.org\/{rel}","templated":true}]}}