{"id":6194,"date":"2022-10-01T08:26:55","date_gmt":"2022-10-01T06:26:55","guid":{"rendered":"https:\/\/fengchashop.com\/hr\/product\/shilajit-mumio-u-prahu-125-g\/"},"modified":"2026-05-08T15:57:11","modified_gmt":"2026-05-08T13:57:11","slug":"shilajit-mumio-u-prahu","status":"publish","type":"product","link":"https:\/\/fengchashop.com\/hr\/product\/shilajit-mumio-u-prahu\/","title":{"rendered":"Shilajit (Mumio) u prahu 125 g"},"content":{"rendered":"<h2 style=\"text-align: justify\"><span style=\"color: #000000\">Shilajit (Mumio)<\/span><\/h2>\n<p><span style=\"color: #000000\">Shilajit ili <strong>Mumio<\/strong> organska <strong>je tvar bogata mineralima<\/strong>, koja izvire iz pukotina izme\u0111u stijena visoko u planinskom svijetu sjeveroisto\u010dne Indije i drugih dijelova Azije i jugoisto\u010dnih dijelova Himalaje. Shilajit je planinska smola za koju se ka\u017ee da je nastala prije vi\u0161e od 50 milijuna godina tijekom sudara Azije s indijskim kontinentom. Tako\u0111er je poznat kao asfalt i mineralna smola. U jugoisto\u010dnim dijelovima Himalaje shilajit se <strong>ve\u0107 tisu\u0107ama godina koristi za lije\u010denje svih bolesti i kao tajni klju\u010d vje\u010dne mladosti<\/strong> \u2013 odnosno tzv. panaceja. Planinska smola se mo\u017ee na\u0107i u nekoliko razli\u010ditih nijansi, a to su zlatna, srebrna, bakrena i crna, koja se naj\u010de\u0161\u0107e koristi u ayurvedskoj medicini.<\/span><\/p>\n<p><span style=\"color: #000000\">Shilajit se dugo koristi u indijskoj Ayurvedi za razne bolesti uklju\u010duju\u0107i artritis, hipertenziju, pretilost, stabilnost \u0161e\u0107era u krvi, libido. Tako\u0111er pobolj\u0161ava rad mozga, pomla\u0111uje mokra\u0107ne kanale i druge organe.<\/span><\/p>\n<h2><span style=\"color: #000000\">Kako se dobiva shilajit?<\/span><\/h2>\n<p><span style=\"color: #000000\">U ayurvedskoj medicini shilajit <strong>se koristi vi\u0161e od 3000 godina<\/strong> kao lijek za razne zdravstvene probleme. Shilajit smola sastoji se <strong>od raznih smola, sedimenata i drugih materijala<\/strong> koji se skupljaju u planinama na nadmorskoj visini od 3000 m ili \u010dak i vi\u0161e.<\/span><\/p>\n<p><span style=\"color: #000000\">Proces dobivanja shilajita je vrlo zahtjevan, budu\u0107i da se nakon berbe <strong>najprije organskim postupcima \u010disti<\/strong>, a zatim <strong>pre\u0161anjem dobiva koncentrirani, visokokvalitetni ekstrakt<\/strong>. Shilajit se dobiva posebnom metodom koja \u010duva <strong>prirodni sastav i \u010disto\u0107u shilajita<\/strong>. Osim toga, <strong>klju\u010dni nutrijenti su sa\u010duvani<\/strong> i njegova energija se ne gubi. Smola koja se koristi kao dodatak prehrani jedna je od najboljih vrsta jer <strong>prolazi kroz strogi proces pro\u010di\u0161\u0107avanja, koji osigurava da je prikladna za konzumaciju<\/strong>.<\/span><\/p>\n<h2><span style=\"color: #000000\">Koja su klju\u010dna svojstva koja nam nudi shilajit?<\/span><\/h2>\n<p><span style=\"color: #000000\">Shilajit je napravljen od prirodne tvari, odnosno humusa, koji nastaje kada mikroorganizmi razgra\u0111uju biljni i \u017eivotinjski otpad. Vrlo je bogat <strong>antioksidansima, aminokiselinama, fitokemikalijama i hranjivim tvarima<\/strong>, s antifungalnim, antivirusnim i antibakterijskim svojstvima. Vrlo va\u017enu funkciju u shilajitu ima i <strong>selen<\/strong> koji pridonosi pravilnom funkcioniranju ljudskog organizma, <strong>kalcij<\/strong> je klju\u010dan u funkcioniranju mnogih osnovnih \u017eivotnih procesa. <strong>Kalij i mangan<\/strong> iznimno su va\u017eni za normalno funkcioniranje \u017eiv\u010danog sustava.<\/span><\/p>\n<p><span style=\"color: #000000\">Osim brojnih organskih minerala, shilajit tako\u0111er sadr\u017ei <strong>huminske i fluvinske kiseline. Fluvinska kiselina<\/strong> je jedan od <strong>najja\u010dih antioksidansa i elektrolita u prirodi<\/strong>, jer pove\u0107ava propusnost stani\u010dnih membrana, a tako\u0111er mo\u017ee ubrzati propusnost stijenki bubrega, kapilara i probavnog trakta, te uvelike pove\u0107ava pristup minerala <strong>koji su potrebni na\u0161em tijelu za optimalno funkcioniranje<\/strong>. Fulvinska kiselina prisutna je u svim fazama stani\u010dnog metabolizma i <strong>poma\u017ee o\u0161te\u0107enim stanicama vratiti elektri\u010dnu ravnote\u017eu<\/strong>. Najva\u017enija funkcija fulvinske kiseline je da <strong>neutralizira toksine<\/strong> i <strong>djeluje protuupalno<\/strong> na na\u0161 organizam.<\/span><\/p>\n<p><span style=\"color: #000000\">Va\u017ena je i <strong>huminska kiselina<\/strong> koja se tako\u0111er nalazi u shilajitu, <strong>jer djeluje i protuupalno, a ujedno ja\u010da imunolo\u0161ki sustav<\/strong>.<\/span><\/p>\n<p><span style=\"color: #000000\">Shilajit blagotvorno djeluje na na\u0161e tijelo i zdravlje. Njegova uporaba je uobi\u010dajena upravo zbog njegovih <strong>adaptogenih svojstava<\/strong>. Kori\u0161tenje shilajita preporu\u010da se starijim osobama <strong>koje osje\u0107aju stalni umor<\/strong>. Djeluje <strong>antistresno te regulira kolesterol i \u0161e\u0107er u krvi<\/strong>. Shilajit <strong>tako\u0111er pozitivno djeluje na di\u0161ne \u200b\u200bi mokra\u0107ne puteve<\/strong>. <strong>Pobolj\u0161ava libido<\/strong> i <strong>pove\u0107ava seksualnu energiju<\/strong>.<\/span><\/p>\n<h2><span style=\"color: #000000\">U\u010dinci koji pozitivno djeluju na na\u0161e zdravlje i tijelo:<\/span><\/h2>\n<p><span style=\"color: #000000\">\ud83d\udc9a ja\u010da imunolo\u0161ki sustav,<\/span><\/p>\n<p><span style=\"color: #000000\">\ud83d\udc9a otklanja <strong>stres i tjeskobu<\/strong>,<\/span><\/p>\n<p><span style=\"color: #000000\">\ud83d\udc9a smanjuje <strong>upalne reakcije<\/strong>,<\/span><\/p>\n<p><span style=\"color: #000000\">\ud83d\udc9a ima <strong>u\u010dinak pomla\u0111ivanja<\/strong>,<\/span><\/p>\n<p><span style=\"color: #000000\">\ud83d\udc9a pove\u0107ava <strong>tjelesne performanse, razinu energije i regeneraciju<\/strong>,<\/span><\/p>\n<p><span style=\"color: #000000\">\ud83d\udc9a pobolj\u0161ava rad <strong>kardiovaskularnog sustava<\/strong>,<\/span><\/p>\n<p><span style=\"color: #000000\">\ud83d\udc9a regulira <strong>\u0161e\u0107er i kolesterol u krvi<\/strong>,<\/span><\/p>\n<p><span style=\"color: #000000\">\ud83d\udc9a <strong>pobolj\u0161ava probavu<\/strong>,<\/span><\/p>\n<p><span style=\"color: #000000\">\ud83d\udc9a ubla\u017eava simptome <strong>kroni\u010dnog umora i nesanice<\/strong>,<\/span><\/p>\n<p><span style=\"color: #000000\">\ud83d\udc9a <strong>detoksificira tijelo<\/strong>,<\/span><\/p>\n<p><span style=\"color: #000000\">\ud83d\udc9a poti\u010de <strong>hormonsku ravnote\u017eu<\/strong>,<\/span><\/p>\n<p><span style=\"color: #000000\">\ud83d\udc9a pobolj\u0161ava <strong>seksualnost i libido<\/strong>,<\/span><\/p>\n<p><span style=\"color: #000000\">\ud83d\udc9a <strong>pove\u0107ava plodnost<\/strong>,<\/span><\/p>\n<p><span style=\"color: #000000\">\ud83d\udc9a odr\u017eava <strong>menstrualni ciklus<\/strong>,<\/span><\/p>\n<p><span style=\"color: #000000\">\ud83d\udc9asmanjuje <strong>opadanje kose<\/strong>,<\/span><\/p>\n<p><span style=\"color: #000000\">\ud83d\udc9a poti\u010de mr\u0161avljenje i bori se <strong>protiv vi\u0161ka masno\u0107e<\/strong>&#8230;<\/span><\/p>\n<h2><span style=\"color: #000000\">Skladi\u0161tenje i upozorenja<\/span><\/h2>\n<p><span style=\"color: #000000\">\u010cuvati na suhom i hladnom mjestu na temperaturi do 25 \u00b0C. Dodatak prehrani treba biti izvan dohvata djece!<\/span><\/p>\n<p><span style=\"color: #000000\">Ne zaboravite na va\u017enost raznolike prehrane i zdravog na\u010dina \u017eivota, stoga dodatak prehrani nije zamjena za uravnote\u017eenu i raznoliku prehranu. Preporu\u010dena dnevna koli\u010dina ili doza ne smije se prekora\u010diti. Ne savjetuje se trudnicama i dojiljama.<\/span><\/p>\n<p><span style=\"color: #000000\">Smanjite unos shilajita ako se pojave bilo kakve negativne nuspojave. Pijte vi\u0161e vode.<\/span><\/p>\n<p><span style=\"color: #000000\">Shilajit je spoj bogat mineralima, tako da postoji rizik od toksi\u010dnog preoptere\u0107enja mineralima kao \u0161to je \u017eeljezo, osobito ako tako\u0111er uzimate dodatke prehrani koji sadr\u017ee neke od istih minerala. Stoga se uvijek preporu\u010da konzultirati svog lije\u010dnika za vi\u0161e informacija.<\/span><\/p>\n<h2><span style=\"color: #000000\">Ambala\u017ea<\/span><\/h2>\n<p><span style=\"color: #000000\">Hermeti\u010dka vre\u0107ica s patentnim zatvara\u010dem u kojoj proizvod zadr\u017eava svu svoju svje\u017einu i aromu. Ambala\u017ea \u0161titi od svjetlosti i zraka jer se sastoji od vi\u0161e slojeva za\u0161tite koji \u010duvaju svojstva sadr\u017eaja.<\/span><\/p>\n<p><span style=\"color: #000000\">Pakiranje je vrlo prakti\u010dno i omogu\u0107uje recikliranje.<\/span><\/p>\n<h2><span style=\"color: #000000\">Podrijetlo<\/span><\/h2>\n<p><span style=\"color: #000000\">Indija<\/span><\/p>\n","protected":false},"excerpt":{"rendered":"<p>Shilajit ili takozvani Mumio je planinska smola i organska je tvar oboga\u0107ena mineralima. Vrlo je bogat antioksidansima, aminokiselinama, fitokemikalijama i hranjivim tvarima, s antifungalnim, antivirusnim i antibakterijskim svojstvima. Va\u017enu funkciju imaju i selen, kalcij, kalij i mangan, a potonji je iznimno va\u017ean za normalno funkcioniranje \u017eiv\u010danog sustava. Shilajit tako\u0111er sadr\u017ei huminske i fluvinske kiseline. Fluvinska kiselina jedan je od najsna\u017enijih prirodnih antioksidansa i elektrolita, dok huminska kiselina djeluje protuupalno i ja\u010da imunolo\u0161ki sustav. Pozitivni u\u010dinci na na\u0161e tijelo:<\/p>\n<p>\ud83d\udc9a ja\u010da <strong>imunolo\u0161ki sustav<\/strong>,<\/p>\n<p>\ud83d\udc9a ima u\u010dinak <strong>pomla\u0111ivanja<\/strong>,<\/p>\n<p>\ud83d\udc9a pove\u0107ava <strong>tjelesne performanse, razinu energije i regeneraciju<\/strong>,<\/p>\n<p>\ud83d\udc9a pobolj\u0161ava rad <strong>kardiovaskularnog sustava<\/strong> i <strong>regulira \u0161e\u0107er<\/strong> i <strong>kolesterol u krvi<\/strong>,<\/p>\n<p>\ud83d\udc9a pobolj\u0161ava <strong>probavu<\/strong>,<\/p>\n<p>\ud83d\udc9a pobolj\u0161ava <strong>seksualnost i libido<\/strong>, &#8230;<\/p>\n<p>&nbsp;<\/p>\n","protected":false},"featured_media":6694,"comment_status":"open","ping_status":"closed","template":"","meta":{"_acf_changed":false},"product_brand":[],"product_cat":[15,195,216],"product_tag":[],"class_list":{"0":"post-6194","1":"product","2":"type-product","3":"status-publish","4":"has-post-thumbnail","6":"product_cat-uncategorized","7":"product_cat-superhrana","8":"product_cat-svi-proizvodi-ponudba","10":"first","11":"instock","12":"sale","13":"taxable","14":"shipping-taxable","15":"purchasable","16":"product-type-simple"},"acf":[],"_links":{"self":[{"href":"https:\/\/fengchashop.com\/hr\/wp-json\/wp\/v2\/product\/6194","targetHints":{"allow":["GET"]}}],"collection":[{"href":"https:\/\/fengchashop.com\/hr\/wp-json\/wp\/v2\/product"}],"about":[{"href":"https:\/\/fengchashop.com\/hr\/wp-json\/wp\/v2\/types\/product"}],"replies":[{"embeddable":true,"href":"https:\/\/fengchashop.com\/hr\/wp-json\/wp\/v2\/comments?post=6194"}],"wp:featuredmedia":[{"embeddable":true,"href":"https:\/\/fengchashop.com\/hr\/wp-json\/wp\/v2\/media\/6694"}],"wp:attachment":[{"href":"https:\/\/fengchashop.com\/hr\/wp-json\/wp\/v2\/media?parent=6194"}],"wp:term":[{"taxonomy":"product_brand","embeddable":true,"href":"https:\/\/fengchashop.com\/hr\/wp-json\/wp\/v2\/product_brand?post=6194"},{"taxonomy":"product_cat","embeddable":true,"href":"https:\/\/fengchashop.com\/hr\/wp-json\/wp\/v2\/product_cat?post=6194"},{"taxonomy":"product_tag","embeddable":true,"href":"https:\/\/fengchashop.com\/hr\/wp-json\/wp\/v2\/product_tag?post=6194"}],"curies":[{"name":"wp","href":"https:\/\/api.w.org\/{rel}","templated":true}]}}