{"id":6192,"date":"2022-08-19T05:47:44","date_gmt":"2022-08-19T03:47:44","guid":{"rendered":"https:\/\/fengchashop.com\/hr\/product\/guayusa-bio-100-g\/"},"modified":"2026-04-29T11:59:08","modified_gmt":"2026-04-29T09:59:08","slug":"guayusa-bio","status":"publish","type":"product","link":"https:\/\/fengchashop.com\/hr\/product\/guayusa-bio\/","title":{"rendered":"Guayusa BIO 100 g"},"content":{"rendered":"<h2><span style=\"color: #000000\">Guayusa BIO<\/span><\/h2>\n<p><span style=\"color: #000000\">Izgovara se ghwy-you-sa u frazi, Guayusa zna\u010di &#8220;no\u0107ni \u010duvar&#8221; jer se povremeno koristi da ljude dr\u017ei budnima no\u0107u. Tako narod Kichwa naziva zimzeleno drvo <strong>\u010dije se li\u0161\u0107e koristi za pripremu \u010daja<\/strong>. Stabla Guayusa, koja se nazivaju i <strong>Ilex guayusa<\/strong>, visoka su od 6 do 30 metara i imaju izdu\u017eeno, sjajno zeleno li\u0161\u0107e.<\/span><\/p>\n<p><span style=\"color: #000000\">Najranija otkri\u0107a dokazuju da je autohtoni narod Kichwa po\u010deo uzgajati Guayusa prije 1000 godina. Guayusa j<strong>e vjerojatno najkofeiniziraniji list \u010daja na svijetu<\/strong>, koji sadr\u017ei \u010dak <strong>7,6 posto kofeina<\/strong>!<\/span><\/p>\n<p><span style=\"color: #000000\">Guayusa je rasprostranjena u amazonskoj d\u017eungli, ali se naj\u010de\u0161\u0107e uzgaja u Ekvadoru. Njezini <strong>se listovi tradicionalno beru, su\u0161e i koriste za izradu biljnog \u010daja<\/strong> koji je cijenjen zbog visokog sadr\u017eaja <strong>kofeina i antioksidansa<\/strong>.<\/span><\/p>\n<p><span style=\"color: #000000\">Neki vjeruju da guayusa ima dodatne prednosti. Bogata je <strong>vitaminima, aminokiselinama i antioksidansima<\/strong>. Osim toga, sadr\u017ei spojeve kao \u0161to je <strong>teobromin<\/strong>, koji je tako\u0111er prisutan u kakaovcu i <strong>poznat je po svojstvima podizanja raspolo\u017eenja<\/strong>.<\/span><\/p>\n<h2><span style=\"color: #000000\">\u0160to je guayusa \u010daj<\/span><\/h2>\n<p><span style=\"color: #000000\"><span style=\"color: #000000\">Guayusa je biljni napitak koji se \u010desto reklamira kao <strong>zdraviji izvor energije od kave i energetskih pi\u0107a<\/strong>.<\/span><\/span><\/p>\n<p><span style=\"color: #000000\">Autohtoni narod Kichwa, koji govori autohtonim jezikom specifi\u010dnim za amazonsku pra\u0161umu, pije guayusa \u010daj stotinama godina kao dio ritualnih ceremonija lova kako bi stekli duhovnu jasno\u0107u i fizi\u010dki se pripremili za fizi\u010dki zahtjevan \u017eivot u pra\u0161umi. Starosjedioci Ekvadora koriste ga posebno prije spavanja kako bi se povezali s vi\u0161im stanjima svijesti.<\/span><\/p>\n<p><span style=\"color: #000000\">Tako\u0111er <strong>nema gor\u010dine i o\u0161trog okusa<\/strong>, jer je gotovo potpuno bez tanina, <strong>\u0161to omogu\u0107uje i vi\u0161estruko namakanje listova<\/strong>. Umjesto toga, ima <strong>hrskavi, slatkasti okus<\/strong> koji je prekrasan sam po sebi ili u kombinaciji sa sojinim, ri\u017einim ili ora\u0161astim mlijekom.<\/span><\/p>\n<h2><span style=\"color: #000000\">U\u010dinci guayuse<\/span><\/h2>\n<p><span style=\"color: #000000\">Guayusa \u010daj ima zanimljivo djelovanje: <strong>s jedne strane djeluje stimulativno<\/strong> zbog visokog udjela kofeina, <strong>as druge strane pru\u017ea ugodnu smirenost i ravnote\u017eu<\/strong>, vjerojatno zahvaljuju\u0107i prate\u0107im spojevima kao \u0161to su L-teanin i teobromin.<\/span><\/p>\n<p><span style=\"color: #000000\">Guayusa mo\u017ee pobolj\u0161ati va\u0161e <strong>mentalno stanje i fokus<\/strong>. Sadr\u017ei mnogo kofeina, koji je poznat kao stimulans. Prisutan je i teobromin, alkaloid strukturno sli\u010dan kofeinu. Osim toga, teobromin se nalazi u hrani kao \u0161to su \u010dokolada i kakao prah. Pokazalo se da kombinacija kave i teobromina <strong>pobolj\u0161ava raspolo\u017eenje, budnost i koncentraciju<\/strong>, a <strong>mo\u017ee i kratkoro\u010dno pobolj\u0161ati rad mozga<\/strong>.<\/span><\/p>\n<p><span style=\"color: #000000\">Guayusa sadr\u017ei <strong>mnogo antioksidansa<\/strong>. Borbom protiv slobodnih radikala, koji su nestabilne kemikalije u tijelu, <strong>smanjuju oksidativni stres<\/strong>. Tako mogu <strong>smanjiti rizik od razvoja mnogih kroni\u010dnih bolesti<\/strong>. Guayas ima visok sadr\u017eaj polifenolnih antioksidansa zvanih <strong>katehini<\/strong>, za koje se ka\u017ee da <strong>\u0161tite od bolesti srca, raka, dijabetesa tipa 2, pretilosti, bakterijskih infekcija i bolesti<\/strong>, kao i da <strong>sni\u017eavaju razinu kolesterola i reguliraju pH<\/strong>.<\/span><\/p>\n<p><span style=\"color: #000000\">Ako va\u0161e tijelo ne mo\u017ee u\u010dinkovito transportirati \u0161e\u0107er iz krvi u stanice, mo\u017ee do\u0107i do visokog \u0161e\u0107era u krvi. Ova bolest mo\u017ee na kraju dovesti do dijabetesa tipa 2 ako se ne lije\u010di. <strong>Guayusa mo\u017ee pomo\u0107i u sni\u017eavanju \u0161e\u0107era u krvi<\/strong>.<\/span><\/p>\n<p><span style=\"color: #000000\">Jaka koncentracija kofeina u Guayusi <strong>mo\u017ee pomo\u0107i kod mr\u0161avljenja<\/strong>. Prirodni stimulansi poput kofeina mogu potaknuti va\u0161 metabolizam i pove\u0107ati koli\u010dinu kalorija koje va\u0161e tijelo sagorijeva.<\/span><\/p>\n<h2><span style=\"color: #000000\">Skladi\u0161tenje i upozorenja<\/span><\/h2>\n<p><span style=\"color: #000000\">\u010cuvati na suhom, tamnom i hladnom mjestu. Osu\u0161eno li\u0161\u0107e do upotrebe treba \u010duvati u hermeti\u010dki zatvorenoj vre\u0107ici ili posudi.<\/span><\/p>\n<p><span style=\"color: #000000\">Guayusa sadr\u017ei prirodni kofein.<\/span><\/p>\n<h2><span style=\"color: #000000\">Ambala\u017ea<\/span><\/h2>\n<p><span style=\"color: #000000\">Hermeti\u010dka vre\u0107ica s patentnim zatvara\u010dem u kojoj proizvod zadr\u017eava svu svoju svje\u017einu i aromu. Ambala\u017ea \u0161titi od svjetlosti i zraka jer se sastoji od vi\u0161e slojeva za\u0161tite koji \u010duvaju svojstva sadr\u017eaja.<\/span><\/p>\n<p><span style=\"color: #000000\">Pakiranje je vrlo prakti\u010dno i omogu\u0107uje recikliranje.<\/span><\/p>\n<h2><span style=\"color: #000000\">Podrijetlo<\/span><\/h2>\n<p><span style=\"color: #000000\">Ekvador<\/span><\/p>\n","protected":false},"excerpt":{"rendered":"<p>Biljni \u010daj s mnogo aktivnih sastojaka <strong>za dug, zdrav i vitalan \u017eivot<\/strong>. Izgovara se ghwy-you-sa u frazi, Guayusa zna\u010di &#8220;no\u0107ni \u010duvar&#8221; jer se povremeno koristi da ljude dr\u017ei budnima no\u0107u. To je vjerojatno <strong>najkofeiniziraniji list \u010daja na svijetu<\/strong>, koji <strong>sadr\u017ei \u010dak 7,6 posto kofeina<\/strong>!<\/p>\n<p>\ud83d\udc9a Podi\u017ee raspolo\u017eenje.<\/p>\n<p>\ud83d\udc9a Sadr\u017ei mnogo vitamina, aminokiselina i antioksidansa.<\/p>\n<p>\ud83d\udc9a Zdraviji izvor energije od kave i energetskih pi\u0107a.<\/p>\n<p>\ud83d\udc9a Pobolj\u0161ava va\u0161e mentalno stanje i fokus.<\/p>\n","protected":false},"featured_media":6692,"comment_status":"open","ping_status":"closed","template":"","meta":{"_acf_changed":false},"product_brand":[],"product_cat":[15,223,205,216],"product_tag":[],"class_list":{"0":"post-6192","1":"product","2":"type-product","3":"status-publish","4":"has-post-thumbnail","6":"product_cat-uncategorized","7":"product_cat-caj","8":"product_cat-caj-hrana-zacini","9":"product_cat-svi-proizvodi-ponudba","11":"first","12":"instock","13":"sale","14":"taxable","15":"shipping-taxable","16":"purchasable","17":"product-type-simple"},"acf":[],"_links":{"self":[{"href":"https:\/\/fengchashop.com\/hr\/wp-json\/wp\/v2\/product\/6192","targetHints":{"allow":["GET"]}}],"collection":[{"href":"https:\/\/fengchashop.com\/hr\/wp-json\/wp\/v2\/product"}],"about":[{"href":"https:\/\/fengchashop.com\/hr\/wp-json\/wp\/v2\/types\/product"}],"replies":[{"embeddable":true,"href":"https:\/\/fengchashop.com\/hr\/wp-json\/wp\/v2\/comments?post=6192"}],"wp:featuredmedia":[{"embeddable":true,"href":"https:\/\/fengchashop.com\/hr\/wp-json\/wp\/v2\/media\/6692"}],"wp:attachment":[{"href":"https:\/\/fengchashop.com\/hr\/wp-json\/wp\/v2\/media?parent=6192"}],"wp:term":[{"taxonomy":"product_brand","embeddable":true,"href":"https:\/\/fengchashop.com\/hr\/wp-json\/wp\/v2\/product_brand?post=6192"},{"taxonomy":"product_cat","embeddable":true,"href":"https:\/\/fengchashop.com\/hr\/wp-json\/wp\/v2\/product_cat?post=6192"},{"taxonomy":"product_tag","embeddable":true,"href":"https:\/\/fengchashop.com\/hr\/wp-json\/wp\/v2\/product_tag?post=6192"}],"curies":[{"name":"wp","href":"https:\/\/api.w.org\/{rel}","templated":true}]}}