{"id":6189,"date":"2022-05-20T18:33:35","date_gmt":"2022-05-20T16:33:35","guid":{"rendered":"https:\/\/fengchashop.com\/hr\/product\/dmso-100-ml\/"},"modified":"2026-04-30T07:02:31","modified_gmt":"2026-04-30T05:02:31","slug":"dmso","status":"publish","type":"product","link":"https:\/\/fengchashop.com\/hr\/product\/dmso\/","title":{"rendered":"DMSO 100 ml"},"content":{"rendered":"<h2><span style=\"color: #000000\">DMSO vrhunske kvalitete<\/span><\/h2>\n<p><span style=\"color: #000000\"><span style=\"font-family: Arial,serif\"><strong>Dimetilsulfoksid<\/strong>, tako\u0111er poznat kao <strong>DMSO<\/strong>, ima neobi\u010dnu povijest. Prona\u0111en u Njema\u010dkoj krajem 19. stolje\u0107a, ovaj nusproizvod u <strong>proizvodnji papira<\/strong> koristi se kao otapalo i dobiva se iz kemikalije koja se nalazi u drvu.<\/span><\/span><\/p>\n<p><span style=\"color: #000000\">To je <strong>prirodni proizvod<\/strong> napravljen od <strong>drvene pulpe<\/strong> i ne predstavlja opasnost za zdravlje kada se pravilno koristi. DMSO je <strong>organska, bezbojna, prirodna, nesintetizirana teku\u0107ina<\/strong> izvedena iz lignina koja je postala poznata po svojoj sposobnosti prolaska kroz biolo\u0161ke membrane poput ko\u017ee.<\/span><\/p>\n<p><span style=\"color: #000000\">Znanstvenici su sredinom 20. stolje\u0107a po\u010deli prou\u010davati protuupalno djelovanje ove tvari. DMSO je lijek na recept koji je odobrila <strong>FDA<\/strong> (Food and Drug Administration) <strong>za lije\u010denje znakova i simptoma sindroma bolnog mjehura<\/strong>. Tako\u0111er <strong>se koristi za lije\u010denje raznih drugih medicinskih poreme\u0107aja prema potrebi<\/strong>. Dostupan je bez recepta, a naj\u010de\u0161\u0107e se nalazi u obliku gela ili kreme.<\/span><\/p>\n<p><span style=\"color: #000000\">DMSO je svestrano otapalo. Mo\u017ee se primjenjivati \u200b\u200b<strong>intravenozno<\/strong> i \u200b\u200b<strong>oralno<\/strong>, a zbog brzog prodiranja <strong>dobro se upija u ko\u017eu<\/strong>. \u010cesto se koristi <strong>za pobolj\u0161anje apsorpcije drugih lijekova u tijelu<\/strong> i za <strong>lije\u010denje amiloidoze<\/strong>, bolesti u kojoj se odre\u0111eni proteini gube u tkivima i organima.<\/span><\/p>\n<h2><span style=\"color: #000000\">Koja se medicinska stanja mogu lije\u010diti DMSO-om?<\/span><\/h2>\n<p><span style=\"color: #000000\"><em>\u00a0 \u00a0\ud83d\udc9a Lokalnom primjenom: <strong>na ranama, opeklinama i ozljedama mi\u0161i\u0107no-ko\u0161tanog sustava<\/strong> smanjuje tegobe i <strong>ubrzava zacjeljivanje, smanjuje pojavu o\u017eiljaka<\/strong>.<\/em><\/span><\/p>\n<p><span style=\"color: #000000\"><em>\u00a0 \u00a0\ud83d\udc9a Za lije\u010denje: <strong>upale, reumatoidnog artritisa, osteoartritisa, katarakte, glaukoma, gljivica na noktima, ko\u017enih bolesti<\/strong> (lije\u010denje sklerodermije &#8211; bolesti koja uzrokuje o\u017eiljke na ko\u017ei), <strong>nuspojava kemoterapije i glavobolje<\/strong>.<\/em><\/span><\/p>\n<p><span style=\"color: #000000\">Zbog \u010dinjenice da DMSO mo\u017ee smanjiti ili eliminirati bol u roku od nekoliko minuta od primjene, \u0161to je dokazano mnogim istra\u017eivanjima, njegova je uporaba sve ve\u0107a. Me\u0111utim, ljudi koji se lije\u010de DMSO-om uglavnom se \u017eale na prenaporan miris tvari koji podsje\u0107a na \u010de\u0161njak.<\/span><\/p>\n<p><span style=\"color: #000000\">Kori\u0161tenje DMSO-a prema uputama je sigurno jer <strong>u organizmu djeluje kao antioksidans<\/strong> koji je potpuno netoksi\u010dan.<\/span><\/p>\n<p><span style=\"color: #000000\"><em><strong>Kako djeluje DMSO?<\/strong><\/em><\/span><\/p>\n<p><span style=\"color: #000000\">\u00a0 \u00a0\ud83d\udc9a protiv zgru\u0161avanja krvi,<\/span><\/p>\n<p><span style=\"color: #000000\">\u00a0 \u00a0\ud83d\udc9a protuupalno,<\/span><\/p>\n<p><span style=\"color: #000000\">\u00a0 \u00a0\ud83d\udc9a antivirusno i antibakterijsko,<\/span><\/p>\n<p><span style=\"color: #000000\">\u00a0 \u00a0\ud83d\udc9a protiv gljivica,<\/span><\/p>\n<p><span style=\"color: #000000\">\u00a0 \u00a0\ud83d\udc9a stimuliraju\u0107i (poticanjem imunolo\u0161kog sustava),<\/span><\/p>\n<p><span style=\"color: #000000\">\u00a0 \u00a0\ud83d\udc9a vazodilatacijski,<\/span><\/p>\n<p><span style=\"color: #000000\">\u00a0 \u00a0\ud83d\udc9a sredstvo protiv bolova ili analgetik.<\/span><\/p>\n<h2><span style=\"color: #000000\">Zanimljivosti<\/span><\/h2>\n<p><span style=\"color: #000000\">U kasnim 1970-ima FDA je odobrila DMSO kao <strong>pomo\u0107 u lije\u010denju intersticijalnog cistitisa<\/strong> (bolesti mjehura). To ostaje jedini na\u010din ispiranja (ili postavljanja) mjehura kod ove bolesti odobren od strane FDA. U\u010dinci DMSO-a na osobe s intersticijskim cistitisom uklju\u010duju sljede\u0107e:<\/span><\/p>\n<p><span style=\"color: #000000\">\u00a0 \u00a0\ud83d\udc9a smanjuje bol u ovom stanju,<\/span><\/p>\n<p><span style=\"color: #000000\">\u00a0 \u00a0\ud83d\udc9a oslobodi mjehur i<\/span><\/p>\n<p><span style=\"color: #000000\">\u00a0 \u00a0\ud83d\udc9a pove\u0107ava kapacitet mjehura.<\/span><\/p>\n<p><span style=\"color: #000000\">Molekularna struktura DMSO-a omogu\u0107uje da se mnoge molekule potpuno otope u njemu i tako pro\u0111u kroz stani\u010dne membrane bez o\u0161te\u0107enja, iako sami spojevi ne mogu pro\u0107i kroz membranu. Zato se DMSO \u010desto nalazi u antibakterijskim kremama, antifungalnim tretmanima za o\u010di, pa \u010dak i steroidima za ciljane protuupalne tretmane.<\/span><\/p>\n<h2 style=\"text-align: justify\"><span style=\"color: #000000\">Ambala\u017ea<\/span><\/h2>\n<p><span style=\"color: #000000\"> U staklenoj ambala\u017ei s kapaljkom za lak\u0161e doziranje.<br \/>\n<\/span><\/p>\n<h2 style=\"text-align: justify\"><span style=\"color: #000000\">Upozorenja<\/span><\/h2>\n<p style=\"text-align: justify\"><span style=\"color: #000000\">\u010cuvati izvan dohvata djece na tamnom mjestu. Izbjegavajte kontakt s o\u010dima i odje\u0107om. Ako teku\u0107ina dospije u o\u010di, odmah ih isperite vodom. Trudnice i dojilje ne smiju koristiti proizvod. Ako se pojavi alergijska reakcija, prekinite s upotrebom.<\/span><\/p>\n<h2 style=\"text-align: justify\"><span style=\"color: #000000\">Podrijetlo<\/span><\/h2>\n<p style=\"text-align: justify\"><span style=\"color: #000000\">Njema\u010dka<\/span><\/p>\n","protected":false},"excerpt":{"rendered":"<p>Super kvalitetan DMSO. \u010cesto se koristi za pobolj\u0161anje apsorpcije drugih lijekova u tijelu i za lije\u010denje amiloidoze, bolesti u kojoj se odre\u0111eni proteini neispravno talo\u017ee u tkivima i organima. Znanstvenici su sredinom 20. stolje\u0107a po\u010deli prou\u010davati protuupalno djelovanje ove tvari.<\/p>\n<p>\ud83d\udc9a Prirodne je proizvodnje.<\/p>\n<p>\ud83d\udc9a Mo\u017ee se primjenjivati \u200b\u200bintravenozno i \u200b\u200boralno.<\/p>\n<p>\ud83d\udc9a Djeluje protiv zgru\u0161avanja krvi.<\/p>\n<p>\ud83d\udc9a Pove\u0107ava kapacitet mjehura.<\/p>\n","protected":false},"featured_media":6686,"comment_status":"open","ping_status":"closed","template":"","meta":{"_acf_changed":false},"product_brand":[],"product_cat":[15,208,216],"product_tag":[],"class_list":{"0":"post-6189","1":"product","2":"type-product","3":"status-publish","4":"has-post-thumbnail","6":"product_cat-uncategorized","7":"product_cat-ostalo","8":"product_cat-svi-proizvodi-ponudba","10":"first","11":"instock","12":"taxable","13":"shipping-taxable","14":"purchasable","15":"product-type-simple"},"acf":[],"_links":{"self":[{"href":"https:\/\/fengchashop.com\/hr\/wp-json\/wp\/v2\/product\/6189","targetHints":{"allow":["GET"]}}],"collection":[{"href":"https:\/\/fengchashop.com\/hr\/wp-json\/wp\/v2\/product"}],"about":[{"href":"https:\/\/fengchashop.com\/hr\/wp-json\/wp\/v2\/types\/product"}],"replies":[{"embeddable":true,"href":"https:\/\/fengchashop.com\/hr\/wp-json\/wp\/v2\/comments?post=6189"}],"wp:featuredmedia":[{"embeddable":true,"href":"https:\/\/fengchashop.com\/hr\/wp-json\/wp\/v2\/media\/6686"}],"wp:attachment":[{"href":"https:\/\/fengchashop.com\/hr\/wp-json\/wp\/v2\/media?parent=6189"}],"wp:term":[{"taxonomy":"product_brand","embeddable":true,"href":"https:\/\/fengchashop.com\/hr\/wp-json\/wp\/v2\/product_brand?post=6189"},{"taxonomy":"product_cat","embeddable":true,"href":"https:\/\/fengchashop.com\/hr\/wp-json\/wp\/v2\/product_cat?post=6189"},{"taxonomy":"product_tag","embeddable":true,"href":"https:\/\/fengchashop.com\/hr\/wp-json\/wp\/v2\/product_tag?post=6189"}],"curies":[{"name":"wp","href":"https:\/\/api.w.org\/{rel}","templated":true}]}}