{"id":6188,"date":"2022-05-20T18:28:31","date_gmt":"2022-05-20T16:28:31","guid":{"rendered":"https:\/\/fengchashop.com\/hr\/product\/lugolova-otopina-50-ml\/"},"modified":"2026-04-30T03:04:04","modified_gmt":"2026-04-30T01:04:04","slug":"lugolova-otopina","status":"publish","type":"product","link":"https:\/\/fengchashop.com\/hr\/product\/lugolova-otopina\/","title":{"rendered":"Lugolova otopina 50 ml"},"content":{"rendered":"<h2><span style=\"color: #000000\">Lugolova otopina (super kvalitetne jodne kapi &#8211; 5%)<\/span><\/h2>\n<p><span style=\"color: #000000\"><span style=\"font-family: Arial,serif\"><strong>Jod<\/strong> (I) i <strong>kalijev jodid<\/strong> (KI) kombiniraju se s <strong>destiliranom vodom kako bi se dobila Lugolova otopina<\/strong>, obi\u010dno poznata kao <strong>Lugolov jod<\/strong>. Jean Francois Coindet (1774-1834) prvi je upotrijebio jod u <strong>terapeutske svrhe<\/strong>.<\/span><\/span><\/p>\n<p><span style=\"color: #000000\">Francuski lije\u010dnik <strong>Jean Guillaume Auguste Lugol<\/strong> prvi je razvio Lugolovu otopinu <strong>1829<\/strong>. Dr. Lugol je otkrio da kalijev jodid pove\u0107ava topljivost joda u vodi. Lugolova otopina je mje\u0161avina joda i kalijevog jodida u omjeru 1:2. Tako\u0111er, dr. Lugol je otkrio da je jod kemikalija koja se mo\u017ee koristiti i obe\u0107ava u lije\u010denju infekcija. Lugolova otopina se godinama kombinira s drugim tvarima i koristi kao sirovina za razne stvari.<\/span><\/p>\n<h2><span style=\"color: #000000\">Kakvu va\u017enost ima jod za zdravlje?<\/span><\/h2>\n<p><span style=\"color: #000000\">Jod je <strong>mineral<\/strong> koji <strong>je potreban svim sisavcima za pre\u017eivljavanje<\/strong>. Tako\u0111er je va\u017ean dio <strong>hormona \u0161titnja\u010de<\/strong> koji <strong>utje\u010du na metabolizam, rast i razvoj<\/strong>. Jod je tako\u0111er <strong>klju\u010dan za razvoj mozga<\/strong>, <strong>posebno tijekom trudno\u0107e i ranog djetinjstva<\/strong>. Kontrolira mnoge va\u017ene biokemijske procese, uklju\u010duju\u0107i sintezu proteina i aktivnost enzima, <strong>koji su neophodni za metabolizam i pravilan rast kostiju i \u017eiv\u010danog sustava fetusa i djeteta<\/strong>.<\/span><\/p>\n<p><span style=\"color: #000000\">Jod je klju\u010dan i za <strong>odr\u017eavanje zdrave ko\u017ee, kose i noktiju<\/strong> te za <strong>pravilan rad \u0161titnja\u010de i osloba\u0111anje energije tijekom metabolizma<\/strong>, a ima i kognitivnu funkciju. <strong>Antivirusno, antibakterijsko, antiparazitsko i antikancerogeno djelovanje<\/strong> bitno je za jod.<\/span><\/p>\n<p><span style=\"color: #000000\">Lugolova otopina tako\u0111er je neophodna <strong>za zdravlje i hidrataciju o\u010diju<\/strong>.<\/span><\/p>\n<p><span style=\"color: #000000\">Jod je nesumnjivo tako\u0111er najpoznatiji kao <strong>dezinficijens ili antisepti\u010dki<\/strong>.<\/span><\/p>\n<h2><span style=\"color: #000000\">Kome preporu\u010damo Lugolovu otopinu i za\u0161to je koristimo?<\/span><\/h2>\n<p><span style=\"color: #000000\">Svako ljudsko tkivo i organ sadr\u017ei tragove elementa joda. Joda najvi\u0161e ima u \u0161titnja\u010di, velikim \u017elijezdama slinovnicama, gu\u0161tera\u010di, suznim \u017elijezdama, reproduktivnim tkivima poput dojke, jajnika i prostate, kao i u \u017eelu\u010danoj sluznici, cerebrospinalnoj teku\u0107ini i ljudskoj ko\u017ei.<\/span><\/p>\n<p><span style=\"color: #000000\">Klju\u010dno je za proizvodnju hormona \u0161titnja\u010de i regulaciju metabolizma, \u0161to utje\u010de na razinu energije i mentalnu bistrinu. U\u010dinci nedostatka joda uzrokuju:<\/span><\/p>\n<ul>\n<li><span style=\"color: #000000\">nizak nivo energije,<\/span><\/li>\n<li><span style=\"color: #000000\">pove\u0107anje tjelesne te\u017eine,<\/span><\/li>\n<li><span style=\"color: #000000\">\u0107elavost i<\/span><\/li>\n<li><span style=\"color: #000000\">ve\u0107i rizik obolijevanja od raka.<\/span><\/li>\n<\/ul>\n<p><span style=\"color: #000000\">Jod tako\u0111er <strong>poma\u017ee tijelu ukloniti olovo i \u017eivu te \u0161titi od uobi\u010dajenih toksina<\/strong> poput broma, fluora i klora.<\/span><\/p>\n<p><span style=\"color: #000000\"><em><strong>Simptomi nedostatka joda su:<\/strong><\/em><\/span><\/p>\n<ul>\n<li><span style=\"color: #000000\">gr\u010devi mi\u0161i\u0107a<\/span><\/li>\n<li><span style=\"color: #000000\">pove\u0107an rizik od pretilosti,<\/span><\/li>\n<li><span style=\"color: #000000\">depresija,<\/span><\/li>\n<li><span style=\"color: #000000\">gubitak pam\u0107enja<\/span><\/li>\n<li><span style=\"color: #000000\">mu\u010dnina,<\/span><\/li>\n<li><span style=\"color: #000000\">lomljivi nokti i ispucala ko\u017ea,<\/span><\/li>\n<li><span style=\"color: #000000\">hladne noge i ruke.<\/span><\/li>\n<\/ul>\n<p><span style=\"color: #000000\"><em><strong>Konzumacija joda mo\u017ee sprije\u010diti i lije\u010diti:<\/strong><\/em><\/span><\/p>\n<p><span style=\"color: #000000\">\ud83d\udc9a problema s prostatom<\/span><\/p>\n<p><span style=\"color: #000000\">\ud83d\udc9a fibrocisti\u010dne i druge bolesti dojke<\/span><\/p>\n<p><span style=\"color: #000000\">\ud83d\udc9a vaginalne infekcije<\/span><\/p>\n<p><span style=\"color: #000000\">\ud83d\udc9a problemi sa \u0161titnom \u017elijezdom,<\/span><\/p>\n<p><span style=\"color: #000000\">\ud83d\udc9a problemi s jetrom<\/span><\/p>\n<p><span style=\"color: #000000\">\ud83d\udc9a benigni tumori,<\/span><\/p>\n<p><span style=\"color: #000000\">\ud83d\udc9a rast i psihi\u010dki razvoj djece,<\/span><\/p>\n<p><span style=\"color: #000000\">\ud83d\udc9a glavobolje (uklju\u010duju\u0107i migrenu),<\/span><\/p>\n<p><span style=\"color: #000000\">\ud83d\udc9a \u0107elavost,<\/span><\/p>\n<p><span style=\"color: #000000\">\ud83d\udc9a hemoroidi,<\/span><\/p>\n<p><span style=\"color: #000000\">\ud83d\udc9a hiperaktivnost i poreme\u0107aji pa\u017enje,<\/span><\/p>\n<p><span style=\"color: #000000\">\ud83d\udc9a ateroskleroza,<\/span><\/p>\n<p><span style=\"color: #000000\">\ud83d\udc9a depresija,<\/span><\/p>\n<p><span style=\"color: #000000\">\ud83d\udc9a umor,&#8230;<\/span><\/p>\n<h2><span style=\"color: #000000\">Zanimljivosti<\/span><\/h2>\n<p><span style=\"color: #000000\">U pro\u0161losti je uo\u010den ozbiljan nedostatak joda kod djece i odraslih, jer ve\u0107ina obroka prirodno sadr\u017ei samo skromnu koli\u010dinu joda.<\/span><\/p>\n<p><span style=\"color: #000000\">Nakon nuklearne nesre\u0107e u \u010cernobilu Lugolova otopina kori\u0161tena je i za za\u0161titu ljudi od radioaktivnog zra\u010denja.<\/span><\/p>\n<p><span style=\"color: #000000\">Pronala\u017eenje joda mo\u017ee biti te\u0161ko, ali mnoge ga namirnice sadr\u017ee u prirodnim koli\u010dinama. Me\u0111u ostalim, to su riba, svinjetina, sir, alge ili morski kelp.<\/span><\/p>\n<p><span style=\"color: #000000\">Danas je nedostatak joda \u010dest problem. Jod se \u010desto dodavao kruhu i pecivima, ali sada ga ima samo u ponekoj salati. Jod isparava iz soli, \u0161to je manje poznato, a nije jasno koliko isparljivog joda ulazi u tijelo. Sadr\u017eaj joda u prehrani je ograni\u010den zbog iscrpljivanja tla koje je rezultat pretjeranog i neprikladnog kori\u0161tenja zemlji\u0161ta.<\/span><\/p>\n<h2><span style=\"color: #000000\">Koli\u010dina<\/span><\/h2>\n<p><span style=\"color: #000000\">50 ml<\/span><\/p>\n<h2 style=\"text-align: justify\"><span style=\"color: #000000\">Ambala\u017ea<\/span><\/h2>\n<p><span style=\"color: #000000\"> U staklenoj ambala\u017ei s kapaljkom za lak\u0161e doziranje.<br \/>\n<\/span><\/p>\n<h2 style=\"text-align: justify\"><span style=\"color: #000000\">Upozorenja<\/span><\/h2>\n<p style=\"text-align: justify\"><span style=\"color: #000000\">\u010cuvati izvan dohvata djece na tamnom mjestu.<\/span><\/p>\n<h2 style=\"text-align: justify\"><span style=\"color: #000000\">Podrijetlo<\/span><\/h2>\n<p style=\"text-align: justify\"><span style=\"color: #000000\">EU<\/span><\/p>\n","protected":false},"excerpt":{"rendered":"<p>Lugolova otopina &#8211; 5%. Francuski lije\u010dnik Jean Guillaume Auguste Lugol prvi je razvio Lugolovu otopinu 1829. Dr. Lugol je otkrio da kalijev jodid pove\u0107ava topljivost joda u vodi. Lugolova otopina je mje\u0161avina joda i kalijevog jodida u omjeru 1:2. Jod je mineral koji je potreban svim sisavcima za pre\u017eivljavanje. Tako\u0111er je va\u017ean dio hormona \u0161titnja\u010de koji utje\u010du na metabolizam, rast i razvoj.<\/p>\n<p>\ud83d\udc9a Sprje\u010dava i lije\u010di glavobolje (uklju\u010duju\u0107i migrenu)<\/p>\n<p>\ud83d\udc9a \u0160titi od uobi\u010dajenih toksina<\/p>\n<p>\ud83d\udc9a Klju\u010dna je za proizvodnju hormona \u0161titnja\u010de i regulaciju metabolizma<\/p>\n<p>\ud83d\udc9a Sprje\u010dava ve\u0107i rizik od raka<\/p>\n","protected":false},"featured_media":6684,"comment_status":"open","ping_status":"closed","template":"","meta":{"_acf_changed":false},"product_brand":[],"product_cat":[15,208,216],"product_tag":[],"class_list":{"0":"post-6188","1":"product","2":"type-product","3":"status-publish","4":"has-post-thumbnail","6":"product_cat-uncategorized","7":"product_cat-ostalo","8":"product_cat-svi-proizvodi-ponudba","10":"first","11":"instock","12":"sale","13":"taxable","14":"shipping-taxable","15":"purchasable","16":"product-type-simple"},"acf":[],"_links":{"self":[{"href":"https:\/\/fengchashop.com\/hr\/wp-json\/wp\/v2\/product\/6188","targetHints":{"allow":["GET"]}}],"collection":[{"href":"https:\/\/fengchashop.com\/hr\/wp-json\/wp\/v2\/product"}],"about":[{"href":"https:\/\/fengchashop.com\/hr\/wp-json\/wp\/v2\/types\/product"}],"replies":[{"embeddable":true,"href":"https:\/\/fengchashop.com\/hr\/wp-json\/wp\/v2\/comments?post=6188"}],"wp:featuredmedia":[{"embeddable":true,"href":"https:\/\/fengchashop.com\/hr\/wp-json\/wp\/v2\/media\/6684"}],"wp:attachment":[{"href":"https:\/\/fengchashop.com\/hr\/wp-json\/wp\/v2\/media?parent=6188"}],"wp:term":[{"taxonomy":"product_brand","embeddable":true,"href":"https:\/\/fengchashop.com\/hr\/wp-json\/wp\/v2\/product_brand?post=6188"},{"taxonomy":"product_cat","embeddable":true,"href":"https:\/\/fengchashop.com\/hr\/wp-json\/wp\/v2\/product_cat?post=6188"},{"taxonomy":"product_tag","embeddable":true,"href":"https:\/\/fengchashop.com\/hr\/wp-json\/wp\/v2\/product_tag?post=6188"}],"curies":[{"name":"wp","href":"https:\/\/api.w.org\/{rel}","templated":true}]}}