{"id":6186,"date":"2025-05-30T12:08:53","date_gmt":"2025-05-30T10:08:53","guid":{"rendered":"https:\/\/fengchashop.com\/hr\/product\/riza-crvenog-kvasca-u-prahu-bio-125-g\/"},"modified":"2025-09-21T08:42:31","modified_gmt":"2025-09-21T06:42:31","slug":"riza-crvenog-kvasca-u-prahu-bio","status":"publish","type":"product","link":"https:\/\/fengchashop.com\/hr\/product\/riza-crvenog-kvasca-u-prahu-bio\/","title":{"rendered":"Ri\u017ea crvenog kvasca u prahu BIO 125 g"},"content":{"rendered":"<h2 style=\"text-align: justify;\"><span style=\"color: #000000;\">Crvena ri\u017ea u prahu<\/span><\/h2>\n<p style=\"text-align: justify;\"><span style=\"color: #000000;\">Crveni ri\u017ein prah od kvasca \u010desto se naziva <em>Monascus purpureus<\/em>. Rije\u010d je o <strong>fermentiranoj verziji uobi\u010dajene bijele ri\u017ee<\/strong> koju boji <strong>kvasac Monascus purpureus<\/strong>. Stolje\u0107ima se koristi u tradicionalnoj kineskoj medicini za <strong>sni\u017eavanje lo\u0161eg kolesterola<\/strong>. Crvena ri\u017ea s kvascem navodno poma\u017ee u prirodnom sni\u017eavanju kolesterola zahvaljuju\u0107i <strong>monakolinu K<\/strong>, koji zapravo djeluje vrlo sli\u010dno statinima koji se nalaze u lijekovima za sni\u017eavanje kolesterola. Naime, kolesterol se sve vi\u0161e nalazi na popisu zdravstvenih problema suvremenog \u010dovjeka. Tako\u0111er sadr\u017ei mnogo nezasi\u0107enih masnih kiselina i fitosterola.<\/span><\/p>\n<p style=\"text-align: justify;\"><span style=\"color: #000000;\">U tradicionalnoj se medicini crvena ri\u017ea s kvascem tako\u0111er koristila za ja\u010danje krvotoka, regulaciju probave i kod problema s njom, uklju\u010duju\u0107i probleme s <strong>nadra\u017eenim \u017eelucem, proljevom i usporenom probavom<\/strong>.<\/span><\/p>\n<p style=\"text-align: justify;\"><span style=\"color: #000000;\">Na\u0161 prah crvene ri\u017ee s kvascem je organski i obra\u0111uje se pod strogom kontrolom, tako da je siguran za upotrebu i tijelo ga op\u0107enito dobro podnosi.<\/span><\/p>\n<h2 style=\"text-align: justify;\"><span style=\"color: #000000;\">Kome preporu\u010dujemo uzimanje<\/span><\/h2>\n<p style=\"text-align: justify;\"><span style=\"color: #000000;\">Budu\u0107i da osim aktivnog sastojka koji dokazano sni\u017eava razinu kolesterola u krvi, sadr\u017ei i druge korisne tvari, preporu\u010damo ga prije svega svima koji se bore s pretjerano visokim razinama lo\u0161eg kolesterola. Koristan je i <strong>za osobe koje imaju problema s visokim krvnim tlakom ili s probavom<\/strong>. Vi\u0161e je nego <strong>odli\u010dan<\/strong> dodatak prehrani <strong>za sve koji premalo vje\u017ebaju ili su na dijeti<\/strong>. Pozitivna svojstva crvene ri\u017ee s kvascem pokazuju se i <strong>kod ja\u010danja imunolo\u0161kog sustava<\/strong>.<\/span><\/p>\n<h2 style=\"text-align: justify;\"><span style=\"color: #000000;\">Kako djeluje<\/span><\/h2>\n<p style=\"text-align: justify;\"><span style=\"color: #000000;\">Crvena ri\u017ea s kvascem sadr\u017ei monakolin K, koji <strong>je sredstvo za inhibiciju sinteze kolesterola u jetri<\/strong>. Kao takav, poma\u017ee u odr\u017eavanju normalne razine kolesterola u krvi.<\/span><\/p>\n<h2 style=\"text-align: justify;\"><span style=\"color: #000000;\">Skladi\u0161tenje i upozorenja<\/span><\/h2>\n<p style=\"text-align: justify;\"><span style=\"color: #000000;\">\u010cuvati na suhom i hladnom mjestu na temperaturi do 25 \u00b0C. Dodatak prehrani treba biti izvan dohvata djece!<\/span><\/p>\n<p style=\"text-align: justify;\"><span style=\"color: #000000;\">Ne zaboravite na va\u017enost raznolike prehrane i zdravog na\u010dina \u017eivota, stoga dodatak prehrani nije zamjena za uravnote\u017eenu i raznoliku prehranu. Preporu\u010dena dnevna koli\u010dina ili doza ne smije se prekora\u010diti. Ne savjetuje se trudnicama i dojiljama. Osobama koje uzimaju lijekove za sni\u017eavanje kolesterola preporu\u010duje se savjetovanje s lije\u010dnikom. Kao i potonji lijekovi, dugotrajna uporaba (mnogo godina zaredom) praha crvene ri\u017ee mo\u017ee uzrokovati nuspojave, naj\u010de\u0161\u0107e povezane s o\u0161te\u0107enjem jetre i bolovima u mi\u0161i\u0107ima.<\/span><\/p>\n<h2 style=\"text-align: justify;\"><span style=\"color: #000000;\">Ambala\u017ea<\/span><\/h2>\n<p style=\"text-align: justify;\"><span style=\"color: #000000;\">Hermeti\u010dka vre\u0107ica s patentnim zatvara\u010dem u kojoj proizvod zadr\u017eava svu svoju svje\u017einu i aromu. Ambala\u017ea \u0161titi od svjetlosti i zraka jer se sastoji od vi\u0161e slojeva za\u0161tite koji \u010duvaju svojstva sadr\u017eaja.<\/span><\/p>\n<p style=\"text-align: justify;\"><span style=\"color: #000000;\">Pakiranje je vrlo prakti\u010dno i omogu\u0107uje recikliranje.<\/span><\/p>\n<h2 style=\"text-align: justify;\"><span style=\"color: #000000;\">Podrijetlo<\/span><\/h2>\n<p style=\"text-align: justify;\"><span style=\"color: #000000;\">Kina. Imamo vrlo pouzdane dobavlja\u010de koji nam \u0161alju detaljnu kemijsku analizu hrane za svaku seriju. U vi\u0161e od deset godina nismo imali nikakvih opoziva niti bilo kakvih problema s ovim artiklom, kao ni s drugim artiklima istog dobavlja\u010da.<\/span><\/p>\n<p style=\"text-align: justify;\"><span style=\"color: #000000;\">Artikal ima 100% organski certifikat.<\/span><\/p>\n","protected":false},"excerpt":{"rendered":"<p>Stolje\u0107ima se koristi u tradicionalnoj kineskoj medicini za sni\u017eavanje lo\u0161eg kolesterola. Crvena ri\u017ea s kvascem navodno poma\u017ee u prirodnom sni\u017eavanju kolesterola zahvaljuju\u0107i monakolinu K, koji zapravo djeluje vrlo sli\u010dno statinima koji se nalaze u lijekovima za sni\u017eavanje kolesterola. Naime, kolesterol se sve vi\u0161e nalazi na popisu zdravstvenih problema suvremenog \u010dovjeka. Tako\u0111er sadr\u017ei mnogo nezasi\u0107enih masnih kiselina i fitosterola. U tradicionalnoj medicini crvena se ri\u017ea koristila za:<\/p>\n<p>\ud83d\udc9a sni\u017eavanje lo\u0161eg kolesterola,<br \/>\n\ud83d\udc9a regulacija probave i problema s njom, uklju\u010duju\u0107i probleme s nadra\u017eenim \u017eelucem, proljevom i usporenom probavom,<br \/>\n\ud83d\udc9a ja\u010danje krvotoka,<br \/>\n\ud83d\udc9a ja\u010danje imunolo\u0161kog sustava.<\/p>\n","protected":false},"featured_media":6680,"comment_status":"open","ping_status":"closed","template":"","meta":{"_acf_changed":false},"product_brand":[],"product_cat":[15,216],"product_tag":[],"class_list":{"0":"post-6186","1":"product","2":"type-product","3":"status-publish","4":"has-post-thumbnail","6":"product_cat-uncategorized","7":"product_cat-svi-proizvodi-ponudba","9":"first","10":"outofstock","11":"sale","12":"taxable","13":"shipping-taxable","14":"purchasable","15":"product-type-simple"},"acf":[],"_links":{"self":[{"href":"https:\/\/fengchashop.com\/hr\/wp-json\/wp\/v2\/product\/6186","targetHints":{"allow":["GET"]}}],"collection":[{"href":"https:\/\/fengchashop.com\/hr\/wp-json\/wp\/v2\/product"}],"about":[{"href":"https:\/\/fengchashop.com\/hr\/wp-json\/wp\/v2\/types\/product"}],"replies":[{"embeddable":true,"href":"https:\/\/fengchashop.com\/hr\/wp-json\/wp\/v2\/comments?post=6186"}],"wp:featuredmedia":[{"embeddable":true,"href":"https:\/\/fengchashop.com\/hr\/wp-json\/wp\/v2\/media\/6680"}],"wp:attachment":[{"href":"https:\/\/fengchashop.com\/hr\/wp-json\/wp\/v2\/media?parent=6186"}],"wp:term":[{"taxonomy":"product_brand","embeddable":true,"href":"https:\/\/fengchashop.com\/hr\/wp-json\/wp\/v2\/product_brand?post=6186"},{"taxonomy":"product_cat","embeddable":true,"href":"https:\/\/fengchashop.com\/hr\/wp-json\/wp\/v2\/product_cat?post=6186"},{"taxonomy":"product_tag","embeddable":true,"href":"https:\/\/fengchashop.com\/hr\/wp-json\/wp\/v2\/product_tag?post=6186"}],"curies":[{"name":"wp","href":"https:\/\/api.w.org\/{rel}","templated":true}]}}