{"id":6185,"date":"2022-06-15T09:02:24","date_gmt":"2022-06-15T07:02:24","guid":{"rendered":"https:\/\/fengchashop.com\/hr\/product\/divlji-jam-u-prahu-250-g\/"},"modified":"2026-05-07T16:07:00","modified_gmt":"2026-05-07T14:07:00","slug":"divlji-jam-u-prahu","status":"publish","type":"product","link":"https:\/\/fengchashop.com\/hr\/product\/divlji-jam-u-prahu\/","title":{"rendered":"Divlji jam u prahu  250 g"},"content":{"rendered":"<h2><span style=\"color: #000000\">Divlji jam u prahu<\/span><\/h2>\n<p style=\"text-align: justify\"><span style=\"color: #000000\">Divlji jam (<em>Dioscorea polystachya<\/em>) je visoka biljka penja\u010dica porijeklom iz Srednje Amerike. Ima prekrasne, srcolike zelene listove, a njegova tajna le\u017ei u izdu\u017eenom korijenu s izrazito bijelim mesnatim dijelom. Ponekad se naziva i meksi\u010dki divlji jam ili <strong>dioskoreja<\/strong>.<\/span><\/p>\n<p style=\"text-align: justify\"><span style=\"color: #000000\">Dokazano regulira hormonsku neravnote\u017eu progesterona i estrogena kod mu\u0161karaca i \u017eena. Kao rezultat toga, tako\u0111er mo\u017ee pomo\u0107i kod problema s jetrom, menstrualnim bolovima, metaboli\u010dkim problemima i problemima sa \u0161titnja\u010dom, kolesterolom i \u0161e\u0107erom u krvi.<\/span><\/p>\n<p style=\"text-align: justify\"><span style=\"color: #000000\">Divlji jam sadr\u017ei supstancu sli\u010dnu estrogenu (fitoestrogen) zvanu <strong>diosgenin<\/strong>. Rije\u010d je o potpuno prirodnom sastojku koji mo\u017ee nadomjestiti nedostatak hormona u tijelu. Nedostatak progesterona naj\u010de\u0161\u0107e se javlja nakon 30. godine \u017eivota odn kasnije u menopauzi, a tako\u0111er mo\u017ee biti uzrok preuranjene menopauze.<\/span><\/p>\n<p style=\"text-align: justify\"><span style=\"color: #000000\">Diosgenin je kemijski vrlo sli\u010dan kolesterolu, progesteronu i hormonu DHEA. U tijelu <strong>opona\u0161a djelovanje hormona progesterona i pozitivno utje\u010de na ravnote\u017eu hormona<\/strong>.<\/span><\/p>\n<p style=\"text-align: justify\"><span style=\"color: #000000\">Divlji jam u obliku tableta i krema kod nas je popularan ve\u0107 dugi niz godina. To je redovita praksa u biljnoj medicini, jer je i znanstveno potvr\u0111en njegov pozitivan u\u010dinak na ravnote\u017eu hormona.<\/span><\/p>\n<h2><span style=\"color: #000000\">Kome preporu\u010dujemo uzimanje<\/span><\/h2>\n<p><span style=\"color: #000000\">Danas se divlji jam naj\u010de\u0161\u0107e koristi kod svih vrsta upala, <strong>gr\u010deva mi\u0161i\u0107a, razdra\u017eljivosti i nedostatka energije<\/strong>. \u017dene mu naj\u010de\u0161\u0107e pribjegavaju zbog problema s bolnim mjese\u010dnicama i PMS-om, kao i kod uobi\u010dajenih problema koji se manifestiraju tijekom tranzicije i menopauze.<\/span><\/p>\n<p><span style=\"color: #000000\">U pro\u0161losti se koristio i za lije\u010denje probavnih smetnji. To uklju\u010duje upalu \u017eu\u010dnog mjehura i sindrom iritabilnog crijeva. Tako\u0111er bi trebao pomo\u0107i kod problema s urinarnim traktom.<\/span><\/p>\n<h2><span style=\"color: #000000\">Koje su prednosti uzimanja<\/span><\/h2>\n<p style=\"text-align: justify\"><span style=\"color: #000000\">Osim navedenog, divlji jam je jo\u0161 i:<\/span><\/p>\n<p><span style=\"color: #000000\">\u00a0 \u00a0 \u00a0\ud83d\udc9a Popularan dodatak prehrani za \u017eene u menopauzi (valunzi, umor, tjeskoba) i za \u017eene koje imaju problema s PMS-om (iritacije i jaki bolovi).<\/span><\/p>\n<p><span style=\"color: #000000\">\u00a0 \u00a0 \u00a0\ud83d\udc9a Ubla\u017eava obilno krvarenje tijekom menstrualnog ciklusa.<\/span><\/p>\n<p><span style=\"color: #000000\">\u00a0 \u00a0 \u00a0\ud83d\udc9a Tako\u0111er se \u010desto koristi kao pomo\u0107 kod autoimunih bolesti.<\/span><\/p>\n<p><span style=\"color: #000000\">\u00a0 \u00a0 \u00a0\ud83d\udc9a Kako se posljedica hormonske neravnote\u017ee o\u010dituje i suhom ko\u017eom i kosom, lomljivim noktima i celulitom, pogotovo ga \u017eene uzimaju \u010dak i kod ovih problema.<\/span><\/p>\n<p><span style=\"color: #000000\">\u00a0 \u00a0 \u00a0\ud83d\udc9a Divlji jam sadr\u017ei tvari sli\u010dne hormonima koje u tijelu djeluju poput progesterona; po\u010dinje drasti\u010dno opadati kod svih \u017eena nakon 30. godine. Po\u010dinju se javljati simptomi nedostatka progesterona, poput smanjenog libida, debljanja i psihi\u010dkih problema, uklju\u010duju\u0107i depresiju.<\/span><\/p>\n<p><span style=\"color: #000000\">\u00a0 \u00a0 \u00a0\ud83d\udc9a Blagotvorno djeluje kod upala, artritisa i drugih reumatskih bolesti i alergija.<\/span><\/p>\n<h2><span style=\"color: #000000\">Skladi\u0161tenje i upozorenja<\/span><\/h2>\n<p style=\"text-align: justify\"><span style=\"color: #000000\">\u010cuvati na suhom i hladnom mjestu na temperaturi do 25 \u00b0C. Dodatak prehrani treba biti izvan dohvata djece!<\/span><\/p>\n<p style=\"text-align: justify\"><span style=\"color: #000000\">Ne zaboravite na va\u017enost raznolike prehrane i zdravog na\u010dina \u017eivota, stoga dodatak prehrani nije zamjena za uravnote\u017eenu i raznoliku prehranu. Preporu\u010dena dnevna koli\u010dina ili doza ne smije se prekora\u010diti. Divlji jam nije pogodan za trudnice, dojilje i djecu. Tako\u0111er savjetujemo da ne koriste \u017eene koje imaju bolesti povezane s hormonima kao \u0161to su endometrioza, rak jajnika, dojke, maternice itd. Tako\u0111er se ne preporu\u010duje mu\u0161karcima koji imaju rak prostate.<\/span><\/p>\n<h2><span style=\"color: #000000\">Ambala\u017ea<\/span><\/h2>\n<p style=\"text-align: justify\"><span style=\"color: #000000\">Hermeti\u010dka vre\u0107ica s patentnim zatvara\u010dem u kojoj proizvod zadr\u017eava svu svoju svje\u017einu i aromu. Ambala\u017ea \u0161titi od svjetlosti i zraka jer se sastoji od vi\u0161e slojeva za\u0161tite koji \u010duvaju svojstva sadr\u017eaja.<\/span><\/p>\n<p style=\"text-align: justify\"><span style=\"color: #000000\">Pakiranje je vrlo prakti\u010dno i omogu\u0107uje recikliranje.<\/span><\/p>\n<h2><span style=\"color: #000000\">Podrijetlo<\/span><\/h2>\n<p style=\"text-align: justify\"><span style=\"color: #000000\">Kina. Imamo vrlo pouzdane dobavlja\u010de koji nam \u0161alju detaljnu kemijsku analizu hrane za svaku seriju. U vi\u0161e od deset godina nismo imali opoziva niti bilo kakvih drugih problema s ovim artiklom, kao ni s drugim artiklima istog dobavlja\u010da. <\/span><\/p>\n","protected":false},"excerpt":{"rendered":"<p>Dokazano regulira hormonsku neravnote\u017eu progesterona i estrogena kod mu\u0161karaca i \u017eena. Kao rezultat toga, tako\u0111er mo\u017ee pomo\u0107i kod problema s jetrom, menstrualnim bolovima, metaboli\u010dkim problemima i problemima sa \u0161titnja\u010dom, kolesterolom i \u0161e\u0107erom u krvi. Divlji jam sadr\u017ei supstancu sli\u010dnu estrogenu (fitoestrogen) zvanu diosgenin. Rije\u010d je o potpuno prirodnom sastojku koji mo\u017ee nadomjestiti nedostatak hormona u tijelu. Nedostatak progesterona naj\u010de\u0161\u0107e se javlja nakon 30. godine \u017eivota odn kasnije u menopauzi, a tako\u0111er mo\u017ee biti uzrok preuranjene menopauze.<\/p>\n<p><span style=\"color: #000000\">\ud83d\udc9a<\/span> Djeluje protuupalno.<br \/>\n<span style=\"color: #000000\">\ud83d\udc9a<\/span> Za \u017eene u menopauzi i za \u017eene koje imaju problema s PMS-om.<br \/>\n<span style=\"color: #000000\">\ud83d\udc9a<\/span> Ubla\u017eava menstrualne probleme.<\/p>\n","protected":false},"featured_media":6677,"comment_status":"open","ping_status":"closed","template":"","meta":{"_acf_changed":false},"product_brand":[],"product_cat":[15,195,216],"product_tag":[],"class_list":{"0":"post-6185","1":"product","2":"type-product","3":"status-publish","4":"has-post-thumbnail","6":"product_cat-uncategorized","7":"product_cat-superhrana","8":"product_cat-svi-proizvodi-ponudba","10":"first","11":"instock","12":"sale","13":"taxable","14":"shipping-taxable","15":"purchasable","16":"product-type-simple"},"acf":[],"_links":{"self":[{"href":"https:\/\/fengchashop.com\/hr\/wp-json\/wp\/v2\/product\/6185","targetHints":{"allow":["GET"]}}],"collection":[{"href":"https:\/\/fengchashop.com\/hr\/wp-json\/wp\/v2\/product"}],"about":[{"href":"https:\/\/fengchashop.com\/hr\/wp-json\/wp\/v2\/types\/product"}],"replies":[{"embeddable":true,"href":"https:\/\/fengchashop.com\/hr\/wp-json\/wp\/v2\/comments?post=6185"}],"wp:featuredmedia":[{"embeddable":true,"href":"https:\/\/fengchashop.com\/hr\/wp-json\/wp\/v2\/media\/6677"}],"wp:attachment":[{"href":"https:\/\/fengchashop.com\/hr\/wp-json\/wp\/v2\/media?parent=6185"}],"wp:term":[{"taxonomy":"product_brand","embeddable":true,"href":"https:\/\/fengchashop.com\/hr\/wp-json\/wp\/v2\/product_brand?post=6185"},{"taxonomy":"product_cat","embeddable":true,"href":"https:\/\/fengchashop.com\/hr\/wp-json\/wp\/v2\/product_cat?post=6185"},{"taxonomy":"product_tag","embeddable":true,"href":"https:\/\/fengchashop.com\/hr\/wp-json\/wp\/v2\/product_tag?post=6185"}],"curies":[{"name":"wp","href":"https:\/\/api.w.org\/{rel}","templated":true}]}}