{"id":6170,"date":"2022-01-06T15:30:00","date_gmt":"2022-01-06T14:30:00","guid":{"rendered":"https:\/\/fengchashop.com\/hr\/product\/matcha-bio-125-g\/"},"modified":"2026-04-29T11:11:18","modified_gmt":"2026-04-29T09:11:18","slug":"matcha-bio","status":"publish","type":"product","link":"https:\/\/fengchashop.com\/hr\/product\/matcha-bio\/","title":{"rendered":"Matcha BIO 250 g"},"content":{"rendered":"<h2 style=\"text-align: justify;\"><span style=\"color: #000000;\">Matcha BIO<\/span><\/h2>\n<p style=\"text-align: justify;\"><span style=\"color: #000000;\">Popularna matcha je zapravo <strong>zeleni \u010daj u prahu<\/strong>. Na\u0161a verzija matche uglavnom je namijenjena kuhanju i kao takva je vrlo kvalitetna.<\/span><\/p>\n<p style=\"text-align: justify;\"><span style=\"color: #000000;\">Matcha je <strong>\u010daj najbolje kvalitete i sna\u017enog karaktera<\/strong>. Biljka \u010daja za matchu uzgaja se u hladu najmanje mjesec dana prije berbe, a s listova \u010daja se prije obrade tako\u0111er odstranjuju \u017eile i peteljke. Ovako proizvedeno li\u0161\u0107e \u010daja izuzetno je <strong>bogato kofeinom i teinom<\/strong>. Ve\u0107 dugi niz godina poznato je da je matcha \u010daj budisti\u010dkih redovnika koji ga piju za koncentraciju, fokus i jasno\u0107u misli.<\/span><\/p>\n<p style=\"text-align: justify;\"><span style=\"color: #000000;\">Sadr\u017ei mnoge sastojke koji imaju <strong>antioksidativni<\/strong> u\u010dinak na na\u0161e tijelo. Kao \u0161to je tipi\u010dno za zeleni \u010daj, sadr\u017ei <strong>polifenole<\/strong> i <strong>flavonoide<\/strong>. Bogat je i vitaminima A, B, C i E. Sve to doprinosi \u010dinjenici da zeleni \u010daj u obliku matche djeluje protuupalno i ja\u010da imunolo\u0161ki sustav. Zbog takozvanih katehina, kojih matcha \u010daj zbog posebnog uzgoja u hladu ne sadr\u017ei puno, tako\u0111er nije tako gorak kao neki zeleni \u010dajevi. Osim toga, matcha nas dr\u017ei budnima zbog visokog udjela teina i kofeina, ali ipak ne izaziva karakteristi\u010dan nemir koji \u010desto osje\u0107aju oni koji piju previ\u0161e kave.<\/span><\/p>\n<h2 style=\"text-align: justify;\"><span style=\"color: #000000;\">Pohrana i upozorenja<\/span><\/h2>\n<p style=\"text-align: justify;\"><span style=\"color: #000000;\">\u010cuvati na suhom, tamnom i hladnom mjestu.Provjerite je li vre\u0107ica ili kutija dobro zatvorena. Proizvod se mo\u017ee \u010duvati i u hladnjaku.<\/span><\/p>\n<h2 style=\"text-align: justify;\"><span style=\"color: #000000;\">Pakiranje<\/span><\/h2>\n<p style=\"text-align: justify;\"><span style=\"color: #000000;\">Hermeti\u010dka vre\u0107ica s patentnim zatvara\u010dem u kojoj proizvod zadr\u017eava svu svoju svje\u017einu i aromu. Pakiranje \u0161titi od svjetlosti i zraka jer se sastoji od vi\u0161e slojeva za\u0161tite koji \u010duvaju svojstva sadr\u017eaja.<\/span><\/p>\n<p style=\"text-align: justify;\"><span style=\"color: #000000;\">Ambala\u017ea je vrlo prakti\u010dna i omogu\u0107uje recikliranje.<\/span><\/p>\n<h2 style=\"text-align: justify;\"><span style=\"color: #000000;\">Podrijetlo<\/span><\/h2>\n<p style=\"text-align: justify;\"><span style=\"color: #000000;\">Kina. <\/span><span class=\"HwtZe\" lang=\"hr\"><span class=\"jCAhz ChMk0b\"><span class=\"ryNqvb\">Imamo vrlo pouzdane dobavlja\u010de koji nam \u0161alju detaljnu kemijsku analizu hrane za svaku seriju.<\/span><\/span> <span class=\"jCAhz ChMk0b\"><span class=\"ryNqvb\">U vi\u0161e od deset godina nismo imali nikakvih opoziva niti bilo kakvih problema s ovim artiklom, kao ni s drugim artiklima istog dobavlja\u010da.<\/span><\/span><\/span><\/p>\n","protected":false},"excerpt":{"rendered":"<p>Matcha je zeleni \u010daj najbolje kvalitete. Matcha \u010daj je pi\u0107e budisti\u010dkih redovnika koji ga piju za koncentraciju, fokus i bistrinu uma. Sadr\u017ei brojne sastojke koji djeluju antioksidativno na na\u0161 organizam. Kao \u0161to je karakteristi\u010dno za zeleni \u010daj, sadr\u017ei polifenole i flavonoide. Bogat je i vitaminima A, B, C i E. Sve to doprinosi \u010dinjenici da zeleni \u010daj u obliku matche djeluje protuupalno i ja\u010da imunolo\u0161ki sustav. Zbog takozvanih katehina, kojih matcha \u010daj zbog posebnog uzgoja u hladu ne sadr\u017ei puno, tako\u0111er nije tako gorak kao neki zeleni \u010dajevi.<\/p>\n<p>\ud83d\udc9a Pun je antioksidanata, aminokiselina i drugih korisnih tvari.<br \/>\n\ud83d\udc9a Organska proizvodnja.<br \/>\n\ud83d\udc9a Premium kvaliteta.<\/p>\n","protected":false},"featured_media":8347,"comment_status":"open","ping_status":"closed","template":"","meta":{"_acf_changed":false},"product_brand":[],"product_cat":[15,205,216],"product_tag":[],"class_list":{"0":"post-6170","1":"product","2":"type-product","3":"status-publish","4":"has-post-thumbnail","6":"product_cat-uncategorized","7":"product_cat-caj-hrana-zacini","8":"product_cat-svi-proizvodi-ponudba","10":"first","11":"instock","12":"sale","13":"taxable","14":"shipping-taxable","15":"purchasable","16":"product-type-simple"},"acf":[],"_links":{"self":[{"href":"https:\/\/fengchashop.com\/hr\/wp-json\/wp\/v2\/product\/6170","targetHints":{"allow":["GET"]}}],"collection":[{"href":"https:\/\/fengchashop.com\/hr\/wp-json\/wp\/v2\/product"}],"about":[{"href":"https:\/\/fengchashop.com\/hr\/wp-json\/wp\/v2\/types\/product"}],"replies":[{"embeddable":true,"href":"https:\/\/fengchashop.com\/hr\/wp-json\/wp\/v2\/comments?post=6170"}],"wp:featuredmedia":[{"embeddable":true,"href":"https:\/\/fengchashop.com\/hr\/wp-json\/wp\/v2\/media\/8347"}],"wp:attachment":[{"href":"https:\/\/fengchashop.com\/hr\/wp-json\/wp\/v2\/media?parent=6170"}],"wp:term":[{"taxonomy":"product_brand","embeddable":true,"href":"https:\/\/fengchashop.com\/hr\/wp-json\/wp\/v2\/product_brand?post=6170"},{"taxonomy":"product_cat","embeddable":true,"href":"https:\/\/fengchashop.com\/hr\/wp-json\/wp\/v2\/product_cat?post=6170"},{"taxonomy":"product_tag","embeddable":true,"href":"https:\/\/fengchashop.com\/hr\/wp-json\/wp\/v2\/product_tag?post=6170"}],"curies":[{"name":"wp","href":"https:\/\/api.w.org\/{rel}","templated":true}]}}