{"id":6155,"date":"2022-01-06T09:50:00","date_gmt":"2022-01-06T08:50:00","guid":{"rendered":"https:\/\/fengchashop.com\/hr\/product\/koriander-250-g\/"},"modified":"2025-08-05T08:21:24","modified_gmt":"2025-08-05T06:21:24","slug":"koriander-250-g","status":"publish","type":"product","link":"https:\/\/fengchashop.com\/hr\/product\/koriander-250-g\/","title":{"rendered":"Koriander 250 g"},"content":{"rendered":"<h2 style=\"text-align: justify;\"><span style=\"color: #000000;\">Koriander<\/span><\/h2>\n<p style=\"text-align: justify;\"><span style=\"color: #000000;\">Koriander je visoka enoletna rastlina. Imenujemo ga tudi cilantro ali kitajski peter\u0161ilj, saj oblika njegovih listov spominja na peter\u0161ilj. Del rastline, ki jo uporabljamo kot za\u010dimbo, so listi in semena. Razlika med obema je velika, zato moramo biti pozorni, kaj potrebujemo. Semena so obi\u010dajno mleta, uporabljajo pa se tudi pri peki peciva. Okus semen <strong>spominja na \u017eajbelj in pomaran\u010dno lupinico<\/strong>,<strong> pa tudi cimet in je rahlo peko\u010d<\/strong>.<\/span><\/p>\n<h2 style=\"text-align: justify;\"><span style=\"color: #000000;\">Uporaba<\/span><\/h2>\n<p style=\"text-align: justify;\"><span style=\"color: #000000;\">Koriander je ena izmed najstarej\u0161ih za\u010dimb, ki se jo najpogosteje uporablja na Orientu in v Latinski Ameriki in je tako ena glavnih sestavin karija in \u010datnija. Uporabljamo ga lahko kot dodatek k solatam, <strong>zelenjavnim<\/strong> <strong>jedem<\/strong>, juham in <strong>enolon\u010dnicam<\/strong>. Ponekod se zaradi okusa po pomaran\u010dni lupinici uporablja tudi v kombinaciji s <strong>sadjem<\/strong> in v\u00a0<strong>sladicah<\/strong>. Najbolje je, \u010de ga tik pred uporabo stremo v mo\u017enarju ali kako druga\u010de zmeljemo.<\/span><\/p>\n<p style=\"text-align: justify;\"><span style=\"color: #000000;\">Dobro se ujema s \u010dilijem, klin\u010dki, mu\u0161katnim ore\u0161\u010dkom in pimentom. Je tudi pogosta sestavina znanih <strong>orientalskih za\u010dimbnih me\u0161anic<\/strong>.<\/span><\/p>\n<p style=\"text-align: justify;\"><span style=\"color: #000000;\">\u010ce \u017eelimo okus koriandrovih semen oja\u010dati, saj je sicer zelo blag, ga za kratek \u010das popra\u017eimo v ponvi brez dodatka olja ali kak\u0161ne druge ma\u0161\u010dobe.<\/span><\/p>\n<p style=\"text-align: justify;\"><span style=\"color: #000000;\">Prevretek s koriandrom se uporablja za izpiranje ustne votline, \u0161e posebno pri zobobolih. Ugodno naj bi deloval tudi na prebavo in laj\u0161al glavobole.<\/span><\/p>\n<h2 style=\"text-align: justify;\"><span style=\"color: #000000;\">Shranjevanje<\/span><\/h2>\n<p style=\"text-align: justify;\"><span style=\"color: #000000;\">Shranjujemo v suhem, temnem in hladnem prostoru. Poskrbimo, da je vre\u010dka ali \u0161atulja dobro zaprta.<\/span><\/p>\n<h2 style=\"text-align: justify;\"><span style=\"color: #000000;\">Pakiranje<\/span><\/h2>\n<p style=\"text-align: justify;\"><span style=\"color: #000000;\">Nepredu\u0161na vre\u010dka z zadrgo, kjer izdelek ohrani vso sve\u017eino in aromo. Embala\u017ea \u0161\u010diti pred svetlobo in zrakom, saj je sestavljena iz ve\u010d slojev za\u0161\u010dite, ki ohranjajo lastnosti vsebine.<\/span><\/p>\n<p style=\"text-align: justify;\"><span style=\"color: #000000;\">Embala\u017ea je zelo prakti\u010dna in omogo\u010da recikliranje.<\/span><\/p>\n<h2><span style=\"color: #000000;\">Poreklo<\/span><\/h2>\n<p><span style=\"color: #000000;\">\u0160rilanka, Italija, Indija ali Francija<\/span><\/p>\n","protected":false},"excerpt":{"rendered":"<p>Koriander je ena izmed najstarej\u0161ih za\u010dimb, ki se jo najpogosteje uporablja na Orientu in v Latinski Ameriki in je tako ena glavnih sestavin karija in \u010datnija. Uporabljamo ga lahko kot dodatek k solatam,\u00a0zelenjavnim\u00a0jedem, juham in\u00a0enolon\u010dnicam.<\/p>\n<p>> Dobro se ujema s \u010dilijem, klin\u010dki, mu\u0161katnim ore\u0161\u010dkom in pimentom.<br \/>\n> Premium kvalitete.<\/p>\n<p>&nbsp;<\/p>\n","protected":false},"featured_media":6615,"comment_status":"open","ping_status":"open","template":"","meta":{"_acf_changed":false},"product_brand":[],"product_cat":[15,205,216],"product_tag":[],"class_list":{"0":"post-6155","1":"product","2":"type-product","3":"status-publish","4":"has-post-thumbnail","6":"product_cat-uncategorized","7":"product_cat-caj-hrana-zacini","8":"product_cat-svi-proizvodi-ponudba","10":"first","11":"outofstock","12":"taxable","13":"shipping-taxable","14":"purchasable","15":"product-type-simple"},"acf":[],"_links":{"self":[{"href":"https:\/\/fengchashop.com\/hr\/wp-json\/wp\/v2\/product\/6155","targetHints":{"allow":["GET"]}}],"collection":[{"href":"https:\/\/fengchashop.com\/hr\/wp-json\/wp\/v2\/product"}],"about":[{"href":"https:\/\/fengchashop.com\/hr\/wp-json\/wp\/v2\/types\/product"}],"replies":[{"embeddable":true,"href":"https:\/\/fengchashop.com\/hr\/wp-json\/wp\/v2\/comments?post=6155"}],"wp:featuredmedia":[{"embeddable":true,"href":"https:\/\/fengchashop.com\/hr\/wp-json\/wp\/v2\/media\/6615"}],"wp:attachment":[{"href":"https:\/\/fengchashop.com\/hr\/wp-json\/wp\/v2\/media?parent=6155"}],"wp:term":[{"taxonomy":"product_brand","embeddable":true,"href":"https:\/\/fengchashop.com\/hr\/wp-json\/wp\/v2\/product_brand?post=6155"},{"taxonomy":"product_cat","embeddable":true,"href":"https:\/\/fengchashop.com\/hr\/wp-json\/wp\/v2\/product_cat?post=6155"},{"taxonomy":"product_tag","embeddable":true,"href":"https:\/\/fengchashop.com\/hr\/wp-json\/wp\/v2\/product_tag?post=6155"}],"curies":[{"name":"wp","href":"https:\/\/api.w.org\/{rel}","templated":true}]}}