{"id":6133,"date":"2022-05-28T20:36:49","date_gmt":"2022-05-28T18:36:49","guid":{"rendered":"https:\/\/fengchashop.com\/hr\/product\/limunska-trava-bio-250-g\/"},"modified":"2026-04-25T09:53:45","modified_gmt":"2026-04-25T07:53:45","slug":"limunska-trava-bio","status":"publish","type":"product","link":"https:\/\/fengchashop.com\/hr\/product\/limunska-trava-bio\/","title":{"rendered":"Limunska trava BIO 250 g"},"content":{"rendered":"<h2 style=\"text-align: justify\"><span style=\"color: #000000\">Limunska trava (biljni \u010daj)<\/span><\/h2>\n<p style=\"text-align: justify\"><span style=\"color: #000000\">Limunska trava je tropska trava s karakteristi\u010dnim jezi\u010dastim tamnozelenim listovima koji mogu narasti do 180 cm visine. Izrazito je aromati\u010dan, prvenstveno zahvaljuju\u0107i sadr\u017eaju <strong>citrala<\/strong> i <strong>geraniola<\/strong> koji biljci daju karakteristi\u010dan <strong>miris i okus citrusa<\/strong>. Kao eteri\u010dno ulje iznimno je popularan u aromaterapiji i kozmeti\u010dkim pripravcima.<\/span><\/p>\n<p style=\"text-align: justify\"><span style=\"color: #000000\">Limunska trava je sna\u017ean <strong>antioksidans<\/strong> i odli\u010dan <strong>izvor vitamina C, <\/strong>dakle, mo\u017ee nam pomo\u0107i kod prehlade, ka\u0161lja, astme i drugih poreme\u0107aja disanja. Tako\u0111er ima protuupalna, antibakterijska i antifungalna svojstva.<\/span><\/p>\n<p style=\"text-align: justify\"><span style=\"color: #000000\">Mo\u017ee se koristiti su\u0161en ili svje\u017e, a neizostavan je u <strong>azijskim receptima<\/strong> uz ribu, piletinu i svinjetina .<\/span><\/p>\n<p style=\"text-align: justify\"><span style=\"color: #000000\">Zbog okusa citrusa, osu\u0161eni listovi se uglavnom koriste u <strong>biljnim infuzijama ili \u010dajevima<\/strong>, pripremamo ali i razne <strong>osvje\u017eavaju\u0107e hladne napitke i ledene \u010dajeve<\/strong> koji lijepo uta\u017euju \u017ee\u0111, a uz to blagotvorno djeluju na va\u0161e raspolo\u017eenje i smanjuju napetost. Dobro se sla\u017ee s \u0111umbirom, klin\u010di\u0107ima, limunom i limetom, mentom i mati\u010dnjakom. \u010caj regulira probavu i ubla\u017eava manje probavne tegobe.<\/span><\/p>\n<h2 style=\"text-align: justify\"><span style=\"color: #000000\">Izgled<\/span><\/h2>\n<p style=\"text-align: justify\"><span style=\"color: #000000\">Izrezano i osu\u0161eno zeleno li\u0161\u0107e.<\/span><\/p>\n<h2 style=\"text-align: justify\"><span style=\"color: #000000\">Pohrana<\/span><\/h2>\n<p style=\"text-align: justify\"><span style=\"color: #000000\">\u010cuvajte na suhom, tamnom i hladnom mjestu.<\/span><\/p>\n<h2 style=\"text-align: justify\"><span style=\"color: #000000\">Pakiranje<\/span><\/h2>\n<p><span style=\"color: #000000\">Vre\u0107ica s patentnim zatvara\u010dem, u kojoj proizvod zadr\u017eava svu svoju svje\u017einu i aromu. Ambala\u017ea \u0161titi od svjetlosti i zraka jer se sastoji od vi\u0161e slojeva za\u0161tite koji \u010duvaju svojstva sadr\u017eaja.<\/span><\/p>\n<p><span style=\"color: #000000\">Ambala\u017ea je vrlo prakti\u010dna i omogu\u0107uje recikliranje.<\/span><\/p>\n<h2><span style=\"color: #000000\">Podrijetlo<\/span><\/h2>\n<p><span style=\"color: #000000\">Tajland ili Indija<\/span><\/p>\n","protected":false},"excerpt":{"rendered":"<p>Limunska trava je sna\u017ean antioksidans i izvrstan izvor vitamina C, pa nam mo\u017ee pomo\u0107i kod prehlade, ka\u0161lja, astme i drugih respiratornih tegoba. Tako\u0111er ima protuupalna, antibakterijska i antifungalna svojstva. Mo\u017ee se koristiti su\u0161ena ili svje\u017ea, a nezaobilazna je u azijskim receptima uz ribu, piletinu i svinjetinu. Dobro se sla\u017ee s \u0111umbirom, klin\u010di\u0107ima, limunom i limetom, mentom i mati\u010dnjakom. Osu\u0161eni listovi uglavnom se koriste:<\/p>\n<p>\ud83d\udc9a u biljnim infuzijama ili \u010dajevima koji reguliraju probavu i ubla\u017eavaju manje probavne tegobe,<br \/>\n\ud83d\udc9a kao osvje\u017eavaju\u0107i hladni napici i ledeni \u010dajevi.<\/p>\n<p>&nbsp;<\/p>\n","protected":false},"featured_media":6582,"comment_status":"open","ping_status":"closed","template":"","meta":{"_acf_changed":false},"product_brand":[],"product_cat":[15,205,216],"product_tag":[],"class_list":{"0":"post-6133","1":"product","2":"type-product","3":"status-publish","4":"has-post-thumbnail","6":"product_cat-uncategorized","7":"product_cat-caj-hrana-zacini","8":"product_cat-svi-proizvodi-ponudba","10":"first","11":"instock","12":"taxable","13":"shipping-taxable","14":"purchasable","15":"product-type-simple"},"acf":[],"_links":{"self":[{"href":"https:\/\/fengchashop.com\/hr\/wp-json\/wp\/v2\/product\/6133","targetHints":{"allow":["GET"]}}],"collection":[{"href":"https:\/\/fengchashop.com\/hr\/wp-json\/wp\/v2\/product"}],"about":[{"href":"https:\/\/fengchashop.com\/hr\/wp-json\/wp\/v2\/types\/product"}],"replies":[{"embeddable":true,"href":"https:\/\/fengchashop.com\/hr\/wp-json\/wp\/v2\/comments?post=6133"}],"wp:featuredmedia":[{"embeddable":true,"href":"https:\/\/fengchashop.com\/hr\/wp-json\/wp\/v2\/media\/6582"}],"wp:attachment":[{"href":"https:\/\/fengchashop.com\/hr\/wp-json\/wp\/v2\/media?parent=6133"}],"wp:term":[{"taxonomy":"product_brand","embeddable":true,"href":"https:\/\/fengchashop.com\/hr\/wp-json\/wp\/v2\/product_brand?post=6133"},{"taxonomy":"product_cat","embeddable":true,"href":"https:\/\/fengchashop.com\/hr\/wp-json\/wp\/v2\/product_cat?post=6133"},{"taxonomy":"product_tag","embeddable":true,"href":"https:\/\/fengchashop.com\/hr\/wp-json\/wp\/v2\/product_tag?post=6133"}],"curies":[{"name":"wp","href":"https:\/\/api.w.org\/{rel}","templated":true}]}}