{"id":6129,"date":"2025-06-09T10:06:38","date_gmt":"2025-06-09T08:06:38","guid":{"rendered":"https:\/\/fengchashop.com\/hr\/product\/sladki-koren-125-g\/"},"modified":"2026-05-07T14:52:30","modified_gmt":"2026-05-07T12:52:30","slug":"sladic-liquorice-u-prahu-bio","status":"publish","type":"product","link":"https:\/\/fengchashop.com\/hr\/product\/sladic-liquorice-u-prahu-bio\/","title":{"rendered":"Sladi\u0107 (Liquorice) u prahu BIO 250 g"},"content":{"rendered":"<p><strong>\u0160to je sladi\u0107?<\/strong><\/p>\n<p><strong>Sladi\u0107 (Glycyrrhiza glabra)<\/strong> je vi\u0161egodi\u0161nja biljka iz porodice mahunarki, poznata po svom karakteristi\u010dnom slatkom okusu. Biljka svake godine proizvodi drvenaste stabljike koje narastu od jednog do dva metra u visinu. Naj\u010de\u0161\u0107e se koristi njezin korijen koji sadr\u017ei mnoge aktivne sastojke, od kojih je najpoznatiji glicirhizin, koji je 50 puta sla\u0111i od saharoze (stolnog \u0161e\u0107era). Osu\u0161eni i mljeveni korijen koristi se kao prah sladi\u0107a, koji je popularan u prehrani, prirodnoj medicini i kozmetici.<\/p>\n<p>Sladi\u0107 ima dugu povijest upotrebe, poznatu jo\u0161 od vremena starih Egip\u0107ana. Djeluje protuupalno, antispazmodi\u010dno, ubla\u017eava \u017eelu\u010dane probleme (kiselost, nadutost, probavne smetnje) i mo\u017ee inhibirati rast bakterije <em>Helicobacter pylori<\/em>, koja uzrokuje \u010dir na \u017eelucu. Osim probavnih prednosti, koristi se i kod respiratornih problema (prehlada, grlobolja i bronhitis), jer olak\u0161ava iska\u0161ljavanje i \u010disti di\u0161ne putove. Tako\u0111er se ka\u017ee da pozitivno utje\u010de na funkciju jetre, imunolo\u0161ki sustav i \u017eenske probleme tijekom menopauze. Mo\u017ee imati i diureti\u010dki i laksativni u\u010dinak.<\/p>\n<p>U tradicionalnoj kineskoj medicini i Ayurvedi koristi se kao tonik za pomla\u0111ivanje srca i slezene, kao i protiv \u010direva i ko\u017enih problema. Budu\u0107i da vla\u017ei suho grlo, \u010desto ga koriste pu\u0161a\u010di, pjeva\u010di i govornici.<\/p>\n<p>Tako\u0111er je \u010dest sastojak dodataka prehrani i biljnih formula, gdje djeluje kao veza izme\u0111u biljaka i poja\u010dava njihovo djelovanje.<\/p>\n<h2><strong>Ljekoviti u\u010dinci<\/strong><\/h2>\n<p>Prah sladi\u0107a ima \u0161irok raspon blagotvornih u\u010dinaka na tijelo, zbog \u010dega se \u010desto koristi u Ayurvedi i tradicionalnoj kineskoj medicini:<\/p>\n<p><strong>\ud83d\udc9a\u00a0 Protuupalni u\u010dinak: <\/strong>Aktivni sastojci poma\u017eu u inhibiranju upale, posebno kod upale gastrointestinalnog trakta, ko\u017ee i di\u0161nih putova.<\/p>\n<p><strong>\ud83d\udc9a Potpora di\u0161nom sustavu: <\/strong> Tradicionalno se koristi za ubla\u017eavanje ka\u0161lja, grlobolje, bronhitisa i astme. Djeluje kao ekspektorans (olak\u0161ava iska\u0161ljavanje) i umiruje iritaciju sluznice.<\/p>\n<p><strong>\ud83d\udc9a Za\u0161tita \u017eelu\u010dane sluznice: <\/strong> Glicirhizin i flavonoidi \u0161tite stijenku \u017eeluca od o\u0161te\u0107enja i poma\u017eu kod problema poput \u010dira, gastritisa, refluksa i infekcije s <em>Helicobacter pylori<\/em>.<\/p>\n<p><strong>\ud83d\udc9a Potpora nadbubre\u017enoj \u017elijezdi<\/strong>: Regulira razinu kortizola, pove\u0107ava energiju i djeluje kao adaptogen, \u0161to zna\u010di da podr\u017eava tijelo u upravljanju stresom, izgaranjem i umorom.<\/p>\n<p><strong>\ud83d\udc9a Antivirusno i antibakterijsko djelovanje:<\/strong> Ima prirodna antimikrobna svojstva i koristi se kao podr\u0161ka kod infekcija (npr. herpes, gripa, hepatitis B i C).<\/p>\n<p><strong>\ud83d\udc9a Hormonska ravnote\u017ea:<\/strong> Tradicionalno se koristi za ubla\u017eavanje simptoma PMS-a i menopauze, jer utje\u010de na ravnote\u017eu estrogena.<\/p>\n<h2><strong>\u010cuvanje i upozorenja<\/strong><\/h2>\n<p>\u010cuvajte na suhom i hladnom mjestu na temperaturi do 25 \u00b0C. Dodatak prehrani \u010duvajte izvan dohvata djece!<\/p>\n<p>Zapamtite va\u017enost raznolike prehrane i zdravog na\u010dina \u017eivota, stoga dodatak prehrani nije zamjena za uravnote\u017eenu i raznoliku prehranu. Preporu\u010dena dnevna koli\u010dina ili doza ne smije se prekora\u010diti.<\/p>\n<p>Ne preporu\u010dujemo konzumaciju sladi\u0107a trudnicama, dojiljama, djeci mla\u0111oj od 12 godina, dijabeti\u010darima, osobama s visokim krvnim tlakom i sr\u010danim bolesnicima.<\/p>\n<p>Sladi\u0107 je koristan \u010dak i u malim koli\u010dinama. Stoga nemojmo pretjerivati. Maksimalna dnevna koli\u010dina trebala bi biti od 4 do 8 grama (dakle, od 1 do 2 \u010dajne \u017eli\u010dice). Sladi\u0107 ima sna\u017ean fiziolo\u0161ki u\u010dinak (npr. mo\u017ee utjecati na krvni tlak), stoga se preporu\u010duje zapo\u010deti s ni\u017eom dozom (npr. 1\/2 \u010dajne \u017eli\u010dice) i provjeriti reakciju tijela, zatim po potrebi pove\u0107ati broj doza, ali nemojte odjednom pove\u0107avati koli\u010dinu. 1\/2 \u010dajne \u017eli\u010dice je optimalna koli\u010dina za jednu \u0161alicu \u010daja (cca. 200\u2013250 ml). Ve\u0107a koli\u010dina mogla bi biti prejaka, gu\u0161\u0107a ili neugodna za pi\u0107e.<\/p>\n<p>Ne preporu\u010dujemo dugotrajno uzimanje bez pauza. Najbolje je nakon 4 do 6 tjedana uzimanja napraviti pauzu od najmanje dva tjedna.<\/p>\n<p>Sladi\u0107 sni\u017eava sadr\u017eaj kalija u krvi, stoga ga je pri dugotrajnoj konzumaciji sladi\u0107a potrebno zamijeniti hranom (npr. bananama, suhim marelicama, datuljama, \u0161pinatom, blitvom, grahom, le\u0107om&#8230;).<\/p>\n<h2><strong>Pakiranje<\/strong><\/h2>\n<p>Hermeti\u010dki zatvorena vre\u0107ica sa zatvara\u010dem, gdje proizvod zadr\u017eava svu svoju svje\u017einu i aromu. Ambala\u017ea \u0161titi od svjetlosti i zraka, jer se sastoji od nekoliko slojeva za\u0161tite koji \u010duvaju svojstva sadr\u017eaja.<\/p>\n<p>Ambala\u017ea je vrlo prakti\u010dna i omogu\u0107uje recikliranje.<\/p>\n<h2><strong>Podrijetlo<\/strong><\/h2>\n<p>Indija<\/p>\n","protected":false},"excerpt":{"rendered":"<p>Sladi\u0107 ubla\u017eava \u017eelu\u010dane probleme zbog kiseline, nadutosti, probavnih smetnji i mo\u017ee sprije\u010diti rast heliobakterija, koje uzrokuju \u010dir na \u017eelucu. Osim \u017eelu\u010danih problema, sladi\u0107 se koristi i za respiratorne probleme. Olak\u0161ava ka\u0161alj i \u010disti di\u0161ne putove. Ka\u017ee se da ima i pozitivan u\u010dinak na jetru, imunolo\u0161ki sustav i \u017eenske probleme tijekom menopauze. Koristi se i protiv \u010dira na \u017eelucu i ko\u017enih problema. Budu\u0107i da vla\u017ei suho grlo, \u010desto ga koriste pu\u0161a\u010di te profesionalni govornici i pjeva\u010di.<\/p>\n<p>\ud83d\udc9a U tradicionalnoj kineskoj medicini koristi se kao tonik za pomla\u0111ivanje srca i slezene.<br \/>\n\ud83d\udc9a Sladi\u0107 ima protuupalna i antispazmodi\u010dna svojstva.<\/p>\n<p>&nbsp;<\/p>\n","protected":false},"featured_media":6864,"comment_status":"open","ping_status":"closed","template":"","meta":{"_acf_changed":false},"product_brand":[],"product_cat":[15,194,205,216],"product_tag":[],"class_list":{"0":"post-6129","1":"product","2":"type-product","3":"status-publish","4":"has-post-thumbnail","6":"product_cat-uncategorized","7":"product_cat-ayurveda","8":"product_cat-caj-hrana-zacini","9":"product_cat-svi-proizvodi-ponudba","11":"first","12":"instock","13":"taxable","14":"shipping-taxable","15":"purchasable","16":"product-type-simple"},"acf":[],"_links":{"self":[{"href":"https:\/\/fengchashop.com\/hr\/wp-json\/wp\/v2\/product\/6129","targetHints":{"allow":["GET"]}}],"collection":[{"href":"https:\/\/fengchashop.com\/hr\/wp-json\/wp\/v2\/product"}],"about":[{"href":"https:\/\/fengchashop.com\/hr\/wp-json\/wp\/v2\/types\/product"}],"replies":[{"embeddable":true,"href":"https:\/\/fengchashop.com\/hr\/wp-json\/wp\/v2\/comments?post=6129"}],"wp:featuredmedia":[{"embeddable":true,"href":"https:\/\/fengchashop.com\/hr\/wp-json\/wp\/v2\/media\/6864"}],"wp:attachment":[{"href":"https:\/\/fengchashop.com\/hr\/wp-json\/wp\/v2\/media?parent=6129"}],"wp:term":[{"taxonomy":"product_brand","embeddable":true,"href":"https:\/\/fengchashop.com\/hr\/wp-json\/wp\/v2\/product_brand?post=6129"},{"taxonomy":"product_cat","embeddable":true,"href":"https:\/\/fengchashop.com\/hr\/wp-json\/wp\/v2\/product_cat?post=6129"},{"taxonomy":"product_tag","embeddable":true,"href":"https:\/\/fengchashop.com\/hr\/wp-json\/wp\/v2\/product_tag?post=6129"}],"curies":[{"name":"wp","href":"https:\/\/api.w.org\/{rel}","templated":true}]}}