{"id":6106,"date":"2022-05-23T16:36:27","date_gmt":"2022-05-23T14:36:27","guid":{"rendered":"https:\/\/fengchashop.com\/hr\/product\/kajenski-papar-u-prahu-bio-250-g\/"},"modified":"2026-05-01T02:07:53","modified_gmt":"2026-05-01T00:07:53","slug":"kajenski-papar-u-prahu-bio","status":"publish","type":"product","link":"https:\/\/fengchashop.com\/hr\/product\/kajenski-papar-u-prahu-bio\/","title":{"rendered":"Kajenski papar u prahu BIO 250 g"},"content":{"rendered":"<div class=\"std\">\n<h2 style=\"text-align: justify\"><span style=\"color: #000000\">Kajenski papar<\/span><\/h2>\n<p style=\"text-align: justify\"><span style=\"color: #000000\">Kajenski papar potje\u010de iz Ju\u017ene Amerike. U Europu su ga donijeli \u0161panjolski osvaja\u010di, a zbog nezahtjevnog uzgoja posebno je postao popularan u ju\u017enoj i jugoisto\u010dnoj Aziji te se tako duboko ukorijenio u njihovu kuhinju. Iako ga nazivamo paprom, <strong>on nema ni\u0161ta zajedni\u010dko s paprom osim o\u0161trine<\/strong>. Kajenski papar zapravo <strong>je mje\u0161avina razli\u010ditih vrsta plodova \u010dilija<\/strong> koji se su\u0161e i melju u prah. Osu\u0161eni kajenski papar je bla\u017ei od svje\u017eeg, no kuhanjem se te razlike zna\u010dajno smanjuju. Kajenski papar tako\u0111er je va\u017ean sastojak \u010dilija, tabasca i drugih indijskih mje\u0161avina za\u010dina.<\/span><\/p>\n<h2 style=\"text-align: justify\"><span style=\"color: #000000\">Razina ljutine<\/span><\/h2>\n<p><span style=\"color: #000000\">Iako kajenski papar ima ocjenu od <strong>30.000<\/strong> do <strong>50.000<\/strong> na Scovilleovoj ljestvici, na\u0161 je ne\u0161to bla\u017ei pa ga na ljestvici od 1 do 10 ocjenjujemo ocjenom <strong>6\/10<\/strong>.<\/span><\/p>\n<h2 style=\"text-align: justify\"><span style=\"color: #000000\">Pohrana<\/span><\/h2>\n<p style=\"text-align: justify\"><span style=\"color: #000000\">\u010cuvati na suhom, tamnom i hladnom mjestu. Provjerite je li vre\u0107ica ili kutija dobro zatvorena.<\/span><\/p>\n<h2><span style=\"color: #000000\">Ambala\u017ea<\/span><\/h2>\n<p><span style=\"color: #000000\">Nepropusna vre\u0107ica s patentnim zatvara\u010dem u kojoj proizvod zadr\u017eava svu svoju svje\u017einu i aromu. Ambala\u017ea \u0161titi od svjetlosti i zraka, jer je napravljena od nekoliko slojeva za\u0161tite koji \u010duvaju svojstva sadr\u017eaja.<\/span><\/p>\n<p><span style=\"color: #000000\">Ambala\u017ea je vrlo prakti\u010dna i mo\u017ee se reciklirati.<\/span><\/p>\n<h2><span style=\"color: #000000\">Podrijetlo<\/span><\/h2>\n<p><span style=\"color: #000000\">\u0160panjolska<\/span><\/p>\n<\/div>\n","protected":false},"excerpt":{"rendered":"<p>Tvar koja uzrokuje peckanje zove se kapsaicin, koji ima niz ljekovitih u\u010dinaka. Jedinicom Scoville na ljestvici ozna\u010davamo ljutinu prema udjelu kapsaicina, koji je zapravo alkaloid od kojeg \u010dili &#8220;pe\u010de&#8221;. Na\u0161em mozgu \u0161alje istu poruku koju dobijemo kad pojedemo ne\u0161to vru\u0107e. Kajenskim paprom ubla\u017eavamo i otklanjamo odre\u0111ene tegobe, naime dokazano poma\u017ee kod probave jer ubrzava metabolizam, cirkulaciju i znojenje, a mo\u017ee biti od velike pomo\u0107i i kod di\u0161nih tegoba. Sadr\u017ei puno vitamina C pa je izvrstan kod prehlade i gripe. Osim toga, ja\u010da imunolo\u0161ki sustav, djeluje protuupalno i antibakterijski. Ako ga dodamo u \u010daj, grije nas i tjera depresiju.<\/p>\n<p>\ud83d\udc9a Iz organske proizvodnje.<br \/>\n\ud83d\udc9a Poma\u017ee i pri mr\u0161avljenju.<\/p>\n<p>&nbsp;<\/p>\n","protected":false},"featured_media":6529,"comment_status":"open","ping_status":"closed","template":"","meta":{"_acf_changed":false},"product_brand":[],"product_cat":[15,194,205,216],"product_tag":[],"class_list":{"0":"post-6106","1":"product","2":"type-product","3":"status-publish","4":"has-post-thumbnail","6":"product_cat-uncategorized","7":"product_cat-ayurveda","8":"product_cat-caj-hrana-zacini","9":"product_cat-svi-proizvodi-ponudba","11":"first","12":"instock","13":"sale","14":"taxable","15":"shipping-taxable","16":"purchasable","17":"product-type-simple"},"acf":[],"_links":{"self":[{"href":"https:\/\/fengchashop.com\/hr\/wp-json\/wp\/v2\/product\/6106","targetHints":{"allow":["GET"]}}],"collection":[{"href":"https:\/\/fengchashop.com\/hr\/wp-json\/wp\/v2\/product"}],"about":[{"href":"https:\/\/fengchashop.com\/hr\/wp-json\/wp\/v2\/types\/product"}],"replies":[{"embeddable":true,"href":"https:\/\/fengchashop.com\/hr\/wp-json\/wp\/v2\/comments?post=6106"}],"wp:featuredmedia":[{"embeddable":true,"href":"https:\/\/fengchashop.com\/hr\/wp-json\/wp\/v2\/media\/6529"}],"wp:attachment":[{"href":"https:\/\/fengchashop.com\/hr\/wp-json\/wp\/v2\/media?parent=6106"}],"wp:term":[{"taxonomy":"product_brand","embeddable":true,"href":"https:\/\/fengchashop.com\/hr\/wp-json\/wp\/v2\/product_brand?post=6106"},{"taxonomy":"product_cat","embeddable":true,"href":"https:\/\/fengchashop.com\/hr\/wp-json\/wp\/v2\/product_cat?post=6106"},{"taxonomy":"product_tag","embeddable":true,"href":"https:\/\/fengchashop.com\/hr\/wp-json\/wp\/v2\/product_tag?post=6106"}],"curies":[{"name":"wp","href":"https:\/\/api.w.org\/{rel}","templated":true}]}}